{"id":2087,"date":"2025-01-14T03:17:14","date_gmt":"2025-01-14T03:17:14","guid":{"rendered":"https:\/\/rf-capacitor.com\/?post_type=product&#038;p=2087"},"modified":"2025-01-14T07:43:50","modified_gmt":"2025-01-14T07:43:50","slug":"closed-loop-hall-current-sensor","status":"publish","type":"product","link":"https:\/\/rf-capacitor.com\/pl\/closed-loop-hall-current-sensor\/","title":{"rendered":"Czujnik Halla pr\u0105du w p\u0119tli zamkni\u0119tej"},"content":{"rendered":"<p data-sourcepos=\"1:1-1:157\">Czujnik pr\u0105du z efektem Halla w p\u0119tli zamkni\u0119tej jest bardziej zaawansowanym typem czujnika pr\u0105du, kt\u00f3ry pokonuje wiele ogranicze\u0144 swojego odpowiednika w p\u0119tli otwartej.<\/p>\n<h2 data-sourcepos=\"3:1-3:17\">Jak dzia\u0142a czujnik Halla z zamkni\u0119t\u0105 p\u0119tl\u0105 pr\u0105dow\u0105?<\/h2>\n<ol data-sourcepos=\"5:1-9:0\">\n<li data-sourcepos=\"5:1-5:171\"><strong>Wykrywanie pola magnetycznego:<\/strong> Podobnie jak czujnik z otwart\u0105 p\u0119tl\u0105, wykorzystuje on czujnik Halla do wykrywania pola magnetycznego generowanego przez pr\u0105d przep\u0142ywaj\u0105cy przez przewodnik.<\/li>\n<li data-sourcepos=\"6:1-6:179\"><strong>Mechanizm sprz\u0119\u017cenia zwrotnego:<\/strong> Kluczowa r\u00f3\u017cnica polega na w\u0142\u0105czeniu p\u0119tli sprz\u0119\u017cenia zwrotnego. Sygna\u0142 wyj\u015bciowy z czujnika Halla jest wzmacniany i wykorzystywany do sterowania cewk\u0105 kompensacyjn\u0105.<\/li>\n<li data-sourcepos=\"7:1-7:151\"><strong>Anulowanie pola magnetycznego:<\/strong> Ta cewka kompensacyjna generuje pole magnetyczne, kt\u00f3re przeciwstawia si\u0119 polu magnetycznemu wytwarzanemu przez pr\u0105d pierwotny.<\/li>\n<li data-sourcepos=\"8:1-9:0\"><strong>Stan zerowego przep\u0142ywu:<\/strong> System aktywnie reguluje pr\u0105d przep\u0142ywaj\u0105cy przez cewk\u0119 kompensacyjn\u0105, a\u017c pole magnetyczne netto w rdzeniu zostanie zminimalizowane (idealnie sprowadzone do zera).<\/li>\n<\/ol>\n<h2 data-sourcepos=\"10:1-10:19\">G\u0142\u00f3wne zalety:<\/h2>\n<ul data-sourcepos=\"12:1-16:0\">\n<li data-sourcepos=\"12:1-12:104\"><strong>Ulepszona dok\u0142adno\u015b\u0107:<\/strong> Minimalizuje wp\u0142yw zewn\u0119trznych p\u00f3l magnetycznych i zmian temperatury.<\/li>\n<li data-sourcepos=\"13:1-13:91\"><strong>Zwi\u0119kszona liniowo\u015b\u0107:<\/strong> Zapewnia wysoce liniowy sygna\u0142 wyj\u015bciowy w szerokim zakresie pr\u0105du.<\/li>\n<li data-sourcepos=\"14:1-14:99\"><strong>Zmniejszony dryft temperatury:<\/strong> Minimalizuje wp\u0142yw zmian temperatury na wydajno\u015b\u0107 czujnika.<\/li>\n<li data-sourcepos=\"15:1-16:0\"><strong>Wysoka precyzja:<\/strong> Osi\u0105ga wy\u017csz\u0105 dok\u0142adno\u015b\u0107 i precyzj\u0119 w por\u00f3wnaniu do czujnik\u00f3w z otwart\u0105 p\u0119tl\u0105.<\/li>\n<\/ul>\n<h2 data-sourcepos=\"17:1-17:17\">Zastosowania:<\/h2>\n<ul data-sourcepos=\"19:1-22:0\">\n<li data-sourcepos=\"19:1-19:198\"><strong>Aplikacje o wysokiej precyzji:<\/strong> U\u017cywany w aplikacjach, w kt\u00f3rych wysoka dok\u0142adno\u015b\u0107 i precyzja maj\u0105 krytyczne znaczenie, takich jak precyzyjne sterowanie silnikiem, monitorowanie jako\u015bci energii i oprzyrz\u0105dowanie naukowe.<\/li>\n<li data-sourcepos=\"20:1-20:120\"><strong>Automatyka przemys\u0142owa:<\/strong> Stosowane w wymagaj\u0105cych \u015brodowiskach przemys\u0142owych, gdzie dok\u0142adno\u015b\u0107 i niezawodno\u015b\u0107 s\u0105 najwa\u017cniejsze.<\/li>\n<li data-sourcepos=\"21:1-22:0\"><strong>Systemy energii odnawialnej:<\/strong> Stosowany w falownikach solarnych, turbinach wiatrowych i innych systemach energii odnawialnej do precyzyjnego monitorowania i kontroli mocy.<\/li>\n<\/ul>\n<h2 data-sourcepos=\"23:1-23:15\">Podsumowuj\u0105c:<\/h2>\n<p data-sourcepos=\"25:1-25:329\">Czujniki pr\u0105du z efektem Halla w p\u0119tli zamkni\u0119tej oferuj\u0105 znacz\u0105ce korzy\u015bci w por\u00f3wnaniu z ich odpowiednikami w p\u0119tli otwartej, poniewa\u017c zawieraj\u0105 mechanizm sprz\u0119\u017cenia zwrotnego, kt\u00f3ry aktywnie kompensuje wp\u0142ywy zewn\u0119trzne i poprawia og\u00f3ln\u0105 wydajno\u015b\u0107. Dzi\u0119ki temu nadaj\u0105 si\u0119 do szerokiego zakresu zastosowa\u0144, w kt\u00f3rych niezb\u0119dna jest wysoka dok\u0142adno\u015b\u0107 i niezawodno\u015b\u0107.<\/p>","protected":false},"excerpt":{"rendered":"<p>Czujnik Halla typu zamkni\u0119tego<\/p>\n<p>Pr\u0105d znamionowy wej\u015bciowy: 0~(200-1000)A; Wyj\u015bcie znamionowe: 4V \/ 5V<\/p>\n<p>Przys\u0142ona: 40 mm; Zasilanie: \u00b112 V \/ \u00b115 V<\/p>\n<p>Pr\u0105d przemienny, sta\u0142y, impulsowy i inne pr\u0105dy z\u0142o\u017cone<\/p>\n<p>Szybka reakcja, szeroki zakres pomiarowy, wysoka precyzja, du\u017ca odporno\u015b\u0107 na przeci\u0105\u017cenia, dobra liniowo\u015b\u0107 i doskona\u0142e dzia\u0142anie przeciwzak\u0142\u00f3ceniowe.<\/p>","protected":false},"featured_media":2089,"comment_status":"open","ping_status":"closed","template":"","meta":[],"product_brand":[],"product_cat":[44],"product_tag":[],"class_list":{"0":"post-2087","1":"product","2":"type-product","3":"status-publish","4":"has-post-thumbnail","6":"product_cat-current-sensor-2","8":"first","9":"instock","10":"shipping-taxable","11":"product-type-simple"},"_links":{"self":[{"href":"https:\/\/rf-capacitor.com\/pl\/wp-json\/wp\/v2\/product\/2087","targetHints":{"allow":["GET"]}}],"collection":[{"href":"https:\/\/rf-capacitor.com\/pl\/wp-json\/wp\/v2\/product"}],"about":[{"href":"https:\/\/rf-capacitor.com\/pl\/wp-json\/wp\/v2\/types\/product"}],"replies":[{"embeddable":true,"href":"https:\/\/rf-capacitor.com\/pl\/wp-json\/wp\/v2\/comments?post=2087"}],"wp:featuredmedia":[{"embeddable":true,"href":"https:\/\/rf-capacitor.com\/pl\/wp-json\/wp\/v2\/media\/2089"}],"wp:attachment":[{"href":"https:\/\/rf-capacitor.com\/pl\/wp-json\/wp\/v2\/media?parent=2087"}],"wp:term":[{"taxonomy":"product_brand","embeddable":true,"href":"https:\/\/rf-capacitor.com\/pl\/wp-json\/wp\/v2\/product_brand?post=2087"},{"taxonomy":"product_cat","embeddable":true,"href":"https:\/\/rf-capacitor.com\/pl\/wp-json\/wp\/v2\/product_cat?post=2087"},{"taxonomy":"product_tag","embeddable":true,"href":"https:\/\/rf-capacitor.com\/pl\/wp-json\/wp\/v2\/product_tag?post=2087"}],"curies":[{"name":"wp","href":"https:\/\/api.w.org\/{rel}","templated":true}]}}