{"id":2084,"date":"2025-01-14T03:10:45","date_gmt":"2025-01-14T03:10:45","guid":{"rendered":"https:\/\/rf-capacitor.com\/?post_type=product&#038;p=2084"},"modified":"2025-01-14T07:43:24","modified_gmt":"2025-01-14T07:43:24","slug":"open-loop-hall-current-sensor","status":"publish","type":"product","link":"https:\/\/rf-capacitor.com\/pl\/open-loop-hall-current-sensor\/","title":{"rendered":"Czujnik Halla pr\u0105du w otwartej p\u0119tli"},"content":{"rendered":"<p data-sourcepos=\"1:1-1:164\">Czujnik pr\u0105du z efektem Halla w otwartej p\u0119tli to rodzaj czujnika pr\u0105du, kt\u00f3ry bezpo\u015brednio mierzy pole magnetyczne generowane przez pr\u0105d przep\u0142ywaj\u0105cy przez przewodnik.<\/p>\n<h2 data-sourcepos=\"3:1-3:24\">Oto jak dzia\u0142a czujnik Halla z otwart\u0105 p\u0119tl\u0105 pr\u0105dow\u0105:<\/h2>\n<ol data-sourcepos=\"5:1-8:0\">\n<li data-sourcepos=\"5:1-5:103\"><strong>Bie\u017c\u0105cy przep\u0142yw:<\/strong> Kiedy pr\u0105d przep\u0142ywa przez przewodnik, generuje wok\u00f3\u0142 niego pole magnetyczne.<\/li>\n<li data-sourcepos=\"6:1-6:131\"><strong>Wykrywanie pola magnetycznego:<\/strong> Czujnik efektu Halla, umieszczony w pobli\u017cu przewodnika, wykrywa si\u0142\u0119 tego pola magnetycznego.<\/li>\n<li data-sourcepos=\"7:1-8:0\"><strong>Napi\u0119cie wyj\u015bciowe:<\/strong> Czujnik Halla wytwarza napi\u0119cie wyj\u015bciowe, kt\u00f3re jest proporcjonalne do nat\u0119\u017cenia pola magnetycznego, a w konsekwencji proporcjonalne do pr\u0105du p\u0142yn\u0105cego przez przewodnik.<\/li>\n<\/ol>\n<h2 data-sourcepos=\"9:1-9:24\">Kluczowe cechy:<\/h2>\n<ul data-sourcepos=\"11:1-16:0\">\n<li data-sourcepos=\"11:1-11:76\"><strong>Prosta konstrukcja:<\/strong> Stosunkowo proste i niedrogie w produkcji.<\/li>\n<li data-sourcepos=\"12:1-12:89\"><strong>Pomiar nieinwazyjny:<\/strong> Nie wymaga przerywania obwodu w celu pomiaru pr\u0105du.<\/li>\n<li data-sourcepos=\"13:1-13:69\"><strong>Dobra przepustowo\u015b\u0107:<\/strong> Mo\u017ce dok\u0142adnie mierzy\u0107 zar\u00f3wno pr\u0105dy sta\u0142e, jak i zmienne.<\/li>\n<li data-sourcepos=\"14:1-14:111\"><strong>Podatno\u015b\u0107 na zewn\u0119trzne zak\u0142\u00f3cenia magnetyczne:<\/strong> Zewn\u0119trzne pola magnetyczne mog\u0105 wp\u0142ywa\u0107 na dok\u0142adno\u015b\u0107 czujnika.<\/li>\n<li data-sourcepos=\"15:1-16:0\"><strong>Wra\u017cliwo\u015b\u0107 na temperatur\u0119:<\/strong> Na sygna\u0142 wyj\u015bciowy czujnika mog\u0105 mie\u0107 wp\u0142yw zmiany temperatury.<\/li>\n<\/ul>\n<h2 data-sourcepos=\"17:1-17:17\">Zastosowania:<\/h2>\n<ul data-sourcepos=\"19:1-23:0\">\n<li data-sourcepos=\"19:1-19:96\"><strong>Sterowanie silnikiem:<\/strong> Monitorowanie pr\u0105d\u00f3w silnika w nap\u0119dach przemys\u0142owych i aplikacjach motoryzacyjnych.<\/li>\n<li data-sourcepos=\"20:1-20:114\"><strong>Systemy zarz\u0105dzania akumulatorami (BMS):<\/strong> Pomiar pr\u0105du akumulatora w pojazdach elektrycznych i systemach magazynowania energii.<\/li>\n<li data-sourcepos=\"21:1-21:104\"><strong>Zabezpieczenie nadpr\u0105dowe:<\/strong> Wykrywanie i reagowanie na warunki nadpr\u0105dowe w obwodach elektrycznych.<\/li>\n<li data-sourcepos=\"22:1-23:0\"><strong>Monitorowanie zasilania:<\/strong> Pomiar zu\u017cycia energii w r\u00f3\u017cnych zastosowaniach.<\/li>\n<\/ul>\n<h2 data-sourcepos=\"24:1-24:16\">Ograniczenia:<\/h2>\n<ul data-sourcepos=\"26:1-28:0\">\n<li data-sourcepos=\"26:1-26:86\"><strong>Na dok\u0142adno\u015b\u0107 mog\u0105 wp\u0142ywa\u0107 zewn\u0119trzne pola magnetyczne i zmiany temperatury.<\/strong><\/li>\n<li data-sourcepos=\"27:1-28:0\"><strong>Mo\u017ce wymaga\u0107 dodatkowego obwodu kondycjonowania sygna\u0142u w celu poprawy dok\u0142adno\u015bci i kompensacji czynnik\u00f3w \u015brodowiskowych.<\/strong><\/li>\n<\/ul>\n<p data-sourcepos=\"29:1-29:189\">Pomimo tych ogranicze\u0144, czujniki pr\u0105du z efektem Halla w otwartej p\u0119tli oferuj\u0105 op\u0142acalne i praktyczne rozwi\u0105zanie dla wielu zastosowa\u0144 zwi\u0105zanych z wykrywaniem pr\u0105du ze wzgl\u0119du na ich prostot\u0119 i \u0142atwo\u015b\u0107 u\u017cycia.<\/p>","protected":false},"excerpt":{"rendered":"<p>Specyfikacja i funkcje \uff1a<\/p>\n<p>Pr\u0105d znamionowy wej\u015bciowy: 0~(200-1000)A<\/p>\n<p>Wyj\u015bcie znamionowe: 5V \/ 4V \/ 4-20mA<\/p>\n<p>Przys\u0142ona: 20mm\/40mm\/55mm\/etc<\/p>\n<p>Zasilanie: \u00b115 V \/ 12 V \/ 24 V<\/p>\n<p>Ma\u0142y rozmiar opakowania<\/p>\n<p>Niski pob\u00f3r mocy<\/p>\n<p>Rozszerzony zakres pomiarowy<\/p>\n<p>Typ dzielony; \u0142atwa instalacja<\/p>","protected":false},"featured_media":2085,"comment_status":"open","ping_status":"closed","template":"","meta":[],"product_brand":[],"product_cat":[44],"product_tag":[],"class_list":{"0":"post-2084","1":"product","2":"type-product","3":"status-publish","4":"has-post-thumbnail","6":"product_cat-current-sensor-2","8":"first","9":"instock","10":"shipping-taxable","11":"product-type-simple"},"_links":{"self":[{"href":"https:\/\/rf-capacitor.com\/pl\/wp-json\/wp\/v2\/product\/2084","targetHints":{"allow":["GET"]}}],"collection":[{"href":"https:\/\/rf-capacitor.com\/pl\/wp-json\/wp\/v2\/product"}],"about":[{"href":"https:\/\/rf-capacitor.com\/pl\/wp-json\/wp\/v2\/types\/product"}],"replies":[{"embeddable":true,"href":"https:\/\/rf-capacitor.com\/pl\/wp-json\/wp\/v2\/comments?post=2084"}],"wp:featuredmedia":[{"embeddable":true,"href":"https:\/\/rf-capacitor.com\/pl\/wp-json\/wp\/v2\/media\/2085"}],"wp:attachment":[{"href":"https:\/\/rf-capacitor.com\/pl\/wp-json\/wp\/v2\/media?parent=2084"}],"wp:term":[{"taxonomy":"product_brand","embeddable":true,"href":"https:\/\/rf-capacitor.com\/pl\/wp-json\/wp\/v2\/product_brand?post=2084"},{"taxonomy":"product_cat","embeddable":true,"href":"https:\/\/rf-capacitor.com\/pl\/wp-json\/wp\/v2\/product_cat?post=2084"},{"taxonomy":"product_tag","embeddable":true,"href":"https:\/\/rf-capacitor.com\/pl\/wp-json\/wp\/v2\/product_tag?post=2084"}],"curies":[{"name":"wp","href":"https:\/\/api.w.org\/{rel}","templated":true}]}}