{"id":1898,"date":"2025-01-02T07:08:04","date_gmt":"2025-01-02T07:08:04","guid":{"rendered":"https:\/\/rf-capacitor.com\/?post_type=product&#038;p=1898"},"modified":"2025-01-02T07:08:04","modified_gmt":"2025-01-02T07:08:04","slug":"decoupling-resonant-capacitor","status":"publish","type":"product","link":"https:\/\/rf-capacitor.com\/pl\/decoupling-resonant-capacitor\/","title":{"rendered":"Odsprz\u0119gaj\u0105cy kondensator rezonansowy"},"content":{"rendered":"<div class=\"user-query-container ng-star-inserted\">\n<div id=\"user-query-content-7\" class=\"query-content\">\n<div class=\"query-text gds-body-l ng-star-inserted\" dir=\"ltr\" role=\"heading\" aria-level=\"2\">\n<h3 class=\"query-text-line ng-star-inserted\">Odsprz\u0119gaj\u0105cy kondensator rezonansowy<\/h3>\n<\/div>\n<\/div>\n<div class=\"button-gutter\"><span class=\"citation-0 recitation\" style=\"font-size: 14.4px; color: #555555;\">W elektronice <\/span><strong style=\"font-size: 14.4px; color: #555555;\"><span class=\"citation-0 recitation\">kondensator odsprz\u0119gaj\u0105cy<\/span><\/strong><span class=\"citation-0 recitation citation-end-0\" style=\"font-size: 14.4px; color: #555555;\"> jest kluczowym komponentem u\u017cywanym do stabilizacji napi\u0119cia zasilania i minimalizacji szum\u00f3w elektrycznych.<\/span><span class=\"button-container hide-from-message-actions ng-star-inserted\" style=\"font-size: 14.4px; color: #555555;\">\u00a0 \u00a0<\/span><\/div>\n<\/div>\n<div>\n<div class=\"response-container ng-tns-c3227055261-111 response-optimization tts-removed ng-star-inserted response-container-has-multiple-responses\">\n<div class=\"presented-response-container ng-tns-c3227055261-111\">\n<div class=\"response-container-content ng-tns-c3227055261-111 tunable-selection-with-avatar\">\n<div class=\"response-content ng-tns-c3227055261-111\">\n<div id=\"model-response-message-contentr_e018e616d4e5ed8e\" class=\"markdown markdown-main-panel tutor-markdown-rendering response-optimization\" dir=\"ltr\">\n<h3 data-sourcepos=\"3:1-3:17\"><strong>Jak dzia\u0142a odsprz\u0119gaj\u0105cy kondensator rezonansowy?<\/strong><\/h3>\n<ul data-sourcepos=\"5:1-8:0\">\n<li data-sourcepos=\"5:1-5:224\"><strong><span class=\"citation-1 recitation\">Lokalne magazyny energii:<\/span><\/strong><span class=\"citation-1 recitation citation-end-1\"> Kondensatory odsprz\u0119gaj\u0105ce dzia\u0142aj\u0105 jak ma\u0142e lokalne zbiorniki energii.<\/span> <span class=\"citation-2 recitation citation-end-2\">S\u0105 one umieszczane bardzo blisko uk\u0142ad\u00f3w scalonych (IC) lub innych komponent\u00f3w, kt\u00f3re maj\u0105 odsprz\u0119ga\u0107.<\/span><span class=\"button-container hide-from-message-actions ng-star-inserted\"> \u00a0<\/span>\n<div class=\"container ng-tns-c362440147-116 hide\">\n<div class=\"carousel-container ng-tns-c362440147-116\"><\/div>\n<\/div>\n<\/li>\n<li data-sourcepos=\"6:1-6:261\"><strong><span class=\"citation-3 recitation\">T\u0142umienie waha\u0144 napi\u0119cia:<\/span><\/strong><span class=\"citation-3 recitation citation-end-3\"> Gdy uk\u0142ad scalony nagle pobiera du\u017cy pr\u0105d (np. podczas operacji prze\u0142\u0105czania), kondensator odsprz\u0119gaj\u0105cy mo\u017ce szybko dostarczy\u0107 ten pr\u0105d, zapobiegaj\u0105c znacznym spadkom napi\u0119cia na liniach zasilania.<\/span><span class=\"button-container hide-from-message-actions ng-star-inserted\">\u00a0 \u00a0<\/span>\n<div class=\"container ng-tns-c362440147-117 hide\">\n<div class=\"carousel-container ng-tns-c362440147-117\"><\/div>\n<\/div>\n<\/li>\n<li data-sourcepos=\"7:1-8:0\"><strong>Filtrowanie szum\u00f3w:<\/strong> <span class=\"citation-4 recitation citation-end-4\">Kondensatory odsprz\u0119gaj\u0105ce dzia\u0142aj\u0105 r\u00f3wnie\u017c jako filtry, odprowadzaj\u0105c pr\u0105dy szum\u00f3w o wysokiej cz\u0119stotliwo\u015bci do masy, minimalizuj\u0105c w ten spos\u00f3b wp\u0142yw szum\u00f3w na dzia\u0142anie uk\u0142adu scalonego.<\/span><span class=\"button-container hide-from-message-actions ng-star-inserted\">\u00a0<\/span>\n<div class=\"container ng-tns-c362440147-118 hide\">\n<div class=\"carousel-container ng-tns-c362440147-118\"><\/div>\n<\/div>\n<\/li>\n<\/ul>\n<h3 data-sourcepos=\"9:1-9:24\"><strong>Kluczowa charakterystyka odsprz\u0119gaj\u0105cego kondensatora rezonansowego:<\/strong><\/h3>\n<ul data-sourcepos=\"11:1-14:0\">\n<li data-sourcepos=\"11:1-11:117\"><strong><span class=\"citation-5 recitation\">Niska ESR (r\u00f3wnowa\u017cna rezystancja szeregowa):<\/span><\/strong><span class=\"citation-5 recitation citation-end-5\"> Minimalizuje straty energii i zapewnia szybkie dostarczanie pr\u0105du.<\/span><span class=\"button-container hide-from-message-actions ng-star-inserted\">\u00a0<\/span>\n<div class=\"container ng-tns-c362440147-119 hide\">\n<div class=\"carousel-container ng-tns-c362440147-119\"><\/div>\n<\/div>\n<\/li>\n<li data-sourcepos=\"12:1-12:95\"><strong>Wysoka pojemno\u015b\u0107:<\/strong> Zapewnia wystarczaj\u0105ce magazynowanie energii, aby obs\u0142u\u017cy\u0107 przej\u015bciowe zapotrzebowanie na pr\u0105d.<\/li>\n<li data-sourcepos=\"13:1-14:0\"><strong>Ma\u0142y rozmiar i niska indukcyjno\u015b\u0107:<\/strong> Umo\u017cliwia umieszczenie bardzo blisko uk\u0142adu scalonego, aby zminimalizowa\u0107 wp\u0142yw indukcyjno\u015bci paso\u017cytniczej.<\/li>\n<\/ul>\n<h3 data-sourcepos=\"15:1-15:17\"><strong>Typowy odsprz\u0119gaj\u0105cy kondensator rezonansowy:<\/strong><\/h3>\n<ul data-sourcepos=\"17:1-20:0\">\n<li data-sourcepos=\"17:1-17:93\"><strong>Kondensatory ceramiczne:<\/strong> Szeroko stosowane ze wzgl\u0119du na ich ma\u0142y rozmiar, wysok\u0105 pojemno\u015b\u0107 i niski wsp\u00f3\u0142czynnik ESR.<\/li>\n<li data-sourcepos=\"18:1-18:85\"><strong><span class=\"citation-6 recitation\">Kondensatory tantalowe:<\/span><\/strong><span class=\"citation-6 recitation citation-end-6\"> Oferuj\u0105 dobr\u0105 wydajno\u015b\u0107 przy wy\u017cszych cz\u0119stotliwo\u015bciach.<\/span><span class=\"button-container hide-from-message-actions ng-star-inserted\"> \u00a0<\/span>\n<div class=\"container ng-tns-c362440147-120 hide\">\n<div class=\"carousel-container ng-tns-c362440147-120\"><\/div>\n<\/div>\n<\/li>\n<li data-sourcepos=\"19:1-20:0\"><strong><span class=\"citation-7 recitation\">Kondensatory elektrolityczne:<\/span><\/strong><span class=\"citation-7 recitation citation-end-7\"> Zwykle u\u017cywany do wi\u0119kszych warto\u015bci pojemno\u015bci w zastosowaniach, w kt\u00f3rych rozmiar jest mniej krytyczny<\/span><span class=\"button-container hide-from-message-actions ng-star-inserted\">\u00a0 .<\/span>\n<div class=\"container ng-tns-c362440147-121 hide\">\n<div class=\"carousel-container ng-tns-c362440147-121\"><\/div>\n<\/div>\n<\/li>\n<\/ul>\n<h3 data-sourcepos=\"21:1-21:28\"><strong>Umieszczenie i wyb\u00f3r:<\/strong><\/h3>\n<ul data-sourcepos=\"23:1-25:0\">\n<li data-sourcepos=\"23:1-23:247\"><strong>Umieszczenie:<\/strong> <span class=\"citation-8 recitation citation-end-8\">Kondensatory odsprz\u0119gaj\u0105ce powinny by\u0107 umieszczone jak najbli\u017cej (najlepiej bezpo\u015brednio na stykach uk\u0142adu scalonego) do styk\u00f3w zasilania i uziemienia uk\u0142adu scalonego.<\/span> <span class=\"citation-9 recitation citation-end-9\">Kr\u00f3tkie, bezpo\u015brednie po\u0142\u0105czenia minimalizuj\u0105 wp\u0142yw indukcyjno\u015bci paso\u017cytniczej.<\/span><span class=\"button-container hide-from-message-actions ng-star-inserted\"> \u00a0<\/span>\n<div class=\"container ng-tns-c362440147-122 hide\">\n<div class=\"carousel-container ng-tns-c362440147-122\"><\/div>\n<\/div>\n<\/li>\n<li data-sourcepos=\"24:1-25:0\"><strong>Wyb\u00f3r:<\/strong> Wyb\u00f3r typu i warto\u015bci kondensatora zale\u017cy od konkretnego zastosowania i charakterystyki uk\u0142adu scalonego. Nale\u017cy wzi\u0105\u0107 pod uwag\u0119 takie czynniki, jak szybko\u015b\u0107 prze\u0142\u0105czania uk\u0142adu scalonego, pob\u00f3r pr\u0105du i cz\u0119stotliwo\u015b\u0107 robocza.<\/li>\n<\/ul>\n<h3 data-sourcepos=\"26:1-26:15\"><strong>Podsumowuj\u0105c:<\/strong><\/h3>\n<p data-sourcepos=\"28:1-28:301\"><span class=\"citation-10 recitation citation-end-10\">Kondensatory odsprz\u0119gaj\u0105ce s\u0105 niezb\u0119dnymi komponentami w obwodach elektronicznych, szczeg\u00f3lnie w szybkich systemach cyfrowych.<\/span> <span class=\"citation-11 recitation citation-end-11\">Skutecznie odsprz\u0119gaj\u0105c uk\u0142ady scalone od linii zasilania, pomagaj\u0105 one zapewni\u0107 stabiln\u0105 prac\u0119, zminimalizowa\u0107 ha\u0142as i poprawi\u0107 og\u00f3ln\u0105 wydajno\u015b\u0107 systemu.<\/span><span class=\"button-container hide-from-message-actions ng-star-inserted\"> \u00a0<\/span><\/p>\n<p data-sourcepos=\"30:1-30:208\"><strong>Uwaga:<\/strong> To wyja\u015bnienie zawiera og\u00f3lny przegl\u0105d. Konkretne wymagania dotycz\u0105ce kondensator\u00f3w odsprz\u0119gaj\u0105cych b\u0119d\u0105 si\u0119 r\u00f3\u017cni\u0107 w zale\u017cno\u015bci od konkretnego zastosowania i charakterystyki obwodu elektronicznego.<\/p>\n<\/div>\n<\/div>\n<\/div>\n<\/div>\n<\/div>\n<\/div>","protected":false},"excerpt":{"rendered":"<table style=\"height: 479px;\" width=\"711\">\n<tbody>\n<tr>\n<td width=\"146\"><strong><b>Produkt<\/b><\/strong>\u00a0<strong><b>Imi\u0119 i nazwisko:<\/b><\/strong><\/td>\n<td width=\"601\"><strong>Odsprz\u0119gaj\u0105cy kondensator rezonansowy<\/strong><\/td>\n<\/tr>\n<tr>\n<td width=\"146\">\n<h4><strong>Kr\u00f3tki opis:<\/strong><\/h4>\n<\/td>\n<td width=\"601\">CRE jest w stanie dostarczy\u0107 kondensatory rezonansowe o du\u017cej mocy, kt\u00f3re obs\u0142uguj\u0105 du\u017ce napi\u0119cia i pr\u0105dy w ma\u0142ej kompaktowej obudowie.<\/p>\n<p>&nbsp;<\/td>\n<\/tr>\n<tr>\n<td width=\"146\"><strong>Zakres pojemno\u015bci:<\/strong><\/td>\n<td width=\"601\">1\u03bcF\uff5e8\u03bcF<\/td>\n<\/tr>\n<tr>\n<td width=\"146\"><strong>Napi\u0119cie znamionowe\uff1a<\/strong><\/td>\n<td width=\"601\">1200V.DC\uff5e4000V.DC<\/td>\n<\/tr>\n<tr>\n<td width=\"146\"><strong>Cap.tol\uff1a<\/strong><\/td>\n<td width=\"601\">\u00b15%(J) ;\u00b110%(K)<\/td>\n<\/tr>\n<tr>\n<td width=\"146\"><strong>Napi\u0119cie wytrzymywane:<\/strong><\/td>\n<td width=\"601\">1.5Un \/10S<\/td>\n<\/tr>\n<\/tbody>\n<\/table>","protected":false},"featured_media":1899,"comment_status":"open","ping_status":"closed","template":"","meta":[],"product_brand":[],"product_cat":[42],"product_tag":[],"class_list":{"0":"post-1898","1":"product","2":"type-product","3":"status-publish","4":"has-post-thumbnail","6":"product_cat-resonance-capacitor","8":"first","9":"instock","10":"shipping-taxable","11":"product-type-simple"},"_links":{"self":[{"href":"https:\/\/rf-capacitor.com\/pl\/wp-json\/wp\/v2\/product\/1898","targetHints":{"allow":["GET"]}}],"collection":[{"href":"https:\/\/rf-capacitor.com\/pl\/wp-json\/wp\/v2\/product"}],"about":[{"href":"https:\/\/rf-capacitor.com\/pl\/wp-json\/wp\/v2\/types\/product"}],"replies":[{"embeddable":true,"href":"https:\/\/rf-capacitor.com\/pl\/wp-json\/wp\/v2\/comments?post=1898"}],"wp:featuredmedia":[{"embeddable":true,"href":"https:\/\/rf-capacitor.com\/pl\/wp-json\/wp\/v2\/media\/1899"}],"wp:attachment":[{"href":"https:\/\/rf-capacitor.com\/pl\/wp-json\/wp\/v2\/media?parent=1898"}],"wp:term":[{"taxonomy":"product_brand","embeddable":true,"href":"https:\/\/rf-capacitor.com\/pl\/wp-json\/wp\/v2\/product_brand?post=1898"},{"taxonomy":"product_cat","embeddable":true,"href":"https:\/\/rf-capacitor.com\/pl\/wp-json\/wp\/v2\/product_cat?post=1898"},{"taxonomy":"product_tag","embeddable":true,"href":"https:\/\/rf-capacitor.com\/pl\/wp-json\/wp\/v2\/product_tag?post=1898"}],"curies":[{"name":"wp","href":"https:\/\/api.w.org\/{rel}","templated":true}]}}