{"id":1890,"date":"2025-01-02T06:49:41","date_gmt":"2025-01-02T06:49:41","guid":{"rendered":"https:\/\/rf-capacitor.com\/?post_type=product&#038;p=1890"},"modified":"2025-01-02T06:49:41","modified_gmt":"2025-01-02T06:49:41","slug":"compact-resonant-capacitors","status":"publish","type":"product","link":"https:\/\/rf-capacitor.com\/pl\/compact-resonant-capacitors\/","title":{"rendered":"Kompaktowe kondensatory rezonansowe"},"content":{"rendered":"<div class=\"user-query-container ng-star-inserted\">\n<div id=\"user-query-content-6\" class=\"query-content\">\n<div class=\"query-text gds-body-l ng-star-inserted\" dir=\"ltr\" role=\"heading\" aria-level=\"2\">\n<h3 class=\"query-text-line ng-star-inserted\">Kompaktowe kondensatory rezonansowe<\/h3>\n<\/div>\n<\/div>\n<div class=\"button-gutter\"><span class=\"citation-0 recitation citation-end-0\" style=\"font-size: 14.4px; color: #555555;\">Kompaktowe kondensatory rezonansowe zosta\u0142y zaprojektowane w celu zminimalizowania rozmiaru i wagi przy jednoczesnym zachowaniu wysokiej wydajno\u015bci w obwodach rezonansowych.<\/span><span class=\"button-container hide-from-message-actions ng-star-inserted\" style=\"font-size: 14.4px; color: #555555;\">\u00a0 \u00a0<\/span><\/div>\n<\/div>\n<div>\n<div class=\"response-container ng-tns-c3227055261-101 response-optimization tts-removed ng-star-inserted response-container-has-multiple-responses\">\n<div class=\"presented-response-container ng-tns-c3227055261-101\">\n<div class=\"response-container-content ng-tns-c3227055261-101 tunable-selection-with-avatar\">\n<div class=\"response-content ng-tns-c3227055261-101\">\n<div id=\"model-response-message-contentr_7732902abd9846b2\" class=\"markdown markdown-main-panel tutor-markdown-rendering response-optimization\" dir=\"ltr\">\n<h3 data-sourcepos=\"1:1-1:139\"><strong style=\"font-size: 14.4px;\">Kluczowe cechy:<\/strong><\/h3>\n<ul data-sourcepos=\"5:1-9:0\">\n<li data-sourcepos=\"5:1-5:95\"><strong>Wysoka g\u0119sto\u015b\u0107 pojemno\u015bci:<\/strong> Osi\u0105ga wysokie warto\u015bci pojemno\u015bci przy niewielkich rozmiarach.<\/li>\n<li data-sourcepos=\"6:1-6:107\"><strong><span class=\"citation-1 recitation\">Niska ESR (r\u00f3wnowa\u017cna rezystancja szeregowa):<\/span><\/strong><span class=\"citation-1 recitation citation-end-1\"> Minimalizuje straty energii i poprawia wydajno\u015b\u0107.<\/span>\n<div class=\"container ng-tns-c362440147-106 hide\">\n<div class=\"carousel-container ng-tns-c362440147-106\"><\/div>\n<\/div>\n<\/li>\n<li data-sourcepos=\"7:1-7:90\"><strong>Wysoki wsp\u00f3\u0142czynnik Q:<\/strong> Zapewnia wysoki wsp\u00f3\u0142czynnik jako\u015bci dla wydajnej pracy obwodu rezonansowego.<\/li>\n<li data-sourcepos=\"8:1-9:0\"><strong>Stabilno\u015b\u0107 temperaturowa:<\/strong> Utrzymuje stabilne warto\u015bci pojemno\u015bci w szerokim zakresie temperatur.<\/li>\n<\/ul>\n<h3 data-sourcepos=\"10:1-10:38\"><strong>Technologie umo\u017cliwiaj\u0105ce kompaktowo\u015b\u0107:<\/strong><\/h3>\n<ul data-sourcepos=\"12:1-15:0\">\n<li data-sourcepos=\"12:1-12:133\"><strong>Zaawansowane materia\u0142y dielektryczne:<\/strong> <span class=\"citation-2 recitation citation-end-2\">Wykorzystanie materia\u0142\u00f3w dielektrycznych o wysokiej przepuszczalno\u015bci pozwala na uzyskanie mniejszych rozmiar\u00f3w fizycznych.<\/span>\n<div class=\"container ng-tns-c362440147-107 hide\">\n<div class=\"carousel-container ng-tns-c362440147-107\"><\/div>\n<\/div>\n<\/li>\n<li data-sourcepos=\"13:1-13:116\"><strong>Wielowarstwowa konstrukcja:<\/strong> Zastosowanie struktur wielowarstwowych zwi\u0119ksza g\u0119sto\u015b\u0107 pojemno\u015bci na ograniczonej przestrzeni.<\/li>\n<li data-sourcepos=\"14:1-15:0\"><strong>Techniki miniaturyzacji:<\/strong> Zaawansowane procesy produkcyjne umo\u017cliwiaj\u0105 tworzenie niezwykle ma\u0142ych i precyzyjnych komponent\u00f3w.<\/li>\n<\/ul>\n<h3 data-sourcepos=\"16:1-16:17\"><strong>Zastosowania:<\/strong><\/h3>\n<ul data-sourcepos=\"18:1-22:0\">\n<li data-sourcepos=\"18:1-18:115\"><strong>Komunikacja bezprzewodowa:<\/strong> U\u017cywany w obwodach wysokiej cz\u0119stotliwo\u015bci w telefonach kom\u00f3rkowych, Wi-Fi i innych urz\u0105dzeniach bezprzewodowych.<\/li>\n<li data-sourcepos=\"19:1-19:98\"><strong>Systemy RF:<\/strong> Stosowany w systemach cz\u0119stotliwo\u015bci radiowych, takich jak radar i komunikacja satelitarna.<\/li>\n<li data-sourcepos=\"20:1-20:89\"><strong>Elektronika mocy:<\/strong> <span class=\"citation-3 recitation citation-end-3\">Wykorzystywane w kompaktowych i wydajnych konwerterach mocy.<\/span>\n<div class=\"container ng-tns-c362440147-108 hide\">\n<div class=\"carousel-container ng-tns-c362440147-108\"><\/div>\n<\/div>\n<\/li>\n<li data-sourcepos=\"21:1-22:0\"><strong>Elektronika samochodowa:<\/strong> Znajduje zastosowanie w r\u00f3\u017cnych aplikacjach motoryzacyjnych, w tym w jednostkach steruj\u0105cych silnika i zaawansowanych systemach wspomagania kierowcy (ADAS).<\/li>\n<\/ul>\n<h3 data-sourcepos=\"23:1-23:13\"><strong>Korzy\u015bci:<\/strong><\/h3>\n<ul data-sourcepos=\"25:1-28:0\">\n<li data-sourcepos=\"25:1-25:78\"><strong>Zmniejszony rozmiar i waga:<\/strong> Umo\u017cliwia tworzenie mniejszych i l\u017cejszych urz\u0105dze\u0144 elektronicznych.<\/li>\n<li data-sourcepos=\"26:1-26:106\"><strong>Ulepszona wydajno\u015b\u0107:<\/strong> Wy\u017csza g\u0119sto\u015b\u0107 pojemno\u015bci i ni\u017cszy wsp\u00f3\u0142czynnik ESR prowadz\u0105 do poprawy wydajno\u015bci obwodu.<\/li>\n<li data-sourcepos=\"27:1-28:0\"><strong>Redukcja koszt\u00f3w:<\/strong> Mo\u017cliwo\u015b\u0107 obni\u017cenia koszt\u00f3w produkcji dzi\u0119ki mniejszym rozmiarom komponent\u00f3w.<\/li>\n<\/ul>\n<\/div>\n<\/div>\n<\/div>\n<\/div>\n<\/div>\n<\/div>","protected":false},"excerpt":{"rendered":"<table style=\"height: 581px;\" width=\"732\">\n<tbody>\n<tr>\n<td width=\"146\"><strong><b>Produkt<\/b><\/strong>\u00a0<strong><b>Imi\u0119 i nazwisko:<\/b><\/strong><\/td>\n<td width=\"601\"><strong>Kompaktowe kondensatory rezonansowe<\/strong><\/td>\n<\/tr>\n<tr>\n<td width=\"146\">\n<h4><strong>Kr\u00f3tki opis:<\/strong><\/h4>\n<\/td>\n<td width=\"601\">1. Elektrody z nakr\u0119tk\u0105 miedzian\u0105, ma\u0142y rozmiar fizyczny, \u0142atwa instalacja<\/p>\n<p>2. Plastikowe opakowanie, uszczelnione such\u0105 \u017cywic\u0105<\/p>\n<p>3. Zdolno\u015b\u0107 do pracy z pr\u0105dem o wysokiej cz\u0119stotliwo\u015bci lub pr\u0105dem o wysokim impulsie<\/p>\n<p>4. Niski ESL i ESR<\/td>\n<\/tr>\n<tr>\n<td width=\"146\"><strong>Zakres pojemno\u015bci:<\/strong><\/td>\n<td width=\"601\">1\uff5e8\u03bcF<\/td>\n<\/tr>\n<tr>\n<td width=\"146\"><strong>Napi\u0119cie znamionowe\uff1a<\/strong><\/td>\n<td width=\"601\">1200 V DC\uff5e 2000 V DC<\/td>\n<\/tr>\n<tr>\n<td width=\"146\"><strong>Cap.tol\uff1a<\/strong><\/td>\n<td width=\"601\">\u00b15%(J)<\/td>\n<\/tr>\n<tr>\n<td width=\"146\"><strong>Napi\u0119cie wytrzymywane:<\/strong><\/td>\n<td width=\"601\">1,5Un DC\/60S<\/td>\n<\/tr>\n<\/tbody>\n<\/table>","protected":false},"featured_media":1891,"comment_status":"open","ping_status":"closed","template":"","meta":[],"product_brand":[],"product_cat":[42],"product_tag":[],"class_list":{"0":"post-1890","1":"product","2":"type-product","3":"status-publish","4":"has-post-thumbnail","6":"product_cat-resonance-capacitor","8":"first","9":"instock","10":"shipping-taxable","11":"product-type-simple"},"_links":{"self":[{"href":"https:\/\/rf-capacitor.com\/pl\/wp-json\/wp\/v2\/product\/1890","targetHints":{"allow":["GET"]}}],"collection":[{"href":"https:\/\/rf-capacitor.com\/pl\/wp-json\/wp\/v2\/product"}],"about":[{"href":"https:\/\/rf-capacitor.com\/pl\/wp-json\/wp\/v2\/types\/product"}],"replies":[{"embeddable":true,"href":"https:\/\/rf-capacitor.com\/pl\/wp-json\/wp\/v2\/comments?post=1890"}],"wp:featuredmedia":[{"embeddable":true,"href":"https:\/\/rf-capacitor.com\/pl\/wp-json\/wp\/v2\/media\/1891"}],"wp:attachment":[{"href":"https:\/\/rf-capacitor.com\/pl\/wp-json\/wp\/v2\/media?parent=1890"}],"wp:term":[{"taxonomy":"product_brand","embeddable":true,"href":"https:\/\/rf-capacitor.com\/pl\/wp-json\/wp\/v2\/product_brand?post=1890"},{"taxonomy":"product_cat","embeddable":true,"href":"https:\/\/rf-capacitor.com\/pl\/wp-json\/wp\/v2\/product_cat?post=1890"},{"taxonomy":"product_tag","embeddable":true,"href":"https:\/\/rf-capacitor.com\/pl\/wp-json\/wp\/v2\/product_tag?post=1890"}],"curies":[{"name":"wp","href":"https:\/\/api.w.org\/{rel}","templated":true}]}}