{"id":1886,"date":"2025-01-02T06:26:09","date_gmt":"2025-01-02T06:26:09","guid":{"rendered":"https:\/\/rf-capacitor.com\/?post_type=product&#038;p=1886"},"modified":"2025-01-02T06:26:09","modified_gmt":"2025-01-02T06:26:09","slug":"high-voltage-resonance-capacitor","status":"publish","type":"product","link":"https:\/\/rf-capacitor.com\/pl\/high-voltage-resonance-capacitor\/","title":{"rendered":"Wysokonapi\u0119ciowy kondensator rezonansowy"},"content":{"rendered":"<div class=\"user-query-container ng-star-inserted\">\n<div id=\"user-query-content-5\" class=\"query-content\">\n<div class=\"query-text gds-body-l ng-star-inserted\" dir=\"ltr\" role=\"heading\" aria-level=\"2\">\n<h3 class=\"query-text-line ng-star-inserted\">Wysokonapi\u0119ciowy kondensator rezonansowy<\/h3>\n<\/div>\n<\/div>\n<\/div>\n<div>\n<div class=\"response-container ng-tns-c3227055261-91 response-optimization tts-removed ng-star-inserted response-container-has-multiple-responses\">\n<div class=\"presented-response-container ng-tns-c3227055261-91\">\n<div class=\"response-container-content ng-tns-c3227055261-91 tunable-selection-with-avatar\">\n<div class=\"response-content ng-tns-c3227055261-91\">\n<div id=\"model-response-message-contentr_53dd446f46a75fa7\" class=\"markdown markdown-main-panel tutor-markdown-rendering response-optimization\" dir=\"ltr\">\n<p data-sourcepos=\"1:1-1:126\"><span class=\"citation-0 recitation citation-end-0\">Wysokonapi\u0119ciowe kondensatory rezonansowe to specjalistyczne komponenty przeznaczone do stosowania w wysokonapi\u0119ciowych obwodach rezonansowych.<\/span><span class=\"button-container hide-from-message-actions ng-star-inserted\"> \u00a0<\/span><\/p>\n<h3 data-sourcepos=\"3:1-3:24\"><strong>Kluczowe cechy:<\/strong><\/h3>\n<ul data-sourcepos=\"5:1-10:0\">\n<li data-sourcepos=\"5:1-5:127\"><strong>Bardzo wysokie napi\u0119cie znamionowe:<\/strong> <span class=\"citation-1 recitation citation-end-1\">Zdolne do wytrzymania bardzo wysokich napi\u0119\u0107 (zazwyczaj w zakresie kilowolt\u00f3w).<\/span><span class=\"button-container hide-from-message-actions ng-star-inserted\">\u00a0 \u00a0<\/span>\n<div class=\"container ng-tns-c362440147-96 hide\">\n<div class=\"carousel-container ng-tns-c362440147-96\"><\/div>\n<\/div>\n<\/li>\n<li data-sourcepos=\"6:1-6:95\"><strong>Niskie straty:<\/strong> Minimalne straty wewn\u0119trzne minimalizuj\u0105 rozpraszanie energii i maksymalizuj\u0105 wydajno\u015b\u0107.<\/li>\n<li data-sourcepos=\"7:1-7:110\"><strong>Wysoki wsp\u00f3\u0142czynnik Q:<\/strong> <span class=\"citation-2 recitation citation-end-2\">Wysoki wsp\u00f3\u0142czynnik jako\u015bci (Q) ma kluczowe znaczenie dla wydajnej pracy obwodu rezonansowego.<\/span><span class=\"button-container hide-from-message-actions ng-star-inserted\">\u00a0 \u00a0<\/span>\n<div class=\"container ng-tns-c362440147-97 hide\">\n<div class=\"carousel-container ng-tns-c362440147-97\"><\/div>\n<\/div>\n<\/li>\n<li data-sourcepos=\"8:1-8:96\"><strong>Precyzyjna pojemno\u015b\u0107:<\/strong> Krytyczne dla osi\u0105gni\u0119cia po\u017c\u0105danej cz\u0119stotliwo\u015bci rezonansowej w obwodzie.<\/li>\n<li data-sourcepos=\"9:1-10:0\"><strong>Solidna konstrukcja:<\/strong> Zaprojektowane, aby wytrzyma\u0107 napr\u0119\u017cenia zwi\u0105zane z prac\u0105 pod wysokim napi\u0119ciem i wymagaj\u0105cymi \u015brodowiskami, w kt\u00f3rych s\u0105 u\u017cywane.<\/li>\n<\/ul>\n<h3 data-sourcepos=\"11:1-11:17\"><strong>Zastosowania:<\/strong><\/h3>\n<ul data-sourcepos=\"13:1-18:0\">\n<li data-sourcepos=\"13:1-13:154\"><strong><span class=\"citation-3 recitation\">Cewki Tesli:<\/span><\/strong><span class=\"citation-3 recitation citation-end-3\"> Klasyczny przyk\u0142ad, w kt\u00f3rym wysokonapi\u0119ciowe kondensatory rezonansowe s\u0105 wykorzystywane do generowania oscylacji o wysokim napi\u0119ciu i wysokiej cz\u0119stotliwo\u015bci.<\/span><span class=\"button-container hide-from-message-actions ng-star-inserted\">\u00a0<\/span>\n<div class=\"container ng-tns-c362440147-98 hide\">\n<div class=\"carousel-container ng-tns-c362440147-98\"><\/div>\n<\/div>\n<\/li>\n<li data-sourcepos=\"14:1-14:135\"><strong>Akceleratory cz\u0105stek:<\/strong> U\u017cywany w r\u00f3\u017cnych komponentach akcelerator\u00f3w cz\u0105stek do generowania i manipulowania wi\u0105zkami cz\u0105stek o wysokiej energii.<\/li>\n<li data-sourcepos=\"15:1-15:85\"><strong>Nadajniki du\u017cej mocy:<\/strong> Wyst\u0119puje w nadajnikach radiowych i telewizyjnych du\u017cej mocy.<\/li>\n<li data-sourcepos=\"16:1-16:98\"><strong>Badania w dziedzinie fizyki plazmy:<\/strong> U\u017cywany w eksperymentach fizyki plazmy do generowania i ograniczania plazmy.<\/li>\n<li data-sourcepos=\"17:1-18:0\"><strong>Zastosowania przemys\u0142owe:<\/strong> Niekt\u00f3re specjalistyczne zastosowania przemys\u0142owe mog\u0105 wymaga\u0107 wysokonapi\u0119ciowych kondensator\u00f3w rezonansowych.<\/li>\n<\/ul>\n<p data-sourcepos=\"19:1-19:15\"><strong>Podsumowuj\u0105c:<\/strong><\/p>\n<p data-sourcepos=\"21:1-21:254\">Wysokonapi\u0119ciowe kondensatory rezonansowe s\u0105 krytycznymi komponentami w wielu zastosowaniach wysokonapi\u0119ciowych. Ich zdolno\u015b\u0107 do wytrzymywania ekstremalnych napi\u0119\u0107, minimalizowania strat i wydajnej pracy w obwodach rezonansowych sprawia, \u017ce s\u0105 one niezb\u0119dne w tych wymagaj\u0105cych zastosowaniach.<\/p>\n<\/div>\n<\/div>\n<\/div>\n<\/div>\n<\/div>\n<\/div>","protected":false},"excerpt":{"rendered":"<table style=\"height: 581px;\" width=\"824\">\n<tbody>\n<tr>\n<td width=\"146\"><strong><b>Produkt<\/b><\/strong>\u00a0<strong><b>Imi\u0119 i nazwisko:<\/b><\/strong><\/td>\n<td width=\"601\"><strong>Wysokonapi\u0119ciowy kondensator rezonansowy<\/strong><\/td>\n<\/tr>\n<tr>\n<td width=\"146\">\n<h4><strong>Kr\u00f3tki opis:<\/strong><\/h4>\n<\/td>\n<td width=\"601\">1. Ma\u0142y, kompaktowy rozmiar opakowania<\/p>\n<p>2. Zdolny do przenoszenia du\u017cych napi\u0119\u0107 i pr\u0105d\u00f3w<\/p>\n<p>3. Zastosowanie niskostratnego dielektryka z folii polipropylenowej<\/td>\n<\/tr>\n<tr>\n<td width=\"146\"><strong>Odporno\u015b\u0107 na roz\u0142adowanie:<\/strong><\/td>\n<td width=\"601\">30000M\u03a9<\/td>\n<\/tr>\n<tr>\n<td width=\"146\"><strong>Napi\u0119cie znamionowe\uff1a<\/strong><\/td>\n<td width=\"601\">5000 V\/\u00b5s<\/td>\n<\/tr>\n<tr>\n<td width=\"146\"><strong>Cap.tol\uff1a<\/strong><\/td>\n<td width=\"601\">\n<table style=\"height: 6px;\" border=\"0\" width=\"5\" cellspacing=\"0\">\n<tbody>\n<tr>\n<td valign=\"center\" nowrap=\"nowrap\" width=\"330\"><\/td>\n<\/tr>\n<\/tbody>\n<\/table>\n<p>-40\u2103~ +85\u2103<\/td>\n<\/tr>\n<tr>\n<td width=\"146\"><strong>\u017bywotno\u015b\u0107:\u00a0<\/strong><\/td>\n<td width=\"601\">100000H<\/td>\n<\/tr>\n<\/tbody>\n<\/table>","protected":false},"featured_media":1887,"comment_status":"open","ping_status":"closed","template":"","meta":[],"product_brand":[],"product_cat":[42],"product_tag":[],"class_list":{"0":"post-1886","1":"product","2":"type-product","3":"status-publish","4":"has-post-thumbnail","6":"product_cat-resonance-capacitor","8":"first","9":"instock","10":"shipping-taxable","11":"product-type-simple"},"_links":{"self":[{"href":"https:\/\/rf-capacitor.com\/pl\/wp-json\/wp\/v2\/product\/1886","targetHints":{"allow":["GET"]}}],"collection":[{"href":"https:\/\/rf-capacitor.com\/pl\/wp-json\/wp\/v2\/product"}],"about":[{"href":"https:\/\/rf-capacitor.com\/pl\/wp-json\/wp\/v2\/types\/product"}],"replies":[{"embeddable":true,"href":"https:\/\/rf-capacitor.com\/pl\/wp-json\/wp\/v2\/comments?post=1886"}],"wp:featuredmedia":[{"embeddable":true,"href":"https:\/\/rf-capacitor.com\/pl\/wp-json\/wp\/v2\/media\/1887"}],"wp:attachment":[{"href":"https:\/\/rf-capacitor.com\/pl\/wp-json\/wp\/v2\/media?parent=1886"}],"wp:term":[{"taxonomy":"product_brand","embeddable":true,"href":"https:\/\/rf-capacitor.com\/pl\/wp-json\/wp\/v2\/product_brand?post=1886"},{"taxonomy":"product_cat","embeddable":true,"href":"https:\/\/rf-capacitor.com\/pl\/wp-json\/wp\/v2\/product_cat?post=1886"},{"taxonomy":"product_tag","embeddable":true,"href":"https:\/\/rf-capacitor.com\/pl\/wp-json\/wp\/v2\/product_tag?post=1886"}],"curies":[{"name":"wp","href":"https:\/\/api.w.org\/{rel}","templated":true}]}}