{"id":1860,"date":"2025-01-02T02:14:12","date_gmt":"2025-01-02T02:14:12","guid":{"rendered":"https:\/\/rf-capacitor.com\/?post_type=product&#038;p=1860"},"modified":"2025-01-02T02:14:12","modified_gmt":"2025-01-02T02:14:12","slug":"switching-power-snubber-capacitor","status":"publish","type":"product","link":"https:\/\/rf-capacitor.com\/pl\/switching-power-snubber-capacitor\/","title":{"rendered":"Prze\u0142\u0105czany kondensator t\u0142umi\u0105cy"},"content":{"rendered":"<div class=\"user-query-container ng-star-inserted\">\n<div id=\"user-query-content-2\" class=\"query-content\">\n<div class=\"query-text gds-body-l ng-star-inserted\" dir=\"ltr\" role=\"heading\" aria-level=\"2\">\n<h3 class=\"query-text-line ng-star-inserted\">Prze\u0142\u0105czany kondensator t\u0142umi\u0105cy<\/h3>\n<\/div>\n<\/div>\n<div class=\"button-gutter\"><span class=\"citation-0 recitation citation-end-0\" style=\"font-size: 14.4px; color: #555555;\">W zasilaczach impulsowych kondensatory obni\u017caj\u0105ce napi\u0119cie maj\u0105 kluczowe znaczenie dla ochrony urz\u0105dze\u0144 prze\u0142\u0105czaj\u0105cych (takich jak tranzystory MOSFET lub IGBT) przed nadmiernym napi\u0119ciem i pr\u0105dem podczas prze\u0142\u0105czania.<\/span><span class=\"button-container hide-from-message-actions ng-star-inserted\" style=\"font-size: 14.4px; color: #555555;\">\u00a0 \u00a0<\/span><\/div>\n<\/div>\n<div>\n<div class=\"response-container ng-tns-c3227055261-38 response-optimization tts-removed ng-star-inserted response-container-has-multiple-responses\">\n<div class=\"presented-response-container ng-tns-c3227055261-38\">\n<div class=\"response-container-content ng-tns-c3227055261-38 tunable-selection-with-avatar\">\n<div class=\"response-content ng-tns-c3227055261-38\">\n<div id=\"model-response-message-contentr_690cc733da6ea17b\" class=\"markdown markdown-main-panel tutor-markdown-rendering response-optimization\" dir=\"ltr\">\n<h2 data-sourcepos=\"1:1-1:208\"><strong style=\"font-size: 14.4px;\">\u00a0Jak dzia\u0142a kondensator prze\u0142\u0105czaj\u0105cy:<\/strong><\/h2>\n<ul data-sourcepos=\"5:1-7:0\">\n<li data-sourcepos=\"5:1-5:287\"><strong><span class=\"citation-1 recitation\">Skoki napi\u0119cia:<\/span><\/strong><span class=\"citation-1 recitation citation-end-1\"> Gdy prze\u0142\u0105cznik wy\u0142\u0105cza si\u0119, paso\u017cytnicza indukcyjno\u015b\u0107 w obwodzie mo\u017ce spowodowa\u0107 gwa\u0142towny wzrost napi\u0119cia na prze\u0142\u0105czniku.<\/span> <span class=\"citation-2 recitation citation-end-2\">Kondensator t\u0142umi\u0105cy poch\u0142ania ten nag\u0142y skok napi\u0119cia, ograniczaj\u0105c napi\u0119cie szczytowe i zapobiegaj\u0105c uszkodzeniu prze\u0142\u0105cznika.<\/span>\n<div class=\"container ng-tns-c362440147-43 hide\">\n<div class=\"carousel-container ng-tns-c362440147-43\"><\/div>\n<\/div>\n<\/li>\n<li data-sourcepos=\"6:1-7:0\"><strong>Prze\u0142\u0105czanie pr\u0105du:<\/strong> Podczas przej\u015bcia do stanu wy\u0142\u0105czenia, kondensator t\u0142umi\u0105cy zapewnia tymczasow\u0105 \u015bcie\u017ck\u0119 dla przep\u0142ywu pr\u0105du, zmniejszaj\u0105c di\/dt (szybko\u015b\u0107 zmiany pr\u0105du) i minimalizuj\u0105c EMI (zak\u0142\u00f3cenia elektromagnetyczne).<\/li>\n<\/ul>\n<h3 data-sourcepos=\"8:1-8:24\"><strong>Kluczowe cechy:<\/strong><\/h3>\n<ul data-sourcepos=\"10:1-14:0\">\n<li data-sourcepos=\"10:1-10:88\"><strong>Wysokie napi\u0119cie znamionowe:<\/strong> Musi wytrzymywa\u0107 szczytowe napi\u0119cia wyst\u0119puj\u0105ce podczas prze\u0142\u0105czania.<\/li>\n<li data-sourcepos=\"11:1-11:104\"><strong><span class=\"citation-3 recitation\">Niska ESR (r\u00f3wnowa\u017cna rezystancja szeregowa):<\/span><\/strong><span class=\"citation-3 recitation citation-end-3\"> Minimalizuje straty energii w kondensatorze.<\/span><span class=\"button-container hide-from-message-actions ng-star-inserted\"> \u00a0<\/span>\n<div class=\"container ng-tns-c362440147-44 hide\">\n<div class=\"carousel-container ng-tns-c362440147-44\"><\/div>\n<\/div>\n<\/li>\n<li data-sourcepos=\"12:1-12:123\"><strong>Mo\u017cliwo\u015b\u0107 szybkiego \u0142adowania\/roz\u0142adowywania:<\/strong> <span class=\"citation-4 recitation citation-end-4\">Zdolny do szybkiego poch\u0142aniania i uwalniania energii podczas prze\u0142\u0105czania zdarze\u0144.<\/span>\n<div class=\"container ng-tns-c362440147-45 hide\">\n<div class=\"carousel-container ng-tns-c362440147-45\"><\/div>\n<\/div>\n<\/li>\n<li data-sourcepos=\"13:1-14:0\"><strong>Kompaktowy rozmiar:<\/strong> Aby zminimalizowa\u0107 zapotrzebowanie na miejsce w systemach energoelektronicznych.<\/li>\n<\/ul>\n<h3 data-sourcepos=\"15:1-15:32\"><strong>Rodzaje kondensator\u00f3w prze\u0142\u0105czaj\u0105cych:<\/strong><\/h3>\n<ul data-sourcepos=\"17:1-19:0\">\n<li data-sourcepos=\"17:1-17:112\"><strong>Kondensatory foliowe:<\/strong> Powszechnie stosowane ze wzgl\u0119du na wysokie napi\u0119cie znamionowe, niski wsp\u00f3\u0142czynnik ESR i dobr\u0105 stabilno\u015b\u0107 temperaturow\u0105.<\/li>\n<li data-sourcepos=\"18:1-19:0\"><strong>Kondensatory ceramiczne:<\/strong> Oferuj\u0105 wysok\u0105 pojemno\u015b\u0107 w ma\u0142ej obudowie, ale mog\u0105 mie\u0107 ograniczenia w zakresie napi\u0119cia znamionowego i stabilno\u015bci temperaturowej.<\/li>\n<\/ul>\n<h3 data-sourcepos=\"20:1-20:26\"><strong>Rozwa\u017cania projektowe:<\/strong><\/h3>\n<ul data-sourcepos=\"22:1-25:0\">\n<li data-sourcepos=\"22:1-22:87\"><strong>Charakterystyka urz\u0105dzenia prze\u0142\u0105czaj\u0105cego:<\/strong> Czasy w\u0142\u0105czenia\/wy\u0142\u0105czenia, pr\u0105dy szczytowe i napi\u0119cia.<\/li>\n<li data-sourcepos=\"23:1-23:69\"><strong>Parametry obwodu:<\/strong> Indukcyjno\u015b\u0107 paso\u017cytnicza, charakterystyka obci\u0105\u017cenia.<\/li>\n<li data-sourcepos=\"24:1-25:0\"><strong><span class=\"citation-5 recitation\">Topologia obwodu t\u0142umika:<\/span><\/strong><span class=\"citation-5 recitation citation-end-5\"> R\u00f3\u017cne konfiguracje t\u0142umik\u00f3w (R-C, RCD itp.) maj\u0105 r\u00f3\u017cny wp\u0142yw na wydajno\u015b\u0107 obwodu.<\/span><span class=\"button-container hide-from-message-actions ng-star-inserted\">\u00a0 \u00a0<\/span>\n<div class=\"container ng-tns-c362440147-46 hide\">\n<div class=\"carousel-container ng-tns-c362440147-46\"><\/div>\n<\/div>\n<\/li>\n<\/ul>\n<h3 data-sourcepos=\"26:1-26:41\"><strong>Korzy\u015bci z u\u017cywania kondensator\u00f3w t\u0142umi\u0105cych:<\/strong><\/h3>\n<ul data-sourcepos=\"28:1-31:0\">\n<li data-sourcepos=\"28:1-28:102\"><strong>Zwi\u0119kszona niezawodno\u015b\u0107 prze\u0142\u0105cznik\u00f3w:<\/strong> Zmniejszony nacisk na urz\u0105dzenie prze\u0142\u0105czaj\u0105ce, co prowadzi do d\u0142u\u017cszej \u017cywotno\u015bci.<\/li>\n<li data-sourcepos=\"29:1-29:68\"><strong>Zmniejszona emisja zak\u0142\u00f3ce\u0144 elektromagnetycznych:<\/strong> Minimalizuje zak\u0142\u00f3cenia elektromagnetyczne.<\/li>\n<li data-sourcepos=\"30:1-31:0\"><strong>Zwi\u0119kszona wydajno\u015b\u0107 systemu:<\/strong> Mniejsze straty mocy dzi\u0119ki ni\u017cszym stratom prze\u0142\u0105czania.<\/li>\n<\/ul>\n<\/div>\n<\/div>\n<\/div>\n<\/div>\n<\/div>\n<\/div>","protected":false},"excerpt":{"rendered":"<table style=\"height: 523px;\" width=\"704\">\n<tbody>\n<tr>\n<td width=\"146\"><strong><b>Produkt<\/b><\/strong>\u00a0<strong><b>Imi\u0119 i nazwisko:<\/b><\/strong><\/td>\n<td width=\"601\"><strong>Prze\u0142\u0105czany kondensator t\u0142umi\u0105cy<\/strong><\/td>\n<\/tr>\n<tr>\n<td width=\"146\">\n<h4><strong>Kr\u00f3tki opis:<\/strong><\/h4>\n<\/td>\n<td width=\"601\">Kondensatory foliowe typu snubber firmy CRE s\u0105 przeznaczone do pracy z wysokim pr\u0105dem szczytowym wymaganym do ochrony przed napi\u0119ciami przej\u015bciowymi.<\/td>\n<\/tr>\n<tr>\n<td width=\"146\"><strong>Zakres pojemno\u015bci:<\/strong><\/td>\n<td width=\"601\">\u00a02\u03bcF\u00b110%<\/td>\n<\/tr>\n<tr>\n<td width=\"146\"><strong>Napi\u0119cie znamionowe\uff1a<\/strong><\/td>\n<td width=\"601\">700V.DC\uff5e3000V.DC<\/td>\n<\/tr>\n<tr>\n<td width=\"146\"><strong>Cap.tol\uff1a<\/strong><\/td>\n<td width=\"601\">\u00b15%(J);\u00b110%(K)<\/td>\n<\/tr>\n<tr>\n<td width=\"146\"><\/td>\n<td width=\"601\"><\/td>\n<\/tr>\n<\/tbody>\n<\/table>","protected":false},"featured_media":1861,"comment_status":"open","ping_status":"closed","template":"","meta":[],"product_brand":[],"product_cat":[40],"product_tag":[],"class_list":{"0":"post-1860","1":"product","2":"type-product","3":"status-publish","4":"has-post-thumbnail","6":"product_cat-snubber-capacitor","8":"first","9":"instock","10":"shipping-taxable","11":"product-type-simple"},"_links":{"self":[{"href":"https:\/\/rf-capacitor.com\/pl\/wp-json\/wp\/v2\/product\/1860","targetHints":{"allow":["GET"]}}],"collection":[{"href":"https:\/\/rf-capacitor.com\/pl\/wp-json\/wp\/v2\/product"}],"about":[{"href":"https:\/\/rf-capacitor.com\/pl\/wp-json\/wp\/v2\/types\/product"}],"replies":[{"embeddable":true,"href":"https:\/\/rf-capacitor.com\/pl\/wp-json\/wp\/v2\/comments?post=1860"}],"wp:featuredmedia":[{"embeddable":true,"href":"https:\/\/rf-capacitor.com\/pl\/wp-json\/wp\/v2\/media\/1861"}],"wp:attachment":[{"href":"https:\/\/rf-capacitor.com\/pl\/wp-json\/wp\/v2\/media?parent=1860"}],"wp:term":[{"taxonomy":"product_brand","embeddable":true,"href":"https:\/\/rf-capacitor.com\/pl\/wp-json\/wp\/v2\/product_brand?post=1860"},{"taxonomy":"product_cat","embeddable":true,"href":"https:\/\/rf-capacitor.com\/pl\/wp-json\/wp\/v2\/product_cat?post=1860"},{"taxonomy":"product_tag","embeddable":true,"href":"https:\/\/rf-capacitor.com\/pl\/wp-json\/wp\/v2\/product_tag?post=1860"}],"curies":[{"name":"wp","href":"https:\/\/api.w.org\/{rel}","templated":true}]}}