{"id":1851,"date":"2025-01-02T01:51:17","date_gmt":"2025-01-02T01:51:17","guid":{"rendered":"https:\/\/rf-capacitor.com\/?post_type=product&#038;p=1851"},"modified":"2025-01-02T01:51:17","modified_gmt":"2025-01-02T01:51:17","slug":"igbt-snubber-capacitors","status":"publish","type":"product","link":"https:\/\/rf-capacitor.com\/pl\/igbt-snubber-capacitors\/","title":{"rendered":"Kondensatory t\u0142umi\u0105ce IGBT"},"content":{"rendered":"<h3 data-sourcepos=\"1:1-1:27\"><strong>Kondensatory t\u0142umi\u0105ce IGBT<\/strong><\/h3>\n<p data-sourcepos=\"3:1-3:196\"><span class=\"citation-0 recitation citation-end-0\">W energoelektronice tranzystory bipolarne IGBT (Insulated Gate Bipolar Transistors) s\u0105 szeroko stosowane do prze\u0142\u0105czania.<\/span> Jednak ich szybkie pr\u0119dko\u015bci prze\u0142\u0105czania mog\u0105 prowadzi\u0107 do niepo\u017c\u0105danych efekt\u00f3w, takich jak<span class=\"button-container hide-from-message-actions ng-star-inserted\">\u00a0 \u00a0<\/span><\/p>\n<ul data-sourcepos=\"5:1-7:0\">\n<li data-sourcepos=\"5:1-5:148\"><strong><span class=\"citation-1 recitation\">Wysokie dv\/dt (szybko\u015b\u0107 zmian napi\u0119cia):<\/span><\/strong><span class=\"citation-1 recitation citation-end-1\"> Mo\u017ce to spowodowa\u0107 nadmierne skoki napi\u0119cia na IGBT, potencjalnie uszkadzaj\u0105c urz\u0105dzenie.<\/span><span class=\"button-container hide-from-message-actions ng-star-inserted\"> \u00a0<\/span>\n<div class=\"container ng-tns-c362440147-20 hide\">\n<div class=\"carousel-container ng-tns-c362440147-20\"><\/div>\n<\/div>\n<\/li>\n<li data-sourcepos=\"6:1-7:0\"><strong><span class=\"citation-2 recitation\">Wysokie di\/dt (szybko\u015b\u0107 zmian pr\u0105du):<\/span><\/strong><span class=\"citation-2 recitation citation-end-2\"> Mo\u017ce to generowa\u0107 zak\u0142\u00f3cenia elektromagnetyczne (EMI) i obci\u0105\u017ca\u0107 powi\u0105zane obwody.<\/span><span class=\"button-container hide-from-message-actions ng-star-inserted\">\u00a0 \u00a0<\/span>\n<div class=\"container ng-tns-c362440147-21 hide\">\n<div class=\"carousel-container ng-tns-c362440147-21\"><\/div>\n<\/div>\n<\/li>\n<\/ul>\n<h3 data-sourcepos=\"8:1-8:20\"><strong>Obwody przeciwsobne<\/strong><\/h3>\n<p data-sourcepos=\"10:1-10:143\"><span class=\"citation-3 recitation citation-end-3\">Aby z\u0142agodzi\u0107 te problemy, stosuje si\u0119 obwody t\u0142umi\u0105ce.<\/span> <span class=\"citation-4 recitation citation-end-4\">Kluczowym elementem tych obwod\u00f3w jest kondensator t\u0142umi\u0105cy.<\/span><span class=\"button-container hide-from-message-actions ng-star-inserted\">\u00a0<\/span><\/p>\n<h3 data-sourcepos=\"12:1-12:31\"><strong>Jak dzia\u0142aj\u0105 kondensatory t\u0142umi\u0105ce IGBT?<\/strong><\/h3>\n<ul data-sourcepos=\"14:1-16:0\">\n<li data-sourcepos=\"14:1-14:252\"><strong>Skoki napi\u0119cia:<\/strong> Gdy IGBT wy\u0142\u0105cza si\u0119, paso\u017cytnicza indukcyjno\u015b\u0107 w obwodzie mo\u017ce spowodowa\u0107 gwa\u0142towny wzrost napi\u0119cia na urz\u0105dzeniu. <span class=\"citation-5 recitation citation-end-5\">Kondensator t\u0142umi\u0105cy poch\u0142ania ten nag\u0142y skok napi\u0119cia, ograniczaj\u0105c napi\u0119cie szczytowe na tranzystorze IGBT.<\/span><span class=\"button-container hide-from-message-actions ng-star-inserted\"> \u00a0<\/span>\n<div class=\"container ng-tns-c362440147-23 hide\">\n<div class=\"carousel-container ng-tns-c362440147-23\"><\/div>\n<\/div>\n<\/li>\n<li data-sourcepos=\"15:1-16:0\"><strong>Prze\u0142\u0105czanie pr\u0105du:<\/strong> <span class=\"citation-6 recitation citation-end-6\">Podczas przej\u015bcia do stanu wy\u0142\u0105czenia, kondensator t\u0142umi\u0105cy zapewnia \u015bcie\u017ck\u0119 dla tymczasowego przep\u0142ywu pr\u0105du, zmniejszaj\u0105c di\/dt i minimalizuj\u0105c zak\u0142\u00f3cenia EMI.<\/span><span class=\"button-container hide-from-message-actions ng-star-inserted\">\u00a0 \u00a0<\/span>\n<div class=\"container ng-tns-c362440147-24 hide\">\n<div class=\"carousel-container ng-tns-c362440147-24\"><\/div>\n<\/div>\n<\/li>\n<\/ul>\n<h3 data-sourcepos=\"17:1-17:45\"><strong>Kluczowa charakterystyka kondensator\u00f3w t\u0142umi\u0105cych IGBT<\/strong><\/h3>\n<ul data-sourcepos=\"19:1-23:0\">\n<li data-sourcepos=\"19:1-19:88\"><strong>Wysokie napi\u0119cie znamionowe:<\/strong> Musi wytrzymywa\u0107 szczytowe napi\u0119cia wyst\u0119puj\u0105ce podczas prze\u0142\u0105czania.<\/li>\n<li data-sourcepos=\"20:1-20:104\"><strong><span class=\"citation-7 recitation\">Niska ESR (r\u00f3wnowa\u017cna rezystancja szeregowa):<\/span><\/strong><span class=\"citation-7 recitation citation-end-7\"> Minimalizuje straty energii w kondensatorze.<\/span><span class=\"button-container hide-from-message-actions ng-star-inserted\">\u00a0<\/span>\n<div class=\"container ng-tns-c362440147-25 hide\">\n<div class=\"carousel-container ng-tns-c362440147-25\"><\/div>\n<\/div>\n<\/li>\n<li data-sourcepos=\"21:1-21:110\"><strong>Mo\u017cliwo\u015b\u0107 szybkiego \u0142adowania\/roz\u0142adowywania:<\/strong> Zdolny do szybkiego poch\u0142aniania i uwalniania energii podczas prze\u0142\u0105czania zdarze\u0144.<\/li>\n<li data-sourcepos=\"22:1-23:0\"><strong>Kompaktowy rozmiar:<\/strong> Aby zminimalizowa\u0107 zapotrzebowanie na miejsce w systemach energoelektronicznych.<\/li>\n<\/ul>\n<h3 data-sourcepos=\"24:1-24:31\"><strong>Rodzaje kondensator\u00f3w t\u0142umi\u0105cych IGBT<\/strong><\/h3>\n<ul data-sourcepos=\"26:1-28:0\">\n<li data-sourcepos=\"26:1-26:112\"><strong>Kondensatory foliowe:<\/strong> Powszechnie stosowane ze wzgl\u0119du na wysokie napi\u0119cie znamionowe, niski wsp\u00f3\u0142czynnik ESR i dobr\u0105 stabilno\u015b\u0107 temperaturow\u0105.<\/li>\n<li data-sourcepos=\"27:1-28:0\"><strong><span class=\"citation-8 recitation\">Kondensatory ceramiczne:<\/span><\/strong><span class=\"citation-8 recitation citation-end-8\"> Oferuj\u0105 wysok\u0105 pojemno\u015b\u0107 w ma\u0142ej obudowie, ale mog\u0105 mie\u0107 ograniczenia w zakresie napi\u0119cia znamionowego i stabilno\u015bci temperaturowej.<\/span><span class=\"button-container hide-from-message-actions ng-star-inserted\">\u00a0 \u00a0<\/span>\n<div class=\"container ng-tns-c362440147-26 hide\">\n<div class=\"carousel-container ng-tns-c362440147-26\"><\/div>\n<\/div>\n<\/li>\n<\/ul>\n<h3 data-sourcepos=\"29:1-29:25\"><strong>Rozwa\u017cania projektowe<\/strong><\/h3>\n<p data-sourcepos=\"31:1-31:80\">Dob\u00f3r i projektowanie kondensator\u00f3w t\u0142umi\u0105cych wymaga starannego rozwa\u017cenia:<\/p>\n<ul data-sourcepos=\"33:1-36:0\">\n<li data-sourcepos=\"33:1-33:85\"><strong>Charakterystyka prze\u0142\u0105czania IGBT:<\/strong> Czasy w\u0142\u0105czenia\/wy\u0142\u0105czenia, pr\u0105dy szczytowe i napi\u0119cia.<\/li>\n<li data-sourcepos=\"34:1-34:69\"><strong>Parametry obwodu:<\/strong> Indukcyjno\u015b\u0107 paso\u017cytnicza, charakterystyka obci\u0105\u017cenia.<\/li>\n<li data-sourcepos=\"35:1-36:0\"><strong><span class=\"citation-9 recitation\">Topologia obwodu t\u0142umika:<\/span><\/strong><span class=\"citation-9 recitation citation-end-9\"> R\u00f3\u017cne konfiguracje t\u0142umik\u00f3w (R-C, RCD) maj\u0105 r\u00f3\u017cny wp\u0142yw na wydajno\u015b\u0107 obwodu.<\/span><span class=\"button-container hide-from-message-actions ng-star-inserted\"> \u00a0<\/span>\n<div class=\"container ng-tns-c362440147-27 hide\">\n<div class=\"carousel-container ng-tns-c362440147-27\"><\/div>\n<\/div>\n<\/li>\n<\/ul>\n<h3 data-sourcepos=\"37:1-37:40\"><strong>Korzy\u015bci z u\u017cywania kondensator\u00f3w t\u0142umi\u0105cych<\/strong><\/h3>\n<ul data-sourcepos=\"39:1-42:0\">\n<li data-sourcepos=\"39:1-39:90\"><strong>Zwi\u0119kszona niezawodno\u015b\u0107 IGBT:<\/strong> Zmniejszone obci\u0105\u017cenie urz\u0105dzenia, co prowadzi do wyd\u0142u\u017cenia jego \u017cywotno\u015bci.<\/li>\n<li data-sourcepos=\"40:1-40:68\"><strong>Zmniejszona emisja zak\u0142\u00f3ce\u0144 elektromagnetycznych:<\/strong> Minimalizuje zak\u0142\u00f3cenia elektromagnetyczne.<\/li>\n<li data-sourcepos=\"41:1-42:0\"><strong><span class=\"citation-10 recitation\">Zwi\u0119kszona wydajno\u015b\u0107 systemu:<\/span><\/strong><span class=\"citation-10 recitation citation-end-10\"> Mniejsze straty mocy dzi\u0119ki ni\u017cszym stratom prze\u0142\u0105czania.<\/span><span class=\"button-container hide-from-message-actions ng-star-inserted\"> \u00a0<\/span>\n<div class=\"container ng-tns-c362440147-28 hide\">\n<div class=\"carousel-container ng-tns-c362440147-28\"><\/div>\n<\/div>\n<\/li>\n<\/ul>","protected":false},"excerpt":{"rendered":"<table style=\"height: 429px;\" width=\"689\">\n<tbody>\n<tr>\n<td width=\"146\"><strong><b>Produkt<\/b><\/strong>\u00a0<strong><b>Imi\u0119 i nazwisko:<\/b><\/strong><\/td>\n<td width=\"601\">Kondensatory t\u0142umi\u0105ce IGBT<\/td>\n<\/tr>\n<tr>\n<td width=\"146\">\n<h4><strong>Kr\u00f3tki opis:<\/strong><\/h4>\n<\/td>\n<td width=\"601\">Szeroko stosowany w energoelektronicznym sprz\u0119cie elektronicznym, gdy napi\u0119cie szczytowe, ochrona przed absorpcj\u0105 pr\u0105du szczytowego<\/td>\n<\/tr>\n<tr>\n<td width=\"146\"><strong>Zakres pojemno\u015bci:<\/strong><\/td>\n<td width=\"601\">\u00a00.22\u03bcF~3\u03bcF<\/td>\n<\/tr>\n<tr>\n<td width=\"146\"><strong>Napi\u0119cie znamionowe\uff1a<\/strong><\/td>\n<td width=\"601\">\u00a03000V.DC~10000V.DC<\/td>\n<\/tr>\n<tr>\n<td width=\"146\"><strong>Cap.tol\uff1a<\/strong><\/td>\n<td width=\"601\">\u00a0\u00a0\u00a0\u00b15%\uff08J\uff09; \u00b110%\uff08K)<\/td>\n<\/tr>\n<tr>\n<td width=\"146\"><strong>Model kondensatora:\u00a0<\/strong><\/td>\n<td width=\"601\">\u00a0SMJ-TC<\/td>\n<\/tr>\n<\/tbody>\n<\/table>","protected":false},"featured_media":1852,"comment_status":"open","ping_status":"closed","template":"","meta":[],"product_brand":[],"product_cat":[40],"product_tag":[],"class_list":{"0":"post-1851","1":"product","2":"type-product","3":"status-publish","4":"has-post-thumbnail","6":"product_cat-snubber-capacitor","8":"first","9":"instock","10":"shipping-taxable","11":"product-type-simple"},"_links":{"self":[{"href":"https:\/\/rf-capacitor.com\/pl\/wp-json\/wp\/v2\/product\/1851","targetHints":{"allow":["GET"]}}],"collection":[{"href":"https:\/\/rf-capacitor.com\/pl\/wp-json\/wp\/v2\/product"}],"about":[{"href":"https:\/\/rf-capacitor.com\/pl\/wp-json\/wp\/v2\/types\/product"}],"replies":[{"embeddable":true,"href":"https:\/\/rf-capacitor.com\/pl\/wp-json\/wp\/v2\/comments?post=1851"}],"wp:featuredmedia":[{"embeddable":true,"href":"https:\/\/rf-capacitor.com\/pl\/wp-json\/wp\/v2\/media\/1852"}],"wp:attachment":[{"href":"https:\/\/rf-capacitor.com\/pl\/wp-json\/wp\/v2\/media?parent=1851"}],"wp:term":[{"taxonomy":"product_brand","embeddable":true,"href":"https:\/\/rf-capacitor.com\/pl\/wp-json\/wp\/v2\/product_brand?post=1851"},{"taxonomy":"product_cat","embeddable":true,"href":"https:\/\/rf-capacitor.com\/pl\/wp-json\/wp\/v2\/product_cat?post=1851"},{"taxonomy":"product_tag","embeddable":true,"href":"https:\/\/rf-capacitor.com\/pl\/wp-json\/wp\/v2\/product_tag?post=1851"}],"curies":[{"name":"wp","href":"https:\/\/api.w.org\/{rel}","templated":true}]}}