{"id":1811,"date":"2024-12-31T03:42:39","date_gmt":"2024-12-31T03:42:39","guid":{"rendered":"https:\/\/rf-capacitor.com\/?post_type=product&#038;p=1811"},"modified":"2024-12-31T03:42:39","modified_gmt":"2024-12-31T03:42:39","slug":"high-voltage-snubber-capacitor","status":"publish","type":"product","link":"https:\/\/rf-capacitor.com\/pl\/high-voltage-snubber-capacitor\/","title":{"rendered":"Wysokonapi\u0119ciowy kondensator t\u0142umi\u0105cy"},"content":{"rendered":"<p>Wysokonapi\u0119ciowy kondensator t\u0142umi\u0105cy jest wa\u017cnym elementem stosowanym w obwodach wysokiego napi\u0119cia w celu ochrony przed skokami napi\u0119cia i stanami nieustalonymi. Oto przegl\u0105d tego, czym jest kondensator t\u0142umi\u0105cy, jego funkcja i zastosowania:<\/p>\n<p>Co to jest wysokonapi\u0119ciowy kondensator t\u0142umi\u0105cy?<\/p>\n<p>Wysokonapi\u0119ciowy kondensator t\u0142umi\u0105cy to kondensator u\u017cywany w obwodach elektrycznych do t\u0142umienia skok\u00f3w napi\u0119cia (znanych r\u00f3wnie\u017c jako stany nieustalone), kt\u00f3re mog\u0105 wyst\u0105pi\u0107 po wy\u0142\u0105czeniu obci\u0105\u017cenia indukcyjnego. Kondensatory te pomagaj\u0105 chroni\u0107 wra\u017cliwe komponenty przed uszkodzeniami spowodowanymi nag\u0142ymi zmianami napi\u0119cia.<\/p>\n<p>Funkcja wysokonapi\u0119ciowego kondensatora t\u0142umi\u0105cego<\/p>\n<p>1. T\u0142umienie napi\u0119cia: Kondensatory t\u0142umi\u0105ce magazynuj\u0105 energi\u0119 tymczasowo i uwalniaj\u0105 j\u0105 powoli, zmniejszaj\u0105c w ten spos\u00f3b szybko\u015b\u0107 narastania (dV\/dt) skok\u00f3w napi\u0119cia.<br \/>\n2. Ochrona: Chroni\u0105 urz\u0105dzenia p\u00f3\u0142przewodnikowe, takie jak tyrystory, IGBT i diody przed skokami napi\u0119cia, kt\u00f3re w przeciwnym razie mog\u0142yby spowodowa\u0107 awari\u0119 lub uszkodzenie.<br \/>\n3. Redukcja szum\u00f3w: Wyg\u0142adzaj\u0105c wahania napi\u0119cia, kondensatory snubber pomagaj\u0105 r\u00f3wnie\u017c zmniejszy\u0107 zak\u0142\u00f3cenia elektromagnetyczne (EMI).<\/p>\n<p>Zastosowania<\/p>\n<p>1. Elektronika mocy: Kondensatory t\u0142umi\u0105ce s\u0105 szeroko stosowane w aplikacjach energoelektronicznych, takich jak falowniki, przetwornice i nap\u0119dy silnikowe.<br \/>\n2. Rozdzielnice i wy\u0142\u0105czniki: S\u0105 stosowane w rozdzielnicach i wy\u0142\u0105cznikach w celu ochrony przed przej\u015bciowymi napi\u0119ciami podczas operacji prze\u0142\u0105czania.<br \/>\n3. Urz\u0105dzenia przemys\u0142owe: W maszynach przemys\u0142owych kondensatory typu snubber s\u0105 u\u017cywane do ochrony obwod\u00f3w sterowania i zasilaczy przed skokami napi\u0119cia.<br \/>\n4. Systemy HVAC: Wysokonapi\u0119ciowe kondensatory obni\u017caj\u0105ce napi\u0119cie s\u0105 u\u017cywane w systemach HVAC do ochrony przed stanami nieustalonymi napi\u0119cia w obwodach sterowania silnikiem.<\/p>\n<p>Kluczowe specyfikacje<\/p>\n<p>- Warto\u015b\u0107 pojemno\u015bci: Warto\u015b\u0107 pojemno\u015bci nale\u017cy dobra\u0107 w oparciu o konkretne zastosowanie i oczekiwane poziomy skok\u00f3w napi\u0119cia.<br \/>\n- Napi\u0119cie znamionowe: Kondensator powinien mie\u0107 wystarczaj\u0105ce napi\u0119cie znamionowe, aby obs\u0142u\u017cy\u0107 napi\u0119cie szczytowe w obwodzie.<br \/>\n- Materia\u0142 dielektryczny: Typowe materia\u0142y dielektryczne obejmuj\u0105 ceramik\u0119, foli\u0119 i polipropylen. Wyb\u00f3r zale\u017cy od wymaganej zdolno\u015bci przenoszenia napi\u0119cia i cz\u0119stotliwo\u015bci roboczej.<br \/>\n- ESR (r\u00f3wnowa\u017cna rezystancja szeregowa): Ni\u017cszy ESR jest og\u00f3lnie preferowany, aby zminimalizowa\u0107 straty mocy i wytwarzanie ciep\u0142a.<\/p>\n<p>Przyk\u0142adowe przypadki u\u017cycia<\/p>\n<p>1. Obwody falownika: W falownikach kondensatory t\u0142umi\u0105ce s\u0105 umieszczane na urz\u0105dzeniach prze\u0142\u0105czaj\u0105cych, aby chroni\u0107 je przed skokami napi\u0119cia podczas wy\u0142\u0105czania.<br \/>\n2. Nap\u0119dy silnikowe: W nap\u0119dach o zmiennej cz\u0119stotliwo\u015bci (VFD) kondensatory t\u0142umi\u0105ce pomagaj\u0105 chroni\u0107 urz\u0105dzenia prze\u0142\u0105czaj\u0105ce zasilanie przed skokami napi\u0119cia generowanymi przez indukcyjny charakter silnik\u00f3w.<br \/>\n3. Systemy o\u015bwietleniowe: W systemach o\u015bwietleniowych o wysokiej intensywno\u015bci wy\u0142adowa\u0144 (HID) kondensatory t\u0142umi\u0105ce s\u0105 u\u017cywane do ochrony statecznika i innych komponent\u00f3w przed stanami nieustalonymi napi\u0119cia.<\/p>","protected":false},"excerpt":{"rendered":"<table style=\"height: 660px;\" width=\"727\">\n<tbody>\n<tr>\n<td width=\"146\"><strong><b>Produkt<\/b><\/strong>\u00a0<strong><b>Imi\u0119 i nazwisko:<\/b><\/strong><\/td>\n<td width=\"601\"><strong>Wysokonapi\u0119ciowy kondensator t\u0142umi\u0105cy<\/strong><\/td>\n<\/tr>\n<tr>\n<td width=\"146\">\n<h4><strong>Kr\u00f3tki opis:<\/strong><\/h4>\n<\/td>\n<td width=\"601\">1. Innowacyjne kondensatory typu snubber zaprojektowane i wyprodukowane przez CRE<\/p>\n<p>2. Lider w projektowaniu i produkcji kondensator\u00f3w foliowych.<\/p>\n<p>3. Je\u015bli potrzebujesz unikalnych specyfikacji kondensatora t\u0142umi\u0105cego, udaj si\u0119 do naszego centrum projektowego, aby uzyska\u0107 niestandardowy kondensator t\u0142umi\u0105cy.<\/p>\n<p>&nbsp;<\/td>\n<\/tr>\n<tr>\n<td width=\"146\"><strong>Zakres pojemno\u015bci:<\/strong><\/td>\n<td width=\"601\">\u00a01.6\u03bcF \u00b15%<\/td>\n<\/tr>\n<tr>\n<td width=\"146\"><strong>Napi\u0119cie znamionowe\uff1a<\/strong><\/td>\n<td width=\"601\">3000V.DC<\/td>\n<\/tr>\n<tr>\n<td width=\"146\"><strong>Cap.tol\uff1a<\/strong><\/td>\n<td width=\"601\">\u00b15%(J) ;\u00b110%(K)<\/td>\n<\/tr>\n<\/tbody>\n<\/table>","protected":false},"featured_media":1812,"comment_status":"open","ping_status":"closed","template":"","meta":[],"product_brand":[],"product_cat":[40],"product_tag":[],"class_list":{"0":"post-1811","1":"product","2":"type-product","3":"status-publish","4":"has-post-thumbnail","6":"product_cat-snubber-capacitor","8":"first","9":"instock","10":"shipping-taxable","11":"product-type-simple"},"_links":{"self":[{"href":"https:\/\/rf-capacitor.com\/pl\/wp-json\/wp\/v2\/product\/1811","targetHints":{"allow":["GET"]}}],"collection":[{"href":"https:\/\/rf-capacitor.com\/pl\/wp-json\/wp\/v2\/product"}],"about":[{"href":"https:\/\/rf-capacitor.com\/pl\/wp-json\/wp\/v2\/types\/product"}],"replies":[{"embeddable":true,"href":"https:\/\/rf-capacitor.com\/pl\/wp-json\/wp\/v2\/comments?post=1811"}],"wp:featuredmedia":[{"embeddable":true,"href":"https:\/\/rf-capacitor.com\/pl\/wp-json\/wp\/v2\/media\/1812"}],"wp:attachment":[{"href":"https:\/\/rf-capacitor.com\/pl\/wp-json\/wp\/v2\/media?parent=1811"}],"wp:term":[{"taxonomy":"product_brand","embeddable":true,"href":"https:\/\/rf-capacitor.com\/pl\/wp-json\/wp\/v2\/product_brand?post=1811"},{"taxonomy":"product_cat","embeddable":true,"href":"https:\/\/rf-capacitor.com\/pl\/wp-json\/wp\/v2\/product_cat?post=1811"},{"taxonomy":"product_tag","embeddable":true,"href":"https:\/\/rf-capacitor.com\/pl\/wp-json\/wp\/v2\/product_tag?post=1811"}],"curies":[{"name":"wp","href":"https:\/\/api.w.org\/{rel}","templated":true}]}}