{"id":1767,"date":"2024-12-31T02:35:15","date_gmt":"2024-12-31T02:35:15","guid":{"rendered":"https:\/\/rf-capacitor.com\/?post_type=product&#038;p=1767"},"modified":"2024-12-31T02:35:15","modified_gmt":"2024-12-31T02:35:15","slug":"metallized-polypropylene-film-capacitor","status":"publish","type":"product","link":"https:\/\/rf-capacitor.com\/pl\/metallized-polypropylene-film-capacitor\/","title":{"rendered":"Kondensator z metalizowanej folii polipropylenowej"},"content":{"rendered":"<h3 data-sourcepos=\"1:1-1:50\"><strong>Kondensatory z metalizowanej folii polipropylenowej (MKP)<\/strong><\/h3>\n<ul data-sourcepos=\"3:1-27:0\">\n<li data-sourcepos=\"3:1-7:0\">\n<p data-sourcepos=\"3:3-3:19\"><strong>Budowa:<\/strong><\/p>\n<ul data-sourcepos=\"4:5-7:0\">\n<li data-sourcepos=\"4:5-4:104\"><strong>Dielektryk:<\/strong> <span class=\"citation-0 recitation citation-end-0\">Wykorzystanie cienkich warstw folii polipropylenowej jako materia\u0142u izolacyjnego.<\/span><span class=\"button-container hide-from-message-actions ng-star-inserted\">\u00a0 \u00a0<\/span>\n<div class=\"container ng-tns-c362440147-96 hide\">\n<div class=\"carousel-container ng-tns-c362440147-96\"><\/div>\n<\/div>\n<\/li>\n<li data-sourcepos=\"5:5-5:136\"><strong>Metalizacja:<\/strong> Cienka warstwa metalu (zwykle aluminium) jest osadzana pr\u00f3\u017cniowo na folii, tworz\u0105c elektrody przewodz\u0105ce.<\/li>\n<li data-sourcepos=\"6:5-7:0\"><strong>Samoleczenie:<\/strong> <span class=\"citation-1 recitation citation-end-1\">Je\u015bli dojdzie do lokalnego zwarcia z powodu wady produkcyjnej lub przepi\u0119cia, metalizacja wok\u00f3\u0142 usterki wyparuje, izoluj\u0105c obszar i zapobiegaj\u0105c dalszym uszkodzeniom.<\/span> <span class=\"citation-2 recitation citation-end-2\">Ten samonaprawiaj\u0105cy si\u0119 mechanizm zwi\u0119ksza niezawodno\u015b\u0107.<\/span><span class=\"button-container hide-from-message-actions ng-star-inserted\"> \u00a0<\/span>\n<div class=\"container ng-tns-c362440147-97 hide\">\n<div class=\"carousel-container ng-tns-c362440147-97\"><\/div>\n<\/div>\n<\/li>\n<\/ul>\n<\/li>\n<li data-sourcepos=\"8:1-14:0\">\n<h3 data-sourcepos=\"8:3-8:26\"><strong>Kluczowa charakterystyka Kondensator z metalizowanej folii polipropylenowej:<\/strong><\/h3>\n<ul data-sourcepos=\"9:5-14:0\">\n<li data-sourcepos=\"9:5-9:122\"><strong><span class=\"citation-3 recitation\">Niskie straty:<\/span><\/strong><span class=\"citation-3 recitation citation-end-3\"> Wykazuj\u0105 bardzo niskie straty dielektryczne, dzi\u0119ki czemu nadaj\u0105 si\u0119 do zastosowa\u0144 o wysokiej cz\u0119stotliwo\u015bci.<\/span><span class=\"button-container hide-from-message-actions ng-star-inserted\"> \u00a0<\/span>\n<div class=\"container ng-tns-c362440147-98 hide\">\n<div class=\"carousel-container ng-tns-c362440147-98\"><\/div>\n<\/div>\n<\/li>\n<li data-sourcepos=\"10:5-10:72\"><strong>Wysoka stabilno\u015b\u0107:<\/strong> Doskona\u0142a stabilno\u015b\u0107 w czasie i temperaturze.<\/li>\n<li data-sourcepos=\"11:5-11:83\"><strong>Samoleczenie:<\/strong> <span class=\"citation-4 recitation citation-end-4\">Poprawia niezawodno\u015b\u0107 i wyd\u0142u\u017ca \u017cywotno\u015b\u0107.<\/span><span class=\"button-container hide-from-message-actions ng-star-inserted\"> \u00a0<\/span>\n<div class=\"container ng-tns-c362440147-99 hide\">\n<div class=\"carousel-container ng-tns-c362440147-99\"><\/div>\n<\/div>\n<\/li>\n<li data-sourcepos=\"12:5-12:72\"><strong>Wysokie napi\u0119cie znamionowe:<\/strong> <span class=\"citation-5 recitation citation-end-5\">Wytrzymuje wysokie napi\u0119cia.<\/span><span class=\"button-container hide-from-message-actions ng-star-inserted\"> \u00a0<\/span>\n<div class=\"container ng-tns-c362440147-100 hide\">\n<div class=\"carousel-container ng-tns-c362440147-100\"><\/div>\n<\/div>\n<\/li>\n<li data-sourcepos=\"13:5-14:0\"><strong>Kompaktowy rozmiar:<\/strong> Wysokie warto\u015bci pojemno\u015bci w stosunkowo ma\u0142ych obudowach.<\/li>\n<\/ul>\n<\/li>\n<li data-sourcepos=\"15:1-21:0\">\n<h3 data-sourcepos=\"15:3-15:19\"><strong>Zastosowania:<\/strong><\/h3>\n<ul data-sourcepos=\"16:5-21:0\">\n<li data-sourcepos=\"16:5-16:110\"><strong>Filtry AC:<\/strong> <span class=\"citation-6 recitation citation-end-6\">U\u017cywany w systemach zasilania AC do filtrowania harmonicznych i poprawy jako\u015bci zasilania.<\/span><span class=\"button-container hide-from-message-actions ng-star-inserted\"> \u00a0<\/span>\n<div class=\"container ng-tns-c362440147-101 hide\">\n<div class=\"carousel-container ng-tns-c362440147-101\"><\/div>\n<\/div>\n<\/li>\n<li data-sourcepos=\"17:5-17:98\"><strong>Nap\u0119dy silnikowe:<\/strong> Stosowany w nap\u0119dach o zmiennej pr\u0119dko\u015bci w celu poprawy wydajno\u015bci i zmniejszenia ha\u0142asu.<\/li>\n<li data-sourcepos=\"18:5-18:142\"><strong>Zasilacze impulsowe:<\/strong> Szeroko stosowany w r\u00f3\u017cnych obwodach elektronicznych, w tym w zasilaczach impulsowych, falownikach i konwerterach.<\/li>\n<li data-sourcepos=\"19:5-19:149\"><strong>Aplikacje wysokiej cz\u0119stotliwo\u015bci:<\/strong> Nadaje si\u0119 do zastosowa\u0144 dzia\u0142aj\u0105cych na wysokich cz\u0119stotliwo\u015bciach, takich jak obwody RF i sprz\u0119t telekomunikacyjny.<\/li>\n<li data-sourcepos=\"20:5-21:0\"><strong>Sprz\u0119t audio:<\/strong> <span class=\"citation-7 recitation citation-end-7\">U\u017cywany w aplikacjach audio w celu poprawy jako\u015bci sygna\u0142u i zmniejszenia zniekszta\u0142ce\u0144.<\/span><span class=\"button-container hide-from-message-actions ng-star-inserted\">\u00a0<\/span>\n<div class=\"container ng-tns-c362440147-102 hide\">\n<div class=\"carousel-container ng-tns-c362440147-102\"><\/div>\n<\/div>\n<\/li>\n<\/ul>\n<\/li>\n<li data-sourcepos=\"22:1-27:0\">\n<h3 data-sourcepos=\"22:3-22:15\"><strong>Korzy\u015bci:<\/strong><\/h3>\n<ul data-sourcepos=\"23:5-27:0\">\n<li data-sourcepos=\"23:5-23:108\"><strong><span class=\"citation-8 recitation\">Ulepszona wydajno\u015b\u0107:<\/span><\/strong><span class=\"citation-8 recitation citation-end-8\"> Zwi\u0119kszenie wydajno\u015bci i efektywno\u015bci sprz\u0119tu elektronicznego.<\/span>\n<div class=\"container ng-tns-c362440147-103 hide\">\n<div class=\"carousel-container ng-tns-c362440147-103\"><\/div>\n<\/div>\n<\/li>\n<li data-sourcepos=\"24:5-24:80\"><strong>Zmniejszone straty energii:<\/strong> Minimalizacja strat energii w r\u00f3\u017cnych zastosowaniach.<\/li>\n<li data-sourcepos=\"25:5-25:87\"><strong>Zwi\u0119kszona niezawodno\u015b\u0107:<\/strong> Samonaprawiaj\u0105cy si\u0119 mechanizm poprawia d\u0142ugoterminow\u0105 niezawodno\u015b\u0107.<\/li>\n<li data-sourcepos=\"26:5-27:0\"><strong>Kompaktowy i lekki:<\/strong> Nadaje si\u0119 do zastosowa\u0144 o ograniczonej przestrzeni.<\/li>\n<\/ul>\n<\/li>\n<\/ul>\n<p data-sourcepos=\"28:1-28:293\"><strong>Podsumowuj\u0105c:<\/strong> Kondensatory z metalizowan\u0105 foli\u0105 polipropylenow\u0105 s\u0105 wszechstronnym i niezawodnym komponentem o szerokim zakresie zastosowa\u0144 w r\u00f3\u017cnych systemach elektronicznych i energetycznych. Niskie straty, wysoka stabilno\u015b\u0107 i zdolno\u015b\u0107 do samoregeneracji sprawiaj\u0105, \u017ce s\u0105 one preferowanym wyborem w wielu krytycznych zastosowaniach.<\/p>\n<p data-sourcepos=\"30:1-30:82\">","protected":false},"excerpt":{"rendered":"<table style=\"height: 493px;\" width=\"698\">\n<tbody>\n<tr>\n<td width=\"146\"><strong><b>Produkt<\/b><\/strong>\u00a0<strong><b>Imi\u0119 i nazwisko:<\/b><\/strong><\/td>\n<td width=\"601\"><strong>Kondensator z metalizowanej folii polipropylenowej<\/strong><\/td>\n<\/tr>\n<tr>\n<td width=\"146\">\n<h4><strong>Materia\u0142 dielektryczny:<\/strong><\/h4>\n<\/td>\n<td width=\"601\">Metalizowana folia polipropylenowa<\/td>\n<\/tr>\n<tr>\n<td width=\"146\"><strong>Zakres pojemno\u015bci:<\/strong><\/td>\n<td width=\"601\">50 Hz i\/lub 60 Hz<\/td>\n<\/tr>\n<tr>\n<td width=\"146\"><strong>Napi\u0119cie znamionowe\uff1a<\/strong><\/td>\n<td width=\"601\">\u00a0660 VAC<\/td>\n<\/tr>\n<tr>\n<td width=\"146\"><strong>Cap.tol\uff1a<\/strong><\/td>\n<td width=\"601\">5%~+5%<\/td>\n<\/tr>\n<tr>\n<td width=\"146\"><strong>Maksymalna temperatura otoczenia:<\/strong><\/td>\n<td width=\"601\">\u00a0-40\u2103 do +70\u2103<\/td>\n<\/tr>\n<\/tbody>\n<\/table>","protected":false},"featured_media":1770,"comment_status":"open","ping_status":"closed","template":"","meta":[],"product_brand":[],"product_cat":[39],"product_tag":[],"class_list":{"0":"post-1767","1":"product","2":"type-product","3":"status-publish","4":"has-post-thumbnail","6":"product_cat-ac-filter-capacitor-1","8":"first","9":"instock","10":"shipping-taxable","11":"product-type-simple"},"_links":{"self":[{"href":"https:\/\/rf-capacitor.com\/pl\/wp-json\/wp\/v2\/product\/1767","targetHints":{"allow":["GET"]}}],"collection":[{"href":"https:\/\/rf-capacitor.com\/pl\/wp-json\/wp\/v2\/product"}],"about":[{"href":"https:\/\/rf-capacitor.com\/pl\/wp-json\/wp\/v2\/types\/product"}],"replies":[{"embeddable":true,"href":"https:\/\/rf-capacitor.com\/pl\/wp-json\/wp\/v2\/comments?post=1767"}],"wp:featuredmedia":[{"embeddable":true,"href":"https:\/\/rf-capacitor.com\/pl\/wp-json\/wp\/v2\/media\/1770"}],"wp:attachment":[{"href":"https:\/\/rf-capacitor.com\/pl\/wp-json\/wp\/v2\/media?parent=1767"}],"wp:term":[{"taxonomy":"product_brand","embeddable":true,"href":"https:\/\/rf-capacitor.com\/pl\/wp-json\/wp\/v2\/product_brand?post=1767"},{"taxonomy":"product_cat","embeddable":true,"href":"https:\/\/rf-capacitor.com\/pl\/wp-json\/wp\/v2\/product_cat?post=1767"},{"taxonomy":"product_tag","embeddable":true,"href":"https:\/\/rf-capacitor.com\/pl\/wp-json\/wp\/v2\/product_tag?post=1767"}],"curies":[{"name":"wp","href":"https:\/\/api.w.org\/{rel}","templated":true}]}}