{"id":1705,"date":"2024-12-30T02:28:37","date_gmt":"2024-12-30T02:28:37","guid":{"rendered":"https:\/\/rf-capacitor.com\/?post_type=product&#038;p=1705"},"modified":"2024-12-30T02:28:37","modified_gmt":"2024-12-30T02:28:37","slug":"ac-filter-metalized-film-capacitor","status":"publish","type":"product","link":"https:\/\/rf-capacitor.com\/pl\/ac-filter-metalized-film-capacitor\/","title":{"rendered":"Kondensator metalizowany z filtrem AC"},"content":{"rendered":"<h3 data-sourcepos=\"1:1-1:40\"><strong>Kondensator foliowy metalizowany z filtrem AC<\/strong><\/h3>\n<h3 data-sourcepos=\"3:1-3:18\"><strong>Czym s\u0105 metalizowane kondensatory foliowe z filtrem AC?<\/strong><\/h3>\n<ul data-sourcepos=\"5:1-10:0\">\n<li data-sourcepos=\"5:1-5:121\"><strong><span class=\"citation-0 recitation\">Cel:<\/span><\/strong><span class=\"citation-0 recitation citation-end-0\"> U\u017cywany g\u0142\u00f3wnie do filtrowania niepo\u017c\u0105danych harmonicznych (zniekszta\u0142conych cz\u0119stotliwo\u015bci) w systemach zasilania pr\u0105dem przemiennym.<\/span><span class=\"button-container hide-from-message-actions ng-star-inserted\"> \u00a0<\/span>\n<div class=\"container ng-tns-c362440147-19 hide\">\n<div class=\"carousel-container ng-tns-c362440147-19\"><\/div>\n<\/div>\n<\/li>\n<li data-sourcepos=\"6:1-10:0\"><strong>Budowa:<\/strong>\n<ul data-sourcepos=\"7:5-10:0\">\n<li data-sourcepos=\"7:5-7:90\"><strong>Dielektryk:<\/strong> <span class=\"citation-1 recitation citation-end-1\">Wykonane z cienkich warstw metalizowanej folii polipropylenowej.<\/span><span class=\"button-container hide-from-message-actions ng-star-inserted\">\u00a0<\/span>\n<div class=\"container ng-tns-c362440147-20 hide\">\n<div class=\"carousel-container ng-tns-c362440147-20\"><\/div>\n<\/div>\n<\/li>\n<li data-sourcepos=\"8:5-8:135\"><strong><span class=\"citation-2 recitation\">Metalizacja:<\/span><\/strong><span class=\"citation-2 recitation citation-end-2\"> Cienka warstwa metalu (zwykle aluminium) jest osadzana na folii, tworz\u0105c warstw\u0119 przewodz\u0105c\u0105.<\/span><span class=\"button-container hide-from-message-actions ng-star-inserted\"> \u00a0<\/span>\n<div class=\"container ng-tns-c362440147-21 hide\">\n<div class=\"carousel-container ng-tns-c362440147-21\"><\/div>\n<\/div>\n<\/li>\n<li data-sourcepos=\"9:5-10:0\"><strong>Samoleczenie:<\/strong> W przypadku wyst\u0105pienia lokalnego zwarcia, metalizacja wok\u00f3\u0142 usterki odparowuje, izoluj\u0105c obszar i umo\u017cliwiaj\u0105c dalsze dzia\u0142anie kondensatora.<\/li>\n<\/ul>\n<\/li>\n<\/ul>\n<h3 data-sourcepos=\"11:1-11:17\"><strong>Kluczowe cechy Kondensator metalizowany z filtrem AC:<\/strong><\/h3>\n<ul data-sourcepos=\"13:1-22:0\">\n<li data-sourcepos=\"13:1-13:99\"><strong><span class=\"citation-3 recitation\">Wysoka g\u0119sto\u015b\u0107 pojemno\u015bci:<\/span><\/strong><span class=\"citation-3 recitation citation-end-3\"> Mo\u017ce osi\u0105gn\u0105\u0107 wysokie warto\u015bci pojemno\u015bci w kompaktowym rozmiarze.<\/span><span class=\"button-container hide-from-message-actions ng-star-inserted\">\u00a0<\/span>\n<div class=\"container ng-tns-c362440147-22 hide\">\n<div class=\"carousel-container ng-tns-c362440147-22\"><\/div>\n<\/div>\n<\/li>\n<li data-sourcepos=\"14:1-14:73\"><strong><span class=\"citation-4 recitation\">Niskie straty:<\/span><\/strong><span class=\"citation-4 recitation citation-end-4\"> Minimalne rozpraszanie energii podczas pracy.<\/span><span class=\"button-container hide-from-message-actions ng-star-inserted\">\u00a0 \u00a0<\/span>\n<div class=\"container ng-tns-c362440147-23 hide\">\n<div class=\"carousel-container ng-tns-c362440147-23\"><\/div>\n<\/div>\n<\/li>\n<li data-sourcepos=\"15:1-15:80\"><strong>Samoleczenie:<\/strong> <span class=\"citation-5 recitation citation-end-5\">Zwi\u0119ksza niezawodno\u015b\u0107 i wyd\u0142u\u017ca \u017cywotno\u015b\u0107.<\/span><span class=\"button-container hide-from-message-actions ng-star-inserted\">\u00a0 \u00a0<\/span>\n<div class=\"container ng-tns-c362440147-24 hide\">\n<div class=\"carousel-container ng-tns-c362440147-24\"><\/div>\n<\/div>\n<\/li>\n<li data-sourcepos=\"16:1-16:83\"><strong><span class=\"citation-6 recitation\">Wysoka wydajno\u015b\u0107 pr\u0105dowa:<\/span><\/strong><span class=\"citation-6 recitation citation-end-6\"> Wytrzymuje du\u017ce skoki napi\u0119cia.<\/span><span class=\"button-container hide-from-message-actions ng-star-inserted\"> \u00a0<\/span>\n<div class=\"container ng-tns-c362440147-25 hide\">\n<div class=\"carousel-container ng-tns-c362440147-25\"><\/div>\n<\/div>\n<\/li>\n<li data-sourcepos=\"17:1-22:0\"><strong>Szeroki zakres zastosowa\u0144:<\/strong> Nadaje si\u0119 do r\u00f3\u017cnych zastosowa\u0144, w tym\n<ul data-sourcepos=\"18:5-22:0\">\n<li data-sourcepos=\"18:5-18:80\"><strong>Systemy inwerterowe:<\/strong> Wyg\u0142adzanie przebieg\u00f3w wyj\u015bciowych i poprawa wydajno\u015bci.<\/li>\n<li data-sourcepos=\"19:5-19:91\"><strong><span class=\"citation-7 recitation\">Nap\u0119dy silnikowe:<\/span><\/strong><span class=\"citation-7 recitation citation-end-7\"> Redukcja harmonicznych generowanych przez nap\u0119dy o zmiennej pr\u0119dko\u015bci.<\/span>\n<div class=\"container ng-tns-c362440147-26 hide\">\n<div class=\"carousel-container ng-tns-c362440147-26\"><\/div>\n<\/div>\n<\/li>\n<li data-sourcepos=\"20:5-20:67\"><strong><span class=\"citation-8 recitation\">\u0141adowarki akumulator\u00f3w:<\/span><\/strong><span class=\"citation-8 recitation citation-end-8\"> Filtrowanie pr\u0105d\u00f3w t\u0119tni\u0105cych.<\/span><span class=\"button-container hide-from-message-actions ng-star-inserted\"> \u00a0<\/span>\n<div class=\"container ng-tns-c362440147-27 hide\">\n<div class=\"carousel-container ng-tns-c362440147-27\"><\/div>\n<\/div>\n<\/li>\n<li data-sourcepos=\"21:5-22:0\"><strong><span class=\"citation-9 recitation\">Korekcja wsp\u00f3\u0142czynnika mocy (PFC):<\/span><\/strong><span class=\"citation-9 recitation citation-end-9\"> Poprawa jako\u015bci zasilania.<\/span><span class=\"button-container hide-from-message-actions ng-star-inserted\"> \u00a0<\/span>\n<div class=\"container ng-tns-c362440147-28 hide\">\n<div class=\"carousel-container ng-tns-c362440147-28\">\n<div class=\"carousel-content ng-tns-c362440147-28\">\n<div class=\"sources-carousel-source ng-tns-c362440147-28 hide ng-star-inserted\" data-test-id=\"sources-carousel-source\"><\/div>\n<\/div>\n<\/div>\n<\/div>\n<\/li>\n<\/ul>\n<\/li>\n<\/ul>\n<h3 data-sourcepos=\"23:1-23:17\"><strong>Zastosowania Kondensator metalizowany z filtrem AC:<\/strong><\/h3>\n<ul data-sourcepos=\"25:1-29:0\">\n<li data-sourcepos=\"25:1-25:99\"><strong><span class=\"citation-10 recitation\">Przemys\u0142owe:<\/span><\/strong><span class=\"citation-10 recitation citation-end-10\"> Korekcja wsp\u00f3\u0142czynnika mocy, filtrowanie harmonicznych w urz\u0105dzeniach przemys\u0142owych.<\/span><span class=\"button-container hide-from-message-actions ng-star-inserted\"> \u00a0<\/span>\n<div class=\"container ng-tns-c362440147-29 hide\">\n<div class=\"carousel-container ng-tns-c362440147-29\"><\/div>\n<\/div>\n<\/li>\n<li data-sourcepos=\"26:1-26:91\"><strong><span class=\"citation-11 recitation\">Energia odnawialna:<\/span><\/strong><span class=\"citation-11 recitation citation-end-11\"> Filtrowanie harmonicznych w systemach energii wiatrowej i s\u0142onecznej,<\/span>\n<div class=\"container ng-tns-c362440147-30 hide\">\n<div class=\"carousel-container ng-tns-c362440147-30\"><\/div>\n<\/div>\n<\/li>\n<li data-sourcepos=\"27:1-27:90\"><strong>Motoryzacja:<\/strong> <span class=\"citation-12 recitation citation-end-12\">Wyg\u0142adzanie waha\u0144 napi\u0119cia w systemach elektronicznych.<\/span><span class=\"button-container hide-from-message-actions ng-star-inserted\">\u00a0 \u00a0<\/span>\n<div class=\"container ng-tns-c362440147-31 hide\">\n<div class=\"carousel-container ng-tns-c362440147-31\"><\/div>\n<\/div>\n<\/li>\n<li data-sourcepos=\"28:1-29:0\"><strong><span class=\"citation-13 recitation\">Elektronika u\u017cytkowa:<\/span><\/strong><span class=\"citation-13 recitation citation-end-13\"> Poprawa wydajno\u015bci sprz\u0119tu audio i wideo.<\/span><span class=\"button-container hide-from-message-actions ng-star-inserted\"> \u00a0<\/span>\n<div class=\"container ng-tns-c362440147-32 hide\">\n<div class=\"carousel-container ng-tns-c362440147-32\"><\/div>\n<\/div>\n<\/li>\n<\/ul>\n<h3 data-sourcepos=\"30:1-30:13\"><strong>Korzy\u015bci:<\/strong><\/h3>\n<ul data-sourcepos=\"32:1-36:0\">\n<li data-sourcepos=\"32:1-32:125\"><strong><span class=\"citation-14 recitation\">Lepsza jako\u015b\u0107 zasilania:<\/span><\/strong><span class=\"citation-14 recitation citation-end-14\"> Zmniejsza zniekszta\u0142cenia harmoniczne, prowadz\u0105c do bardziej stabilnych i wydajnych system\u00f3w zasilania.<\/span>\n<div class=\"container ng-tns-c362440147-33 hide\">\n<div class=\"carousel-container ng-tns-c362440147-33\"><\/div>\n<\/div>\n<\/li>\n<li data-sourcepos=\"33:1-33:105\"><strong><span class=\"citation-15 recitation\">Zmniejszone zu\u017cycie energii:<\/span><\/strong><span class=\"citation-15 recitation citation-end-15\"> Obni\u017cenie zniekszta\u0142ce\u0144 harmonicznych mo\u017ce zmniejszy\u0107 straty energii.<\/span><span class=\"button-container hide-from-message-actions ng-star-inserted\"> \u00a0<\/span>\n<div class=\"container ng-tns-c362440147-34 hide\">\n<div class=\"carousel-container ng-tns-c362440147-34\"><\/div>\n<\/div>\n<\/li>\n<li data-sourcepos=\"34:1-34:92\"><strong>Wyd\u0142u\u017cona \u017cywotno\u015b\u0107 sprz\u0119tu:<\/strong> Ochrona wra\u017cliwego sprz\u0119tu przed wp\u0142ywem harmonicznych.<\/li>\n<li data-sourcepos=\"35:1-36:0\"><strong>Zwi\u0119kszona niezawodno\u015b\u0107 systemu:<\/strong> <span class=\"citation-16 recitation citation-end-16\">Zdolno\u015bci samonaprawcze zwi\u0119kszaj\u0105 d\u0142ugoterminow\u0105 niezawodno\u015b\u0107 kondensator\u00f3w.<\/span><span class=\"button-container hide-from-message-actions ng-star-inserted\"> \u00a0 <\/span><\/li>\n<\/ul>","protected":false},"excerpt":{"rendered":"<table style=\"height: 406px;\" width=\"696\">\n<tbody>\n<tr>\n<td width=\"146\"><strong>Nazwa produktu:<\/strong><\/td>\n<td width=\"601\"><strong>Kondensator metalizowany z filtrem AC<\/strong><\/td>\n<\/tr>\n<tr>\n<td width=\"146\">\n<h4><strong>Pakiet:<\/strong><\/h4>\n<\/td>\n<td width=\"601\">Metalowa aluminiowa obudowa, ognioodporna (UL 94V-0) obudowa epoksydowa o wysokim nat\u0119\u017ceniu pr\u0105du<\/td>\n<\/tr>\n<tr>\n<td width=\"146\"><strong>Pojemno\u015b\u0107 elektryczna:<\/strong><\/td>\n<td width=\"601\">3\u2716\ufe0f20~3\u2716\ufe0f500UF<\/td>\n<\/tr>\n<tr>\n<td width=\"146\"><strong>Napi\u0119cie znamionowe\uff1a<\/strong><\/td>\n<td width=\"601\">220-1000 VAC<\/td>\n<\/tr>\n<tr>\n<td width=\"146\"><strong>Dielektryk:\u00a0<\/strong><\/td>\n<td width=\"601\">Folia polipropylenowa<\/td>\n<\/tr>\n<tr>\n<td width=\"146\"><strong>Struktura:<\/strong><\/td>\n<td width=\"601\">Sucha struktura metalizowanej folii<\/td>\n<\/tr>\n<\/tbody>\n<\/table>","protected":false},"featured_media":1706,"comment_status":"open","ping_status":"closed","template":"","meta":[],"product_brand":[],"product_cat":[39],"product_tag":[],"class_list":{"0":"post-1705","1":"product","2":"type-product","3":"status-publish","4":"has-post-thumbnail","6":"product_cat-ac-filter-capacitor-1","8":"first","9":"instock","10":"shipping-taxable","11":"product-type-simple"},"_links":{"self":[{"href":"https:\/\/rf-capacitor.com\/pl\/wp-json\/wp\/v2\/product\/1705","targetHints":{"allow":["GET"]}}],"collection":[{"href":"https:\/\/rf-capacitor.com\/pl\/wp-json\/wp\/v2\/product"}],"about":[{"href":"https:\/\/rf-capacitor.com\/pl\/wp-json\/wp\/v2\/types\/product"}],"replies":[{"embeddable":true,"href":"https:\/\/rf-capacitor.com\/pl\/wp-json\/wp\/v2\/comments?post=1705"}],"wp:featuredmedia":[{"embeddable":true,"href":"https:\/\/rf-capacitor.com\/pl\/wp-json\/wp\/v2\/media\/1706"}],"wp:attachment":[{"href":"https:\/\/rf-capacitor.com\/pl\/wp-json\/wp\/v2\/media?parent=1705"}],"wp:term":[{"taxonomy":"product_brand","embeddable":true,"href":"https:\/\/rf-capacitor.com\/pl\/wp-json\/wp\/v2\/product_brand?post=1705"},{"taxonomy":"product_cat","embeddable":true,"href":"https:\/\/rf-capacitor.com\/pl\/wp-json\/wp\/v2\/product_cat?post=1705"},{"taxonomy":"product_tag","embeddable":true,"href":"https:\/\/rf-capacitor.com\/pl\/wp-json\/wp\/v2\/product_tag?post=1705"}],"curies":[{"name":"wp","href":"https:\/\/api.w.org\/{rel}","templated":true}]}}