{"id":1702,"date":"2024-12-30T01:56:26","date_gmt":"2024-12-30T01:56:26","guid":{"rendered":"https:\/\/rf-capacitor.com\/?post_type=product&#038;p=1702"},"modified":"2024-12-30T01:56:26","modified_gmt":"2024-12-30T01:56:26","slug":"ac-power-capacitor","status":"publish","type":"product","link":"https:\/\/rf-capacitor.com\/pl\/ac-power-capacitor\/","title":{"rendered":"Kondensator zasilania AC"},"content":{"rendered":"<h3 data-sourcepos=\"1:1-1:33\"><strong>Kondensatory pr\u0105du przemiennego: A Primer<\/strong><\/h3>\n<p data-sourcepos=\"3:1-3:275\">Kondensator pr\u0105du przemiennego to wyspecjalizowany typ kondensatora przeznaczony do stosowania w systemach zasilania pr\u0105dem przemiennym (AC). S\u0105 one wykorzystywane g\u0142\u00f3wnie do <strong>korekcja wsp\u00f3\u0142czynnika mocy<\/strong>technika maj\u0105ca na celu popraw\u0119 wydajno\u015bci i stabilno\u015bci sieci elektrycznej.<\/p>\n<h3 data-sourcepos=\"3:1-3:275\"><strong>Jak dzia\u0142aj\u0105<\/strong><\/h3>\n<ul data-sourcepos=\"7:1-10:0\">\n<li data-sourcepos=\"7:1-7:211\"><strong>Reaktancja pojemno\u015bciowa:<\/strong> Kondensatory wykazuj\u0105 w\u0142a\u015bciwo\u015b\u0107 znan\u0105 jako reaktancja pojemno\u015bciowa, kt\u00f3ra przeciwstawia si\u0119 przep\u0142ywowi pr\u0105du przemiennego. Reaktancja ta jest odwrotnie proporcjonalna do cz\u0119stotliwo\u015bci sygna\u0142u AC.<\/li>\n<li data-sourcepos=\"7:1-7:211\"><strong>Pr\u0105d wiod\u0105cy:<\/strong> Po pod\u0142\u0105czeniu do obwodu pr\u0105du przemiennego kondensator pobiera pr\u0105d wiod\u0105cy, co oznacza, \u017ce przebieg pr\u0105du przewodzi przebieg napi\u0119cia o 90 stopni.<\/li>\n<li data-sourcepos=\"9:1-10:0\"><strong>Korekcja wsp\u00f3\u0142czynnika mocy:<\/strong> W wielu zastosowaniach przemys\u0142owych i komercyjnych obci\u0105\u017cenia elektryczne maj\u0105 g\u0142\u00f3wnie charakter indukcyjny (np. silniki, transformatory). Obci\u0105\u017cenia indukcyjne powoduj\u0105, \u017ce pr\u0105d pozostaje w tyle za napi\u0119ciem, co skutkuje niskim wsp\u00f3\u0142czynnikiem mocy. Wprowadzaj\u0105c reaktancj\u0119 pojemno\u015bciow\u0105 do systemu, kondensatory pr\u0105du przemiennego mog\u0105 zr\u00f3wnowa\u017cy\u0107 op\u00f3\u017aniony pr\u0105d, zbli\u017caj\u0105c wsp\u00f3\u0142czynnik mocy do jedno\u015bci (1).<\/li>\n<\/ul>\n<h3 data-sourcepos=\"11:1-11:41\"><strong>Korzy\u015bci z u\u017cywania kondensator\u00f3w zasilania AC<\/strong><\/h3>\n<ul data-sourcepos=\"13:1-17:0\">\n<li data-sourcepos=\"13:1-13:195\"><strong>Zmniejszone straty mocy:<\/strong> Ni\u017cszy wsp\u00f3\u0142czynnik mocy prowadzi do zwi\u0119kszonych strat mocy w systemie elektrycznym. Korekta wsp\u00f3\u0142czynnika mocy minimalizuje te straty, co skutkuje znacznymi oszcz\u0119dno\u015bciami energii.<\/li>\n<li data-sourcepos=\"14:1-14:140\"><strong>Ulepszona regulacja napi\u0119cia:<\/strong> Zmniejszaj\u0105c wahania pr\u0105du, kondensatory pomagaj\u0105 utrzyma\u0107 bardziej stabilny poziom napi\u0119cia w ca\u0142ym systemie.<\/li>\n<li data-sourcepos=\"15:1-15:140\"><strong>Zwi\u0119kszona wydajno\u015b\u0107 systemu:<\/strong> Wy\u017cszy wsp\u00f3\u0142czynnik mocy pozwala na przesy\u0142anie wi\u0119kszej ilo\u015bci energii przez istniej\u0105c\u0105 infrastruktur\u0119 elektryczn\u0105.<\/li>\n<li data-sourcepos=\"15:1-15:140\"><strong>Mniejsze obci\u0105\u017cenie sprz\u0119tu:<\/strong> Lepsza jako\u015b\u0107 zasilania zmniejsza obci\u0105\u017cenie sprz\u0119tu elektrycznego, wyd\u0142u\u017caj\u0105c jego \u017cywotno\u015b\u0107.<\/li>\n<\/ul>\n<h3 data-sourcepos=\"18:1-18:16\"><strong>Zastosowania<\/strong><\/h3>\n<p data-sourcepos=\"20:1-20:71\">Kondensatory pr\u0105du przemiennego znajduj\u0105 szerokie zastosowanie w r\u00f3\u017cnych warunkach, w tym:<\/p>\n<ul data-sourcepos=\"22:1-25:0\">\n<li data-sourcepos=\"22:1-22:121\"><strong>Obiekty przemys\u0142owe:<\/strong> W fabrykach, zak\u0142adach produkcyjnych i innych obiektach przemys\u0142owych cz\u0119sto wyst\u0119puj\u0105 du\u017ce obci\u0105\u017cenia indukcyjne.<\/li>\n<li data-sourcepos=\"23:1-23:132\"><strong>Budynki komercyjne:<\/strong> Du\u017ce budynki komercyjne o znacznym zapotrzebowaniu na energi\u0119 elektryczn\u0105 mog\u0105 skorzysta\u0107 z korekcji wsp\u00f3\u0142czynnika mocy.<\/li>\n<li data-sourcepos=\"24:1-25:0\"><strong>Podstacje u\u017cyteczno\u015bci publicznej:<\/strong> Firmy energetyczne u\u017cywaj\u0105 kondensator\u00f3w w podstacjach, aby poprawi\u0107 og\u00f3ln\u0105 jako\u015b\u0107 zasilania sieci.<\/li>\n<\/ul>\n<h3 data-sourcepos=\"26:1-26:22\"><strong>Kluczowe kwestie<\/strong><\/h3>\n<ul data-sourcepos=\"28:1-31:0\">\n<li data-sourcepos=\"28:1-28:191\"><strong>Kondensator znamionowy:<\/strong> Wyb\u00f3r odpowiedniej warto\u015bci znamionowej kondensatora ma kluczowe znaczenie dla skutecznej korekcji wsp\u00f3\u0142czynnika mocy. Nale\u017cy wzi\u0105\u0107 pod uwag\u0119 takie czynniki jak napi\u0119cie, pr\u0105d i cz\u0119stotliwo\u015b\u0107 systemu.<\/li>\n<li data-sourcepos=\"29:1-29:135\"><strong>Bezpiecze\u0144stwo:<\/strong> Prawid\u0142owa instalacja i konserwacja kondensator\u00f3w pr\u0105du przemiennego ma zasadnicze znaczenie dla zapewnienia bezpiecze\u0144stwa i zapobiegania zagro\u017ceniom elektrycznym.<\/li>\n<li data-sourcepos=\"30:1-31:0\"><strong>Harmoniczne:<\/strong> W niekt\u00f3rych przypadkach kondensatory mog\u0105 wprowadza\u0107 zniekszta\u0142cenia harmoniczne do systemu elektrycznego. Staranne zaprojektowanie i filtrowanie mo\u017ce z\u0142agodzi\u0107 ten problem.<\/li>\n<\/ul>","protected":false},"excerpt":{"rendered":"<table style=\"height: 493px;\" width=\"923\">\n<tbody>\n<tr>\n<td width=\"146\"><strong><b>Produkt<\/b><\/strong>\u00a0<strong><b>Imi\u0119 i nazwisko:<\/b><\/strong><\/td>\n<td width=\"601\">Kondensator zasilania AC<\/td>\n<\/tr>\n<tr>\n<td width=\"146\">\n<h4><strong>Zastosowanie:\u00a0<\/strong><\/h4>\n<\/td>\n<td width=\"601\">Og\u00f3lne zastosowanie, zasilanie, wysokie napi\u0119cie, UPS<\/td>\n<\/tr>\n<tr>\n<td width=\"146\"><strong>Zakres pojemno\u015bci:<\/strong><\/td>\n<td width=\"601\">\u00a00.33UF~60UF<\/td>\n<\/tr>\n<tr>\n<td width=\"146\"><strong>Standard odniesienia:<\/strong><\/td>\n<td width=\"601\">IEC61071; GB\/T 17702<\/td>\n<\/tr>\n<tr>\n<td width=\"146\"><strong>Zastosowanie:\u00a0<\/strong><\/td>\n<td width=\"601\">Filtr AC<\/td>\n<\/tr>\n<tr>\n<td width=\"146\">Materia\u0142 produkcyjny:<\/td>\n<td width=\"601\">Polipropylen<\/td>\n<\/tr>\n<\/tbody>\n<\/table>","protected":false},"featured_media":1703,"comment_status":"open","ping_status":"closed","template":"","meta":[],"product_brand":[],"product_cat":[39],"product_tag":[],"class_list":{"0":"post-1702","1":"product","2":"type-product","3":"status-publish","4":"has-post-thumbnail","6":"product_cat-ac-filter-capacitor-1","8":"first","9":"instock","10":"shipping-taxable","11":"product-type-simple"},"_links":{"self":[{"href":"https:\/\/rf-capacitor.com\/pl\/wp-json\/wp\/v2\/product\/1702","targetHints":{"allow":["GET"]}}],"collection":[{"href":"https:\/\/rf-capacitor.com\/pl\/wp-json\/wp\/v2\/product"}],"about":[{"href":"https:\/\/rf-capacitor.com\/pl\/wp-json\/wp\/v2\/types\/product"}],"replies":[{"embeddable":true,"href":"https:\/\/rf-capacitor.com\/pl\/wp-json\/wp\/v2\/comments?post=1702"}],"wp:featuredmedia":[{"embeddable":true,"href":"https:\/\/rf-capacitor.com\/pl\/wp-json\/wp\/v2\/media\/1703"}],"wp:attachment":[{"href":"https:\/\/rf-capacitor.com\/pl\/wp-json\/wp\/v2\/media?parent=1702"}],"wp:term":[{"taxonomy":"product_brand","embeddable":true,"href":"https:\/\/rf-capacitor.com\/pl\/wp-json\/wp\/v2\/product_brand?post=1702"},{"taxonomy":"product_cat","embeddable":true,"href":"https:\/\/rf-capacitor.com\/pl\/wp-json\/wp\/v2\/product_cat?post=1702"},{"taxonomy":"product_tag","embeddable":true,"href":"https:\/\/rf-capacitor.com\/pl\/wp-json\/wp\/v2\/product_tag?post=1702"}],"curies":[{"name":"wp","href":"https:\/\/api.w.org\/{rel}","templated":true}]}}