{"id":1674,"date":"2024-12-27T03:45:28","date_gmt":"2024-12-27T03:45:28","guid":{"rendered":"https:\/\/rf-capacitor.com\/?post_type=product&#038;p=1674"},"modified":"2024-12-27T03:45:28","modified_gmt":"2024-12-27T03:45:28","slug":"power-film-capacitor","status":"publish","type":"product","link":"https:\/\/rf-capacitor.com\/pl\/power-film-capacitor\/","title":{"rendered":"Kondensator foliowy mocy"},"content":{"rendered":"<h3 data-sourcepos=\"1:1-1:25\"><strong>Kondensatory foliowe mocy<\/strong><\/h3>\n<p data-sourcepos=\"3:1-3:291\"><span class=\"citation-0 recitation citation-end-0\">Kondensatory foliowe mocy s\u0105 wyspecjalizowanym typem kondensator\u00f3w foliowych zaprojektowanych do zastosowa\u0144 wymagaj\u0105cych du\u017cej mocy.<\/span> <span class=\"citation-1 recitation citation-end-1\">S\u0105 one zbudowane z cienkich warstw materia\u0142\u00f3w dielektrycznych, takich jak polipropylen, poliester lub folia metalizowana, umieszczonych pomi\u0119dzy elektrodami przewodz\u0105cymi.<\/span><span class=\"button-container hide-from-message-actions ng-star-inserted\">\u00a0<\/span><\/p>\n<h3 data-sourcepos=\"5:1-5:24\"><strong>Kluczowe cechy:<\/strong><\/h3>\n<ul data-sourcepos=\"7:1-12:0\">\n<li data-sourcepos=\"7:1-7:123\"><strong>Wysoka moc:<\/strong> <span class=\"citation-2 recitation citation-end-2\">Zdolny do obs\u0142ugi du\u017cych pr\u0105d\u00f3w i wysokich poziom\u00f3w mocy bez znacz\u0105cych strat.<\/span><span class=\"button-container hide-from-message-actions ng-star-inserted\">\u00a0 \u00a0<\/span>\n<div class=\"container ng-tns-c362440147-107 hide\">\n<div class=\"carousel-container ng-tns-c362440147-107\"><\/div>\n<\/div>\n<\/li>\n<li data-sourcepos=\"8:1-8:135\"><strong><span class=\"citation-3 recitation\">Niska ESR (r\u00f3wnowa\u017cna rezystancja szeregowa):<\/span><\/strong> Niska rezystancja wewn\u0119trzna minimalizuje rozpraszanie mocy i poprawia wydajno\u015b\u0107.<span class=\"button-container hide-from-message-actions ng-star-inserted\">\u00a0 \u00a0<\/span>\n<div class=\"container ng-tns-c362440147-108 hide\">\n<div class=\"carousel-container ng-tns-c362440147-108\"><\/div>\n<\/div>\n<\/li>\n<li data-sourcepos=\"9:1-9:133\"><strong><span class=\"citation-4 recitation\">Wysoka wydajno\u015b\u0107 pr\u0105dowa:<\/span><\/strong><span class=\"citation-4 recitation citation-end-4\"> Mo\u017ce wytrzyma\u0107 wysokie pr\u0105dy t\u0119tni\u0105ce, kt\u00f3re s\u0105 powszechne w obwodach energoelektronicznych.<\/span>\n<div class=\"container ng-tns-c362440147-109 hide\">\n<div class=\"carousel-container ng-tns-c362440147-109\"><\/div>\n<\/div>\n<\/li>\n<li data-sourcepos=\"10:1-10:123\"><strong>Kompaktowy rozmiar:<\/strong> <span class=\"citation-5 recitation citation-end-5\">Cz\u0119sto dost\u0119pne w kompaktowych rozmiarach, dzi\u0119ki czemu nadaj\u0105 si\u0119 do zastosowa\u0144 o ograniczonej przestrzeni.<\/span><span class=\"button-container hide-from-message-actions ng-star-inserted\">\u00a0\u00a0<\/span>\n<div class=\"container ng-tns-c362440147-110 hide\">\n<div class=\"carousel-container ng-tns-c362440147-110\"><\/div>\n<\/div>\n<\/li>\n<li data-sourcepos=\"11:1-12:0\"><strong><span class=\"citation-6 recitation\">D\u0142uga \u017cywotno\u015b\u0107:<\/span><\/strong><span class=\"citation-6 recitation citation-end-6\"> Zaprojektowany do d\u0142ugotrwa\u0142ej pracy w wymagaj\u0105cych aplikacjach energetycznych.<\/span><span class=\"button-container hide-from-message-actions ng-star-inserted\"> \u00a0<\/span>\n<div class=\"container ng-tns-c362440147-111 hide\">\n<div class=\"carousel-container ng-tns-c362440147-111\"><\/div>\n<\/div>\n<\/li>\n<\/ul>\n<h3 data-sourcepos=\"13:1-13:24\"><strong>Typowe zastosowania:<\/strong><\/h3>\n<ul data-sourcepos=\"15:1-20:0\">\n<li data-sourcepos=\"15:1-15:170\"><strong>Zasilacze:<\/strong> <span class=\"citation-7 recitation citation-end-7\">Stosowany w zasilaczach do r\u00f3\u017cnych urz\u0105dze\u0144 elektronicznych, w tym sprz\u0119tu przemys\u0142owego, system\u00f3w energii odnawialnej i pojazd\u00f3w elektrycznych.<\/span><span class=\"button-container hide-from-message-actions ng-star-inserted\"> \u00a0<\/span>\n<div class=\"container ng-tns-c362440147-112 hide\">\n<div class=\"carousel-container ng-tns-c362440147-112\"><\/div>\n<\/div>\n<\/li>\n<li data-sourcepos=\"16:1-16:110\"><strong><span class=\"citation-8 recitation\">Nap\u0119dy silnikowe:<\/span><\/strong><span class=\"citation-8 recitation citation-end-8\"> Stosowany w uk\u0142adach nap\u0119dowych silnik\u00f3w do filtrowania, wyg\u0142adzania i magazynowania energii.<\/span><span class=\"button-container hide-from-message-actions ng-star-inserted\">\u00a0 \u00a0<\/span>\n<div class=\"container ng-tns-c362440147-113 hide\">\n<div class=\"carousel-container ng-tns-c362440147-113\"><\/div>\n<\/div>\n<\/li>\n<li data-sourcepos=\"17:1-17:110\"><strong><span class=\"citation-9 recitation\">Korekcja wsp\u00f3\u0142czynnika mocy:<\/span><\/strong><span class=\"citation-9 recitation citation-end-9\"> U\u017cywany w obwodach korekcji wsp\u00f3\u0142czynnika mocy w celu poprawy jako\u015bci zasilania.<\/span><span class=\"button-container hide-from-message-actions ng-star-inserted\">\u00a0 \u00a0<\/span>\n<div class=\"container ng-tns-c362440147-114 hide\">\n<div class=\"carousel-container ng-tns-c362440147-114\"><\/div>\n<\/div>\n<\/li>\n<li data-sourcepos=\"18:1-18:75\"><strong>Falowniki:<\/strong> Wykorzystywany w falownikach do konwersji pr\u0105du sta\u0142ego na pr\u0105d przemienny.<\/li>\n<li data-sourcepos=\"19:1-20:0\"><strong><span class=\"citation-10 recitation\">Obwody rezonansowe:<\/span><\/strong><span class=\"citation-10 recitation citation-end-10\"> Wykorzystywane w obwodach rezonansowych do zastosowa\u0144 takich jak ogrzewanie indukcyjne i wytwarzanie plazmy.<\/span><span class=\"button-container hide-from-message-actions ng-star-inserted\"> \u00a0 <\/span><\/li>\n<\/ul>","protected":false},"excerpt":{"rendered":"<table style=\"height: 437px;\" width=\"726\">\n<tbody>\n<tr>\n<td width=\"146\"><strong><b>Produkt<\/b><\/strong>\u00a0<strong><b>Imi\u0119 i nazwisko:<\/b><\/strong><\/td>\n<td width=\"601\"><strong>Kondensator foliowy mocy<\/strong><\/td>\n<\/tr>\n<tr>\n<td width=\"146\">\n<h4><strong>Kr\u00f3tki opis:<\/strong><\/h4>\n<\/td>\n<td width=\"601\">Kondensatory foliowe do defibrylator\u00f3w zosta\u0142y zaprojektowane specjalnie z my\u015bl\u0105 o spe\u0142nieniu wymog\u00f3w niezawodno\u015bci urz\u0105dze\u0144 medycznych klasy III.<\/td>\n<\/tr>\n<tr>\n<td width=\"146\"><strong>Zakres pojemno\u015bci:<\/strong><\/td>\n<td width=\"601\">32 \u00b5F do 500 \u00b5F<\/td>\n<\/tr>\n<tr>\n<td width=\"146\"><strong>Napi\u0119cie znamionowe\uff1a<\/strong><\/td>\n<td width=\"601\">800 VDC do 6000 VDC<\/td>\n<\/tr>\n<tr>\n<td width=\"146\"><strong>Cap.tol\uff1a<\/strong><\/td>\n<td width=\"601\">+70 do -45 \u2103<\/td>\n<\/tr>\n<\/tbody>\n<\/table>","protected":false},"featured_media":1676,"comment_status":"open","ping_status":"closed","template":"","meta":[],"product_brand":[],"product_cat":[38],"product_tag":[],"class_list":{"0":"post-1674","1":"product","2":"type-product","3":"status-publish","4":"has-post-thumbnail","6":"product_cat-dc-capacitor-2","8":"first","9":"instock","10":"shipping-taxable","11":"product-type-simple"},"_links":{"self":[{"href":"https:\/\/rf-capacitor.com\/pl\/wp-json\/wp\/v2\/product\/1674","targetHints":{"allow":["GET"]}}],"collection":[{"href":"https:\/\/rf-capacitor.com\/pl\/wp-json\/wp\/v2\/product"}],"about":[{"href":"https:\/\/rf-capacitor.com\/pl\/wp-json\/wp\/v2\/types\/product"}],"replies":[{"embeddable":true,"href":"https:\/\/rf-capacitor.com\/pl\/wp-json\/wp\/v2\/comments?post=1674"}],"wp:featuredmedia":[{"embeddable":true,"href":"https:\/\/rf-capacitor.com\/pl\/wp-json\/wp\/v2\/media\/1676"}],"wp:attachment":[{"href":"https:\/\/rf-capacitor.com\/pl\/wp-json\/wp\/v2\/media?parent=1674"}],"wp:term":[{"taxonomy":"product_brand","embeddable":true,"href":"https:\/\/rf-capacitor.com\/pl\/wp-json\/wp\/v2\/product_brand?post=1674"},{"taxonomy":"product_cat","embeddable":true,"href":"https:\/\/rf-capacitor.com\/pl\/wp-json\/wp\/v2\/product_cat?post=1674"},{"taxonomy":"product_tag","embeddable":true,"href":"https:\/\/rf-capacitor.com\/pl\/wp-json\/wp\/v2\/product_tag?post=1674"}],"curies":[{"name":"wp","href":"https:\/\/api.w.org\/{rel}","templated":true}]}}