{"id":1666,"date":"2024-12-27T03:40:14","date_gmt":"2024-12-27T03:40:14","guid":{"rendered":"https:\/\/rf-capacitor.com\/?post_type=product&#038;p=1666"},"modified":"2024-12-31T03:26:01","modified_gmt":"2024-12-31T03:26:01","slug":"polyester-film-capacitor","status":"publish","type":"product","link":"https:\/\/rf-capacitor.com\/pl\/polyester-film-capacitor\/","title":{"rendered":"Kondensator z folii poliestrowej"},"content":{"rendered":"<h3 data-sourcepos=\"1:1-1:29\"><strong>Kondensatory z folii poliestrowej<\/strong><\/h3>\n<p data-sourcepos=\"3:1-3:312\"><span class=\"citation-0 recitation citation-end-0\">Kondensatory z foli\u0105 poliestrow\u0105 s\u0105 powszechnym typem kondensator\u00f3w foliowych, kt\u00f3re wykorzystuj\u0105 foli\u0119 poliestrow\u0105 jako materia\u0142 dielektryczny mi\u0119dzy p\u0142ytkami przewodz\u0105cymi.<\/span> <span class=\"citation-1 recitation citation-end-1\">S\u0105 one znane z dobrej stabilno\u015bci, niezawodno\u015bci i op\u0142acalno\u015bci, dzi\u0119ki czemu s\u0105 szeroko stosowane w r\u00f3\u017cnych aplikacjach elektronicznych.<\/span><span class=\"button-container hide-from-message-actions ng-star-inserted\">\u00a0<\/span><\/p>\n<h3 data-sourcepos=\"5:1-5:24\"><strong>Kluczowe cechy:<\/strong><\/h3>\n<ul data-sourcepos=\"7:1-13:0\">\n<li data-sourcepos=\"7:1-7:90\"><strong><span class=\"citation-2 recitation\">Materia\u0142 dielektryczny:<\/span><\/strong><span class=\"citation-2 recitation citation-end-2\"> Folia poliestrowa (politereftalan etylenu lub PET)<\/span><span class=\"button-container hide-from-message-actions ng-star-inserted\"> \u00a0<\/span>\n<div class=\"container ng-tns-c362440147-92 hide\">\n<div class=\"carousel-container ng-tns-c362440147-92\"><\/div>\n<\/div>\n<\/li>\n<li data-sourcepos=\"8:1-8:104\"><strong>Dobra stabilno\u015b\u0107:<\/strong> <span class=\"citation-3 recitation citation-end-3\">Wykazuj\u0105 doskona\u0142\u0105 stabilno\u015b\u0107 pojemno\u015bci w czasie i temperaturze.<\/span><span class=\"button-container hide-from-message-actions ng-star-inserted\"> \u00a0<\/span>\n<div class=\"container ng-tns-c362440147-93 hide\">\n<div class=\"carousel-container ng-tns-c362440147-93\"><\/div>\n<\/div>\n<\/li>\n<li data-sourcepos=\"9:1-9:189\"><strong><span class=\"citation-4 recitation\">W\u0142a\u015bciwo\u015bci samoleczenia:<\/span><\/strong><span class=\"citation-4 recitation citation-end-4\"> Z natury posiadaj\u0105 w\u0142a\u015bciwo\u015bci samonaprawcze, w kt\u00f3rych zlokalizowane uszkodzenia dielektryczne s\u0105 automatycznie naprawiane, wyd\u0142u\u017caj\u0105c \u017cywotno\u015b\u0107 kondensatora.<\/span>\n<div class=\"container ng-tns-c362440147-94 hide\">\n<div class=\"carousel-container ng-tns-c362440147-94\"><\/div>\n<\/div>\n<\/li>\n<li data-sourcepos=\"10:1-10:140\"><strong><span class=\"citation-5 recitation\">Szeroki zakres warto\u015bci pojemno\u015bci:<\/span><\/strong><span class=\"citation-5 recitation citation-end-5\"> Dost\u0119pne w szerokim zakresie warto\u015bci pojemno\u015bci, aby spe\u0142ni\u0107 r\u00f3\u017cne wymagania obwod\u00f3w.<\/span><span class=\"button-container hide-from-message-actions ng-star-inserted\"> \u00a0<\/span>\n<div class=\"container ng-tns-c362440147-95 hide\">\n<div class=\"carousel-container ng-tns-c362440147-95\"><\/div>\n<\/div>\n<\/li>\n<li data-sourcepos=\"11:1-11:109\"><strong>Op\u0142acalno\u015b\u0107:<\/strong> <span class=\"citation-6 recitation citation-end-6\">Og\u00f3lnie bardziej przyst\u0119pne cenowo w por\u00f3wnaniu do innych typ\u00f3w kondensator\u00f3w foliowych.<\/span><span class=\"button-container hide-from-message-actions ng-star-inserted\"> \u00a0<\/span>\n<div class=\"container ng-tns-c362440147-96 hide\">\n<div class=\"carousel-container ng-tns-c362440147-96\"><\/div>\n<\/div>\n<\/li>\n<li data-sourcepos=\"12:1-13:0\"><strong>Umiarkowane napi\u0119cie znamionowe:<\/strong> Zazwyczaj maj\u0105 umiarkowane napi\u0119cie znamionowe w por\u00f3wnaniu do wysokonapi\u0119ciowych kondensator\u00f3w foliowych.<\/li>\n<\/ul>\n<h3 data-sourcepos=\"14:1-14:24\"><strong>Typowe zastosowania:<\/strong><\/h3>\n<ul data-sourcepos=\"16:1-20:0\">\n<li data-sourcepos=\"16:1-16:128\"><strong>Sprz\u0119ganie i roz\u0142\u0105czanie:<\/strong> S\u0142u\u017cy do izolowania polaryzacji DC i filtrowania sygna\u0142\u00f3w AC w obwodach wzmacniaczy i innych systemach elektronicznych.<\/li>\n<li data-sourcepos=\"17:1-17:96\"><strong><span class=\"citation-7 recitation\">Obwody pomiaru czasu:<\/span><\/strong><span class=\"citation-7 recitation citation-end-7\"> Stosowany w obwodach czasowych, takich jak oscylatory i timery.<\/span><span class=\"button-container hide-from-message-actions ng-star-inserted\"> \u00a0<\/span>\n<div class=\"container ng-tns-c362440147-97 hide\">\n<div class=\"carousel-container ng-tns-c362440147-97\"><\/div>\n<\/div>\n<\/li>\n<li data-sourcepos=\"18:1-18:97\"><strong>Zasilacze:<\/strong> <span class=\"citation-8 recitation citation-end-8\">Wykorzystywany w obwodach zasilania do filtrowania i wyg\u0142adzania.<\/span><span class=\"button-container hide-from-message-actions ng-star-inserted\">\u00a0<\/span>\n<div class=\"container ng-tns-c362440147-98 hide\">\n<div class=\"carousel-container ng-tns-c362440147-98\"><\/div>\n<\/div>\n<\/li>\n<li data-sourcepos=\"19:1-20:0\"><strong>Aplikacje og\u00f3lnego przeznaczenia:<\/strong> <span class=\"citation-9 recitation citation-end-9\">Nadaje si\u0119 do szerokiego zakresu zastosowa\u0144 og\u00f3lnych, w kt\u00f3rych wymagana jest dobra stabilno\u015b\u0107 i niezawodno\u015b\u0107.<\/span><span class=\"button-container hide-from-message-actions ng-star-inserted\"> \u00a0 <\/span><\/li>\n<\/ul>","protected":false},"excerpt":{"rendered":"<table style=\"height: 436px;\" width=\"725\">\n<tbody>\n<tr>\n<td width=\"146\"><strong><b>Produkt<\/b><\/strong>\u00a0<strong><b>Imi\u0119 i nazwisko:<\/b><\/strong><\/td>\n<td width=\"601\"><strong>Kondensator z folii poliestrowej<\/strong><\/td>\n<\/tr>\n<tr>\n<td width=\"146\">\n<h4><strong>Kr\u00f3tki opis:<\/strong><\/h4>\n<\/td>\n<td width=\"601\">Defibrylator zewn\u0119trzny;<br \/>\nZastosowania zwi\u0105zane z zasilaniem impulsowym;<\/td>\n<\/tr>\n<tr>\n<td width=\"146\"><strong>Zakres pojemno\u015bci:<\/strong><\/td>\n<td width=\"601\">32\u03bcF~200\u03bcF<\/td>\n<\/tr>\n<tr>\n<td width=\"146\"><strong>Napi\u0119cie znamionowe\uff1a<\/strong><\/td>\n<td width=\"601\">1500 V DC - 5000 V DC<\/td>\n<\/tr>\n<tr>\n<td width=\"146\"><strong>Cap.tol\uff1a<\/strong><\/td>\n<td width=\"601\">\u00a0\u00b15%(J);\u00b110%(K)<\/td>\n<\/tr>\n<\/tbody>\n<\/table>","protected":false},"featured_media":1806,"comment_status":"open","ping_status":"closed","template":"","meta":[],"product_brand":[],"product_cat":[38],"product_tag":[],"class_list":{"0":"post-1666","1":"product","2":"type-product","3":"status-publish","4":"has-post-thumbnail","6":"product_cat-dc-capacitor-2","8":"first","9":"instock","10":"shipping-taxable","11":"product-type-simple"},"_links":{"self":[{"href":"https:\/\/rf-capacitor.com\/pl\/wp-json\/wp\/v2\/product\/1666","targetHints":{"allow":["GET"]}}],"collection":[{"href":"https:\/\/rf-capacitor.com\/pl\/wp-json\/wp\/v2\/product"}],"about":[{"href":"https:\/\/rf-capacitor.com\/pl\/wp-json\/wp\/v2\/types\/product"}],"replies":[{"embeddable":true,"href":"https:\/\/rf-capacitor.com\/pl\/wp-json\/wp\/v2\/comments?post=1666"}],"wp:featuredmedia":[{"embeddable":true,"href":"https:\/\/rf-capacitor.com\/pl\/wp-json\/wp\/v2\/media\/1806"}],"wp:attachment":[{"href":"https:\/\/rf-capacitor.com\/pl\/wp-json\/wp\/v2\/media?parent=1666"}],"wp:term":[{"taxonomy":"product_brand","embeddable":true,"href":"https:\/\/rf-capacitor.com\/pl\/wp-json\/wp\/v2\/product_brand?post=1666"},{"taxonomy":"product_cat","embeddable":true,"href":"https:\/\/rf-capacitor.com\/pl\/wp-json\/wp\/v2\/product_cat?post=1666"},{"taxonomy":"product_tag","embeddable":true,"href":"https:\/\/rf-capacitor.com\/pl\/wp-json\/wp\/v2\/product_tag?post=1666"}],"curies":[{"name":"wp","href":"https:\/\/api.w.org\/{rel}","templated":true}]}}