{"id":1646,"date":"2024-12-27T02:40:11","date_gmt":"2024-12-27T02:40:11","guid":{"rendered":"https:\/\/rf-capacitor.com\/?post_type=product&#038;p=1646"},"modified":"2024-12-27T02:40:11","modified_gmt":"2024-12-27T02:40:11","slug":"dc-coupling-capacitor","status":"publish","type":"product","link":"https:\/\/rf-capacitor.com\/pl\/dc-coupling-capacitor\/","title":{"rendered":"Kondensator sprz\u0119gaj\u0105cy DC"},"content":{"rendered":"<h3 data-sourcepos=\"1:1-1:25\"><strong>Kondensator sprz\u0119gaj\u0105cy DC<\/strong><\/h3>\n<p data-sourcepos=\"3:1-3:215\"><span class=\"citation-0 recitation\">Kondensator sprz\u0119gaj\u0105cy DC, znany r\u00f3wnie\u017c jako <\/span><strong><span class=\"citation-0 recitation\">kondensator sprz\u0119gaj\u0105cy<\/span><\/strong><span class=\"citation-0 recitation\"> lub <\/span><strong><span class=\"citation-0 recitation\">Kondensator blokuj\u0105cy DC<\/span><\/strong><span class=\"citation-0 recitation citation-end-0\">jest kluczowym elementem w obwodach elektronicznych, szczeg\u00f3lnie w stopniach wzmacniacza.<\/span> Jego podstawow\u0105 funkcj\u0105 jest:<span class=\"button-container hide-from-message-actions ng-star-inserted\"> \u00a0<\/span><\/p>\n<ul data-sourcepos=\"5:1-7:0\">\n<li data-sourcepos=\"5:1-5:218\"><strong><span class=\"citation-1 recitation\">Odizoluj odchylenie DC:<\/span><\/strong><span class=\"citation-1 recitation citation-end-1\"> Zapobiega wp\u0142ywowi napi\u0119cia polaryzacji DC jednego stopnia na napi\u0119cie polaryzacji DC kolejnego stopnia.<\/span> <span class=\"citation-2 recitation citation-end-2\">Jest to niezb\u0119dne do utrzymania prawid\u0142owego punktu pracy ka\u017cdego stopnia.<\/span><span class=\"button-container hide-from-message-actions ng-star-inserted\">\u00a0<\/span>\n<div class=\"container ng-tns-c362440147-54 hide\">\n<div class=\"carousel-container ng-tns-c362440147-54\">\n<div class=\"carousel-content ng-tns-c362440147-54\">\n<div class=\"sources-carousel-source ng-tns-c362440147-54 hide ng-star-inserted\" data-test-id=\"sources-carousel-source\"><\/div>\n<\/div>\n<\/div>\n<\/div>\n<\/li>\n<li data-sourcepos=\"6:1-7:0\"><strong><span class=\"citation-3 recitation\">Przesy\u0142anie sygna\u0142\u00f3w AC:<\/span><\/strong><span class=\"citation-3 recitation citation-end-3\"> Pozw\u00f3l sygna\u0142owi AC przej\u015b\u0107 z jednego stopnia do drugiego.<\/span><span class=\"button-container hide-from-message-actions ng-star-inserted\"> \u00a0<\/span>\n<div class=\"container ng-tns-c362440147-55 hide\">\n<div class=\"carousel-container ng-tns-c362440147-55\"><\/div>\n<\/div>\n<\/li>\n<\/ul>\n<h3 data-sourcepos=\"8:1-8:17\"><strong>Jak to dzia\u0142a?<\/strong><\/h3>\n<ul data-sourcepos=\"10:1-12:0\">\n<li data-sourcepos=\"10:1-10:213\"><strong><span class=\"citation-4 recitation\">Blokowanie DC:<\/span><\/strong><span class=\"citation-4 recitation citation-end-4\"> Kondensatory dzia\u0142aj\u0105 jak obwody otwarte dla pr\u0105du sta\u0142ego.<\/span> <span class=\"citation-5 recitation citation-end-5\">Po przy\u0142o\u017ceniu napi\u0119cia sta\u0142ego kondensator \u0142aduje si\u0119 do tego napi\u0119cia i przestaje przewodzi\u0107, skutecznie blokuj\u0105c pr\u0105d sta\u0142y.<\/span><span class=\"button-container hide-from-message-actions ng-star-inserted\">\u00a0<\/span>\n<div class=\"container ng-tns-c362440147-56 hide\">\n<div class=\"carousel-container ng-tns-c362440147-56\">\n<div class=\"carousel-content ng-tns-c362440147-56\">\n<div class=\"sources-carousel-source ng-tns-c362440147-56 hide ng-star-inserted\" data-test-id=\"sources-carousel-source\"><\/div>\n<div class=\"sources-carousel-source ng-tns-c362440147-56 hide ng-star-inserted\" data-test-id=\"sources-carousel-source\"><\/div>\n<\/div>\n<\/div>\n<\/div>\n<\/li>\n<li data-sourcepos=\"11:1-12:0\"><strong><span class=\"citation-6 recitation\">Przechodz\u0105cy AC:<\/span><\/strong><span class=\"citation-6 recitation citation-end-6\"> Sygna\u0142y AC maj\u0105 stale zmieniaj\u0105ce si\u0119 napi\u0119cie.<\/span> <span class=\"citation-7 recitation citation-end-7\">Powoduje to ci\u0105g\u0142e \u0142adowanie i roz\u0142adowywanie kondensatora, umo\u017cliwiaj\u0105c przep\u0142yw sygna\u0142u AC.<\/span><span class=\"button-container hide-from-message-actions ng-star-inserted\">\u00a0<\/span>\n<div class=\"container ng-tns-c362440147-57 hide\">\n<div class=\"carousel-container ng-tns-c362440147-57\">\n<div class=\"carousel-content ng-tns-c362440147-57\">\n<div class=\"sources-carousel-source ng-tns-c362440147-57 hide ng-star-inserted\" data-test-id=\"sources-carousel-source\"><\/div>\n<\/div>\n<\/div>\n<\/div>\n<\/li>\n<\/ul>\n<h3 data-sourcepos=\"13:1-13:17\"><strong>Zastosowania:<\/strong><\/h3>\n<ul data-sourcepos=\"15:1-18:0\">\n<li data-sourcepos=\"15:1-15:90\"><strong><span class=\"citation-8 recitation\">Wzmacniacze audio:<\/span><\/strong><span class=\"citation-8 recitation citation-end-8\"> Sprz\u0119\u017cenie mi\u0119dzy stopniami wzmacniacza w celu odizolowania polaryzacji DC.<\/span><span class=\"button-container hide-from-message-actions ng-star-inserted\"> \u00a0<\/span>\n<div class=\"container ng-tns-c362440147-58 hide\">\n<div class=\"carousel-container ng-tns-c362440147-58\">\n<div class=\"carousel-content ng-tns-c362440147-58\">\n<div class=\"sources-carousel-source ng-tns-c362440147-58 hide ng-star-inserted\" data-test-id=\"sources-carousel-source\"><\/div>\n<\/div>\n<\/div>\n<\/div>\n<\/li>\n<li data-sourcepos=\"16:1-16:100\"><strong><span class=\"citation-9 recitation\">Obwody przetwarzania sygna\u0142\u00f3w:<\/span><\/strong><span class=\"citation-9 recitation citation-end-9\"> Przesy\u0142anie sygna\u0142\u00f3w AC przy jednoczesnym blokowaniu komponent\u00f3w DC.<\/span><span class=\"button-container hide-from-message-actions ng-star-inserted\"> \u00a0<\/span>\n<div class=\"container ng-tns-c362440147-59 hide\">\n<div class=\"carousel-container ng-tns-c362440147-59\">\n<div class=\"carousel-content ng-tns-c362440147-59\">\n<div class=\"sources-carousel-source ng-tns-c362440147-59 hide ng-star-inserted\" data-test-id=\"sources-carousel-source\"><\/div>\n<\/div>\n<\/div>\n<\/div>\n<\/li>\n<li data-sourcepos=\"17:1-18:0\"><strong><span class=\"citation-10 recitation\">Obwody filtruj\u0105ce:<\/span><\/strong><span class=\"citation-10 recitation citation-end-10\"> Jako cz\u0119\u015b\u0107 filtr\u00f3w g\u00f3rnoprzepustowych do blokowania sygna\u0142\u00f3w o niskiej cz\u0119stotliwo\u015bci, w tym pr\u0105du sta\u0142ego.<\/span><span class=\"button-container hide-from-message-actions ng-star-inserted\">\u00a0<\/span>\n<div class=\"container ng-tns-c362440147-60 hide\">\n<div class=\"carousel-container ng-tns-c362440147-60\">\n<div class=\"carousel-content ng-tns-c362440147-60\">\n<div class=\"sources-carousel-source ng-tns-c362440147-60 hide ng-star-inserted\" data-test-id=\"sources-carousel-source\"><\/div>\n<\/div>\n<\/div>\n<\/div>\n<\/li>\n<\/ul>\n<h3 data-sourcepos=\"19:1-19:23\"><strong>Kluczowe kwestie:<\/strong><\/h3>\n<ul data-sourcepos=\"21:1-24:0\">\n<li data-sourcepos=\"21:1-21:164\"><strong>Warto\u015b\u0107 pojemno\u015bci:<\/strong> Warto\u015b\u0107 pojemno\u015bci okre\u015bla odci\u0119cie niskiej cz\u0119stotliwo\u015bci kondensatora sprz\u0119gaj\u0105cego. Wi\u0119ksza pojemno\u015b\u0107 przepuszcza ni\u017csze cz\u0119stotliwo\u015bci.<\/li>\n<li data-sourcepos=\"22:1-22:118\"><strong>Napi\u0119cie znamionowe:<\/strong> <span class=\"citation-11 recitation citation-end-11\">Kondensator musi by\u0107 przystosowany do maksymalnego napi\u0119cia, kt\u00f3re zostanie do niego przy\u0142o\u017cone.<\/span>\n<div class=\"container ng-tns-c362440147-61 hide\">\n<div class=\"carousel-container ng-tns-c362440147-61\"><\/div>\n<\/div>\n<\/li>\n<li data-sourcepos=\"23:1-24:0\"><strong>Pr\u0105d up\u0142ywu:<\/strong> Pr\u0105d up\u0142ywu kondensatora mo\u017ce wp\u0142ywa\u0107 na punkt polaryzacji DC obwodu.<\/li>\n<\/ul>\n<p data-sourcepos=\"25:1-25:205\"><strong><span class=\"citation-12 recitation\">Zasadniczo, kondensator sprz\u0119gaj\u0105cy DC dzia\u0142a jako mostek dla sygna\u0142\u00f3w AC, jednocze\u015bnie skutecznie izoluj\u0105c komponenty DC, zapewniaj\u0105c, \u017ce ka\u017cdy etap obwodu dzia\u0142a niezale\u017cnie i poprawnie.<\/span><\/strong><span class=\"button-container hide-from-message-actions ng-star-inserted\"> \u00a0 <\/span><\/p>","protected":false},"excerpt":{"rendered":"<table style=\"height: 556px;\" width=\"706\">\n<tbody>\n<tr>\n<td width=\"146\"><strong><b>Produkt<\/b><\/strong>\u00a0<strong><b>Imi\u0119 i nazwisko:<\/b><\/strong><\/td>\n<td width=\"601\"><strong>Kondensator sprz\u0119gaj\u0105cy DC<\/strong><\/td>\n<\/tr>\n<tr>\n<td width=\"146\">\n<h4><strong>Kr\u00f3tki opis:<\/strong><\/h4>\n<\/td>\n<td width=\"601\">Szeroko stosowany w obwodzie DC-Link do filtrowania i odsprz\u0119gania wysokich cz\u0119stotliwo\u015bci<br \/>\nSzeroko stosowany w obwodach energoelektronicznych, do cel\u00f3w sprz\u0119gania<\/td>\n<\/tr>\n<tr>\n<td width=\"146\"><strong>Zakres pojemno\u015bci:<\/strong><\/td>\n<td width=\"601\">\u00a010\u03bcF - 100\u03bcF<\/td>\n<\/tr>\n<tr>\n<td width=\"146\"><strong>Napi\u0119cie znamionowe\uff1a<\/strong><\/td>\n<td width=\"601\">350 V DC - 1100 V DC<\/td>\n<\/tr>\n<tr>\n<td width=\"146\"><strong>Cap.tol\uff1a<\/strong><\/td>\n<td width=\"601\">\u00b15%(J)\uff1a\u00b110%(K)<\/td>\n<\/tr>\n<tr>\n<td width=\"146\"><strong>Model kondensatora:\u00a0<\/strong><\/td>\n<td width=\"601\">Seria DMJ-MT<\/td>\n<\/tr>\n<\/tbody>\n<\/table>","protected":false},"featured_media":1647,"comment_status":"open","ping_status":"closed","template":"","meta":[],"product_brand":[],"product_cat":[38],"product_tag":[],"class_list":{"0":"post-1646","1":"product","2":"type-product","3":"status-publish","4":"has-post-thumbnail","6":"product_cat-dc-capacitor-2","8":"first","9":"instock","10":"shipping-taxable","11":"product-type-simple"},"_links":{"self":[{"href":"https:\/\/rf-capacitor.com\/pl\/wp-json\/wp\/v2\/product\/1646","targetHints":{"allow":["GET"]}}],"collection":[{"href":"https:\/\/rf-capacitor.com\/pl\/wp-json\/wp\/v2\/product"}],"about":[{"href":"https:\/\/rf-capacitor.com\/pl\/wp-json\/wp\/v2\/types\/product"}],"replies":[{"embeddable":true,"href":"https:\/\/rf-capacitor.com\/pl\/wp-json\/wp\/v2\/comments?post=1646"}],"wp:featuredmedia":[{"embeddable":true,"href":"https:\/\/rf-capacitor.com\/pl\/wp-json\/wp\/v2\/media\/1647"}],"wp:attachment":[{"href":"https:\/\/rf-capacitor.com\/pl\/wp-json\/wp\/v2\/media?parent=1646"}],"wp:term":[{"taxonomy":"product_brand","embeddable":true,"href":"https:\/\/rf-capacitor.com\/pl\/wp-json\/wp\/v2\/product_brand?post=1646"},{"taxonomy":"product_cat","embeddable":true,"href":"https:\/\/rf-capacitor.com\/pl\/wp-json\/wp\/v2\/product_cat?post=1646"},{"taxonomy":"product_tag","embeddable":true,"href":"https:\/\/rf-capacitor.com\/pl\/wp-json\/wp\/v2\/product_tag?post=1646"}],"curies":[{"name":"wp","href":"https:\/\/api.w.org\/{rel}","templated":true}]}}