{"id":1627,"date":"2024-12-26T08:00:56","date_gmt":"2024-12-26T08:00:56","guid":{"rendered":"https:\/\/rf-capacitor.com\/?post_type=product&#038;p=1627"},"modified":"2024-12-26T08:00:56","modified_gmt":"2024-12-26T08:00:56","slug":"dc-voltage-capacitor","status":"publish","type":"product","link":"https:\/\/rf-capacitor.com\/pl\/dc-voltage-capacitor\/","title":{"rendered":"Kondensator napi\u0119cia sta\u0142ego"},"content":{"rendered":"<div id=\"model-response-message-contentr_ace5d7b53d4346af\" class=\"markdown markdown-main-panel response-optimization\" dir=\"ltr\">\n<h2 data-sourcepos=\"1:1-1:55\">Kondensator napi\u0119cia sta\u0142ego: B\u0142\u0119dna nazwa czy specyficzny typ?<\/h2>\n<p data-sourcepos=\"3:1-3:97\"><strong>Termin \"kondensator napi\u0119cia sta\u0142ego\" jest nieco niejednoznaczny.<\/strong> Mo\u017ce odnosi\u0107 si\u0119 do dw\u00f3ch r\u00f3\u017cnych koncepcji:<\/p>\n<h3 data-sourcepos=\"5:1-5:36\">1. Kondensator u\u017cywany w obwodach pr\u0105du sta\u0142ego<\/h3>\n<ul data-sourcepos=\"6:1-13:0\">\n<li data-sourcepos=\"6:1-6:111\"><strong>Og\u00f3lne zastosowanie:<\/strong> W tym kontek\u015bcie kondensator jest u\u017cywany w obwodzie z zasilaniem pr\u0105dem sta\u0142ym (DC).<\/li>\n<li data-sourcepos=\"7:1-7:236\"><strong>Zachowanie:<\/strong> Chocia\u017c kondensatory s\u0105 g\u0142\u00f3wnie kojarzone z obwodami pr\u0105du przemiennego, mog\u0105 one r\u00f3wnie\u017c dzia\u0142a\u0107 w obwodach pr\u0105du sta\u0142ego. <span class=\"citation-0 recitation citation-end-0\">Po przy\u0142o\u017ceniu napi\u0119cia sta\u0142ego kondensator \u0142aduje si\u0119 do okre\u015blonego napi\u0119cia, a nast\u0119pnie zatrzymuje przep\u0142yw pr\u0105du.<\/span><span class=\"button-container hide-from-message-actions ng-star-inserted\"> \u00a0<\/span>\n<div class=\"container ng-tns-c362440147-50 hide\">\n<div class=\"carousel-container ng-tns-c362440147-50\"><\/div>\n<\/div>\n<\/li>\n<li data-sourcepos=\"8:1-13:0\"><strong>Zastosowania:<\/strong> Ten typ kondensatora jest powszechnie stosowany w:\n<ul data-sourcepos=\"9:5-13:0\">\n<li data-sourcepos=\"9:5-9:78\"><strong>Wyg\u0142adzanie:<\/strong> <span class=\"citation-1 recitation citation-end-1\">Redukcja t\u0119tnie\u0144 napi\u0119cia w zasilaczach DC<\/span><span class=\"button-container hide-from-message-actions ng-star-inserted\">\u00a0 \u00a0<\/span>\n<div class=\"container ng-tns-c362440147-51 hide\">\n<div class=\"carousel-container ng-tns-c362440147-51\"><\/div>\n<\/div>\n<\/li>\n<li data-sourcepos=\"10:5-10:85\"><strong>Z\u0142\u0105cze:<\/strong> <span class=\"citation-2 recitation citation-end-2\">Przesy\u0142anie sygna\u0142\u00f3w AC przy jednoczesnym blokowaniu sk\u0142adowych DC<\/span><span class=\"button-container hide-from-message-actions ng-star-inserted\">\u00a0<\/span>\n<div class=\"container ng-tns-c362440147-52 hide\">\n<div class=\"carousel-container ng-tns-c362440147-52\"><\/div>\n<\/div>\n<\/li>\n<li data-sourcepos=\"11:5-11:64\"><strong>Filtrowanie:<\/strong> Usuwanie niepo\u017c\u0105danych cz\u0119stotliwo\u015bci z sygna\u0142u<\/li>\n<li data-sourcepos=\"12:5-13:0\"><strong><span class=\"citation-3 recitation\">Obwody pomiaru czasu:<\/span><\/strong><span class=\"citation-3 recitation citation-end-3\"> Kontrolowanie czasu zdarze\u0144 w obwodzie<\/span><span class=\"button-container hide-from-message-actions ng-star-inserted\"> \u00a0<\/span>\n<div class=\"container ng-tns-c362440147-53 hide\">\n<div class=\"carousel-container ng-tns-c362440147-53\"><\/div>\n<\/div>\n<\/li>\n<\/ul>\n<\/li>\n<\/ul>\n<h3 data-sourcepos=\"17:1-17:45\">2. Kondensator zaprojektowany dla wysokiego napi\u0119cia DC<\/h3>\n<ul data-sourcepos=\"18:1-24:0\">\n<li data-sourcepos=\"18:1-18:99\"><strong>Okre\u015blony typ:<\/strong> Odnosi si\u0119 to do kondensator\u00f3w specjalnie zaprojektowanych do wytrzymywania wysokich napi\u0119\u0107 DC.<\/li>\n<li data-sourcepos=\"19:1-19:140\"><strong>Budowa:<\/strong> Kondensatory te cz\u0119sto maj\u0105 specjalne materia\u0142y dielektryczne i konstrukcj\u0119, aby wytrzyma\u0107 wysokie napi\u0119cia bez uszkodze\u0144.<\/li>\n<li data-sourcepos=\"20:1-24:0\"><strong>Zastosowania:<\/strong> S\u0105 one u\u017cywane w aplikacjach, w kt\u00f3rych wyst\u0119puj\u0105 wysokie napi\u0119cia DC, takich jak\n<ul data-sourcepos=\"21:5-24:0\">\n<li data-sourcepos=\"21:5-21:37\"><strong>Zasilacze wysokiego napi\u0119cia<\/strong><\/li>\n<li data-sourcepos=\"22:5-22:34\"><strong>Linie przesy\u0142u energii<\/strong><\/li>\n<li data-sourcepos=\"23:5-24:0\"><strong>Elektrofiltry<\/strong><\/li>\n<\/ul>\n<\/li>\n<\/ul>\n<\/div>\n<div class=\"response-footer gap complete\">\n<div class=\"show-sources-container ng-star-inserted\"><\/div>\n<div class=\"container ng-tns-c362440147-49\">\n<div class=\"carousel-container ng-tns-c362440147-49\">\n<div class=\"carousel-content ng-tns-c362440147-49\">\n<div class=\"sources-carousel-source ng-tns-c362440147-49 ng-star-inserted\" data-test-id=\"sources-carousel-source\">\n<div class=\"source-card-container\">\n<div class=\"source-card-content\">\n<div class=\"source-card-body\">\n<div class=\"source-card-header\">\n<div class=\"source-card-title\"><\/div>\n<\/div>\n<\/div>\n<\/div>\n<\/div>\n<\/div>\n<\/div>\n<\/div>\n<\/div>\n<\/div>","protected":false},"excerpt":{"rendered":"<table style=\"height: 483px;\" width=\"511\">\n<tbody>\n<tr>\n<td width=\"146\"><strong><b>Produkt<\/b><\/strong>\u00a0<strong><b>Imi\u0119 i nazwisko:<\/b><\/strong><\/td>\n<td width=\"601\">Kondensator napi\u0119cia sta\u0142ego<\/td>\n<\/tr>\n<tr>\n<td width=\"146\">\n<h4><strong>Napi\u0119cie wytrzymywane:<\/strong><\/h4>\n<\/td>\n<td width=\"601\">\n<table border=\"0\" cellspacing=\"0\" cellpadding=\"0\">\n<tbody>\n<tr>\n<td width=\"722\">Vt-t 1.5UN\/ 10s ( 20\u2103 \u00b1 5\u2103 )<br \/>\nVt-c 3000V.AC \/10s (50Hz, 20\u2103\u00b15\u2103)<\/td>\n<\/tr>\n<\/tbody>\n<\/table>\n<\/td>\n<\/tr>\n<tr>\n<td width=\"146\"><strong>Zakres pojemno\u015bci:<\/strong><\/td>\n<td width=\"601\">320 \u03bcF\u00b110%<\/td>\n<\/tr>\n<tr>\n<td width=\"146\"><strong>Napi\u0119cie znamionowe\uff1a<\/strong><\/td>\n<td width=\"601\">750VDC<\/td>\n<\/tr>\n<tr>\n<td width=\"146\"><strong>Energia znamionowa:<\/strong><\/td>\n<td width=\"601\">90Ws<\/td>\n<\/tr>\n<\/tbody>\n<\/table>","protected":false},"featured_media":1628,"comment_status":"open","ping_status":"closed","template":"","meta":[],"product_brand":[],"product_cat":[38],"product_tag":[],"class_list":{"0":"post-1627","1":"product","2":"type-product","3":"status-publish","4":"has-post-thumbnail","6":"product_cat-dc-capacitor-2","8":"first","9":"instock","10":"shipping-taxable","11":"product-type-simple"},"_links":{"self":[{"href":"https:\/\/rf-capacitor.com\/pl\/wp-json\/wp\/v2\/product\/1627","targetHints":{"allow":["GET"]}}],"collection":[{"href":"https:\/\/rf-capacitor.com\/pl\/wp-json\/wp\/v2\/product"}],"about":[{"href":"https:\/\/rf-capacitor.com\/pl\/wp-json\/wp\/v2\/types\/product"}],"replies":[{"embeddable":true,"href":"https:\/\/rf-capacitor.com\/pl\/wp-json\/wp\/v2\/comments?post=1627"}],"wp:featuredmedia":[{"embeddable":true,"href":"https:\/\/rf-capacitor.com\/pl\/wp-json\/wp\/v2\/media\/1628"}],"wp:attachment":[{"href":"https:\/\/rf-capacitor.com\/pl\/wp-json\/wp\/v2\/media?parent=1627"}],"wp:term":[{"taxonomy":"product_brand","embeddable":true,"href":"https:\/\/rf-capacitor.com\/pl\/wp-json\/wp\/v2\/product_brand?post=1627"},{"taxonomy":"product_cat","embeddable":true,"href":"https:\/\/rf-capacitor.com\/pl\/wp-json\/wp\/v2\/product_cat?post=1627"},{"taxonomy":"product_tag","embeddable":true,"href":"https:\/\/rf-capacitor.com\/pl\/wp-json\/wp\/v2\/product_tag?post=1627"}],"curies":[{"name":"wp","href":"https:\/\/api.w.org\/{rel}","templated":true}]}}