{"id":1619,"date":"2024-12-26T04:13:14","date_gmt":"2024-12-26T04:13:14","guid":{"rendered":"https:\/\/rf-capacitor.com\/?post_type=product&#038;p=1619"},"modified":"2024-12-26T06:52:05","modified_gmt":"2024-12-26T06:52:05","slug":"dc-blocking-capacitor","status":"publish","type":"product","link":"https:\/\/rf-capacitor.com\/pl\/dc-blocking-capacitor\/","title":{"rendered":"Kondensator blokuj\u0105cy DC"},"content":{"rendered":"<div id=\"model-response-message-contentr_721751df4669b9f0\" class=\"markdown markdown-main-panel response-optimization\" dir=\"ltr\">\n<h2 data-sourcepos=\"1:1-1:53\">Kondensator blokuj\u0105cy pr\u0105d sta\u0142y: Mostek mi\u0119dzy sygna\u0142ami AC<\/h2>\n<p data-sourcepos=\"3:1-3:329\"><strong><span class=\"citation-0 recitation\">Kondensator blokuj\u0105cy DC<\/span><\/strong><span class=\"citation-0 recitation\">znany r\u00f3wnie\u017c jako <\/span><strong><span class=\"citation-0 recitation\">kondensator sprz\u0119gaj\u0105cy<\/span><\/strong><span class=\"citation-0 recitation\"> lub <\/span><strong><span class=\"citation-0 recitation\">kondensator obej\u015bciowy<\/span><\/strong><span class=\"citation-0 recitation citation-end-0\">jest pasywnym komponentem elektronicznym, kt\u00f3ry odgrywa kluczow\u0105 rol\u0119 w wielu obwodach.<\/span> <span class=\"citation-1 recitation\">Jego podstawow\u0105 funkcj\u0105 jest <\/span><strong><span class=\"citation-1 recitation\">przepuszczaj\u0105 sygna\u0142y pr\u0105du przemiennego (AC), blokuj\u0105c jednocze\u015bnie komponenty pr\u0105du sta\u0142ego (DC)<\/span><\/strong><span class=\"citation-1 recitation citation-end-1\">.<\/span><span class=\"button-container hide-from-message-actions ng-star-inserted\">\u00a0<\/span><\/p>\n<div class=\"container ng-tns-c362440147-19 hide\">\n<div class=\"carousel-container ng-tns-c362440147-19\">\n<div class=\"carousel-content ng-tns-c362440147-19\">\n<div class=\"sources-carousel-source ng-tns-c362440147-19 hide ng-star-inserted\" data-test-id=\"sources-carousel-source\"><\/div>\n<div class=\"sources-carousel-source ng-tns-c362440147-19 hide ng-star-inserted\" data-test-id=\"sources-carousel-source\"><span style=\"font-size: 20.16px;\">Jak to dzia\u0142a<\/span><\/div>\n<\/div>\n<\/div>\n<\/div>\n<ul data-sourcepos=\"6:1-9:0\">\n<li data-sourcepos=\"6:1-6:121\"><strong>Pojemno\u015b\u0107:<\/strong> <span class=\"citation-2 recitation citation-end-2\">Kondensatory przechowuj\u0105 \u0142adunek elektryczny, a ich zdolno\u015b\u0107 do tego jest mierzona w Faradach (F).<\/span><span class=\"button-container hide-from-message-actions ng-star-inserted\">\u00a0 \u00a0<\/span>\n<div class=\"container ng-tns-c362440147-20 hide\">\n<div class=\"carousel-container ng-tns-c362440147-20\"><\/div>\n<\/div>\n<\/li>\n<li data-sourcepos=\"7:1-7:129\"><strong>Sygna\u0142 AC:<\/strong> Po przy\u0142o\u017ceniu sygna\u0142u AC kondensator szybko \u0142aduje si\u0119 i roz\u0142adowuje, umo\u017cliwiaj\u0105c przej\u015bcie sygna\u0142u.<\/li>\n<li data-sourcepos=\"8:1-9:0\"><strong>Sygna\u0142 DC:<\/strong> <span class=\"citation-3 recitation citation-end-3\">W przypadku sygna\u0142u DC kondensator \u0142aduje si\u0119 do stanu ustalonego i dzia\u0142a jak obw\u00f3d otwarty, skutecznie blokuj\u0105c sk\u0142adow\u0105 DC.<\/span><span class=\"button-container hide-from-message-actions ng-star-inserted\"> \u00a0<\/span>\n<div class=\"container ng-tns-c362440147-21 hide\">\n<div class=\"carousel-container ng-tns-c362440147-21\">\n<div class=\"carousel-content ng-tns-c362440147-21\">\n<div class=\"sources-carousel-source ng-tns-c362440147-21 hide ng-star-inserted\" data-test-id=\"sources-carousel-source\"><\/div>\n<\/div>\n<\/div>\n<\/div>\n<\/li>\n<\/ul>\n<h3 data-sourcepos=\"10:1-10:16\">Zastosowania<\/h3>\n<p data-sourcepos=\"11:1-11:81\">Kondensatory blokuj\u0105ce DC s\u0105 szeroko stosowane w r\u00f3\u017cnych uk\u0142adach elektronicznych, w tym:<\/p>\n<ul data-sourcepos=\"12:1-16:0\">\n<li data-sourcepos=\"12:1-12:117\"><strong><span class=\"citation-4 recitation\">Wzmacniacze audio:<\/span><\/strong><span class=\"citation-4 recitation citation-end-4\"> Sprz\u0119\u017cenie sygna\u0142u AC z jednego stopnia do drugiego bez wp\u0142ywu na polaryzacj\u0119 DC.<\/span><\/li>\n<li data-sourcepos=\"12:1-12:117\"><strong><span class=\"button-container hide-from-message-actions ng-star-inserted\"> R<\/span><span class=\"citation-5 recitation\"><strong>adio<\/strong> (RF):<\/span><\/strong><span class=\"citation-5 recitation citation-end-5\"> Aby odizolowa\u0107 r\u00f3\u017cne etapy obwodu i zapobiec niepo\u017c\u0105danym napi\u0119ciom sta\u0142ym zak\u0142\u00f3caj\u0105cym sygna\u0142 RF.<\/span><span class=\"button-container hide-from-message-actions ng-star-inserted\"> \u00a0<\/span>\n<div class=\"container ng-tns-c362440147-23 hide\">\n<div class=\"carousel-container ng-tns-c362440147-23\"><\/div>\n<\/div>\n<\/li>\n<li data-sourcepos=\"14:1-14:102\"><strong><span class=\"citation-6 recitation\">Konwertery mocy:<\/span><\/strong><span class=\"citation-6 recitation citation-end-6\"> Odfiltrowuje szumy i t\u0119tnienia o wysokiej cz\u0119stotliwo\u015bci z wyj\u015bcia DC.<\/span><span class=\"button-container hide-from-message-actions ng-star-inserted\"> \u00a0<\/span><\/li>\n<li data-sourcepos=\"14:1-14:102\"><span class=\"button-container hide-from-message-actions ng-star-inserted\"><strong style=\"font-size: 14.4px;\"><span class=\"citation-7 recitation\">Obwody kondycjonowania sygna\u0142u:<\/span><\/strong><span class=\"citation-7 recitation citation-end-7\" style=\"font-size: 14.4px;\"> Aby usun\u0105\u0107 przesuni\u0119cia DC i odizolowa\u0107 r\u00f3\u017cne cz\u0119\u015bci obwodu.<\/span><span class=\"button-container hide-from-message-actions ng-star-inserted\" style=\"font-size: 14.4px;\"> \u00a0<\/span><\/span>\n<div class=\"container ng-tns-c362440147-25 hide\">\n<div class=\"carousel-container ng-tns-c362440147-25\">\n<div class=\"carousel-content ng-tns-c362440147-25\">\n<div class=\"sources-carousel-source ng-tns-c362440147-25 hide ng-star-inserted\" data-test-id=\"sources-carousel-source\"><\/div>\n<\/div>\n<\/div>\n<\/div>\n<\/li>\n<\/ul>\n<h3 data-sourcepos=\"17:1-17:22\">Kluczowe kwestie<\/h3>\n<ul data-sourcepos=\"18:1-21:0\">\n<li data-sourcepos=\"18:1-18:140\"><strong>Warto\u015b\u0107 pojemno\u015bci:<\/strong> Warto\u015b\u0107 pojemno\u015bci kondensatora jest wybierana na podstawie cz\u0119stotliwo\u015bci sygna\u0142u AC i \u017c\u0105danej impedancji.<\/li>\n<li data-sourcepos=\"19:1-19:116\"><strong>Napi\u0119cie znamionowe:<\/strong> Kondensator musi by\u0107 przystosowany do maksymalnego napi\u0119cia, na jakie b\u0119dzie nara\u017cony w obwodzie.<\/li>\n<li data-sourcepos=\"20:1-21:0\"><strong>Tolerancja:<\/strong> Tolerancja kondensatora okre\u015bla dok\u0142adno\u015b\u0107 jego warto\u015bci pojemno\u015bci.<\/li>\n<\/ul>\n<p data-sourcepos=\"22:1-22:233\"><strong><span class=\"citation-8 recitation citation-end-8\">Zasadniczo kondensator blokuj\u0105cy pr\u0105d sta\u0142y dzia\u0142a jak filtr selektywny, przepuszczaj\u0105c tylko sygna\u0142y pr\u0105du przemiennego, jednocze\u015bnie skutecznie blokuj\u0105c sk\u0142adowe pr\u0105du sta\u0142ego.<\/span> Sprawia to, \u017ce jest on niezb\u0119dnym komponentem w wielu uk\u0142adach elektronicznych.<\/strong><span class=\"button-container hide-from-message-actions ng-star-inserted\"> \u00a0<\/span><\/p>\n<\/div>","protected":false},"excerpt":{"rendered":"<table style=\"height: 544px;\" width=\"643\">\n<tbody>\n<tr>\n<td width=\"146\"><strong><b>Produkt<\/b><\/strong>\u00a0<strong><b>Imi\u0119 i nazwisko:<\/b><\/strong><\/td>\n<td width=\"601\">Kondensator blokuj\u0105cy DC<\/td>\n<\/tr>\n<tr>\n<td width=\"146\">\n<h4><strong>Kr\u00f3tki opis:<\/strong><\/h4>\n<\/td>\n<td width=\"601\">Falowniki i przetwornice cz\u0119stotliwo\u015bci dla fotowoltaiki, energetyki wiatrowej, magazynowania energii i innych nowych ga\u0142\u0119zi przemys\u0142u energetycznego.<\/td>\n<\/tr>\n<tr>\n<td width=\"146\"><strong>Zakres pojemno\u015bci:<\/strong><\/td>\n<td width=\"601\">\u00a0100\u03bcF\uff5e20000\u03bcF<\/td>\n<\/tr>\n<tr>\n<td width=\"146\"><strong>Napi\u0119cie znamionowe\uff1a<\/strong><\/td>\n<td width=\"601\">\u00a0600V.DC\uff5e4000V.DC<\/td>\n<\/tr>\n<tr>\n<td width=\"146\"><strong>Cap.tol\uff1a<\/strong><\/td>\n<td width=\"601\">\u00a0\u00b15%\uff08J\uff09\uff1b\u00b110%\uff08K\uff09<\/td>\n<\/tr>\n<tr>\n<td width=\"146\"><strong>Pojazdy elektryczne i hybrydowe:<\/strong><\/td>\n<td width=\"601\">statki; poci\u0105gi.<\/td>\n<\/tr>\n<tr>\n<td width=\"146\"><\/td>\n<td width=\"601\"><\/td>\n<\/tr>\n<tr>\n<td width=\"146\"><\/td>\n<td width=\"601\"><\/td>\n<\/tr>\n<tr>\n<td width=\"146\"><\/td>\n<td width=\"601\"><\/td>\n<\/tr>\n<\/tbody>\n<\/table>","protected":false},"featured_media":1621,"comment_status":"open","ping_status":"closed","template":"","meta":[],"product_brand":[],"product_cat":[38],"product_tag":[],"class_list":{"0":"post-1619","1":"product","2":"type-product","3":"status-publish","4":"has-post-thumbnail","6":"product_cat-dc-capacitor-2","8":"first","9":"instock","10":"shipping-taxable","11":"product-type-simple"},"_links":{"self":[{"href":"https:\/\/rf-capacitor.com\/pl\/wp-json\/wp\/v2\/product\/1619","targetHints":{"allow":["GET"]}}],"collection":[{"href":"https:\/\/rf-capacitor.com\/pl\/wp-json\/wp\/v2\/product"}],"about":[{"href":"https:\/\/rf-capacitor.com\/pl\/wp-json\/wp\/v2\/types\/product"}],"replies":[{"embeddable":true,"href":"https:\/\/rf-capacitor.com\/pl\/wp-json\/wp\/v2\/comments?post=1619"}],"wp:featuredmedia":[{"embeddable":true,"href":"https:\/\/rf-capacitor.com\/pl\/wp-json\/wp\/v2\/media\/1621"}],"wp:attachment":[{"href":"https:\/\/rf-capacitor.com\/pl\/wp-json\/wp\/v2\/media?parent=1619"}],"wp:term":[{"taxonomy":"product_brand","embeddable":true,"href":"https:\/\/rf-capacitor.com\/pl\/wp-json\/wp\/v2\/product_brand?post=1619"},{"taxonomy":"product_cat","embeddable":true,"href":"https:\/\/rf-capacitor.com\/pl\/wp-json\/wp\/v2\/product_cat?post=1619"},{"taxonomy":"product_tag","embeddable":true,"href":"https:\/\/rf-capacitor.com\/pl\/wp-json\/wp\/v2\/product_tag?post=1619"}],"curies":[{"name":"wp","href":"https:\/\/api.w.org\/{rel}","templated":true}]}}