{"id":2084,"date":"2025-01-14T03:10:45","date_gmt":"2025-01-14T03:10:45","guid":{"rendered":"https:\/\/rf-capacitor.com\/?post_type=product&#038;p=2084"},"modified":"2025-01-14T07:43:24","modified_gmt":"2025-01-14T07:43:24","slug":"open-loop-hall-current-sensor","status":"publish","type":"product","link":"https:\/\/rf-capacitor.com\/lv\/open-loop-hall-current-sensor\/","title":{"rendered":"Atv\u0113rt\u0101s cilpas Hall str\u0101vas sensors"},"content":{"rendered":"<p data-sourcepos=\"1:1-1:164\">Atv\u0113rt\u0101s cilpas Hola efekta str\u0101vas sensors ir str\u0101vas sensora veids, kas tie\u0161i m\u0113ra magn\u0113tisko lauku, ko rada caur vad\u012bt\u0101ju pl\u016bsto\u0161a str\u0101va.<\/p>\n<h2 data-sourcepos=\"3:1-3:24\">L\u016bk, k\u0101 darbojas atv\u0113rt\u0101s cilpas Hola str\u0101vas sensors:<\/h2>\n<ol data-sourcepos=\"5:1-8:0\">\n<li data-sourcepos=\"5:1-5:103\"><strong>Str\u0101vas pl\u016bsma:<\/strong> Str\u0101vai pl\u016bstot caur vad\u012bt\u0101ju, ap to rodas magn\u0113tiskais lauks.<\/li>\n<li data-sourcepos=\"6:1-6:131\"><strong>Magn\u0113tisk\u0101 lauka noteik\u0161ana:<\/strong> Hala efekta sensors, kas novietots pie vad\u012bt\u0101ja, nosaka \u0161\u012b magn\u0113tisk\u0101 lauka stiprumu.<\/li>\n<li data-sourcepos=\"7:1-8:0\"><strong>Sprieguma izeja:<\/strong> Hala sensors rada spriegumu, kas ir proporcion\u0101ls magn\u0113tisk\u0101 lauka stiprumam un l\u012bdz ar to ar\u012b caur vad\u012bt\u0101ju pl\u016bsto\u0161ajai str\u0101vai.<\/li>\n<\/ol>\n<h2 data-sourcepos=\"9:1-9:24\">Galven\u0101s iez\u012bmes:<\/h2>\n<ul data-sourcepos=\"11:1-16:0\">\n<li data-sourcepos=\"11:1-11:76\"><strong>Vienk\u0101r\u0161a konstrukcija:<\/strong> Relat\u012bvi vienk\u0101r\u0161a un l\u0113ta ra\u017eo\u0161ana.<\/li>\n<li data-sourcepos=\"12:1-12:89\"><strong>Neinvaz\u012bva m\u0113r\u012b\u0161ana:<\/strong> Lai izm\u0113r\u012btu str\u0101vu, nav nepiecie\u0161ams p\u0101rtraukt \u0137\u0113di.<\/li>\n<li data-sourcepos=\"13:1-13:69\"><strong>Labs joslas platums:<\/strong> Var prec\u012bzi m\u0113r\u012bt gan l\u012bdzstr\u0101vas, gan mai\u0146str\u0101vas str\u0101vu.<\/li>\n<li data-sourcepos=\"14:1-14:111\"><strong>Jut\u012bgs pret \u0101r\u0113jiem magn\u0113tiskajiem trauc\u0113jumiem:<\/strong> \u0100r\u0113jie magn\u0113tiskie lauki var ietekm\u0113t sensora precizit\u0101ti.<\/li>\n<li data-sourcepos=\"15:1-16:0\"><strong>Temperat\u016bras jut\u012bba:<\/strong> Temperat\u016bras sv\u0101rst\u012bbas var ietekm\u0113t sensora izvadi.<\/li>\n<\/ul>\n<h2 data-sourcepos=\"17:1-17:17\">Pieteikumi:<\/h2>\n<ul data-sourcepos=\"19:1-23:0\">\n<li data-sourcepos=\"19:1-19:96\"><strong>Motora vad\u012bba:<\/strong> Motora str\u0101vu uzraudz\u012bba r\u016bpnieciskaj\u0101s piedzi\u0146\u0101s un automobi\u013cos.<\/li>\n<li data-sourcepos=\"20:1-20:114\"><strong>Akumulatoru vad\u012bbas sist\u0113mas (BMS):<\/strong> Akumulatora str\u0101vas m\u0113r\u012b\u0161ana elektriskajos transportl\u012bdzek\u013cos un ener\u0123ijas uzkr\u0101\u0161anas sist\u0113m\u0101s.<\/li>\n<li data-sourcepos=\"21:1-21:104\"><strong>Aizsardz\u012bba pret p\u0101rsprieguma str\u0101vu:<\/strong> P\u0101rslodzes str\u0101vas apst\u0101k\u013cu noteik\u0161ana un rea\u0123\u0113\u0161ana uz tiem elektriskaj\u0101s \u0137\u0113d\u0113s.<\/li>\n<li data-sourcepos=\"22:1-23:0\"><strong>Jaudas uzraudz\u012bba:<\/strong> Ener\u0123ijas pat\u0113ri\u0146a m\u0113r\u012b\u0161ana da\u017e\u0101dos lietojumos.<\/li>\n<\/ul>\n<h2 data-sourcepos=\"24:1-24:16\">Ierobe\u017eojumi:<\/h2>\n<ul data-sourcepos=\"26:1-28:0\">\n<li data-sourcepos=\"26:1-26:86\"><strong>Precizit\u0101ti var ietekm\u0113t \u0101r\u0113jie magn\u0113tiskie lauki un temperat\u016bras sv\u0101rst\u012bbas.<\/strong><\/li>\n<li data-sourcepos=\"27:1-28:0\"><strong>Var b\u016bt nepiecie\u0161ama papildu sign\u0101la kondicion\u0113\u0161anas sh\u0113ma, lai uzlabotu precizit\u0101ti un kompens\u0113tu vides faktorus.<\/strong><\/li>\n<\/ul>\n<p data-sourcepos=\"29:1-29:189\">Neraugoties uz \u0161iem ierobe\u017eojumiem, atv\u0113rt\u0101s cilpas Hola efekta str\u0101vas sensori ir rentabls un praktisks risin\u0101jums daudziem str\u0101vas sensoru lietojumiem, jo tie ir vienk\u0101r\u0161i un viegli lietojami.<\/p>","protected":false},"excerpt":{"rendered":"<p>Specifik\u0101cija un funkcijas \uff1a<\/p>\n<p>\u25cf Nomin\u0101l\u0101 str\u0101vas ieeja: 0~(200-1000)A<\/p>\n<p>\u25cf Nomin\u0101l\u0101 jauda: 5V \/ 4V \/ 4-20mA<\/p>\n<p>\u25cf Diafragma: 20mm\/40mm\/55mm utt.<\/p>\n<p>\u25cf Baro\u0161anas avots: \u00b115V \/ 12V \/ 24V<\/p>\n<p>\u25cf Mazs iepakojuma izm\u0113rs<\/p>\n<p>\u25cf Zems ener\u0123ijas pat\u0113ri\u0146\u0161<\/p>\n<p>\u25cf Papla\u0161in\u0101ts m\u0113r\u012bjumu diapazons<\/p>\n<p>\u25cf Sadal\u012bts tips; Viegla uzst\u0101d\u012b\u0161ana<\/p>","protected":false},"featured_media":2085,"comment_status":"open","ping_status":"closed","template":"","meta":[],"product_brand":[],"product_cat":[44],"product_tag":[],"class_list":{"0":"post-2084","1":"product","2":"type-product","3":"status-publish","4":"has-post-thumbnail","6":"product_cat-current-sensor-2","8":"first","9":"instock","10":"shipping-taxable","11":"product-type-simple"},"_links":{"self":[{"href":"https:\/\/rf-capacitor.com\/lv\/wp-json\/wp\/v2\/product\/2084","targetHints":{"allow":["GET"]}}],"collection":[{"href":"https:\/\/rf-capacitor.com\/lv\/wp-json\/wp\/v2\/product"}],"about":[{"href":"https:\/\/rf-capacitor.com\/lv\/wp-json\/wp\/v2\/types\/product"}],"replies":[{"embeddable":true,"href":"https:\/\/rf-capacitor.com\/lv\/wp-json\/wp\/v2\/comments?post=2084"}],"wp:featuredmedia":[{"embeddable":true,"href":"https:\/\/rf-capacitor.com\/lv\/wp-json\/wp\/v2\/media\/2085"}],"wp:attachment":[{"href":"https:\/\/rf-capacitor.com\/lv\/wp-json\/wp\/v2\/media?parent=2084"}],"wp:term":[{"taxonomy":"product_brand","embeddable":true,"href":"https:\/\/rf-capacitor.com\/lv\/wp-json\/wp\/v2\/product_brand?post=2084"},{"taxonomy":"product_cat","embeddable":true,"href":"https:\/\/rf-capacitor.com\/lv\/wp-json\/wp\/v2\/product_cat?post=2084"},{"taxonomy":"product_tag","embeddable":true,"href":"https:\/\/rf-capacitor.com\/lv\/wp-json\/wp\/v2\/product_tag?post=2084"}],"curies":[{"name":"wp","href":"https:\/\/api.w.org\/{rel}","templated":true}]}}