{"id":2073,"date":"2025-01-14T02:34:23","date_gmt":"2025-01-14T02:34:23","guid":{"rendered":"https:\/\/rf-capacitor.com\/?post_type=product&#038;p=2073"},"modified":"2025-01-14T07:43:03","modified_gmt":"2025-01-14T07:43:03","slug":"ac-transmitter","status":"publish","type":"product","link":"https:\/\/rf-capacitor.com\/lv\/ac-transmitter\/","title":{"rendered":"Mai\u0146str\u0101vas raid\u012bt\u0101js"},"content":{"rendered":"<p data-sourcepos=\"1:1-1:166\">Mai\u0146str\u0101vas raid\u012bt\u0101js ir elektroniska ier\u012bce, kas p\u0101rveido ieejas sign\u0101lu (parasti l\u012bdzstr\u0101vas sign\u0101lu vai zemas frekvences mai\u0146str\u0101vas sign\u0101lu) augst\u0101kas frekvences mai\u0146str\u0101vas sign\u0101l\u0101.<\/p>\n<h2 data-sourcepos=\"3:1-3:18\">Mai\u0146str\u0101vas raid\u012bt\u0101ja galven\u0101s funkcijas:<\/h2>\n<ul data-sourcepos=\"5:1-8:0\">\n<li data-sourcepos=\"5:1-5:117\"><strong>Frekvences p\u0101rveido\u0161ana:<\/strong> Galven\u0101 funkcija ir ieejas sign\u0101la frekvences mai\u0146a uz augst\u0101ku frekvenci.<\/li>\n<li data-sourcepos=\"6:1-6:89\"><strong>Sign\u0101la pastiprin\u0101\u0161ana:<\/strong> Daudzos gad\u012bjumos mai\u0146str\u0101vas raid\u012bt\u0101ji ar\u012b pastiprina ieejas sign\u0101lu.<\/li>\n<li data-sourcepos=\"7:1-8:0\"><strong>Modul\u0101cija:<\/strong> Da\u017ei mai\u0146str\u0101vas raid\u012bt\u0101ji var modul\u0113t izejas sign\u0101lu, piem\u0113ram, ar amplit\u016bdas modul\u0101ciju (AM), frekvences modul\u0101ciju (FM) vai f\u0101zes modul\u0101ciju (PM).<\/li>\n<\/ul>\n<h2 data-sourcepos=\"9:1-9:17\">Pieteikumi:<\/h2>\n<ul data-sourcepos=\"11:1-15:0\">\n<li data-sourcepos=\"11:1-11:151\"><strong>Radiosakari:<\/strong> Izmanto radio raid\u012bt\u0101jos, lai \u0123ener\u0113tu radiofrekvences (RF) sign\u0101lus apraidei, komunik\u0101cijai un citiem lietojumiem.<\/li>\n<li data-sourcepos=\"12:1-12:142\"><strong>Telekomunik\u0101cijas:<\/strong> Izmanto da\u017e\u0101d\u0101s telekomunik\u0101ciju sist\u0113m\u0101s, tostarp \u0161\u016bnu t\u012bklos, bezvadu LAN un satel\u012btu sakaru sist\u0113m\u0101s.<\/li>\n<li data-sourcepos=\"13:1-13:147\"><strong>R\u016bpnieciskie lietojumi:<\/strong> Izmanto r\u016bpniecisk\u0101s vad\u012bbas sist\u0113m\u0101s, att\u0101laj\u0101 uztver\u0161an\u0101 un citos lietojumos, kur nepiecie\u0161ama bezvadu komunik\u0101cija.<\/li>\n<li data-sourcepos=\"14:1-15:0\"><strong>Medic\u012bnas lietojumprogrammas:<\/strong> Izmanto medic\u012bnas ier\u012bc\u0113s att\u0101lin\u0101tai uzraudz\u012bbai un kontrolei.<\/li>\n<\/ul>\n<h2 data-sourcepos=\"16:1-16:19\">Galvenie komponenti:<\/h2>\n<ul data-sourcepos=\"18:1-22:0\">\n<li data-sourcepos=\"18:1-18:70\"><strong>Oscilatoru:<\/strong> \u0122ener\u0113 neso\u0161o vilni ar v\u0113lamo frekvenci.<\/li>\n<li data-sourcepos=\"19:1-19:82\"><strong>Modulators:<\/strong> (Ja piem\u0113rojams) Modul\u0113 neso\u0161o vilni ar ieejas sign\u0101lu.<\/li>\n<li data-sourcepos=\"20:1-20:75\"><strong>Pastiprin\u0101t\u0101js:<\/strong> Pastiprina modul\u0113to sign\u0101lu l\u012bdz v\u0113lamajam jaudas l\u012bmenim.<\/li>\n<li data-sourcepos=\"21:1-22:0\"><strong>Filtri:<\/strong> Filtr\u0113 izejas sign\u0101lu, lai nov\u0113rstu nev\u0113lamas frekvences un uzlabotu sign\u0101la kvalit\u0101ti.<\/li>\n<\/ul>\n<p data-sourcepos=\"23:1-23:149\">Mai\u0146str\u0101vas raid\u012bt\u0101ji ir b\u016btiski daudzu m\u016bsdienu sakaru sist\u0113mu komponenti, kas nodro\u0161ina inform\u0101cijas bezvadu p\u0101rraidi lielos att\u0101lumos.<\/p>","protected":false},"excerpt":{"rendered":"<p id=\"tw-target-text\" class=\"tw-data-text tw-text-large tw-ta\" dir=\"ltr\" data-placeholder=\"Translation\" data-ved=\"2ahUKEwjet87_mPSKAxW-l-4BHYkPKs4Q3ewLegQIDRAU\" aria-label=\"Tulkotais teksts: Tehniskie parametri\"><span class=\"Y2IQFc\" lang=\"en\">Mai\u0146str\u0101vas raid\u012bt\u0101ja tehniskie parametri\uff1a<\/span><\/p>\n<table style=\"font-size: 14.4px; height: 1380px;\" width=\"766\">\n<tbody>\n<tr>\n<td width=\"179\">Modelis<\/td>\n<td width=\"113\">Princips<\/td>\n<td width=\"128\">Nomin\u0101l\u0101 ieejas jauda<\/td>\n<td width=\"160\">Baro\u0161anas spriegums (V)<\/td>\n<td width=\"164\">Izejas jauda @ nomin\u0101l\u0101 ieejas jauda<\/td>\n<td width=\"106\">Joslas platums (Hz)<\/td>\n<td width=\"121\">Norm\u0101l\u0101s temperat\u016bras precizit\u0101te \uff08%\uff09<\/td>\n<td width=\"105\">TA (\u2103)<\/td>\n<td width=\"109\">Uzst\u0101d\u012b\u0161anas metode<\/td>\n<td width=\"151\">Apert\u016bra\/ savienojums (mm)<\/td>\n<\/tr>\n<tr>\n<td width=\"179\">RF50EKA128<\/td>\n<td width=\"113\">Atv\u0113rt\u0101 cilpa<\/td>\n<td width=\"128\">AC50A<\/td>\n<td width=\"160\">+24V<\/td>\n<td width=\"164\">L\u012bdzstr\u0101vas str\u0101va 12\u00b18mA<\/td>\n<td width=\"106\">DC-20 (-3dB)<\/td>\n<td width=\"121\">1<\/td>\n<td width=\"105\">-40&#8230;+85<\/td>\n<td width=\"109\">Perfor\u0101cija<\/td>\n<td width=\"151\">\u03a621<\/td>\n<\/tr>\n<tr>\n<td width=\"179\">RF100EKA128<\/td>\n<td width=\"113\">Atv\u0113rt\u0101 cilpa<\/td>\n<td width=\"128\">AC100A<\/td>\n<td width=\"160\">+24V<\/td>\n<td width=\"164\">L\u012bdzstr\u0101vas str\u0101va 12\u00b18mA<\/td>\n<td width=\"106\">DC-20 (-3dB)<\/td>\n<td width=\"121\">1<\/td>\n<td width=\"105\">-40&#8230;+85<\/td>\n<td width=\"109\">Perfor\u0101cija<\/td>\n<td width=\"151\">\u03a621<\/td>\n<\/tr>\n<tr>\n<td width=\"179\">RF150EKA128<\/td>\n<td width=\"113\">Atv\u0113rt\u0101 cilpa<\/td>\n<td width=\"128\">AC150A<\/td>\n<td width=\"160\">+24V<\/td>\n<td width=\"164\">L\u012bdzstr\u0101vas str\u0101va 12\u00b18mA<\/td>\n<td width=\"106\">DC-20 (-3dB)<\/td>\n<td width=\"121\">1<\/td>\n<td width=\"105\">-40&#8230;+85<\/td>\n<td width=\"109\">Perfor\u0101cija<\/td>\n<td width=\"151\">\u03a621<\/td>\n<\/tr>\n<tr>\n<td width=\"179\">RF200EKA128<\/td>\n<td width=\"113\">Atv\u0113rt\u0101 cilpa<\/td>\n<td width=\"128\">AC200A<\/td>\n<td width=\"160\">+24V<\/td>\n<td width=\"164\">L\u012bdzstr\u0101vas str\u0101va 12\u00b18mA<\/td>\n<td width=\"106\">DC-20 (-3dB)<\/td>\n<td width=\"121\">1<\/td>\n<td width=\"105\">-40&#8230;+85<\/td>\n<td width=\"109\">Perfor\u0101cija<\/td>\n<td width=\"151\">\u03a621<\/td>\n<\/tr>\n<tr>\n<td width=\"179\">RF300EKA128<\/td>\n<td width=\"113\">Atv\u0113rt\u0101 cilpa<\/td>\n<td width=\"128\">AC300A<\/td>\n<td width=\"160\">+24V<\/td>\n<td width=\"164\">L\u012bdzstr\u0101vas str\u0101va 12\u00b18mA<\/td>\n<td width=\"106\">DC-20 (-3dB)<\/td>\n<td width=\"121\">1<\/td>\n<td width=\"105\">-40&#8230;+85<\/td>\n<td width=\"109\">Perfor\u0101cija<\/td>\n<td width=\"151\">\u03a621<\/td>\n<\/tr>\n<tr>\n<td width=\"179\">RF400EKA128<\/td>\n<td width=\"113\">Atv\u0113rt\u0101 cilpa<\/td>\n<td width=\"128\">AC400A<\/td>\n<td width=\"160\">+24V<\/td>\n<td width=\"164\">L\u012bdzstr\u0101vas str\u0101va 12\u00b18mA<\/td>\n<td width=\"106\">DC-20 (-3dB)<\/td>\n<td width=\"121\">1<\/td>\n<td width=\"105\">-40&#8230;+85<\/td>\n<td width=\"109\">Perfor\u0101cija<\/td>\n<td width=\"151\">\u03a621<\/td>\n<\/tr>\n<tr>\n<td width=\"179\">RF500EKA128<\/td>\n<td width=\"113\">Atv\u0113rt\u0101 cilpa<\/td>\n<td width=\"128\">AC500A<\/td>\n<td width=\"160\">+24V<\/td>\n<td width=\"164\">L\u012bdzstr\u0101vas str\u0101va 12\u00b18mA<\/td>\n<td width=\"106\">DC-20 (-3dB)<\/td>\n<td width=\"121\">1<\/td>\n<td width=\"105\">-40&#8230;+85<\/td>\n<td width=\"109\">Perfor\u0101cija<\/td>\n<td width=\"151\">\u03a621<\/td>\n<\/tr>\n<tr>\n<td width=\"179\">RF600EKA128<\/td>\n<td width=\"113\">Atv\u0113rt\u0101 cilpa<\/td>\n<td width=\"128\">AC600A<\/td>\n<td width=\"160\">+24V<\/td>\n<td width=\"164\">L\u012bdzstr\u0101vas str\u0101va 12\u00b18mA<\/td>\n<td width=\"106\">DC-20 (-3dB)<\/td>\n<td width=\"121\">1<\/td>\n<td width=\"105\">-40&#8230;+85<\/td>\n<td width=\"109\">Perfor\u0101cija<\/td>\n<td width=\"151\">\u03a621<\/td>\n<\/tr>\n<tr>\n<td width=\"179\">RF100EKB128<\/td>\n<td width=\"113\">Atv\u0113rt\u0101 cilpa<\/td>\n<td width=\"128\">AC100A<\/td>\n<td width=\"160\">+24V<\/td>\n<td width=\"164\">L\u012bdzstr\u0101vas str\u0101va 12\u00b18mA<\/td>\n<td width=\"106\">DC-20 (-3dB)<\/td>\n<td width=\"121\">1<\/td>\n<td width=\"105\">-40&#8230;+85<\/td>\n<td width=\"109\">Perfor\u0101cija<\/td>\n<td width=\"151\">\u03a640.5<\/td>\n<\/tr>\n<tr>\n<td width=\"179\">RF200EKB128<\/td>\n<td width=\"113\">Atv\u0113rt\u0101 cilpa<\/td>\n<td width=\"128\">AC200A<\/td>\n<td width=\"160\">+24V<\/td>\n<td width=\"164\">L\u012bdzstr\u0101vas str\u0101va 12\u00b18mA<\/td>\n<td width=\"106\">DC-20 (-3dB)<\/td>\n<td width=\"121\">1<\/td>\n<td width=\"105\">-40&#8230;+85<\/td>\n<td width=\"109\">Perfor\u0101cija<\/td>\n<td width=\"151\">\u03a640.5<\/td>\n<\/tr>\n<tr>\n<td width=\"179\">RF300EKB128<\/td>\n<td width=\"113\">Atv\u0113rt\u0101 cilpa<\/td>\n<td width=\"128\">AC300A<\/td>\n<td width=\"160\">+24V<\/td>\n<td width=\"164\">L\u012bdzstr\u0101vas str\u0101va 12\u00b18mA<\/td>\n<td width=\"106\">DC-20 (-3dB)<\/td>\n<td width=\"121\">1<\/td>\n<td width=\"105\">-40&#8230;+85<\/td>\n<td width=\"109\">Perfor\u0101cija<\/td>\n<td width=\"151\">\u03a640.5<\/td>\n<\/tr>\n<tr>\n<td width=\"179\">RF500EKB128<\/td>\n<td width=\"113\">Atv\u0113rt\u0101 cilpa<\/td>\n<td width=\"128\">AC500A<\/td>\n<td width=\"160\">+24V<\/td>\n<td width=\"164\">L\u012bdzstr\u0101vas str\u0101va 12\u00b18mA<\/td>\n<td width=\"106\">DC-20 (-3dB)<\/td>\n<td width=\"121\">1<\/td>\n<td width=\"105\">-40&#8230;+85<\/td>\n<td width=\"109\">Perfor\u0101cija<\/td>\n<td width=\"151\">\u03a640.5<\/td>\n<\/tr>\n<tr>\n<td width=\"179\">RF1000EKB128<\/td>\n<td width=\"113\">Atv\u0113rt\u0101 cilpa<\/td>\n<td width=\"128\">AC1000A<\/td>\n<td width=\"160\">+24V<\/td>\n<td width=\"164\">L\u012bdzstr\u0101vas str\u0101va 12\u00b18mA<\/td>\n<td width=\"106\">DC-20 (-3dB)<\/td>\n<td width=\"121\">1<\/td>\n<td width=\"105\">-40&#8230;+85<\/td>\n<td width=\"109\">Perfor\u0101cija<\/td>\n<td width=\"151\">\u03a640.5<\/td>\n<\/tr>\n<tr>\n<td width=\"179\">RF2000EKB128<\/td>\n<td width=\"113\">Atv\u0113rt\u0101 cilpa<\/td>\n<td width=\"128\">AC2000A<\/td>\n<td width=\"160\">+24V<\/td>\n<td width=\"164\">L\u012bdzstr\u0101vas str\u0101va 12\u00b18mA<\/td>\n<td width=\"106\">DC-20 (-3dB)<\/td>\n<td width=\"121\">1<\/td>\n<td width=\"105\">-40&#8230;+85<\/td>\n<td width=\"109\">Perfor\u0101cija<\/td>\n<td width=\"151\">\u03a640.5<\/td>\n<\/tr>\n<tr>\n<td width=\"179\">RF50EKA<\/td>\n<td width=\"113\">Atv\u0113rt\u0101 cilpa<\/td>\n<td width=\"128\">AC50A<\/td>\n<td width=\"160\">\u00b115V<\/td>\n<td width=\"164\">L\u012aDZSTR\u0100VAS 0~ 5V<\/td>\n<td width=\"106\">DC-20 (-3dB)<\/td>\n<td width=\"121\">1<\/td>\n<td width=\"105\">-40&#8230;+85<\/td>\n<td width=\"109\">Perfor\u0101cija<\/td>\n<td width=\"151\">\u03a621<\/td>\n<\/tr>\n<tr>\n<td width=\"179\">RF100EKA<\/td>\n<td width=\"113\">Atv\u0113rt\u0101 cilpa<\/td>\n<td width=\"128\">AC100A<\/td>\n<td width=\"160\">\u00b115V<\/td>\n<td width=\"164\">L\u012aDZSTR\u0100VAS 0~ 5V<\/td>\n<td width=\"106\">DC-20 (-3dB)<\/td>\n<td width=\"121\">1<\/td>\n<td width=\"105\">-40&#8230;+85<\/td>\n<td width=\"109\">Perfor\u0101cija<\/td>\n<td width=\"151\">\u03a621<\/td>\n<\/tr>\n<tr>\n<td width=\"179\">RF150EKA<\/td>\n<td width=\"113\">Atv\u0113rt\u0101 cilpa<\/td>\n<td width=\"128\">AC150A<\/td>\n<td width=\"160\">\u00b115V<\/td>\n<td width=\"164\">L\u012aDZSTR\u0100VAS 0~ 5V<\/td>\n<td width=\"106\">DC-20 (-3dB)<\/td>\n<td width=\"121\">1<\/td>\n<td width=\"105\">-40&#8230;+85<\/td>\n<td width=\"109\">Perfor\u0101cija<\/td>\n<td width=\"151\">\u03a621<\/td>\n<\/tr>\n<tr>\n<td width=\"179\">RF200EKA<\/td>\n<td width=\"113\">Atv\u0113rt\u0101 cilpa<\/td>\n<td width=\"128\">AC200A<\/td>\n<td width=\"160\">\u00b115V<\/td>\n<td width=\"164\">L\u012aDZSTR\u0100VAS 0~ 5V<\/td>\n<td width=\"106\">DC-20 (-3dB)<\/td>\n<td width=\"121\">1<\/td>\n<td width=\"105\">-40&#8230;+85<\/td>\n<td width=\"109\">Perfor\u0101cija<\/td>\n<td width=\"151\">\u03a621<\/td>\n<\/tr>\n<tr>\n<td width=\"179\">RF300EKA<\/td>\n<td width=\"113\">Atv\u0113rt\u0101 cilpa<\/td>\n<td width=\"128\">AC300A<\/td>\n<td width=\"160\">\u00b115V<\/td>\n<td width=\"164\">L\u012aDZSTR\u0100VAS 0~ 5V<\/td>\n<td width=\"106\">DC-20 (-3dB)<\/td>\n<td width=\"121\">1<\/td>\n<td width=\"105\">-40&#8230;+85<\/td>\n<td width=\"109\">Perfor\u0101cija<\/td>\n<td width=\"151\">\u03a621<\/td>\n<\/tr>\n<tr>\n<td width=\"179\">RF400EKA<\/td>\n<td width=\"113\">Atv\u0113rt\u0101 cilpa<\/td>\n<td width=\"128\">AC400A<\/td>\n<td width=\"160\">\u00b115V<\/td>\n<td width=\"164\">L\u012aDZSTR\u0100VAS 0~ 5V<\/td>\n<td width=\"106\">DC-20 (-3dB)<\/td>\n<td width=\"121\">1<\/td>\n<td width=\"105\">-40&#8230;+85<\/td>\n<td width=\"109\">Perfor\u0101cija<\/td>\n<td width=\"151\">\u03a621<\/td>\n<\/tr>\n<tr>\n<td width=\"179\">RF500EKA<\/td>\n<td width=\"113\">Atv\u0113rt\u0101 cilpa<\/td>\n<td width=\"128\">AC500A<\/td>\n<td width=\"160\">\u00b115V<\/td>\n<td width=\"164\">L\u012aDZSTR\u0100VAS 0~ 5V<\/td>\n<td width=\"106\">DC-20 (-3dB)<\/td>\n<td width=\"121\">1<\/td>\n<td width=\"105\">-40&#8230;+85<\/td>\n<td width=\"109\">Perfor\u0101cija<\/td>\n<td width=\"151\">\u03a621<\/td>\n<\/tr>\n<tr>\n<td width=\"179\">RF600EKA<\/td>\n<td width=\"113\">Atv\u0113rt\u0101 cilpa<\/td>\n<td width=\"128\">AC600A<\/td>\n<td width=\"160\">\u00b115V<\/td>\n<td width=\"164\">L\u012aDZSTR\u0100VAS 0~ 5V<\/td>\n<td width=\"106\">DC-20 (-3dB)<\/td>\n<td width=\"121\">1<\/td>\n<td width=\"105\">-40&#8230;+85<\/td>\n<td width=\"109\">Perfor\u0101cija<\/td>\n<td width=\"151\">\u03a621<\/td>\n<\/tr>\n<tr>\n<td width=\"179\">RF100EKB<\/td>\n<td width=\"113\">Atv\u0113rt\u0101 cilpa<\/td>\n<td width=\"128\">AC100A<\/td>\n<td width=\"160\">\u00b115V<\/td>\n<td width=\"164\">L\u012aDZSTR\u0100VAS 0~ 5V<\/td>\n<td width=\"106\">DC-20 (-3dB)<\/td>\n<td width=\"121\">1<\/td>\n<td width=\"105\">-40&#8230;+85<\/td>\n<td width=\"109\">Perfor\u0101cija<\/td>\n<td width=\"151\">\u03a640.5<\/td>\n<\/tr>\n<tr>\n<td width=\"179\">RF200EKB<\/td>\n<td width=\"113\">Atv\u0113rt\u0101 cilpa<\/td>\n<td width=\"128\">AC200A<\/td>\n<td width=\"160\">\u00b115V<\/td>\n<td width=\"164\">L\u012aDZSTR\u0100VAS 0~ 5V<\/td>\n<td width=\"106\">DC-20 (-3dB)<\/td>\n<td width=\"121\">1<\/td>\n<td width=\"105\">-40&#8230;+85<\/td>\n<td width=\"109\">Perfor\u0101cija<\/td>\n<td width=\"151\">\u03a640.5<\/td>\n<\/tr>\n<tr>\n<td width=\"179\">RF300EKB<\/td>\n<td width=\"113\">Atv\u0113rt\u0101 cilpa<\/td>\n<td width=\"128\">AC300A<\/td>\n<td width=\"160\">\u00b115V<\/td>\n<td width=\"164\">L\u012aDZSTR\u0100VAS 0~ 5V<\/td>\n<td width=\"106\">DC-20 (-3dB)<\/td>\n<td width=\"121\">1<\/td>\n<td width=\"105\">-40&#8230;+85<\/td>\n<td width=\"109\">Perfor\u0101cija<\/td>\n<td width=\"151\">\u03a640.5<\/td>\n<\/tr>\n<tr>\n<td width=\"179\">RF500EKB<\/td>\n<td width=\"113\">Atv\u0113rt\u0101 cilpa<\/td>\n<td width=\"128\">AC500A<\/td>\n<td width=\"160\">\u00b115V<\/td>\n<td width=\"164\">L\u012aDZSTR\u0100VAS 0~ 5V<\/td>\n<td width=\"106\">DC-20 (-3dB)<\/td>\n<td width=\"121\">1<\/td>\n<td width=\"105\">-40&#8230;+85<\/td>\n<td width=\"109\">Perfor\u0101cija<\/td>\n<td width=\"151\">\u03a640.5<\/td>\n<\/tr>\n<tr>\n<td width=\"179\">RF1000EKB<\/td>\n<td width=\"113\">Atv\u0113rt\u0101 cilpa<\/td>\n<td width=\"128\">AC1000A<\/td>\n<td width=\"160\">\u00b115V<\/td>\n<td width=\"164\">L\u012aDZSTR\u0100VAS 0~ 5V<\/td>\n<td width=\"106\">DC-20 (-3dB)<\/td>\n<td width=\"121\">1<\/td>\n<td width=\"105\">-40&#8230;+85<\/td>\n<td width=\"109\">Perfor\u0101cija<\/td>\n<td width=\"151\">\u03a640.5<\/td>\n<\/tr>\n<tr>\n<td width=\"179\">RF2000EKB<\/td>\n<td width=\"113\">Atv\u0113rt\u0101 cilpa<\/td>\n<td width=\"128\">AC2000A<\/td>\n<td width=\"160\">\u00b115V<\/td>\n<td width=\"164\">L\u012aDZSTR\u0100VAS 0~ 5V<\/td>\n<td width=\"106\">DC-20 (-3dB)<\/td>\n<td width=\"121\">1<\/td>\n<td width=\"105\">-40&#8230;+85<\/td>\n<td width=\"109\">Perfor\u0101cija<\/td>\n<td width=\"151\">\u03a640.5<\/td>\n<\/tr>\n<\/tbody>\n<\/table>","protected":false},"featured_media":2074,"comment_status":"open","ping_status":"closed","template":"","meta":[],"product_brand":[],"product_cat":[44],"product_tag":[],"class_list":{"0":"post-2073","1":"product","2":"type-product","3":"status-publish","4":"has-post-thumbnail","6":"product_cat-current-sensor-2","8":"first","9":"instock","10":"shipping-taxable","11":"product-type-simple"},"_links":{"self":[{"href":"https:\/\/rf-capacitor.com\/lv\/wp-json\/wp\/v2\/product\/2073","targetHints":{"allow":["GET"]}}],"collection":[{"href":"https:\/\/rf-capacitor.com\/lv\/wp-json\/wp\/v2\/product"}],"about":[{"href":"https:\/\/rf-capacitor.com\/lv\/wp-json\/wp\/v2\/types\/product"}],"replies":[{"embeddable":true,"href":"https:\/\/rf-capacitor.com\/lv\/wp-json\/wp\/v2\/comments?post=2073"}],"wp:featuredmedia":[{"embeddable":true,"href":"https:\/\/rf-capacitor.com\/lv\/wp-json\/wp\/v2\/media\/2074"}],"wp:attachment":[{"href":"https:\/\/rf-capacitor.com\/lv\/wp-json\/wp\/v2\/media?parent=2073"}],"wp:term":[{"taxonomy":"product_brand","embeddable":true,"href":"https:\/\/rf-capacitor.com\/lv\/wp-json\/wp\/v2\/product_brand?post=2073"},{"taxonomy":"product_cat","embeddable":true,"href":"https:\/\/rf-capacitor.com\/lv\/wp-json\/wp\/v2\/product_cat?post=2073"},{"taxonomy":"product_tag","embeddable":true,"href":"https:\/\/rf-capacitor.com\/lv\/wp-json\/wp\/v2\/product_tag?post=2073"}],"curies":[{"name":"wp","href":"https:\/\/api.w.org\/{rel}","templated":true}]}}