{"id":1898,"date":"2025-01-02T07:08:04","date_gmt":"2025-01-02T07:08:04","guid":{"rendered":"https:\/\/rf-capacitor.com\/?post_type=product&#038;p=1898"},"modified":"2025-01-02T07:08:04","modified_gmt":"2025-01-02T07:08:04","slug":"decoupling-resonant-capacitor","status":"publish","type":"product","link":"https:\/\/rf-capacitor.com\/lv\/decoupling-resonant-capacitor\/","title":{"rendered":"Atdal\u012b\u0161anas rezonanses kondensators"},"content":{"rendered":"<div class=\"user-query-container ng-star-inserted\">\n<div id=\"user-query-content-7\" class=\"query-content\">\n<div class=\"query-text gds-body-l ng-star-inserted\" dir=\"ltr\" role=\"heading\" aria-level=\"2\">\n<h3 class=\"query-text-line ng-star-inserted\">Atdal\u012b\u0161anas rezonanses kondensators<\/h3>\n<\/div>\n<\/div>\n<div class=\"button-gutter\"><span class=\"citation-0 recitation\" style=\"font-size: 14.4px; color: #555555;\">Elektronik\u0101 <\/span><strong style=\"font-size: 14.4px; color: #555555;\"><span class=\"citation-0 recitation\">atdal\u012b\u0161anas kondensators<\/span><\/strong><span class=\"citation-0 recitation citation-end-0\" style=\"font-size: 14.4px; color: #555555;\"> ir svar\u012bgs komponents, ko izmanto, lai stabiliz\u0113tu baro\u0161anas spriegumu un samazin\u0101tu elektriskos trok\u0161\u0146us.<\/span><span class=\"button-container hide-from-message-actions ng-star-inserted\" style=\"font-size: 14.4px; color: #555555;\">\u00a0 \u00a0<\/span><\/div>\n<\/div>\n<div>\n<div class=\"response-container ng-tns-c3227055261-111 response-optimization tts-removed ng-star-inserted response-container-has-multiple-responses\">\n<div class=\"presented-response-container ng-tns-c3227055261-111\">\n<div class=\"response-container-content ng-tns-c3227055261-111 tunable-selection-with-avatar\">\n<div class=\"response-content ng-tns-c3227055261-111\">\n<div id=\"model-response-message-contentr_e018e616d4e5ed8e\" class=\"markdown markdown-main-panel tutor-markdown-rendering response-optimization\" dir=\"ltr\">\n<h3 data-sourcepos=\"3:1-3:17\"><strong>K\u0101 darbojas atdal\u012b\u0161anas rezonanses kondensators:<\/strong><\/h3>\n<ul data-sourcepos=\"5:1-8:0\">\n<li data-sourcepos=\"5:1-5:224\"><strong><span class=\"citation-1 recitation\">Viet\u0113j\u0101 ener\u0123ijas uzglab\u0101\u0161ana:<\/span><\/strong><span class=\"citation-1 recitation citation-end-1\"> Atdal\u012b\u0161anas kondensatori darbojas k\u0101 nelieli viet\u0113jie ener\u0123ijas rezervu\u0101ri.<\/span> <span class=\"citation-2 recitation citation-end-2\">Tie tiek novietoti \u013coti tuvu integr\u0101l\u0101m sh\u0113m\u0101m (IC) vai citiem komponentiem, kuru atvieno\u0161anai tie ir paredz\u0113ti.<\/span><span class=\"button-container hide-from-message-actions ng-star-inserted\"> \u00a0<\/span>\n<div class=\"container ng-tns-c362440147-116 hide\">\n<div class=\"carousel-container ng-tns-c362440147-116\"><\/div>\n<\/div>\n<\/li>\n<li data-sourcepos=\"6:1-6:261\"><strong><span class=\"citation-3 recitation\">Sprieguma sv\u0101rst\u012bbu sl\u0101p\u0113\u0161ana:<\/span><\/strong><span class=\"citation-3 recitation citation-end-3\"> Ja integr\u0101l\u0101 sh\u0113ma p\u0113k\u0161\u0146i pat\u0113r\u0113 lielu str\u0101vu (piem\u0113ram, p\u0101rsl\u0113g\u0161anas oper\u0101ciju laik\u0101), atdal\u012b\u0161anas kondensators var \u0101tri nodro\u0161in\u0101t \u0161o str\u0101vu, nov\u0113r\u0161ot iev\u0113rojamus sprieguma kritumus baro\u0161anas l\u012bnij\u0101s.<\/span><span class=\"button-container hide-from-message-actions ng-star-inserted\">\u00a0 \u00a0<\/span>\n<div class=\"container ng-tns-c362440147-117 hide\">\n<div class=\"carousel-container ng-tns-c362440147-117\"><\/div>\n<\/div>\n<\/li>\n<li data-sourcepos=\"7:1-8:0\"><strong>Trok\u0161\u0146u filtr\u0113\u0161ana:<\/strong> <span class=\"citation-4 recitation citation-end-4\">Atdal\u012b\u0161anas kondensatori darbojas ar\u012b k\u0101 filtri, novirzot augstfrekvences trok\u0161\u0146a str\u0101vas uz zemi, t\u0101d\u0113j\u0101di samazinot trok\u0161\u0146a ietekmi uz integr\u0101l\u0101s sh\u0113mas darb\u012bbu.<\/span><span class=\"button-container hide-from-message-actions ng-star-inserted\">\u00a0<\/span>\n<div class=\"container ng-tns-c362440147-118 hide\">\n<div class=\"carousel-container ng-tns-c362440147-118\"><\/div>\n<\/div>\n<\/li>\n<\/ul>\n<h3 data-sourcepos=\"9:1-9:24\"><strong>Galvenie atdal\u012b\u0161anas rezonanses kondensatora raksturlielumi:<\/strong><\/h3>\n<ul data-sourcepos=\"11:1-14:0\">\n<li data-sourcepos=\"11:1-11:117\"><strong><span class=\"citation-5 recitation\">Zema ESR (ekvivalenta s\u0113rijas pretest\u012bba):<\/span><\/strong><span class=\"citation-5 recitation citation-end-5\"> Samazina ener\u0123ijas zudumus un nodro\u0161ina \u0101tru str\u0101vas padevi.<\/span><span class=\"button-container hide-from-message-actions ng-star-inserted\">\u00a0<\/span>\n<div class=\"container ng-tns-c362440147-119 hide\">\n<div class=\"carousel-container ng-tns-c362440147-119\"><\/div>\n<\/div>\n<\/li>\n<li data-sourcepos=\"12:1-12:95\"><strong>Augsta kapacit\u0101te:<\/strong> Nodro\u0161ina pietiekamu ener\u0123ijas uzkr\u0101\u0161anu, lai apstr\u0101d\u0101tu p\u0101rejas str\u0101vas pras\u012bbas.<\/li>\n<li data-sourcepos=\"13:1-14:0\"><strong>Mazs izm\u0113rs un zema induktivit\u0101te:<\/strong> \u013bauj izvietot \u013coti tuvu integr\u0101l\u0101s sh\u0113mas blokam, lai samazin\u0101tu paraz\u012btisk\u0101s induktivit\u0101tes ietekmi.<\/li>\n<\/ul>\n<h3 data-sourcepos=\"15:1-15:17\"><strong>Kop\u0113jie veidi Atdal\u012b\u0161anas rezonanses kondensators:<\/strong><\/h3>\n<ul data-sourcepos=\"17:1-20:0\">\n<li data-sourcepos=\"17:1-17:93\"><strong>Keramikas kondensatori:<\/strong> Pla\u0161i tiek izmantoti, pateicoties to nelielajam izm\u0113ram, augstajai kapacit\u0101tei un zemajam ESR.<\/li>\n<li data-sourcepos=\"18:1-18:85\"><strong><span class=\"citation-6 recitation\">Tantala kondensatori:<\/span><\/strong><span class=\"citation-6 recitation citation-end-6\"> Nodro\u0161ina labu veiktsp\u0113ju augst\u0101kaj\u0101s frekvenc\u0113s.<\/span><span class=\"button-container hide-from-message-actions ng-star-inserted\"> \u00a0<\/span>\n<div class=\"container ng-tns-c362440147-120 hide\">\n<div class=\"carousel-container ng-tns-c362440147-120\"><\/div>\n<\/div>\n<\/li>\n<li data-sourcepos=\"19:1-20:0\"><strong><span class=\"citation-7 recitation\">Elektrol\u012btiskie kondensatori:<\/span><\/strong><span class=\"citation-7 recitation citation-end-7\"> Parasti izmanto liel\u0101k\u0101m kapacit\u0101tes v\u0113rt\u012bb\u0101m lietojumos, kur izm\u0113rs nav tik svar\u012bgs.<\/span><span class=\"button-container hide-from-message-actions ng-star-inserted\">\u00a0 .<\/span>\n<div class=\"container ng-tns-c362440147-121 hide\">\n<div class=\"carousel-container ng-tns-c362440147-121\"><\/div>\n<\/div>\n<\/li>\n<\/ul>\n<h3 data-sourcepos=\"21:1-21:28\"><strong>Izvieto\u0161ana un atlase:<\/strong><\/h3>\n<ul data-sourcepos=\"23:1-25:0\">\n<li data-sourcepos=\"23:1-23:247\"><strong>Izvieto\u0161ana:<\/strong> <span class=\"citation-8 recitation citation-end-8\">Atdal\u012b\u0161anas kondensatori j\u0101novieto p\u0113c iesp\u0113jas tuv\u0101k (ide\u0101l\u0101 gad\u012bjum\u0101 tie\u0161i uz integr\u0101l\u0101s sh\u0113mas kontaktiem) integr\u0101l\u0101s sh\u0113mas baro\u0161anas un zem\u0113juma kontaktiem.<\/span> <span class=\"citation-9 recitation citation-end-9\">\u012asi, tie\u0161i savienojumi samazina paraz\u012btisk\u0101s induktivit\u0101tes ietekmi.<\/span><span class=\"button-container hide-from-message-actions ng-star-inserted\"> \u00a0<\/span>\n<div class=\"container ng-tns-c362440147-122 hide\">\n<div class=\"carousel-container ng-tns-c362440147-122\"><\/div>\n<\/div>\n<\/li>\n<li data-sourcepos=\"24:1-25:0\"><strong>Atlase:<\/strong> Kondensatora tipa un v\u0113rt\u012bbas izv\u0113le ir atkar\u012bga no konkr\u0113t\u0101 lietojuma un integr\u0101l\u0101s sh\u0113mas \u012bpa\u0161\u012bb\u0101m. J\u0101\u0146em v\u0113r\u0101 t\u0101di faktori k\u0101 integr\u0101l\u0101s sh\u0113mas komut\u0101cijas \u0101trums, str\u0101vas pat\u0113ri\u0146\u0161 un darba frekvence.<\/li>\n<\/ul>\n<h3 data-sourcepos=\"26:1-26:15\"><strong>Kopsavilkums:<\/strong><\/h3>\n<p data-sourcepos=\"28:1-28:301\"><span class=\"citation-10 recitation citation-end-10\">Atdal\u012b\u0161anas kondensatori ir b\u016btiskas elektronisko sh\u0113mu sast\u0101vda\u013cas, jo \u012bpa\u0161i \u0101trgaitas digit\u0101laj\u0101s sist\u0113m\u0101s.<\/span> <span class=\"citation-11 recitation citation-end-11\">Efekt\u012bvi atdalot integr\u0101l\u0101s sh\u0113mas no str\u0101vas padeves l\u012bnij\u0101m, t\u0101s pal\u012bdz nodro\u0161in\u0101t stabilu darb\u012bbu, samazina trok\u0161\u0146us un uzlabo sist\u0113mas kop\u0113jo veiktsp\u0113ju.<\/span><span class=\"button-container hide-from-message-actions ng-star-inserted\"> \u00a0<\/span><\/p>\n<p data-sourcepos=\"30:1-30:208\"><strong>Piez\u012bme:<\/strong> \u0160aj\u0101 skaidrojum\u0101 sniegts visp\u0101r\u012bgs p\u0101rskats. Konkr\u0113t\u0101s pras\u012bbas atdal\u012b\u0161anas kondensatoriem at\u0161\u0137iras atkar\u012bb\u0101 no konkr\u0113t\u0101 lietojuma un elektronisk\u0101s sh\u0113mas raksturlielumiem.<\/p>\n<\/div>\n<\/div>\n<\/div>\n<\/div>\n<\/div>\n<\/div>","protected":false},"excerpt":{"rendered":"<table style=\"height: 479px;\" width=\"711\">\n<tbody>\n<tr>\n<td width=\"146\"><strong><b>Produkts<\/b><\/strong>\u00a0<strong><b>V\u0101rds un uzv\u0101rds:<\/b><\/strong><\/td>\n<td width=\"601\"><strong>Atdal\u012b\u0161anas rezonanses kondensators<\/strong><\/td>\n<\/tr>\n<tr>\n<td width=\"146\">\n<h4><strong>\u012ass apraksts:<\/strong><\/h4>\n<\/td>\n<td width=\"601\">CRE sp\u0113j nodro\u0161in\u0101t augstas jaudas rezonanses kondensatorus, kas apstr\u0101d\u0101 lielu spriegumu un str\u0101vu neliel\u0101 kompakt\u0101 iepakojum\u0101.<\/p>\n<p>&nbsp;<\/td>\n<\/tr>\n<tr>\n<td width=\"146\"><strong>Kapacit\u0101tes diapazons:<\/strong><\/td>\n<td width=\"601\">1\u03bcF\uff5e8\u03bcF<\/td>\n<\/tr>\n<tr>\n<td width=\"146\"><strong>Nomin\u0101lais spriegums\uff1a<\/strong><\/td>\n<td width=\"601\">1200V.DC\uff5e4000V.DC<\/td>\n<\/tr>\n<tr>\n<td width=\"146\"><strong>Cap.tol\uff1a<\/strong><\/td>\n<td width=\"601\">\u00b15%(J) ;\u00b110%(K)<\/td>\n<\/tr>\n<tr>\n<td width=\"146\"><strong>Iztur\u012bbas spriegums:<\/strong><\/td>\n<td width=\"601\">1,5Un \/10S<\/td>\n<\/tr>\n<\/tbody>\n<\/table>","protected":false},"featured_media":1899,"comment_status":"open","ping_status":"closed","template":"","meta":[],"product_brand":[],"product_cat":[42],"product_tag":[],"class_list":{"0":"post-1898","1":"product","2":"type-product","3":"status-publish","4":"has-post-thumbnail","6":"product_cat-resonance-capacitor","8":"first","9":"instock","10":"shipping-taxable","11":"product-type-simple"},"_links":{"self":[{"href":"https:\/\/rf-capacitor.com\/lv\/wp-json\/wp\/v2\/product\/1898","targetHints":{"allow":["GET"]}}],"collection":[{"href":"https:\/\/rf-capacitor.com\/lv\/wp-json\/wp\/v2\/product"}],"about":[{"href":"https:\/\/rf-capacitor.com\/lv\/wp-json\/wp\/v2\/types\/product"}],"replies":[{"embeddable":true,"href":"https:\/\/rf-capacitor.com\/lv\/wp-json\/wp\/v2\/comments?post=1898"}],"wp:featuredmedia":[{"embeddable":true,"href":"https:\/\/rf-capacitor.com\/lv\/wp-json\/wp\/v2\/media\/1899"}],"wp:attachment":[{"href":"https:\/\/rf-capacitor.com\/lv\/wp-json\/wp\/v2\/media?parent=1898"}],"wp:term":[{"taxonomy":"product_brand","embeddable":true,"href":"https:\/\/rf-capacitor.com\/lv\/wp-json\/wp\/v2\/product_brand?post=1898"},{"taxonomy":"product_cat","embeddable":true,"href":"https:\/\/rf-capacitor.com\/lv\/wp-json\/wp\/v2\/product_cat?post=1898"},{"taxonomy":"product_tag","embeddable":true,"href":"https:\/\/rf-capacitor.com\/lv\/wp-json\/wp\/v2\/product_tag?post=1898"}],"curies":[{"name":"wp","href":"https:\/\/api.w.org\/{rel}","templated":true}]}}