{"id":1890,"date":"2025-01-02T06:49:41","date_gmt":"2025-01-02T06:49:41","guid":{"rendered":"https:\/\/rf-capacitor.com\/?post_type=product&#038;p=1890"},"modified":"2025-01-02T06:49:41","modified_gmt":"2025-01-02T06:49:41","slug":"compact-resonant-capacitors","status":"publish","type":"product","link":"https:\/\/rf-capacitor.com\/lv\/compact-resonant-capacitors\/","title":{"rendered":"Kompaktie rezonanses kondensatori"},"content":{"rendered":"<div class=\"user-query-container ng-star-inserted\">\n<div id=\"user-query-content-6\" class=\"query-content\">\n<div class=\"query-text gds-body-l ng-star-inserted\" dir=\"ltr\" role=\"heading\" aria-level=\"2\">\n<h3 class=\"query-text-line ng-star-inserted\">Kompaktie rezonanses kondensatori<\/h3>\n<\/div>\n<\/div>\n<div class=\"button-gutter\"><span class=\"citation-0 recitation citation-end-0\" style=\"font-size: 14.4px; color: #555555;\">Kompaktie rezonanses kondensatori ir izstr\u0101d\u0101ti, lai samazin\u0101tu izm\u0113ru un svaru, vienlaikus saglab\u0101jot augstu veiktsp\u0113ju rezonanses \u0137\u0113d\u0113s.<\/span><span class=\"button-container hide-from-message-actions ng-star-inserted\" style=\"font-size: 14.4px; color: #555555;\">\u00a0 \u00a0<\/span><\/div>\n<\/div>\n<div>\n<div class=\"response-container ng-tns-c3227055261-101 response-optimization tts-removed ng-star-inserted response-container-has-multiple-responses\">\n<div class=\"presented-response-container ng-tns-c3227055261-101\">\n<div class=\"response-container-content ng-tns-c3227055261-101 tunable-selection-with-avatar\">\n<div class=\"response-content ng-tns-c3227055261-101\">\n<div id=\"model-response-message-contentr_7732902abd9846b2\" class=\"markdown markdown-main-panel tutor-markdown-rendering response-optimization\" dir=\"ltr\">\n<h3 data-sourcepos=\"1:1-1:139\"><strong style=\"font-size: 14.4px;\">Galven\u0101s iez\u012bmes:<\/strong><\/h3>\n<ul data-sourcepos=\"5:1-9:0\">\n<li data-sourcepos=\"5:1-5:95\"><strong>Augsts kapacit\u0101tes bl\u012bvums:<\/strong> Sasniedz augstas kapacit\u0101tes v\u0113rt\u012bbas maz\u0101 fizisk\u0101 izm\u0113r\u0101.<\/li>\n<li data-sourcepos=\"6:1-6:107\"><strong><span class=\"citation-1 recitation\">Zema ESR (ekvivalenta s\u0113rijas pretest\u012bba):<\/span><\/strong><span class=\"citation-1 recitation citation-end-1\"> Samazina ener\u0123ijas zudumus un uzlabo efektivit\u0101ti.<\/span>\n<div class=\"container ng-tns-c362440147-106 hide\">\n<div class=\"carousel-container ng-tns-c362440147-106\"><\/div>\n<\/div>\n<\/li>\n<li data-sourcepos=\"7:1-7:90\"><strong>Augsts Q-faktors:<\/strong> Nodro\u0161ina augstu kvalit\u0101tes koeficientu efekt\u012bvai rezonanses sh\u0113mas darb\u012bbai.<\/li>\n<li data-sourcepos=\"8:1-9:0\"><strong>Temperat\u016bras stabilit\u0101te:<\/strong> Uztur stabilas kapacit\u0101tes v\u0113rt\u012bbas pla\u0161\u0101 temperat\u016bras diapazon\u0101.<\/li>\n<\/ul>\n<h3 data-sourcepos=\"10:1-10:38\"><strong>Tehnolo\u0123ijas, kas nodro\u0161ina kompaktumu:<\/strong><\/h3>\n<ul data-sourcepos=\"12:1-15:0\">\n<li data-sourcepos=\"12:1-12:133\"><strong>Uzlabotie dielektriskie materi\u0101li:<\/strong> <span class=\"citation-2 recitation citation-end-2\">Lietojot augstas caurlaid\u012bbas dielektriskos materi\u0101lus, var pan\u0101kt maz\u0101ku fizisko izm\u0113ru.<\/span>\n<div class=\"container ng-tns-c362440147-107 hide\">\n<div class=\"carousel-container ng-tns-c362440147-107\"><\/div>\n<\/div>\n<\/li>\n<li data-sourcepos=\"13:1-13:116\"><strong>Daudzsl\u0101\u0146u konstrukcija:<\/strong> Izmantojot daudzsl\u0101\u0146u strukt\u016bras, tiek palielin\u0101ts kapacit\u0101tes bl\u012bvums ierobe\u017eot\u0101 telp\u0101.<\/li>\n<li data-sourcepos=\"14:1-15:0\"><strong>Miniaturiz\u0101cijas metodes:<\/strong> Uzlabotie ra\u017eo\u0161anas procesi \u013cauj rad\u012bt \u0101rk\u0101rt\u012bgi mazas un prec\u012bzas deta\u013cas.<\/li>\n<\/ul>\n<h3 data-sourcepos=\"16:1-16:17\"><strong>Pieteikumi:<\/strong><\/h3>\n<ul data-sourcepos=\"18:1-22:0\">\n<li data-sourcepos=\"18:1-18:115\"><strong>Bezvadu komunik\u0101cija:<\/strong> Izmanto augstas frekvences \u0137\u0113d\u0113s mobilajiem t\u0101lru\u0146iem, Wi-Fi un cit\u0101m bezvadu ier\u012bc\u0113m.<\/li>\n<li data-sourcepos=\"19:1-19:98\"><strong>RF sist\u0113mas:<\/strong> Izmanto radiofrekven\u010du sist\u0113m\u0101s, piem\u0113ram, radaru un satel\u012btu sakaru sist\u0113m\u0101s.<\/li>\n<li data-sourcepos=\"20:1-20:89\"><strong>Energoelektronika:<\/strong> <span class=\"citation-3 recitation citation-end-3\">Izmanto kompaktos un efekt\u012bvos jaudas p\u0101rveidot\u0101jos.<\/span>\n<div class=\"container ng-tns-c362440147-108 hide\">\n<div class=\"carousel-container ng-tns-c362440147-108\"><\/div>\n<\/div>\n<\/li>\n<li data-sourcepos=\"21:1-22:0\"><strong>Automobi\u013cu elektronika:<\/strong> Atrodams da\u017e\u0101dos automobi\u013cu lietojumos, tostarp dzin\u0113ja vad\u012bbas blokos un modern\u0101s autovad\u012bt\u0101ja pal\u012bgsist\u0113m\u0101s (ADAS).<\/li>\n<\/ul>\n<h3 data-sourcepos=\"23:1-23:13\"><strong>Ieguvumi:<\/strong><\/h3>\n<ul data-sourcepos=\"25:1-28:0\">\n<li data-sourcepos=\"25:1-25:78\"><strong>Samazin\u0101ts izm\u0113rs un svars:<\/strong> Tas \u013cauj izmantot maz\u0101kas un viegl\u0101kas elektronisk\u0101s ier\u012bces.<\/li>\n<li data-sourcepos=\"26:1-26:106\"><strong>Uzlabota veiktsp\u0113ja:<\/strong> Liel\u0101ks kapacit\u0101tes bl\u012bvums un zem\u0101ks ESR uzlabo sh\u0113mas veiktsp\u0113ju.<\/li>\n<li data-sourcepos=\"27:1-28:0\"><strong>Izmaksu samazin\u0101\u0161ana:<\/strong> Iesp\u0113ja samazin\u0101t ra\u017eo\u0161anas izmaksas, pateicoties maz\u0101kiem deta\u013cu izm\u0113riem.<\/li>\n<\/ul>\n<\/div>\n<\/div>\n<\/div>\n<\/div>\n<\/div>\n<\/div>","protected":false},"excerpt":{"rendered":"<table style=\"height: 581px;\" width=\"732\">\n<tbody>\n<tr>\n<td width=\"146\"><strong><b>Produkts<\/b><\/strong>\u00a0<strong><b>V\u0101rds un uzv\u0101rds:<\/b><\/strong><\/td>\n<td width=\"601\"><strong>Kompaktie rezonanses kondensatori<\/strong><\/td>\n<\/tr>\n<tr>\n<td width=\"146\">\n<h4><strong>\u012ass apraksts:<\/strong><\/h4>\n<\/td>\n<td width=\"601\">1. Vara-nagrie\u017e\u0146u elektrodi, mazs fiziskais izm\u0113rs, viegla uzst\u0101d\u012b\u0161ana<\/p>\n<p>2. Plastmasas iepakojums, aizz\u012bmogots ar sausiem sve\u0137iem<\/p>\n<p>3. Sp\u0113j darboties ar augstfrekvences str\u0101vu vai augstu impulsa str\u0101vu.<\/p>\n<p>4. Zems ESL un ESR<\/td>\n<\/tr>\n<tr>\n<td width=\"146\"><strong>Kapacit\u0101tes diapazons:<\/strong><\/td>\n<td width=\"601\">1\uff5e8\u03bcF<\/td>\n<\/tr>\n<tr>\n<td width=\"146\"><strong>Nomin\u0101lais spriegums\uff1a<\/strong><\/td>\n<td width=\"601\">1200V.DC\uff5e2000V.DC<\/td>\n<\/tr>\n<tr>\n<td width=\"146\"><strong>Cap.tol\uff1a<\/strong><\/td>\n<td width=\"601\">\u00b15%(J)<\/td>\n<\/tr>\n<tr>\n<td width=\"146\"><strong>Iztur\u012bbas spriegums:<\/strong><\/td>\n<td width=\"601\">1.5Un DC\/60S<\/td>\n<\/tr>\n<\/tbody>\n<\/table>","protected":false},"featured_media":1891,"comment_status":"open","ping_status":"closed","template":"","meta":[],"product_brand":[],"product_cat":[42],"product_tag":[],"class_list":{"0":"post-1890","1":"product","2":"type-product","3":"status-publish","4":"has-post-thumbnail","6":"product_cat-resonance-capacitor","8":"first","9":"instock","10":"shipping-taxable","11":"product-type-simple"},"_links":{"self":[{"href":"https:\/\/rf-capacitor.com\/lv\/wp-json\/wp\/v2\/product\/1890","targetHints":{"allow":["GET"]}}],"collection":[{"href":"https:\/\/rf-capacitor.com\/lv\/wp-json\/wp\/v2\/product"}],"about":[{"href":"https:\/\/rf-capacitor.com\/lv\/wp-json\/wp\/v2\/types\/product"}],"replies":[{"embeddable":true,"href":"https:\/\/rf-capacitor.com\/lv\/wp-json\/wp\/v2\/comments?post=1890"}],"wp:featuredmedia":[{"embeddable":true,"href":"https:\/\/rf-capacitor.com\/lv\/wp-json\/wp\/v2\/media\/1891"}],"wp:attachment":[{"href":"https:\/\/rf-capacitor.com\/lv\/wp-json\/wp\/v2\/media?parent=1890"}],"wp:term":[{"taxonomy":"product_brand","embeddable":true,"href":"https:\/\/rf-capacitor.com\/lv\/wp-json\/wp\/v2\/product_brand?post=1890"},{"taxonomy":"product_cat","embeddable":true,"href":"https:\/\/rf-capacitor.com\/lv\/wp-json\/wp\/v2\/product_cat?post=1890"},{"taxonomy":"product_tag","embeddable":true,"href":"https:\/\/rf-capacitor.com\/lv\/wp-json\/wp\/v2\/product_tag?post=1890"}],"curies":[{"name":"wp","href":"https:\/\/api.w.org\/{rel}","templated":true}]}}