{"id":1886,"date":"2025-01-02T06:26:09","date_gmt":"2025-01-02T06:26:09","guid":{"rendered":"https:\/\/rf-capacitor.com\/?post_type=product&#038;p=1886"},"modified":"2025-01-02T06:26:09","modified_gmt":"2025-01-02T06:26:09","slug":"high-voltage-resonance-capacitor","status":"publish","type":"product","link":"https:\/\/rf-capacitor.com\/lv\/high-voltage-resonance-capacitor\/","title":{"rendered":"Augstsprieguma rezonanses kondensators"},"content":{"rendered":"<div class=\"user-query-container ng-star-inserted\">\n<div id=\"user-query-content-5\" class=\"query-content\">\n<div class=\"query-text gds-body-l ng-star-inserted\" dir=\"ltr\" role=\"heading\" aria-level=\"2\">\n<h3 class=\"query-text-line ng-star-inserted\">Augstsprieguma rezonanses kondensators<\/h3>\n<\/div>\n<\/div>\n<\/div>\n<div>\n<div class=\"response-container ng-tns-c3227055261-91 response-optimization tts-removed ng-star-inserted response-container-has-multiple-responses\">\n<div class=\"presented-response-container ng-tns-c3227055261-91\">\n<div class=\"response-container-content ng-tns-c3227055261-91 tunable-selection-with-avatar\">\n<div class=\"response-content ng-tns-c3227055261-91\">\n<div id=\"model-response-message-contentr_53dd446f46a75fa7\" class=\"markdown markdown-main-panel tutor-markdown-rendering response-optimization\" dir=\"ltr\">\n<p data-sourcepos=\"1:1-1:126\"><span class=\"citation-0 recitation citation-end-0\">Augstsprieguma rezonanses kondensatori ir specializ\u0113ti komponenti, kas paredz\u0113ti izmanto\u0161anai augstsprieguma rezonanses \u0137\u0113d\u0113s.<\/span><span class=\"button-container hide-from-message-actions ng-star-inserted\"> \u00a0<\/span><\/p>\n<h3 data-sourcepos=\"3:1-3:24\"><strong>Galven\u0101s iez\u012bmes:<\/strong><\/h3>\n<ul data-sourcepos=\"5:1-10:0\">\n<li data-sourcepos=\"5:1-5:127\"><strong>\u013boti augsts sprieguma nov\u0113rt\u0113jums:<\/strong> <span class=\"citation-1 recitation citation-end-1\">sp\u0113j iztur\u0113t \u013coti augstu spriegumu (parasti kilovoltu diapazon\u0101).<\/span><span class=\"button-container hide-from-message-actions ng-star-inserted\">\u00a0 \u00a0<\/span>\n<div class=\"container ng-tns-c362440147-96 hide\">\n<div class=\"carousel-container ng-tns-c362440147-96\"><\/div>\n<\/div>\n<\/li>\n<li data-sourcepos=\"6:1-6:95\"><strong>Zemi zaud\u0113jumi:<\/strong> Minim\u0101li iek\u0161\u0113jie zudumi, lai samazin\u0101tu ener\u0123ijas izkliedi un palielin\u0101tu efektivit\u0101ti.<\/li>\n<li data-sourcepos=\"7:1-7:110\"><strong>Augsts Q-faktors:<\/strong> <span class=\"citation-2 recitation citation-end-2\">Efekt\u012bvai rezonanses sh\u0113mas darb\u012bbai ir svar\u012bgs augsts kvalit\u0101tes koeficients (Q).<\/span><span class=\"button-container hide-from-message-actions ng-star-inserted\">\u00a0 \u00a0<\/span>\n<div class=\"container ng-tns-c362440147-97 hide\">\n<div class=\"carousel-container ng-tns-c362440147-97\"><\/div>\n<\/div>\n<\/li>\n<li data-sourcepos=\"8:1-8:96\"><strong>Prec\u012bza kapacit\u0101te:<\/strong> Kritiski svar\u012bgi, lai \u0137\u0113d\u0113 sasniegtu v\u0113lamo rezonanses frekvenci.<\/li>\n<li data-sourcepos=\"9:1-10:0\"><strong>Iztur\u012bga konstrukcija:<\/strong> Izstr\u0101d\u0101ti t\u0101, lai iztur\u0113tu augstsprieguma darb\u012bbas slodzi un sare\u017e\u0123\u012btu vidi, kur\u0101 tie tiek izmantoti.<\/li>\n<\/ul>\n<h3 data-sourcepos=\"11:1-11:17\"><strong>Pieteikumi:<\/strong><\/h3>\n<ul data-sourcepos=\"13:1-18:0\">\n<li data-sourcepos=\"13:1-13:154\"><strong><span class=\"citation-3 recitation\">Teslas spoles:<\/span><\/strong><span class=\"citation-3 recitation citation-end-3\"> Klasisks piem\u0113rs, kad augstsprieguma rezonanses kondensatori tiek izmantoti augstsprieguma un augstfrekvences sv\u0101rst\u012bbu \u0123ener\u0113\u0161anai.<\/span><span class=\"button-container hide-from-message-actions ng-star-inserted\">\u00a0<\/span>\n<div class=\"container ng-tns-c362440147-98 hide\">\n<div class=\"carousel-container ng-tns-c362440147-98\"><\/div>\n<\/div>\n<\/li>\n<li data-sourcepos=\"14:1-14:135\"><strong>Da\u013ci\u0146u pa\u0101trin\u0101t\u0101ji:<\/strong> Izmanto da\u017e\u0101d\u0101s da\u013ci\u0146u pa\u0101trin\u0101t\u0101ju sast\u0101vda\u013c\u0101s, lai \u0123ener\u0113tu augstas ener\u0123ijas da\u013ci\u0146u k\u016b\u013cus un manipul\u0113tu ar tiem.<\/li>\n<li data-sourcepos=\"15:1-15:85\"><strong>Lieljaudas raid\u012bt\u0101ji:<\/strong> Atrodams lieljaudas radio un telev\u012bzijas raid\u012bt\u0101jos.<\/li>\n<li data-sourcepos=\"16:1-16:98\"><strong>Plazmas fizikas p\u0113t\u012bjumi:<\/strong> Izmanto plazmas fizikas eksperimentos, lai \u0123ener\u0113tu un ierobe\u017eotu plazmu.<\/li>\n<li data-sourcepos=\"17:1-18:0\"><strong>R\u016bpnieciskie lietojumi:<\/strong> Da\u017eos specializ\u0113tos r\u016bpnieciskos lietojumos var b\u016bt nepiecie\u0161ami augstsprieguma rezonanses kondensatori.<\/li>\n<\/ul>\n<p data-sourcepos=\"19:1-19:15\"><strong>Kopsavilkums:<\/strong><\/p>\n<p data-sourcepos=\"21:1-21:254\">Augstsprieguma rezonanses kondensatori ir kritiski svar\u012bgi komponenti daudzos augstsprieguma lietojumos. To sp\u0113ja iztur\u0113t ekstr\u0113mus spriegumus, samazin\u0101t zudumus un efekt\u012bvi darboties rezonanses \u0137\u0113d\u0113s padara tos \u013coti svar\u012bgus \u0161ajos pras\u012bgajos lietojumos.<\/p>\n<\/div>\n<\/div>\n<\/div>\n<\/div>\n<\/div>\n<\/div>","protected":false},"excerpt":{"rendered":"<table style=\"height: 581px;\" width=\"824\">\n<tbody>\n<tr>\n<td width=\"146\"><strong><b>Produkts<\/b><\/strong>\u00a0<strong><b>V\u0101rds un uzv\u0101rds:<\/b><\/strong><\/td>\n<td width=\"601\"><strong>Augstsprieguma rezonanses kondensators<\/strong><\/td>\n<\/tr>\n<tr>\n<td width=\"146\">\n<h4><strong>\u012ass apraksts:<\/strong><\/h4>\n<\/td>\n<td width=\"601\">1. Mazs kompakts iepakojuma izm\u0113rs<\/p>\n<p>2. Sp\u0113j darboties ar lielu spriegumu un str\u0101vu<\/p>\n<p>3. Izmantot polipropil\u0113na pl\u0113ves dielektri\u0137i ar zemiem zudumiem<\/td>\n<\/tr>\n<tr>\n<td width=\"146\"><strong>Izl\u0101des pretest\u012bba:<\/strong><\/td>\n<td width=\"601\">30000 M\u03a9<\/td>\n<\/tr>\n<tr>\n<td width=\"146\"><strong>Nomin\u0101lais spriegums\uff1a<\/strong><\/td>\n<td width=\"601\">5000v\/\u00b5s<\/td>\n<\/tr>\n<tr>\n<td width=\"146\"><strong>Cap.tol\uff1a<\/strong><\/td>\n<td width=\"601\">\n<table style=\"height: 6px;\" border=\"0\" width=\"5\" cellspacing=\"0\">\n<tbody>\n<tr>\n<td valign=\"center\" nowrap=\"nowrap\" width=\"330\"><\/td>\n<\/tr>\n<\/tbody>\n<\/table>\n<p>-40\u2103~ +85\u2103<\/td>\n<\/tr>\n<tr>\n<td width=\"146\"><strong>Kalpo\u0161anas laiks:\u00a0<\/strong><\/td>\n<td width=\"601\">100000H<\/td>\n<\/tr>\n<\/tbody>\n<\/table>","protected":false},"featured_media":1887,"comment_status":"open","ping_status":"closed","template":"","meta":[],"product_brand":[],"product_cat":[42],"product_tag":[],"class_list":{"0":"post-1886","1":"product","2":"type-product","3":"status-publish","4":"has-post-thumbnail","6":"product_cat-resonance-capacitor","8":"first","9":"instock","10":"shipping-taxable","11":"product-type-simple"},"_links":{"self":[{"href":"https:\/\/rf-capacitor.com\/lv\/wp-json\/wp\/v2\/product\/1886","targetHints":{"allow":["GET"]}}],"collection":[{"href":"https:\/\/rf-capacitor.com\/lv\/wp-json\/wp\/v2\/product"}],"about":[{"href":"https:\/\/rf-capacitor.com\/lv\/wp-json\/wp\/v2\/types\/product"}],"replies":[{"embeddable":true,"href":"https:\/\/rf-capacitor.com\/lv\/wp-json\/wp\/v2\/comments?post=1886"}],"wp:featuredmedia":[{"embeddable":true,"href":"https:\/\/rf-capacitor.com\/lv\/wp-json\/wp\/v2\/media\/1887"}],"wp:attachment":[{"href":"https:\/\/rf-capacitor.com\/lv\/wp-json\/wp\/v2\/media?parent=1886"}],"wp:term":[{"taxonomy":"product_brand","embeddable":true,"href":"https:\/\/rf-capacitor.com\/lv\/wp-json\/wp\/v2\/product_brand?post=1886"},{"taxonomy":"product_cat","embeddable":true,"href":"https:\/\/rf-capacitor.com\/lv\/wp-json\/wp\/v2\/product_cat?post=1886"},{"taxonomy":"product_tag","embeddable":true,"href":"https:\/\/rf-capacitor.com\/lv\/wp-json\/wp\/v2\/product_tag?post=1886"}],"curies":[{"name":"wp","href":"https:\/\/api.w.org\/{rel}","templated":true}]}}