{"id":1863,"date":"2025-01-02T02:25:29","date_gmt":"2025-01-02T02:25:29","guid":{"rendered":"https:\/\/rf-capacitor.com\/?post_type=product&#038;p=1863"},"modified":"2025-01-02T02:25:29","modified_gmt":"2025-01-02T02:25:29","slug":"rmf-induction-heating-capacitor","status":"publish","type":"product","link":"https:\/\/rf-capacitor.com\/lv\/rmf-induction-heating-capacitor\/","title":{"rendered":"RMF Indukcijas sild\u012b\u0161anas kondensators"},"content":{"rendered":"<div class=\"user-query-container ng-star-inserted\">\n<div id=\"user-query-content-3\" class=\"query-content\">\n<div class=\"query-text gds-body-l ng-star-inserted\" dir=\"ltr\" role=\"heading\" aria-level=\"2\">\n<h3 class=\"query-text-line ng-star-inserted\">RMF Indukcijas sild\u012b\u0161anas kondensators<\/h3>\n<\/div>\n<\/div>\n<\/div>\n<div>\n<div class=\"response-container ng-tns-c3227055261-50 response-optimization tts-removed ng-star-inserted response-container-has-multiple-responses\">\n<div class=\"presented-response-container ng-tns-c3227055261-50\">\n<div class=\"response-container-content ng-tns-c3227055261-50 tunable-selection-with-avatar\">\n<div class=\"response-content ng-tns-c3227055261-50\">\n<div id=\"model-response-message-contentr_6c2a80d1ec190fc8\" class=\"markdown markdown-main-panel tutor-markdown-rendering response-optimization\" dir=\"ltr\">\n<p data-sourcepos=\"1:1-1:113\"><span class=\"citation-0 recitation\">RFM kondensatori ir \u012bpa\u0161i paredz\u0113ti izmanto\u0161anai <\/span><strong><span class=\"citation-0 recitation\">vid\u0113jas frekvences indukcijas sild\u012b\u0161anas sist\u0113mas<\/span><\/strong><span class=\"citation-0 recitation citation-end-0\">.<\/span><span class=\"button-container hide-from-message-actions ng-star-inserted\">\u00a0<\/span><\/p>\n<h3 data-sourcepos=\"3:1-3:24\"><strong>Galven\u0101s iez\u012bmes:<\/strong><\/h3>\n<ul data-sourcepos=\"5:1-10:0\">\n<li data-sourcepos=\"5:1-5:95\"><strong>Augstsprieguma nov\u0113rt\u0113jums:<\/strong> Tiem ir j\u0101iztur augstspriegums, kas rodas \u0161aj\u0101s sist\u0113m\u0101s.<\/li>\n<li data-sourcepos=\"6:1-6:119\"><strong>Augsta str\u0101vas apstr\u0101des jauda:<\/strong> <span class=\"citation-1 recitation citation-end-1\">Sp\u0113j darboties ar liel\u0101m str\u0101v\u0101m, kas saist\u012btas ar indukcijas sild\u012b\u0161anu.<\/span><span class=\"button-container hide-from-message-actions ng-star-inserted\"> \u00a0<\/span>\n<div class=\"container ng-tns-c362440147-55 hide\">\n<div class=\"carousel-container ng-tns-c362440147-55\"><\/div>\n<\/div>\n<\/li>\n<li data-sourcepos=\"7:1-7:104\"><strong><span class=\"citation-2 recitation\">Zema ESR (ekvivalenta s\u0113rijas pretest\u012bba):<\/span><\/strong><span class=\"citation-2 recitation citation-end-2\"> Samazina ener\u0123ijas zudumus kondensator\u0101.<\/span><span class=\"button-container hide-from-message-actions ng-star-inserted\">\u00a0 \u00a0<\/span>\n<div class=\"container ng-tns-c362440147-56 hide\">\n<div class=\"carousel-container ng-tns-c362440147-56\"><\/div>\n<\/div>\n<\/li>\n<li data-sourcepos=\"8:1-8:123\"><strong>Laba termisk\u0101 stabilit\u0101te:<\/strong> Sp\u0113j darboties augst\u0101 temperat\u016br\u0101, pateicoties indukcijas sild\u012b\u0161anas laik\u0101 izdal\u012btajam siltumam.<\/li>\n<li data-sourcepos=\"9:1-10:0\"><strong>Iztur\u012bga konstrukcija:<\/strong> Izstr\u0101d\u0101ts t\u0101, lai iztur\u0113tu skarbus darba apst\u0101k\u013cus r\u016bpniecisk\u0101 vid\u0113.<\/li>\n<\/ul>\n<h3 data-sourcepos=\"11:1-11:39\"><strong>K\u0101 tie darbojas RMF Indukcijas sild\u012b\u0161anas kondensator\u0101:<\/strong><\/h3>\n<ol data-sourcepos=\"13:1-15:0\">\n<li data-sourcepos=\"13:1-13:220\"><strong><span class=\"citation-3 recitation\">Rezonanse:<\/span><\/strong><span class=\"citation-3 recitation citation-end-3\"> RFM kondensatori tiek izmantoti, lai izveidotu rezonanses \u0137\u0113di ar indukcijas spoli.<\/span> \u0160\u012b rezonanse maksim\u0101li palielina str\u0101vas pl\u016bsmu caur spoli, kas ir b\u016btiska efekt\u012bvai indukcijas sild\u012b\u0161anai.<span class=\"button-container hide-from-message-actions ng-star-inserted\">\u00a0 \u00a0<\/span>\n<div class=\"container ng-tns-c362440147-57 hide\">\n<div class=\"carousel-container ng-tns-c362440147-57\"><\/div>\n<\/div>\n<\/li>\n<li data-sourcepos=\"14:1-15:0\"><strong><span class=\"citation-4 recitation\">Jaudas koeficienta korekcija:<\/span><\/strong><span class=\"citation-4 recitation citation-end-4\"> Tie pal\u012bdz uzlabot indukcijas apkures sist\u0113mas jaudas koeficientu, samazinot reakt\u012bvo jaudu un uzlabojot kop\u0113jo sist\u0113mas efektivit\u0101ti.<\/span><span class=\"button-container hide-from-message-actions ng-star-inserted\"> \u00a0<\/span>\n<div class=\"container ng-tns-c362440147-58 hide\">\n<div class=\"carousel-container ng-tns-c362440147-58\"><\/div>\n<\/div>\n<\/li>\n<\/ol>\n<h3 data-sourcepos=\"16:1-16:25\"><strong>Tipiski lietojumi:<\/strong><\/h3>\n<ul data-sourcepos=\"18:1-20:0\">\n<li data-sourcepos=\"18:1-18:93\"><strong>Met\u0101la sild\u012b\u0161ana:<\/strong> Izmanto da\u017e\u0101dos lietojumos, piem\u0113ram, met\u0101la kal\u0161an\u0101, saciet\u0113\u0161an\u0101 un kaus\u0113\u0161an\u0101.<\/li>\n<li data-sourcepos=\"19:1-20:0\"><strong>Termisk\u0101 apstr\u0101de:<\/strong> <span class=\"citation-5 recitation citation-end-5\">Izmanto met\u0101lu termiskaj\u0101 apstr\u0101d\u0113, lai uzlabotu to meh\u0101nisk\u0101s \u012bpa\u0161\u012bbas.<\/span><span class=\"button-container hide-from-message-actions ng-star-inserted\"> \u00a0 <\/span><\/li>\n<\/ul>\n<\/div>\n<\/div>\n<\/div>\n<\/div>\n<\/div>\n<\/div>","protected":false},"excerpt":{"rendered":"<table style=\"height: 472px;\" width=\"718\">\n<tbody>\n<tr>\n<td width=\"146\"><strong><b>Produkts<\/b><\/strong>\u00a0<strong><b>V\u0101rds un uzv\u0101rds:<\/b><\/strong><\/td>\n<td width=\"601\"><strong>RMF Indukcijas sild\u012b\u0161anas kondensators<\/strong><\/td>\n<\/tr>\n<tr>\n<td width=\"146\">\n<h4><strong>\u012ass apraksts:<\/strong><\/h4>\n<\/td>\n<td width=\"601\">Pv invertors, v\u0113ja ener\u0123ijas p\u0101rveidot\u0101js; AII veidu frekvences p\u0101rveidot\u0101js un invertors<br \/>\nbaro\u0161anas avots; t\u012bri elektriskie un hibr\u012bda automobi\u013ci; uzl\u0101des kaudze, UPS u. c.<\/td>\n<\/tr>\n<tr>\n<td width=\"146\"><b>Jaudas diapazons<\/b>:<\/td>\n<td width=\"601\">l\u012bdz 6000 uF<\/td>\n<\/tr>\n<tr>\n<td width=\"146\"><strong>Nomin\u0101lais spriegums\uff1a<\/strong><\/td>\n<td width=\"601\">0,75kv l\u012bdz 3kv<\/td>\n<\/tr>\n<tr>\n<td width=\"146\"><strong><b>Atsauces standarts<\/b>:\uff1a<\/strong><\/td>\n<td width=\"601\">GB\/T3984.1-2004<\/td>\n<\/tr>\n<tr>\n<td width=\"146\"><strong>IEC60110-1:<\/strong><\/td>\n<td width=\"601\">1998<\/td>\n<\/tr>\n<\/tbody>\n<\/table>","protected":false},"featured_media":1864,"comment_status":"open","ping_status":"closed","template":"","meta":[],"product_brand":[],"product_cat":[41],"product_tag":[],"class_list":{"0":"post-1863","1":"product","2":"type-product","3":"status-publish","4":"has-post-thumbnail","6":"product_cat-induction-heating-capacitor","8":"first","9":"instock","10":"shipping-taxable","11":"product-type-simple"},"_links":{"self":[{"href":"https:\/\/rf-capacitor.com\/lv\/wp-json\/wp\/v2\/product\/1863","targetHints":{"allow":["GET"]}}],"collection":[{"href":"https:\/\/rf-capacitor.com\/lv\/wp-json\/wp\/v2\/product"}],"about":[{"href":"https:\/\/rf-capacitor.com\/lv\/wp-json\/wp\/v2\/types\/product"}],"replies":[{"embeddable":true,"href":"https:\/\/rf-capacitor.com\/lv\/wp-json\/wp\/v2\/comments?post=1863"}],"wp:featuredmedia":[{"embeddable":true,"href":"https:\/\/rf-capacitor.com\/lv\/wp-json\/wp\/v2\/media\/1864"}],"wp:attachment":[{"href":"https:\/\/rf-capacitor.com\/lv\/wp-json\/wp\/v2\/media?parent=1863"}],"wp:term":[{"taxonomy":"product_brand","embeddable":true,"href":"https:\/\/rf-capacitor.com\/lv\/wp-json\/wp\/v2\/product_brand?post=1863"},{"taxonomy":"product_cat","embeddable":true,"href":"https:\/\/rf-capacitor.com\/lv\/wp-json\/wp\/v2\/product_cat?post=1863"},{"taxonomy":"product_tag","embeddable":true,"href":"https:\/\/rf-capacitor.com\/lv\/wp-json\/wp\/v2\/product_tag?post=1863"}],"curies":[{"name":"wp","href":"https:\/\/api.w.org\/{rel}","templated":true}]}}