{"id":1860,"date":"2025-01-02T02:14:12","date_gmt":"2025-01-02T02:14:12","guid":{"rendered":"https:\/\/rf-capacitor.com\/?post_type=product&#038;p=1860"},"modified":"2025-01-02T02:14:12","modified_gmt":"2025-01-02T02:14:12","slug":"switching-power-snubber-capacitor","status":"publish","type":"product","link":"https:\/\/rf-capacitor.com\/lv\/switching-power-snubber-capacitor\/","title":{"rendered":"P\u0101rsl\u0113g\u0161anas jaudas snubbera kondensators"},"content":{"rendered":"<div class=\"user-query-container ng-star-inserted\">\n<div id=\"user-query-content-2\" class=\"query-content\">\n<div class=\"query-text gds-body-l ng-star-inserted\" dir=\"ltr\" role=\"heading\" aria-level=\"2\">\n<h3 class=\"query-text-line ng-star-inserted\">P\u0101rsl\u0113g\u0161anas jaudas snubbera kondensators<\/h3>\n<\/div>\n<\/div>\n<div class=\"button-gutter\"><span class=\"citation-0 recitation citation-end-0\" style=\"font-size: 14.4px; color: #555555;\">Komut\u0101cijas baro\u0161anas avotos snubberkondensatoriem ir b\u016btiska noz\u012bme komut\u0101cijas ier\u012b\u010du (piem\u0113ram, MOSFET vai IGBT) aizsardz\u012bb\u0101 pret p\u0101rm\u0113r\u012bgu sprieguma un str\u0101vas spriegumu komut\u0101cijas p\u0101reju laik\u0101.<\/span><span class=\"button-container hide-from-message-actions ng-star-inserted\" style=\"font-size: 14.4px; color: #555555;\">\u00a0 \u00a0<\/span><\/div>\n<\/div>\n<div>\n<div class=\"response-container ng-tns-c3227055261-38 response-optimization tts-removed ng-star-inserted response-container-has-multiple-responses\">\n<div class=\"presented-response-container ng-tns-c3227055261-38\">\n<div class=\"response-container-content ng-tns-c3227055261-38 tunable-selection-with-avatar\">\n<div class=\"response-content ng-tns-c3227055261-38\">\n<div id=\"model-response-message-contentr_690cc733da6ea17b\" class=\"markdown markdown-main-panel tutor-markdown-rendering response-optimization\" dir=\"ltr\">\n<h2 data-sourcepos=\"1:1-1:208\"><strong style=\"font-size: 14.4px;\">\u00a0K\u0101 darbojas komut\u0101cijas jaudas snubbera kondensators:<\/strong><\/h2>\n<ul data-sourcepos=\"5:1-7:0\">\n<li data-sourcepos=\"5:1-5:287\"><strong><span class=\"citation-1 recitation\">Sprieguma sv\u0101rst\u012bbas:<\/span><\/strong><span class=\"citation-1 recitation citation-end-1\"> Kad sl\u0113dzis izsl\u0113dzas, paraz\u012btisk\u0101 induktivit\u0101te \u0137\u0113d\u0113 var izrais\u012bt strauju sprieguma pieaugumu p\u0101ri sl\u0113dzim.<\/span> <span class=\"citation-2 recitation citation-end-2\">Snubber kondensators absorb\u0113 \u0161o p\u0113k\u0161\u0146o sprieguma k\u0101pumu, ierobe\u017eojot maksim\u0101lo spriegumu un nov\u0113r\u0161ot sl\u0113d\u017ea boj\u0101jumus.<\/span>\n<div class=\"container ng-tns-c362440147-43 hide\">\n<div class=\"carousel-container ng-tns-c362440147-43\"><\/div>\n<\/div>\n<\/li>\n<li data-sourcepos=\"6:1-7:0\"><strong>Str\u0101vas p\u0101rsl\u0113g\u0161ana:<\/strong> Izsl\u0113g\u0161anas un izsl\u0113g\u0161anas p\u0101rejas laik\u0101 snuberkondensators nodro\u0161ina str\u0101vas pl\u016bsmas pagaidu ce\u013cu, samazinot di\/dt (str\u0101vas mai\u0146as \u0101trumu) un l\u012bdz minimumam samazinot elektromagn\u0113tiskos trauc\u0113jumus (EMI).<\/li>\n<\/ul>\n<h3 data-sourcepos=\"8:1-8:24\"><strong>Galven\u0101s iez\u012bmes:<\/strong><\/h3>\n<ul data-sourcepos=\"10:1-14:0\">\n<li data-sourcepos=\"10:1-10:88\"><strong>Augstsprieguma nov\u0113rt\u0113jums:<\/strong> J\u0101iztur maksim\u0101lais spriegums, kas rodas p\u0101rsl\u0113g\u0161anas laik\u0101.<\/li>\n<li data-sourcepos=\"11:1-11:104\"><strong><span class=\"citation-3 recitation\">Zema ESR (ekvivalenta s\u0113rijas pretest\u012bba):<\/span><\/strong><span class=\"citation-3 recitation citation-end-3\"> Samazina ener\u0123ijas zudumus kondensator\u0101.<\/span><span class=\"button-container hide-from-message-actions ng-star-inserted\"> \u00a0<\/span>\n<div class=\"container ng-tns-c362440147-44 hide\">\n<div class=\"carousel-container ng-tns-c362440147-44\"><\/div>\n<\/div>\n<\/li>\n<li data-sourcepos=\"12:1-12:123\"><strong>\u0100tras uzl\u0101des\/izl\u0101des iesp\u0113jas:<\/strong> <span class=\"citation-4 recitation citation-end-4\">Sp\u0113j \u0101tri absorb\u0113t un atbr\u012bvot ener\u0123iju p\u0101rsl\u0113g\u0161an\u0101s laik\u0101.<\/span>\n<div class=\"container ng-tns-c362440147-45 hide\">\n<div class=\"carousel-container ng-tns-c362440147-45\"><\/div>\n<\/div>\n<\/li>\n<li data-sourcepos=\"13:1-14:0\"><strong>Kompakts izm\u0113rs:<\/strong> Minimiz\u0113t jaudas elektronikas sist\u0113mu ietilp\u012bbu.<\/li>\n<\/ul>\n<h3 data-sourcepos=\"15:1-15:32\"><strong>P\u0101rsl\u0113dzam\u0101 jaudas kondensatora veidi:<\/strong><\/h3>\n<ul data-sourcepos=\"17:1-19:0\">\n<li data-sourcepos=\"17:1-17:112\"><strong>Pl\u0113ves kondensatori:<\/strong> Bie\u017ei tiek izmantoti, pateicoties augstam spriegumam, zemam ESR un labai temperat\u016bras stabilit\u0101tei.<\/li>\n<li data-sourcepos=\"18:1-19:0\"><strong>Keramikas kondensatori:<\/strong> Pied\u0101v\u0101 lielu kapacit\u0101ti neliel\u0101 iepakojum\u0101, bet var b\u016bt ierobe\u017eojumi attiec\u012bb\u0101 uz nomin\u0101lo spriegumu un temperat\u016bras stabilit\u0101ti.<\/li>\n<\/ul>\n<h3 data-sourcepos=\"20:1-20:26\"><strong>Dizaina apsv\u0113rumi:<\/strong><\/h3>\n<ul data-sourcepos=\"22:1-25:0\">\n<li data-sourcepos=\"22:1-22:87\"><strong>Komut\u0101cijas ier\u012bces raksturlielumi:<\/strong> iesl\u0113g\u0161an\u0101s\/izsl\u0113g\u0161an\u0101s laiki, maksim\u0101l\u0101s str\u0101vas un spriegumi.<\/li>\n<li data-sourcepos=\"23:1-23:69\"><strong>\u0136\u0113des parametri:<\/strong> Paraz\u012btisk\u0101 induktivit\u0101te, slodzes raksturlielumi.<\/li>\n<li data-sourcepos=\"24:1-25:0\"><strong><span class=\"citation-5 recitation\">Snubberu \u0137\u0113des topolo\u0123ija:<\/span><\/strong><span class=\"citation-5 recitation citation-end-5\"> Da\u017e\u0101d\u0101m snubberu konfigur\u0101cij\u0101m (R-C, RCD utt.) ir da\u017e\u0101da ietekme uz sh\u0113mas veiktsp\u0113ju.<\/span><span class=\"button-container hide-from-message-actions ng-star-inserted\">\u00a0 \u00a0<\/span>\n<div class=\"container ng-tns-c362440147-46 hide\">\n<div class=\"carousel-container ng-tns-c362440147-46\"><\/div>\n<\/div>\n<\/li>\n<\/ul>\n<h3 data-sourcepos=\"26:1-26:41\"><strong>Snubbera kondensatoru izmanto\u0161anas priek\u0161roc\u012bbas:<\/strong><\/h3>\n<ul data-sourcepos=\"28:1-31:0\">\n<li data-sourcepos=\"28:1-28:102\"><strong>Uzlabota sl\u0113d\u017ea uzticam\u012bba:<\/strong> Samazin\u0101ta komut\u0101cijas ier\u012bces slodze, kas pagarina t\u0101s kalpo\u0161anas ilgumu.<\/li>\n<li data-sourcepos=\"29:1-29:68\"><strong>Samazin\u0101ta EMI emisija:<\/strong> Samazina elektromagn\u0113tiskos trauc\u0113jumus.<\/li>\n<li data-sourcepos=\"30:1-31:0\"><strong>Uzlabota sist\u0113mas efektivit\u0101te:<\/strong> Samazin\u0101ti jaudas zudumi, jo ir maz\u0101ki komut\u0101cijas zudumi.<\/li>\n<\/ul>\n<\/div>\n<\/div>\n<\/div>\n<\/div>\n<\/div>\n<\/div>","protected":false},"excerpt":{"rendered":"<table style=\"height: 523px;\" width=\"704\">\n<tbody>\n<tr>\n<td width=\"146\"><strong><b>Produkts<\/b><\/strong>\u00a0<strong><b>V\u0101rds un uzv\u0101rds:<\/b><\/strong><\/td>\n<td width=\"601\"><strong>P\u0101rsl\u0113g\u0161anas jaudas snubbera kondensators<\/strong><\/td>\n<\/tr>\n<tr>\n<td width=\"146\">\n<h4><strong>\u012ass apraksts:<\/strong><\/h4>\n<\/td>\n<td width=\"601\">CRE snubber pl\u0113ves kondensatori ir paredz\u0113ti darbam ar lielu maksim\u0101lo str\u0101vu, kas nepiecie\u0161ama aizsardz\u012bbai pret p\u0101rejas spriegumiem.<\/td>\n<\/tr>\n<tr>\n<td width=\"146\"><strong>Kapacit\u0101tes diapazons:<\/strong><\/td>\n<td width=\"601\">\u00a02\u03bcF\u00b110%<\/td>\n<\/tr>\n<tr>\n<td width=\"146\"><strong>Nomin\u0101lais spriegums\uff1a<\/strong><\/td>\n<td width=\"601\">700V.DC\uff5e3000V.DC<\/td>\n<\/tr>\n<tr>\n<td width=\"146\"><strong>Cap.tol\uff1a<\/strong><\/td>\n<td width=\"601\">\u00b15%(J);\u00b110%(K)<\/td>\n<\/tr>\n<tr>\n<td width=\"146\"><\/td>\n<td width=\"601\"><\/td>\n<\/tr>\n<\/tbody>\n<\/table>","protected":false},"featured_media":1861,"comment_status":"open","ping_status":"closed","template":"","meta":[],"product_brand":[],"product_cat":[40],"product_tag":[],"class_list":{"0":"post-1860","1":"product","2":"type-product","3":"status-publish","4":"has-post-thumbnail","6":"product_cat-snubber-capacitor","8":"first","9":"instock","10":"shipping-taxable","11":"product-type-simple"},"_links":{"self":[{"href":"https:\/\/rf-capacitor.com\/lv\/wp-json\/wp\/v2\/product\/1860","targetHints":{"allow":["GET"]}}],"collection":[{"href":"https:\/\/rf-capacitor.com\/lv\/wp-json\/wp\/v2\/product"}],"about":[{"href":"https:\/\/rf-capacitor.com\/lv\/wp-json\/wp\/v2\/types\/product"}],"replies":[{"embeddable":true,"href":"https:\/\/rf-capacitor.com\/lv\/wp-json\/wp\/v2\/comments?post=1860"}],"wp:featuredmedia":[{"embeddable":true,"href":"https:\/\/rf-capacitor.com\/lv\/wp-json\/wp\/v2\/media\/1861"}],"wp:attachment":[{"href":"https:\/\/rf-capacitor.com\/lv\/wp-json\/wp\/v2\/media?parent=1860"}],"wp:term":[{"taxonomy":"product_brand","embeddable":true,"href":"https:\/\/rf-capacitor.com\/lv\/wp-json\/wp\/v2\/product_brand?post=1860"},{"taxonomy":"product_cat","embeddable":true,"href":"https:\/\/rf-capacitor.com\/lv\/wp-json\/wp\/v2\/product_cat?post=1860"},{"taxonomy":"product_tag","embeddable":true,"href":"https:\/\/rf-capacitor.com\/lv\/wp-json\/wp\/v2\/product_tag?post=1860"}],"curies":[{"name":"wp","href":"https:\/\/api.w.org\/{rel}","templated":true}]}}