{"id":1793,"date":"2024-12-31T03:18:31","date_gmt":"2024-12-31T03:18:31","guid":{"rendered":"https:\/\/rf-capacitor.com\/?post_type=product&#038;p=1793"},"modified":"2024-12-31T03:18:31","modified_gmt":"2024-12-31T03:18:31","slug":"damping-absorption-snubber-capacitor","status":"publish","type":"product","link":"https:\/\/rf-capacitor.com\/lv\/damping-absorption-snubber-capacitor\/","title":{"rendered":"Amortiz\u0101cijas absorbcijas snubbera kondensators"},"content":{"rendered":"<h3 data-sourcepos=\"1:1-1:41\"><strong>Amortiz\u0101cijas absorbcijas snubbera kondensatori<\/strong><\/h3>\n<ul data-sourcepos=\"3:1-24:0\">\n<li data-sourcepos=\"3:1-3:158\">\n<p data-sourcepos=\"3:3-3:158\"><strong><span class=\"citation-0 recitation\">M\u0113r\u0137is:<\/span><\/strong><span class=\"citation-0 recitation citation-end-0\"> Galvenok\u0101rt tiek izmantoti, lai sl\u0101p\u0113tu sprieguma un str\u0101vas p\u0101rsp\u012bl\u0113jumus, kas var rasties komut\u0101cijas oper\u0101ciju laik\u0101 energoelektroniskaj\u0101s sh\u0113m\u0101s.<\/span><span class=\"button-container hide-from-message-actions ng-star-inserted\"> \u00a0<\/span><\/p>\n<div class=\"container ng-tns-c362440147-135 hide\">\n<div class=\"carousel-container ng-tns-c362440147-135\"><\/div>\n<\/div>\n<\/li>\n<li data-sourcepos=\"4:1-9:0\">\n<h3 data-sourcepos=\"4:3-4:20\"><strong>K\u0101 darbojas sl\u0101p\u0113\u0161anas absorbcijas snubbera kondensators:<\/strong><\/h3>\n<ul data-sourcepos=\"5:5-9:0\">\n<li data-sourcepos=\"5:5-5:199\"><strong><span class=\"citation-1 recitation\">Sprieguma un str\u0101vas p\u0101rsp\u012bl\u0113jumi:<\/span><\/strong><span class=\"citation-1 recitation citation-end-1\"> Kad sl\u0113dzis sp\u0113ka elektronikas \u0137\u0113d\u0113 izsl\u0113dzas, p\u0113k\u0161\u0146\u0101s izmai\u0146as \u0137\u0113des apst\u0101k\u013cos var izrais\u012bt straujus sprieguma un str\u0101vas p\u0101rejas procesus.<\/span><span class=\"button-container hide-from-message-actions ng-star-inserted\">\u00a0<\/span>\n<div class=\"container ng-tns-c362440147-136 hide\">\n<div class=\"carousel-container ng-tns-c362440147-136\"><\/div>\n<\/div>\n<\/li>\n<li data-sourcepos=\"6:5-6:162\"><strong><span class=\"citation-2 recitation\">Snubberu \u0137\u0113de:<\/span><\/strong><span class=\"citation-2 recitation citation-end-2\"> Paral\u0113li komut\u0101cijas ier\u012bcei ir piesl\u0113gta snubera sh\u0113ma, kas parasti sast\u0101v no rezistora un kondensatora.<\/span><span class=\"button-container hide-from-message-actions ng-star-inserted\"> \u00a0<\/span>\n<div class=\"container ng-tns-c362440147-137 hide\">\n<div class=\"carousel-container ng-tns-c362440147-137\"><\/div>\n<\/div>\n<\/li>\n<li data-sourcepos=\"7:5-7:190\"><strong><span class=\"citation-3 recitation\">Amortiz\u0113jo\u0161a darb\u012bba:<\/span><\/strong><span class=\"citation-3 recitation citation-end-3\"> Kondensators absorb\u0113 ener\u0123iju, kas saist\u012bta ar p\u0101rsp\u012bl\u0113\u0161anu, efekt\u012bvi \"sl\u0101p\u0113jot\" p\u0101rejas procesu un nov\u0113r\u0161ot p\u0101rm\u0113r\u012bgus sprieguma vai str\u0101vas l\u0113cienus.<\/span><\/li>\n<li data-sourcepos=\"7:5-7:190\"><strong style=\"font-size: 14.4px;\">Absorbcija:<\/strong><span style=\"font-size: 14.4px;\"> Kondensators absorb\u0113 ener\u0123iju un p\u0113c tam pak\u0101peniski to atbr\u012bvo, ne\u013caujot tai saboj\u0101t komut\u0101cijas ier\u012bci.<\/span><\/li>\n<\/ul>\n<\/li>\n<li data-sourcepos=\"10:1-14:0\">\n<h3 data-sourcepos=\"10:3-10:26\"><strong>Galvenie raksturlielumi Amortiz\u0101cijas absorbcijas snubbera kondensators:<\/strong><\/h3>\n<ul data-sourcepos=\"11:5-14:0\">\n<li data-sourcepos=\"11:5-11:134\"><strong><span class=\"citation-4 recitation\">Zems ESR:<\/span><\/strong><span class=\"citation-4 recitation citation-end-4\"> Efekt\u012bvai ener\u0123ijas absorbcijai un minim\u0101liem jaudas zudumiem ir b\u016btiska zema ekvivalenta s\u0113rijas pretest\u012bba.<\/span><span class=\"button-container hide-from-message-actions ng-star-inserted\"> \u00a0<\/span>\n<div class=\"container ng-tns-c362440147-139 hide\">\n<div class=\"carousel-container ng-tns-c362440147-139\"><\/div>\n<\/div>\n<\/li>\n<li data-sourcepos=\"12:5-12:127\"><strong><span class=\"citation-5 recitation\">Augstsprieguma nov\u0113rt\u0113jums:<\/span><\/strong><span class=\"citation-5 recitation citation-end-5\"> J\u0101iztur maksim\u0101lais spriegums, kas rodas p\u0101rsl\u0113g\u0161an\u0101s p\u0101rejas procesu laik\u0101.<\/span><span class=\"button-container hide-from-message-actions ng-star-inserted\"> \u00a0<\/span>\n<div class=\"container ng-tns-c362440147-140 hide\">\n<div class=\"carousel-container ng-tns-c362440147-140\"><\/div>\n<\/div>\n<\/li>\n<li data-sourcepos=\"13:5-14:0\"><strong>\u0100tra reakcija:<\/strong> Ir \u0101tri j\u0101rea\u0123\u0113 uz strauj\u0101m sprieguma un str\u0101vas izmai\u0146\u0101m.<\/li>\n<\/ul>\n<\/li>\n<li data-sourcepos=\"15:1-18:0\">\n<h4 data-sourcepos=\"15:3-15:19\"><strong>Pieteikumi:<\/strong><\/h4>\n<ul data-sourcepos=\"16:5-18:0\">\n<li data-sourcepos=\"16:5-16:196\"><strong><span class=\"citation-6 recitation\">Energoelektronika:<\/span><\/strong><span class=\"citation-6 recitation citation-end-6\"> Pla\u0161i izmanto energoelektronikas sh\u0113m\u0101s, piem\u0113ram, inverteros, p\u0101rveidot\u0101jos un motoru piedzi\u0146\u0101s, lai aizsarg\u0101tu komut\u0101cijas ier\u012bces, piem\u0113ram, IGBT, MOSFET un tiristorus.<\/span><span class=\"button-container hide-from-message-actions ng-star-inserted\"> \u00a0<\/span>\n<div class=\"container ng-tns-c362440147-141 hide\">\n<div class=\"carousel-container ng-tns-c362440147-141\"><\/div>\n<\/div>\n<\/li>\n<li data-sourcepos=\"17:5-18:0\"><strong>Augstsprieguma lietojumprogrammas:<\/strong> Izmanto augstsprieguma lietojumprogramm\u0101s, kur komut\u0101cijas p\u0101rejas procesi var b\u016bt sp\u0113c\u012bg\u0101ki.<\/li>\n<\/ul>\n<\/li>\n<li data-sourcepos=\"19:1-24:0\">\n<h4 data-sourcepos=\"19:3-19:15\"><strong>Ieguvumi:<\/strong><\/h4>\n<ul data-sourcepos=\"20:5-24:0\">\n<li data-sourcepos=\"20:5-20:109\"><strong><span class=\"citation-7 recitation\">Samazin\u0101ti komut\u0101cijas zudumi:<\/span><\/strong><span class=\"citation-7 recitation citation-end-7\"> Samazina jaudas zudumus, kas saist\u012bti ar p\u0101rsl\u0113g\u0161anas oper\u0101cij\u0101m.<\/span><span class=\"button-container hide-from-message-actions ng-star-inserted\"> \u00a0<\/span>\n<div class=\"container ng-tns-c362440147-142 hide\">\n<div class=\"carousel-container ng-tns-c362440147-142\"><\/div>\n<\/div>\n<\/li>\n<li data-sourcepos=\"21:5-21:110\"><strong><span class=\"citation-8 recitation\">Uzlabota uzticam\u012bba:<\/span><\/strong><span class=\"citation-8 recitation citation-end-8\"> Aizsarg\u0101 komut\u0101cijas ier\u012bces no boj\u0101jumiem, pagarinot to kalpo\u0161anas laiku.<\/span><span class=\"button-container hide-from-message-actions ng-star-inserted\"> \u00a0<\/span>\n<div class=\"container ng-tns-c362440147-143 hide\">\n<div class=\"carousel-container ng-tns-c362440147-143\"><\/div>\n<\/div>\n<\/li>\n<li data-sourcepos=\"22:5-22:156\"><strong><span class=\"citation-9 recitation\">Samazin\u0101ts EMI\/RFI:<\/span><\/strong><span class=\"citation-9 recitation citation-end-9\"> Samazina elektromagn\u0113tiskos trauc\u0113jumus (EMI) un radiofrekven\u010du trauc\u0113jumus (RFI), ko rada komut\u0101cijas p\u0101rejas procesi.<\/span><span class=\"button-container hide-from-message-actions ng-star-inserted\"> \u00a0<\/span>\n<div class=\"container ng-tns-c362440147-144 hide\">\n<div class=\"carousel-container ng-tns-c362440147-144\"><\/div>\n<\/div>\n<\/li>\n<li data-sourcepos=\"23:5-24:0\"><strong>Uzlabota efektivit\u0101te:<\/strong> <span class=\"citation-10 recitation citation-end-10\">Samazinot komut\u0101cijas zudumus, snubberu sh\u0113mas var uzlabot kop\u0113jo sist\u0113mas efektivit\u0101ti.<\/span><span class=\"button-container hide-from-message-actions ng-star-inserted\"> \u00a0 <\/span><\/li>\n<\/ul>\n<\/li>\n<\/ul>","protected":false},"excerpt":{"rendered":"<table style=\"height: 549px;\" width=\"734\">\n<tbody>\n<tr>\n<td width=\"146\"><strong><b>Produkts<\/b><\/strong>\u00a0<strong><b>V\u0101rds un uzv\u0101rds:<\/b><\/strong><\/td>\n<td width=\"601\"><strong>Amortiz\u0101cijas absorbcijas snubbera kondensators<\/strong><\/td>\n<\/tr>\n<tr>\n<td width=\"146\">\n<h4><strong>\u012ass apraksts:<\/strong><\/h4>\n<\/td>\n<td width=\"601\">1. Inovat\u012bvus sl\u0101p\u0113\u0161anas absorbcijas kondensatorus projekt\u0113 un ra\u017eo CRE<\/p>\n<p>2. CRE ir l\u012bderis pl\u0113ves kondensatoru izstr\u0101d\u0113 un ra\u017eo\u0161an\u0101.<\/p>\n<p>3. Ja jums nepiecie\u0161amas unik\u0101las sl\u0101p\u0113\u0161anas absorbcijas kondensatora specifik\u0101cijas, dodieties uz m\u016bsu projekt\u0113\u0161anas centru, lai izgatavotu piel\u0101gotu kondensatoru.<\/td>\n<\/tr>\n<tr>\n<td width=\"146\"><strong>Kapacit\u0101tes diapazons:<\/strong><\/td>\n<td width=\"601\">\u00a00,33\u03bcF \u00b15%<\/td>\n<\/tr>\n<tr>\n<td width=\"146\"><strong>Nomin\u0101lais spriegums\uff1a<\/strong><\/td>\n<td width=\"601\">3400V.AC<\/td>\n<\/tr>\n<tr>\n<td width=\"146\"><strong>Cap.tol\uff1a<\/strong><\/td>\n<td width=\"601\">-40\u2103_85\u2103<\/td>\n<\/tr>\n<\/tbody>\n<\/table>","protected":false},"featured_media":1795,"comment_status":"open","ping_status":"closed","template":"","meta":[],"product_brand":[],"product_cat":[40],"product_tag":[],"class_list":{"0":"post-1793","1":"product","2":"type-product","3":"status-publish","4":"has-post-thumbnail","6":"product_cat-snubber-capacitor","8":"first","9":"instock","10":"shipping-taxable","11":"product-type-simple"},"_links":{"self":[{"href":"https:\/\/rf-capacitor.com\/lv\/wp-json\/wp\/v2\/product\/1793","targetHints":{"allow":["GET"]}}],"collection":[{"href":"https:\/\/rf-capacitor.com\/lv\/wp-json\/wp\/v2\/product"}],"about":[{"href":"https:\/\/rf-capacitor.com\/lv\/wp-json\/wp\/v2\/types\/product"}],"replies":[{"embeddable":true,"href":"https:\/\/rf-capacitor.com\/lv\/wp-json\/wp\/v2\/comments?post=1793"}],"wp:featuredmedia":[{"embeddable":true,"href":"https:\/\/rf-capacitor.com\/lv\/wp-json\/wp\/v2\/media\/1795"}],"wp:attachment":[{"href":"https:\/\/rf-capacitor.com\/lv\/wp-json\/wp\/v2\/media?parent=1793"}],"wp:term":[{"taxonomy":"product_brand","embeddable":true,"href":"https:\/\/rf-capacitor.com\/lv\/wp-json\/wp\/v2\/product_brand?post=1793"},{"taxonomy":"product_cat","embeddable":true,"href":"https:\/\/rf-capacitor.com\/lv\/wp-json\/wp\/v2\/product_cat?post=1793"},{"taxonomy":"product_tag","embeddable":true,"href":"https:\/\/rf-capacitor.com\/lv\/wp-json\/wp\/v2\/product_tag?post=1793"}],"curies":[{"name":"wp","href":"https:\/\/api.w.org\/{rel}","templated":true}]}}