{"id":1783,"date":"2024-12-31T02:56:12","date_gmt":"2024-12-31T02:56:12","guid":{"rendered":"https:\/\/rf-capacitor.com\/?post_type=product&#038;p=1783"},"modified":"2024-12-31T02:56:12","modified_gmt":"2024-12-31T02:56:12","slug":"low-esr-ac-filter-capacitor","status":"publish","type":"product","link":"https:\/\/rf-capacitor.com\/lv\/low-esr-ac-filter-capacitor\/","title":{"rendered":"Mai\u0146str\u0101vas filtra kondensators ar zemu ESR"},"content":{"rendered":"<h3 data-sourcepos=\"1:1-1:32\"><strong>Mai\u0146str\u0101vas filtra kondensatori ar zemu ESR<\/strong><\/h3>\n<ul data-sourcepos=\"3:1-17:0\">\n<li data-sourcepos=\"3:1-3:208\">\n<p data-sourcepos=\"3:3-3:208\"><strong>ESR:<\/strong> <span class=\"citation-0 recitation citation-end-0\">Apz\u012bm\u0113 \"Ekvivalent\u0101 s\u0113rijas pretest\u012bba\".<\/span> <span class=\"citation-1 recitation citation-end-1\">T\u0101 ir kondensatora iek\u0161\u0113j\u0101 pretest\u012bba, kas var rad\u012bt ener\u0123ijas zudumus un siltuma veido\u0161anos darb\u012bbas laik\u0101.<\/span><span class=\"button-container hide-from-message-actions ng-star-inserted\">\u00a0<\/span><\/p>\n<div class=\"container ng-tns-c362440147-124 hide\">\n<div class=\"carousel-container ng-tns-c362440147-124\"><\/div>\n<\/div>\n<\/li>\n<li data-sourcepos=\"4:1-9:0\">\n<p data-sourcepos=\"4:3-4:105\"><strong>Zema ESR noz\u012bme:<\/strong> <span class=\"citation-2 recitation citation-end-2\">Mai\u0146str\u0101vas filtru lietojumos zems ESR ir \u013coti svar\u012bgs vair\u0101ku iemeslu d\u0113\u013c:<\/span><span class=\"button-container hide-from-message-actions ng-star-inserted\"> \u00a0<\/span><\/p>\n<div class=\"container ng-tns-c362440147-125 hide\">\n<div class=\"carousel-container ng-tns-c362440147-125\"><\/div>\n<\/div>\n<ul data-sourcepos=\"5:5-9:0\">\n<li data-sourcepos=\"5:5-5:147\"><strong><span class=\"citation-3 recitation\">Samazin\u0101ti ener\u0123ijas zudumi:<\/span><\/strong><span class=\"citation-3 recitation citation-end-3\"> Zem\u0101ks ESR samazina iek\u0161\u0113jo siltuma veido\u0161anos, t\u0101d\u0113j\u0101di samazinot jaudas zudumus un uzlabojot efektivit\u0101ti.<\/span><span class=\"button-container hide-from-message-actions ng-star-inserted\">\u00a0<\/span>\n<div class=\"container ng-tns-c362440147-126 hide\">\n<div class=\"carousel-container ng-tns-c362440147-126\"><\/div>\n<\/div>\n<\/li>\n<li data-sourcepos=\"6:5-6:186\"><strong>Uzlabota filtr\u0113\u0161anas veiktsp\u0113ja:<\/strong> Zems ESR \u013cauj kondensatoram efekt\u012bv\u0101k rea\u0123\u0113t uz strauj\u0101m str\u0101vas izmai\u0146\u0101m, uzlabojot t\u0101 sp\u0113ju filtr\u0113t augstfrekvences harmonikas.<\/li>\n<li data-sourcepos=\"7:5-7:173\"><strong>Uzlabota stabilit\u0101te:<\/strong> Samazina rezonanses risku energosist\u0113m\u0101, kas var rasties, kad augstfrekvences komponenti mijiedarbojas ar sist\u0113mas induktivit\u0101ti.<\/li>\n<li data-sourcepos=\"8:5-9:0\"><strong>Uzlabota uzticam\u012bba:<\/strong> <span class=\"citation-4 recitation citation-end-4\">Maz\u0101ka iek\u0161\u0113j\u0101 siltuma veido\u0161an\u0101s samazina kondensatora slodzi, pagarinot t\u0101 kalpo\u0161anas laiku.<\/span><span class=\"button-container hide-from-message-actions ng-star-inserted\"> \u00a0<\/span>\n<div class=\"container ng-tns-c362440147-127 hide\">\n<div class=\"carousel-container ng-tns-c362440147-127\"><\/div>\n<\/div>\n<\/li>\n<\/ul>\n<\/li>\n<li data-sourcepos=\"10:1-13:0\">\n<h3 data-sourcepos=\"10:3-10:19\"><strong>Kop\u0113jie veidi Zema ESR mai\u0146str\u0101vas filtra kondensators:<\/strong><\/h3>\n<ul data-sourcepos=\"11:5-13:0\">\n<li data-sourcepos=\"11:5-11:130\"><strong><span class=\"citation-5 recitation\">Metaliz\u0113ta polipropil\u0113na pl\u0113ves kondensatori:<\/span><\/strong><span class=\"citation-5 recitation citation-end-5\"> Bie\u017ei tiek dota priek\u0161roka to zema ESR un augstfrekvences veiktsp\u0113jas d\u0113\u013c.<\/span><span class=\"button-container hide-from-message-actions ng-star-inserted\"> \u00a0<\/span>\n<div class=\"container ng-tns-c362440147-128 hide\">\n<div class=\"carousel-container ng-tns-c362440147-128\"><\/div>\n<\/div>\n<\/li>\n<li data-sourcepos=\"12:5-13:0\"><strong>Metaliz\u0113ta pap\u012bra kondensatori:<\/strong> Var nodro\u0161in\u0101t ar\u012b zemu ESR, \u012bpa\u0161i liel\u0101kas jaudas lietojumos.<\/li>\n<\/ul>\n<\/li>\n<li data-sourcepos=\"14:1-17:0\">\n<h3 data-sourcepos=\"14:3-14:19\"><strong>Pieteikumi:<\/strong><\/h3>\n<ul data-sourcepos=\"15:5-17:0\">\n<li data-sourcepos=\"15:5-15:202\"><strong>Lietojumprogrammas ar lielu jaudu:<\/strong> Izmanto lieljaudas r\u016bpnieciskaj\u0101s iek\u0101rt\u0101s, atjaunojam\u0101s ener\u0123ijas sist\u0113m\u0101s, k\u0101 ar\u012b ener\u0123ijas p\u0101rvades un sadales sist\u0113m\u0101s, kur ir lielas str\u0101vas un \u0101tri p\u0101rejas procesi.<\/li>\n<li data-sourcepos=\"16:5-17:0\"><strong>Augstas frekvences lietojumprogrammas:<\/strong> Izmanto lietojumos, kas saist\u012bti ar augstfrekvences p\u0101rsl\u0113g\u0161anu, piem\u0113ram, motoru piedzi\u0146\u0101s, inverteros un energoelektroniskajos p\u0101rveidot\u0101jos.<\/li>\n<\/ul>\n<\/li>\n<\/ul>\n<p data-sourcepos=\"18:1-18:358\"><strong>Kopsavilkums:<\/strong> Mai\u0146str\u0101vas filtru kondensatori ar zemu ESR ir b\u016btiski, lai nodro\u0161in\u0101tu optim\u0101lu veiktsp\u0113ju un uzticam\u012bbu sare\u017e\u0123\u012bt\u0101s lietojumprogramm\u0101s, kur\u0101s ir lielas str\u0101vas, \u0101tri p\u0101rejas procesi un augstfrekvences komponenti. Minimiz\u0113jot iek\u0161\u0113jo pretest\u012bbu, \u0161ie kondensatori uzlabo ener\u0123ijas kvalit\u0101ti, samazina ener\u0123ijas zudumus un uzlabo sist\u0113mas stabilit\u0101ti.<\/p>","protected":false},"excerpt":{"rendered":"<table style=\"height: 601px;\" width=\"720\">\n<tbody>\n<tr>\n<td width=\"146\"><strong><b>Produkts<\/b><\/strong>\u00a0<strong><b>V\u0101rds un uzv\u0101rds:<\/b><\/strong><\/td>\n<td width=\"601\"><strong>Mai\u0146str\u0101vas filtra kondensators ar zemu ESR<\/strong><\/td>\n<\/tr>\n<tr>\n<td width=\"146\">\n<h4><strong>Dielektriskais materi\u0101ls:<\/strong><\/h4>\n<\/td>\n<td width=\"601\">1. Liels ner\u016bs\u0113jo\u0161\u0101 t\u0113rauda korpuss<\/p>\n<p>2. augsta \u012bpatn\u0113j\u0101 ener\u0123ija<\/p>\n<p>3. vi\u013c\u0146u griezuma metaliz\u0113ta PP pl\u0113ve\/PU, kas nodro\u0161ina zemu pa\u0161induktivit\u0101ti, augstu iztur\u012bbu pret pl\u012bsumiem un augstu uzticam\u012bbu.<\/td>\n<\/tr>\n<tr>\n<td width=\"146\"><strong>Kapacit\u0101tes diapazons:<\/strong><\/td>\n<td width=\"601\">3*200\u03bcF \u00b15%<\/td>\n<\/tr>\n<tr>\n<td width=\"146\"><strong>Nomin\u0101lais spriegums\uff1a<\/strong><\/td>\n<td width=\"601\">\u00a0450V.AC SH<\/td>\n<\/tr>\n<tr>\n<td width=\"146\"><strong>Cap.tol\uff1a<\/strong><\/td>\n<td width=\"601\">5%~+5%<\/td>\n<\/tr>\n<tr>\n<td width=\"146\"><strong>Maksim\u0101l\u0101 apk\u0101rt\u0113j\u0101s vides temperat\u016bra:<\/strong><\/td>\n<td width=\"601\">\u00a0-40\u2103-85\u2103<\/td>\n<\/tr>\n<\/tbody>\n<\/table>","protected":false},"featured_media":1787,"comment_status":"open","ping_status":"closed","template":"","meta":[],"product_brand":[],"product_cat":[39],"product_tag":[],"class_list":{"0":"post-1783","1":"product","2":"type-product","3":"status-publish","4":"has-post-thumbnail","6":"product_cat-ac-filter-capacitor-1","8":"first","9":"instock","10":"shipping-taxable","11":"product-type-simple"},"_links":{"self":[{"href":"https:\/\/rf-capacitor.com\/lv\/wp-json\/wp\/v2\/product\/1783","targetHints":{"allow":["GET"]}}],"collection":[{"href":"https:\/\/rf-capacitor.com\/lv\/wp-json\/wp\/v2\/product"}],"about":[{"href":"https:\/\/rf-capacitor.com\/lv\/wp-json\/wp\/v2\/types\/product"}],"replies":[{"embeddable":true,"href":"https:\/\/rf-capacitor.com\/lv\/wp-json\/wp\/v2\/comments?post=1783"}],"wp:featuredmedia":[{"embeddable":true,"href":"https:\/\/rf-capacitor.com\/lv\/wp-json\/wp\/v2\/media\/1787"}],"wp:attachment":[{"href":"https:\/\/rf-capacitor.com\/lv\/wp-json\/wp\/v2\/media?parent=1783"}],"wp:term":[{"taxonomy":"product_brand","embeddable":true,"href":"https:\/\/rf-capacitor.com\/lv\/wp-json\/wp\/v2\/product_brand?post=1783"},{"taxonomy":"product_cat","embeddable":true,"href":"https:\/\/rf-capacitor.com\/lv\/wp-json\/wp\/v2\/product_cat?post=1783"},{"taxonomy":"product_tag","embeddable":true,"href":"https:\/\/rf-capacitor.com\/lv\/wp-json\/wp\/v2\/product_tag?post=1783"}],"curies":[{"name":"wp","href":"https:\/\/api.w.org\/{rel}","templated":true}]}}