{"id":1767,"date":"2024-12-31T02:35:15","date_gmt":"2024-12-31T02:35:15","guid":{"rendered":"https:\/\/rf-capacitor.com\/?post_type=product&#038;p=1767"},"modified":"2024-12-31T02:35:15","modified_gmt":"2024-12-31T02:35:15","slug":"metallized-polypropylene-film-capacitor","status":"publish","type":"product","link":"https:\/\/rf-capacitor.com\/lv\/metallized-polypropylene-film-capacitor\/","title":{"rendered":"Metaliz\u0113ta polipropil\u0113na pl\u0113ves kondensators"},"content":{"rendered":"<h3 data-sourcepos=\"1:1-1:50\"><strong>Metaliz\u0113ta polipropil\u0113na pl\u0113ves kondensatori (MKP)<\/strong><\/h3>\n<ul data-sourcepos=\"3:1-27:0\">\n<li data-sourcepos=\"3:1-7:0\">\n<p data-sourcepos=\"3:3-3:19\"><strong>B\u016bvniec\u012bba:<\/strong><\/p>\n<ul data-sourcepos=\"4:5-7:0\">\n<li data-sourcepos=\"4:5-4:104\"><strong>Dielektri\u0137is:<\/strong> <span class=\"citation-0 recitation citation-end-0\">Izol\u0101cijas materi\u0101lam izmanto pl\u0101nas polipropil\u0113na pl\u0113ves k\u0101rtas.<\/span><span class=\"button-container hide-from-message-actions ng-star-inserted\">\u00a0 \u00a0<\/span>\n<div class=\"container ng-tns-c362440147-96 hide\">\n<div class=\"carousel-container ng-tns-c362440147-96\"><\/div>\n<\/div>\n<\/li>\n<li data-sourcepos=\"5:5-5:136\"><strong>Metaliz\u0101cija:<\/strong> Pl\u0101ns met\u0101la (parasti alum\u012bnija) sl\u0101nis tiek uzkl\u0101ts vakuum\u0101 uz pl\u0113ves, veidojot vado\u0161os elektrodus.<\/li>\n<li data-sourcepos=\"6:5-7:0\"><strong>Pa\u0161att\u012br\u012b\u0161an\u0101s:<\/strong> <span class=\"citation-1 recitation citation-end-1\">Ja ra\u017eo\u0161anas defekta vai p\u0101rsprieguma d\u0113\u013c rodas lokaliz\u0113ts \u012bssavienojums, metaliz\u0101cija ap boj\u0101jumu iztvaiko, izol\u0113jot \u0161o vietu un nov\u0113r\u0161ot turpm\u0101kus boj\u0101jumus.<\/span> <span class=\"citation-2 recitation citation-end-2\">\u0160is pa\u0161atjauno\u0161an\u0101s meh\u0101nisms uzlabo uzticam\u012bbu.<\/span><span class=\"button-container hide-from-message-actions ng-star-inserted\"> \u00a0<\/span>\n<div class=\"container ng-tns-c362440147-97 hide\">\n<div class=\"carousel-container ng-tns-c362440147-97\"><\/div>\n<\/div>\n<\/li>\n<\/ul>\n<\/li>\n<li data-sourcepos=\"8:1-14:0\">\n<h3 data-sourcepos=\"8:3-8:26\"><strong>Galven\u0101s \u012bpa\u0161\u012bbas Metaliz\u0113ta polipropil\u0113na pl\u0113ves kondensators:<\/strong><\/h3>\n<ul data-sourcepos=\"9:5-14:0\">\n<li data-sourcepos=\"9:5-9:122\"><strong><span class=\"citation-3 recitation\">Zemi zaud\u0113jumi:<\/span><\/strong><span class=\"citation-3 recitation citation-end-3\"> tiem ir \u013coti mazi dielektriskie zudumi, t\u0101p\u0113c tie ir piem\u0113roti augstfrekvences lietojumiem.<\/span><span class=\"button-container hide-from-message-actions ng-star-inserted\"> \u00a0<\/span>\n<div class=\"container ng-tns-c362440147-98 hide\">\n<div class=\"carousel-container ng-tns-c362440147-98\"><\/div>\n<\/div>\n<\/li>\n<li data-sourcepos=\"10:5-10:72\"><strong>Augsta stabilit\u0101te:<\/strong> Lieliska temperat\u016bras un laika stabilit\u0101te.<\/li>\n<li data-sourcepos=\"11:5-11:83\"><strong>Pa\u0161att\u012br\u012b\u0161an\u0101s:<\/strong> <span class=\"citation-4 recitation citation-end-4\">Uzlabo uzticam\u012bbu un pagarina kalpo\u0161anas laiku.<\/span><span class=\"button-container hide-from-message-actions ng-star-inserted\"> \u00a0<\/span>\n<div class=\"container ng-tns-c362440147-99 hide\">\n<div class=\"carousel-container ng-tns-c362440147-99\"><\/div>\n<\/div>\n<\/li>\n<li data-sourcepos=\"12:5-12:72\"><strong>Augstsprieguma nov\u0113rt\u0113jums:<\/strong> <span class=\"citation-5 recitation citation-end-5\">Iztur augstu spriegumu.<\/span><span class=\"button-container hide-from-message-actions ng-star-inserted\"> \u00a0<\/span>\n<div class=\"container ng-tns-c362440147-100 hide\">\n<div class=\"carousel-container ng-tns-c362440147-100\"><\/div>\n<\/div>\n<\/li>\n<li data-sourcepos=\"13:5-14:0\"><strong>Kompakts izm\u0113rs:<\/strong> Sasniegt augstas kapacit\u0101tes v\u0113rt\u012bbas sal\u012bdzino\u0161i mazos iepakojumos.<\/li>\n<\/ul>\n<\/li>\n<li data-sourcepos=\"15:1-21:0\">\n<h3 data-sourcepos=\"15:3-15:19\"><strong>Pieteikumi:<\/strong><\/h3>\n<ul data-sourcepos=\"16:5-21:0\">\n<li data-sourcepos=\"16:5-16:110\"><strong>Mai\u0146str\u0101vas filtri:<\/strong> <span class=\"citation-6 recitation citation-end-6\">Izmanto mai\u0146str\u0101vas energosist\u0113m\u0101s, lai filtr\u0113tu harmonikas un uzlabotu ener\u0123ijas kvalit\u0101ti.<\/span><span class=\"button-container hide-from-message-actions ng-star-inserted\"> \u00a0<\/span>\n<div class=\"container ng-tns-c362440147-101 hide\">\n<div class=\"carousel-container ng-tns-c362440147-101\"><\/div>\n<\/div>\n<\/li>\n<li data-sourcepos=\"17:5-17:98\"><strong>Motora piedzi\u0146as:<\/strong> Izmanto main\u012bga \u0101truma piedzi\u0146\u0101s, lai uzlabotu veiktsp\u0113ju un samazin\u0101tu troksni.<\/li>\n<li data-sourcepos=\"18:5-18:142\"><strong>Komut\u0101cijas baro\u0161anas avoti:<\/strong> Pla\u0161i izmanto da\u017e\u0101d\u0101s elektronisk\u0101s sh\u0113m\u0101s, tostarp komut\u0101cijas baro\u0161anas avotos, inverteros un p\u0101rveidot\u0101jos.<\/li>\n<li data-sourcepos=\"19:5-19:149\"><strong>Augstas frekvences lietojumprogrammas:<\/strong> Piem\u0113rots lietojumiem, kas darbojas augst\u0101s frekvenc\u0113s, piem\u0113ram, RF \u0137\u0113d\u0113s un telekomunik\u0101ciju iek\u0101rt\u0101s.<\/li>\n<li data-sourcepos=\"20:5-21:0\"><strong>Audio apr\u012bkojums:<\/strong> <span class=\"citation-7 recitation citation-end-7\">Izmanto audio lietojumprogramm\u0101s, lai uzlabotu sign\u0101la kvalit\u0101ti un samazin\u0101tu krop\u013cojumus.<\/span><span class=\"button-container hide-from-message-actions ng-star-inserted\">\u00a0<\/span>\n<div class=\"container ng-tns-c362440147-102 hide\">\n<div class=\"carousel-container ng-tns-c362440147-102\"><\/div>\n<\/div>\n<\/li>\n<\/ul>\n<\/li>\n<li data-sourcepos=\"22:1-27:0\">\n<h3 data-sourcepos=\"22:3-22:15\"><strong>Ieguvumi:<\/strong><\/h3>\n<ul data-sourcepos=\"23:5-27:0\">\n<li data-sourcepos=\"23:5-23:108\"><strong><span class=\"citation-8 recitation\">Uzlabota veiktsp\u0113ja:<\/span><\/strong><span class=\"citation-8 recitation citation-end-8\"> Uzlabot elektronisko iek\u0101rtu veiktsp\u0113ju un efektivit\u0101ti.<\/span>\n<div class=\"container ng-tns-c362440147-103 hide\">\n<div class=\"carousel-container ng-tns-c362440147-103\"><\/div>\n<\/div>\n<\/li>\n<li data-sourcepos=\"24:5-24:80\"><strong>Samazin\u0101ti ener\u0123ijas zudumi:<\/strong> Minimiz\u0113t ener\u0123ijas zudumus da\u017e\u0101dos lietojumos.<\/li>\n<li data-sourcepos=\"25:5-25:87\"><strong>Liel\u0101ka uzticam\u012bba:<\/strong> Pa\u0161atjauno\u0161an\u0101s meh\u0101nisms uzlabo ilgtermi\u0146a uzticam\u012bbu.<\/li>\n<li data-sourcepos=\"26:5-27:0\"><strong>Kompakts un viegls:<\/strong> Piem\u0113rots lietojumiem ar ierobe\u017eotu vietu.<\/li>\n<\/ul>\n<\/li>\n<\/ul>\n<p data-sourcepos=\"28:1-28:293\"><strong>Kopsavilkums:<\/strong> Metaliz\u0113ta polipropil\u0113na pl\u0113ves kondensatori ir univers\u0101ls un uzticams komponents ar pla\u0161u pielietojumu kl\u0101stu da\u017e\u0101d\u0101s elektronisk\u0101s un ener\u0123ijas sist\u0113m\u0101s. To zemie zudumi, augst\u0101 stabilit\u0101te un pa\u0161atjauno\u0161an\u0101s sp\u0113jas padara tos par v\u0113lamo izv\u0113li daudzos kritiskos lietojumos.<\/p>\n<p data-sourcepos=\"30:1-30:82\">","protected":false},"excerpt":{"rendered":"<table style=\"height: 493px;\" width=\"698\">\n<tbody>\n<tr>\n<td width=\"146\"><strong><b>Produkts<\/b><\/strong>\u00a0<strong><b>V\u0101rds un uzv\u0101rds:<\/b><\/strong><\/td>\n<td width=\"601\"><strong>Metaliz\u0113ta polipropil\u0113na pl\u0113ves kondensators<\/strong><\/td>\n<\/tr>\n<tr>\n<td width=\"146\">\n<h4><strong>Dielektriskais materi\u0101ls:<\/strong><\/h4>\n<\/td>\n<td width=\"601\">Metaliz\u0113ta polipropil\u0113na pl\u0113ve<\/td>\n<\/tr>\n<tr>\n<td width=\"146\"><strong>Kapacit\u0101tes diapazons:<\/strong><\/td>\n<td width=\"601\">50 Hz un\/vai 60 Hz<\/td>\n<\/tr>\n<tr>\n<td width=\"146\"><strong>Nomin\u0101lais spriegums\uff1a<\/strong><\/td>\n<td width=\"601\">\u00a0660 VAC<\/td>\n<\/tr>\n<tr>\n<td width=\"146\"><strong>Cap.tol\uff1a<\/strong><\/td>\n<td width=\"601\">5%~+5%<\/td>\n<\/tr>\n<tr>\n<td width=\"146\"><strong>Maksim\u0101l\u0101 apk\u0101rt\u0113j\u0101s vides temperat\u016bra:<\/strong><\/td>\n<td width=\"601\">\u00a0-40 \u2103 l\u012bdz +70 \u2103<\/td>\n<\/tr>\n<\/tbody>\n<\/table>","protected":false},"featured_media":1770,"comment_status":"open","ping_status":"closed","template":"","meta":[],"product_brand":[],"product_cat":[39],"product_tag":[],"class_list":{"0":"post-1767","1":"product","2":"type-product","3":"status-publish","4":"has-post-thumbnail","6":"product_cat-ac-filter-capacitor-1","8":"first","9":"instock","10":"shipping-taxable","11":"product-type-simple"},"_links":{"self":[{"href":"https:\/\/rf-capacitor.com\/lv\/wp-json\/wp\/v2\/product\/1767","targetHints":{"allow":["GET"]}}],"collection":[{"href":"https:\/\/rf-capacitor.com\/lv\/wp-json\/wp\/v2\/product"}],"about":[{"href":"https:\/\/rf-capacitor.com\/lv\/wp-json\/wp\/v2\/types\/product"}],"replies":[{"embeddable":true,"href":"https:\/\/rf-capacitor.com\/lv\/wp-json\/wp\/v2\/comments?post=1767"}],"wp:featuredmedia":[{"embeddable":true,"href":"https:\/\/rf-capacitor.com\/lv\/wp-json\/wp\/v2\/media\/1770"}],"wp:attachment":[{"href":"https:\/\/rf-capacitor.com\/lv\/wp-json\/wp\/v2\/media?parent=1767"}],"wp:term":[{"taxonomy":"product_brand","embeddable":true,"href":"https:\/\/rf-capacitor.com\/lv\/wp-json\/wp\/v2\/product_brand?post=1767"},{"taxonomy":"product_cat","embeddable":true,"href":"https:\/\/rf-capacitor.com\/lv\/wp-json\/wp\/v2\/product_cat?post=1767"},{"taxonomy":"product_tag","embeddable":true,"href":"https:\/\/rf-capacitor.com\/lv\/wp-json\/wp\/v2\/product_tag?post=1767"}],"curies":[{"name":"wp","href":"https:\/\/api.w.org\/{rel}","templated":true}]}}