{"id":1705,"date":"2024-12-30T02:28:37","date_gmt":"2024-12-30T02:28:37","guid":{"rendered":"https:\/\/rf-capacitor.com\/?post_type=product&#038;p=1705"},"modified":"2024-12-30T02:28:37","modified_gmt":"2024-12-30T02:28:37","slug":"ac-filter-metalized-film-capacitor","status":"publish","type":"product","link":"https:\/\/rf-capacitor.com\/lv\/ac-filter-metalized-film-capacitor\/","title":{"rendered":"Mai\u0146str\u0101vas filtra metaliz\u0113tais pl\u0113ves kondensators"},"content":{"rendered":"<h3 data-sourcepos=\"1:1-1:40\"><strong>Mai\u0146str\u0101vas filtra metaliz\u0113tais pl\u0113ves kondensators<\/strong><\/h3>\n<h3 data-sourcepos=\"3:1-3:18\"><strong>Kas ir mai\u0146str\u0101vas filtra metaliz\u0113tais pl\u0113ves kondensators?<\/strong><\/h3>\n<ul data-sourcepos=\"5:1-10:0\">\n<li data-sourcepos=\"5:1-5:121\"><strong><span class=\"citation-0 recitation\">M\u0113r\u0137is:<\/span><\/strong><span class=\"citation-0 recitation citation-end-0\"> Galvenok\u0101rt tiek izmantoti, lai filtr\u0113tu nev\u0113lam\u0101s harmonikas (krop\u013cot\u0101s frekvences) mai\u0146str\u0101vas sist\u0113m\u0101s.<\/span><span class=\"button-container hide-from-message-actions ng-star-inserted\"> \u00a0<\/span>\n<div class=\"container ng-tns-c362440147-19 hide\">\n<div class=\"carousel-container ng-tns-c362440147-19\"><\/div>\n<\/div>\n<\/li>\n<li data-sourcepos=\"6:1-10:0\"><strong>B\u016bvniec\u012bba:<\/strong>\n<ul data-sourcepos=\"7:5-10:0\">\n<li data-sourcepos=\"7:5-7:90\"><strong>Dielektri\u0137is:<\/strong> <span class=\"citation-1 recitation citation-end-1\">Izgatavots no metaliz\u0113ta polipropil\u0113na pl\u0113ves pl\u0101niem sl\u0101\u0146iem.<\/span><span class=\"button-container hide-from-message-actions ng-star-inserted\">\u00a0<\/span>\n<div class=\"container ng-tns-c362440147-20 hide\">\n<div class=\"carousel-container ng-tns-c362440147-20\"><\/div>\n<\/div>\n<\/li>\n<li data-sourcepos=\"8:5-8:135\"><strong><span class=\"citation-2 recitation\">Metaliz\u0101cija:<\/span><\/strong><span class=\"citation-2 recitation citation-end-2\"> Uz pl\u0113ves tiek uzkl\u0101ts pl\u0101ns met\u0101la (parasti alum\u012bnija) sl\u0101nis, izveidojot vado\u0161u sl\u0101ni.<\/span><span class=\"button-container hide-from-message-actions ng-star-inserted\"> \u00a0<\/span>\n<div class=\"container ng-tns-c362440147-21 hide\">\n<div class=\"carousel-container ng-tns-c362440147-21\"><\/div>\n<\/div>\n<\/li>\n<li data-sourcepos=\"9:5-10:0\"><strong>Pa\u0161att\u012br\u012b\u0161an\u0101s:<\/strong> Ja notiek lok\u0101ls \u012bssavienojums, metaliz\u0101cija ap boj\u0101jumu iztvaiko, izol\u0113jot \u0161o vietu un \u013caujot kondensatoram turpin\u0101t darboties.<\/li>\n<\/ul>\n<\/li>\n<\/ul>\n<h3 data-sourcepos=\"11:1-11:17\"><strong>Galven\u0101s iez\u012bmes Mai\u0146str\u0101vas filtra metaliz\u0113tais pl\u0113ves kondensators:<\/strong><\/h3>\n<ul data-sourcepos=\"13:1-22:0\">\n<li data-sourcepos=\"13:1-13:99\"><strong><span class=\"citation-3 recitation\">Augsts kapacit\u0101tes bl\u012bvums:<\/span><\/strong><span class=\"citation-3 recitation citation-end-3\"> Kompakt\u0101 izm\u0113r\u0101 var sasniegt augstas kapacit\u0101tes v\u0113rt\u012bbas.<\/span><span class=\"button-container hide-from-message-actions ng-star-inserted\">\u00a0<\/span>\n<div class=\"container ng-tns-c362440147-22 hide\">\n<div class=\"carousel-container ng-tns-c362440147-22\"><\/div>\n<\/div>\n<\/li>\n<li data-sourcepos=\"14:1-14:73\"><strong><span class=\"citation-4 recitation\">Zemi zaud\u0113jumi:<\/span><\/strong><span class=\"citation-4 recitation citation-end-4\"> Minim\u0101la ener\u0123ijas izklied\u0113\u0161ana darb\u012bbas laik\u0101.<\/span><span class=\"button-container hide-from-message-actions ng-star-inserted\">\u00a0 \u00a0<\/span>\n<div class=\"container ng-tns-c362440147-23 hide\">\n<div class=\"carousel-container ng-tns-c362440147-23\"><\/div>\n<\/div>\n<\/li>\n<li data-sourcepos=\"15:1-15:80\"><strong>Pa\u0161att\u012br\u012b\u0161an\u0101s:<\/strong> <span class=\"citation-5 recitation citation-end-5\">Palielina uzticam\u012bbu un pagarina kalpo\u0161anas laiku.<\/span><span class=\"button-container hide-from-message-actions ng-star-inserted\">\u00a0 \u00a0<\/span>\n<div class=\"container ng-tns-c362440147-24 hide\">\n<div class=\"carousel-container ng-tns-c362440147-24\"><\/div>\n<\/div>\n<\/li>\n<li data-sourcepos=\"16:1-16:83\"><strong><span class=\"citation-6 recitation\">Augsta maksim\u0101l\u0101s str\u0101vas jauda:<\/span><\/strong><span class=\"citation-6 recitation citation-end-6\"> Iztur augstsprieguma str\u0101vu.<\/span><span class=\"button-container hide-from-message-actions ng-star-inserted\"> \u00a0<\/span>\n<div class=\"container ng-tns-c362440147-25 hide\">\n<div class=\"carousel-container ng-tns-c362440147-25\"><\/div>\n<\/div>\n<\/li>\n<li data-sourcepos=\"17:1-22:0\"><strong>Pla\u0161s lietojumu kl\u0101sts:<\/strong> Piem\u0113rots da\u017e\u0101diem lietojumiem, tostarp:\n<ul data-sourcepos=\"18:5-22:0\">\n<li data-sourcepos=\"18:5-18:80\"><strong>Invertoru sist\u0113mas:<\/strong> Izvades vi\u013c\u0146u formu izl\u012bdzin\u0101\u0161ana un efektivit\u0101tes uzlabo\u0161ana.<\/li>\n<li data-sourcepos=\"19:5-19:91\"><strong><span class=\"citation-7 recitation\">Motora piedzi\u0146as:<\/span><\/strong><span class=\"citation-7 recitation citation-end-7\"> Main\u012bga \u0101truma piedzi\u0146u rad\u012bto harmoniku samazin\u0101\u0161ana.<\/span>\n<div class=\"container ng-tns-c362440147-26 hide\">\n<div class=\"carousel-container ng-tns-c362440147-26\"><\/div>\n<\/div>\n<\/li>\n<li data-sourcepos=\"20:5-20:67\"><strong><span class=\"citation-8 recitation\">Akumulatoru l\u0101d\u0113t\u0101ji:<\/span><\/strong><span class=\"citation-8 recitation citation-end-8\"> Vi\u013c\u0146u str\u0101vu filtr\u0113\u0161ana.<\/span><span class=\"button-container hide-from-message-actions ng-star-inserted\"> \u00a0<\/span>\n<div class=\"container ng-tns-c362440147-27 hide\">\n<div class=\"carousel-container ng-tns-c362440147-27\"><\/div>\n<\/div>\n<\/li>\n<li data-sourcepos=\"21:5-22:0\"><strong><span class=\"citation-9 recitation\">Jaudas koeficienta korekcija (PFC):<\/span><\/strong><span class=\"citation-9 recitation citation-end-9\"> Ener\u0123ijas kvalit\u0101tes uzlabo\u0161ana.<\/span><span class=\"button-container hide-from-message-actions ng-star-inserted\"> \u00a0<\/span>\n<div class=\"container ng-tns-c362440147-28 hide\">\n<div class=\"carousel-container ng-tns-c362440147-28\">\n<div class=\"carousel-content ng-tns-c362440147-28\">\n<div class=\"sources-carousel-source ng-tns-c362440147-28 hide ng-star-inserted\" data-test-id=\"sources-carousel-source\"><\/div>\n<\/div>\n<\/div>\n<\/div>\n<\/li>\n<\/ul>\n<\/li>\n<\/ul>\n<h3 data-sourcepos=\"23:1-23:17\"><strong>Pieteikumi mai\u0146str\u0101vas filtra metaliz\u0113tais pl\u0113ves kondensators:<\/strong><\/h3>\n<ul data-sourcepos=\"25:1-29:0\">\n<li data-sourcepos=\"25:1-25:99\"><strong><span class=\"citation-10 recitation\">R\u016bpniecisk\u0101:<\/span><\/strong><span class=\"citation-10 recitation citation-end-10\"> Jaudas koeficienta korekcija, harmoniku filtr\u0113\u0161ana r\u016bpnieciskaj\u0101s iek\u0101rt\u0101s.<\/span><span class=\"button-container hide-from-message-actions ng-star-inserted\"> \u00a0<\/span>\n<div class=\"container ng-tns-c362440147-29 hide\">\n<div class=\"carousel-container ng-tns-c362440147-29\"><\/div>\n<\/div>\n<\/li>\n<li data-sourcepos=\"26:1-26:91\"><strong><span class=\"citation-11 recitation\">Atjaunojam\u0101 ener\u0123ija:<\/span><\/strong><span class=\"citation-11 recitation citation-end-11\"> Harmoniku filtr\u0113\u0161ana v\u0113ja un saules ener\u0123ijas sist\u0113m\u0101s,<\/span>\n<div class=\"container ng-tns-c362440147-30 hide\">\n<div class=\"carousel-container ng-tns-c362440147-30\"><\/div>\n<\/div>\n<\/li>\n<li data-sourcepos=\"27:1-27:90\"><strong>Automobi\u013cu nozare:<\/strong> <span class=\"citation-12 recitation citation-end-12\">Sprieguma sv\u0101rst\u012bbu izl\u012bdzin\u0101\u0161ana elektroniskaj\u0101s sist\u0113m\u0101s.<\/span><span class=\"button-container hide-from-message-actions ng-star-inserted\">\u00a0 \u00a0<\/span>\n<div class=\"container ng-tns-c362440147-31 hide\">\n<div class=\"carousel-container ng-tns-c362440147-31\"><\/div>\n<\/div>\n<\/li>\n<li data-sourcepos=\"28:1-29:0\"><strong><span class=\"citation-13 recitation\">Pla\u0161a pat\u0113ri\u0146a elektronika:<\/span><\/strong><span class=\"citation-13 recitation citation-end-13\"> audio un video apr\u012bkojuma veiktsp\u0113jas uzlabo\u0161ana.<\/span><span class=\"button-container hide-from-message-actions ng-star-inserted\"> \u00a0<\/span>\n<div class=\"container ng-tns-c362440147-32 hide\">\n<div class=\"carousel-container ng-tns-c362440147-32\"><\/div>\n<\/div>\n<\/li>\n<\/ul>\n<h3 data-sourcepos=\"30:1-30:13\"><strong>Ieguvumi:<\/strong><\/h3>\n<ul data-sourcepos=\"32:1-36:0\">\n<li data-sourcepos=\"32:1-32:125\"><strong><span class=\"citation-14 recitation\">Uzlabota elektroener\u0123ijas kvalit\u0101te:<\/span><\/strong><span class=\"citation-14 recitation citation-end-14\"> Samazina harmoniskos krop\u013cojumus, t\u0101d\u0113j\u0101di nodro\u0161inot stabil\u0101kas un efekt\u012bv\u0101kas energosist\u0113mas.<\/span>\n<div class=\"container ng-tns-c362440147-33 hide\">\n<div class=\"carousel-container ng-tns-c362440147-33\"><\/div>\n<\/div>\n<\/li>\n<li data-sourcepos=\"33:1-33:105\"><strong><span class=\"citation-15 recitation\">Samazin\u0101ts ener\u0123ijas pat\u0113ri\u0146\u0161:<\/span><\/strong><span class=\"citation-15 recitation citation-end-15\"> Harmonisko krop\u013cojumu samazin\u0101\u0161ana var samazin\u0101t ener\u0123ijas zudumus.<\/span><span class=\"button-container hide-from-message-actions ng-star-inserted\"> \u00a0<\/span>\n<div class=\"container ng-tns-c362440147-34 hide\">\n<div class=\"carousel-container ng-tns-c362440147-34\"><\/div>\n<\/div>\n<\/li>\n<li data-sourcepos=\"34:1-34:92\"><strong>Pagarin\u0101ts apr\u012bkojuma kalpo\u0161anas laiks:<\/strong> Jut\u012bgu iek\u0101rtu aizsardz\u012bba pret harmoniku ietekmi.<\/li>\n<li data-sourcepos=\"35:1-36:0\"><strong>Uzlabota sist\u0113mas uzticam\u012bba:<\/strong> <span class=\"citation-16 recitation citation-end-16\">Pa\u0161atjauno\u0161an\u0101s sp\u0113jas uzlabo kondensatoru ilgtermi\u0146a uzticam\u012bbu.<\/span><span class=\"button-container hide-from-message-actions ng-star-inserted\"> \u00a0 <\/span><\/li>\n<\/ul>","protected":false},"excerpt":{"rendered":"<table style=\"height: 406px;\" width=\"696\">\n<tbody>\n<tr>\n<td width=\"146\"><strong>Produkta nosaukums:<\/strong><\/td>\n<td width=\"601\"><strong>Mai\u0146str\u0101vas filtra metaliz\u0113tais pl\u0113ves kondensators<\/strong><\/td>\n<\/tr>\n<tr>\n<td width=\"146\">\n<h4><strong>Iepakojums:<\/strong><\/h4>\n<\/td>\n<td width=\"601\">Met\u0101la alum\u012bnija apvalks, nedego\u0161a (UL 94V-0) epoks\u012bdsve\u0137u pakete ar lielu str\u0101vu<\/td>\n<\/tr>\n<tr>\n<td width=\"146\"><strong>Elektrisk\u0101 jauda:<\/strong><\/td>\n<td width=\"601\">3\u2716\ufe0f20~3\u2716\ufe0f500UF<\/td>\n<\/tr>\n<tr>\n<td width=\"146\"><strong>Nomin\u0101lais spriegums\uff1a<\/strong><\/td>\n<td width=\"601\">220-1000 Vac<\/td>\n<\/tr>\n<tr>\n<td width=\"146\"><strong>Dielektri\u0137is:\u00a0<\/strong><\/td>\n<td width=\"601\">Polipropil\u0113na pl\u0113ve<\/td>\n<\/tr>\n<tr>\n<td width=\"146\"><strong>Strukt\u016bra:<\/strong><\/td>\n<td width=\"601\">Metaliz\u0113ta pl\u0113ves saus\u0101 strukt\u016bra<\/td>\n<\/tr>\n<\/tbody>\n<\/table>","protected":false},"featured_media":1706,"comment_status":"open","ping_status":"closed","template":"","meta":[],"product_brand":[],"product_cat":[39],"product_tag":[],"class_list":{"0":"post-1705","1":"product","2":"type-product","3":"status-publish","4":"has-post-thumbnail","6":"product_cat-ac-filter-capacitor-1","8":"first","9":"instock","10":"shipping-taxable","11":"product-type-simple"},"_links":{"self":[{"href":"https:\/\/rf-capacitor.com\/lv\/wp-json\/wp\/v2\/product\/1705","targetHints":{"allow":["GET"]}}],"collection":[{"href":"https:\/\/rf-capacitor.com\/lv\/wp-json\/wp\/v2\/product"}],"about":[{"href":"https:\/\/rf-capacitor.com\/lv\/wp-json\/wp\/v2\/types\/product"}],"replies":[{"embeddable":true,"href":"https:\/\/rf-capacitor.com\/lv\/wp-json\/wp\/v2\/comments?post=1705"}],"wp:featuredmedia":[{"embeddable":true,"href":"https:\/\/rf-capacitor.com\/lv\/wp-json\/wp\/v2\/media\/1706"}],"wp:attachment":[{"href":"https:\/\/rf-capacitor.com\/lv\/wp-json\/wp\/v2\/media?parent=1705"}],"wp:term":[{"taxonomy":"product_brand","embeddable":true,"href":"https:\/\/rf-capacitor.com\/lv\/wp-json\/wp\/v2\/product_brand?post=1705"},{"taxonomy":"product_cat","embeddable":true,"href":"https:\/\/rf-capacitor.com\/lv\/wp-json\/wp\/v2\/product_cat?post=1705"},{"taxonomy":"product_tag","embeddable":true,"href":"https:\/\/rf-capacitor.com\/lv\/wp-json\/wp\/v2\/product_tag?post=1705"}],"curies":[{"name":"wp","href":"https:\/\/api.w.org\/{rel}","templated":true}]}}