{"id":1702,"date":"2024-12-30T01:56:26","date_gmt":"2024-12-30T01:56:26","guid":{"rendered":"https:\/\/rf-capacitor.com\/?post_type=product&#038;p=1702"},"modified":"2024-12-30T01:56:26","modified_gmt":"2024-12-30T01:56:26","slug":"ac-power-capacitor","status":"publish","type":"product","link":"https:\/\/rf-capacitor.com\/lv\/ac-power-capacitor\/","title":{"rendered":"Mai\u0146str\u0101vas kondensators"},"content":{"rendered":"<h3 data-sourcepos=\"1:1-1:33\"><strong>Mai\u0146str\u0101vas kondensatori: Pamati: Kondensatori<\/strong><\/h3>\n<p data-sourcepos=\"3:1-3:275\">Mai\u0146str\u0101vas kondensators ir specializ\u0113ts kondensatora veids, kas paredz\u0113ts izmanto\u0161anai mai\u0146str\u0101vas (AC) elektroener\u0123ijas sist\u0113m\u0101s. Tos galvenok\u0101rt izmanto <strong>jaudas koeficienta korekcija<\/strong>, kuras m\u0113r\u0137is ir uzlabot elektrot\u012bkla efektivit\u0101ti un stabilit\u0101ti.<\/p>\n<h3 data-sourcepos=\"3:1-3:275\"><strong>K\u0101 tie darbojas<\/strong><\/h3>\n<ul data-sourcepos=\"7:1-10:0\">\n<li data-sourcepos=\"7:1-7:211\"><strong>Kapacitat\u012bv\u0101 reaktance:<\/strong> Kondensatoriem piem\u012bt \u012bpa\u0161\u012bba, kas paz\u012bstama k\u0101 kapacitat\u012bv\u0101 reaktance, kura ir pret\u0113ja mai\u0146str\u0101vas pl\u016bsmai. \u0160\u012b reaktance ir apgriezti proporcion\u0101la mai\u0146str\u0101vas sign\u0101la frekvencei.<\/li>\n<li data-sourcepos=\"7:1-7:211\"><strong>Vado\u0161\u0101 str\u0101va:<\/strong> Kad kondensators ir piesl\u0113gts mai\u0146str\u0101vas \u0137\u0113d\u0113, tas rada vado\u0161o str\u0101vu, kas noz\u012bm\u0113, ka str\u0101vas vi\u013c\u0146u forma apsteidz sprieguma vi\u013c\u0146u formu par 90 gr\u0101diem.<\/li>\n<li data-sourcepos=\"9:1-10:0\"><strong>Jaudas koeficienta korekcija:<\/strong> Daudzos r\u016bpnieciskos un komerci\u0101los lietojumos elektrisk\u0101s slodzes galvenok\u0101rt ir indukt\u012bv\u0101s (piem\u0113ram, motori, transformatori). Indukt\u012bv\u0101s slodzes izraisa str\u0101vas atpalic\u012bbu no sprieguma, k\u0101 rezult\u0101t\u0101 rodas slikts jaudas koeficients. Ievie\u0161ot sist\u0113m\u0101 kapacitat\u012bvo reaktanci, mai\u0146str\u0101vas kondensatori var kompens\u0113t str\u0101vas atpalic\u012bbu, tuvinot jaudas koeficientu vien\u0101d\u012bbai (1).<\/li>\n<\/ul>\n<h3 data-sourcepos=\"11:1-11:41\"><strong>Mai\u0146str\u0101vas kondensatoru izmanto\u0161anas priek\u0161roc\u012bbas<\/strong><\/h3>\n<ul data-sourcepos=\"13:1-17:0\">\n<li data-sourcepos=\"13:1-13:195\"><strong>Samazin\u0101ti ener\u0123ijas zudumi:<\/strong> Zem\u0101ks jaudas koeficients palielina jaudas zudumus elektriskaj\u0101 sist\u0113m\u0101. Jaudas koeficienta korekcija samazina \u0161os zudumus, t\u0101d\u0113j\u0101di \u013cauj iev\u0113rojami ietaup\u012bt ener\u0123iju.<\/li>\n<li data-sourcepos=\"14:1-14:140\"><strong>Uzlabota sprieguma regul\u0113\u0161ana:<\/strong> Samazinot str\u0101vas sv\u0101rst\u012bbas, kondensatori pal\u012bdz uztur\u0113t stabil\u0101ku sprieguma l\u012bmeni vis\u0101 sist\u0113m\u0101.<\/li>\n<li data-sourcepos=\"15:1-15:140\"><strong>Palielin\u0101ta sist\u0113mas jauda:<\/strong> Augst\u0101ks jaudas koeficients \u013cauj p\u0101rraid\u012bt vair\u0101k ener\u0123ijas, izmantojot eso\u0161o elektroinfrastrukt\u016bru.<\/li>\n<li data-sourcepos=\"15:1-15:140\"><strong>Samazin\u0101ta apr\u012bkojuma slodze:<\/strong> Uzlabota elektroener\u0123ijas kvalit\u0101te samazina elektroiek\u0101rtu slodzi, pagarinot to kalpo\u0161anas laiku.<\/li>\n<\/ul>\n<h3 data-sourcepos=\"18:1-18:16\"><strong>Pieteikumi<\/strong><\/h3>\n<p data-sourcepos=\"20:1-20:71\">Mai\u0146str\u0101vas kondensatori tiek pla\u0161i izmantoti da\u017e\u0101d\u0101s viet\u0101s, tostarp:<\/p>\n<ul data-sourcepos=\"22:1-25:0\">\n<li data-sourcepos=\"22:1-22:121\"><strong>R\u016bpnieciskie objekti:<\/strong> R\u016bpn\u012bc\u0101s, ra\u017eotn\u0113s un citos r\u016bpnieciskos objektos bie\u017ei ir augstas indukt\u012bv\u0101s slodzes.<\/li>\n<li data-sourcepos=\"23:1-23:132\"><strong>Komerci\u0101l\u0101s \u0113kas:<\/strong> Lielas komerci\u0101las \u0113kas ar iev\u0113rojamu elektroener\u0123ijas pat\u0113ri\u0146u var g\u016bt labumu no jaudas koeficienta korekcijas.<\/li>\n<li data-sourcepos=\"24:1-25:0\"><strong>Komun\u0101lo pakalpojumu apak\u0161stacijas:<\/strong> Energoapg\u0101des uz\u0146\u0113mumi izmanto kondensatorus apak\u0161stacij\u0101s, lai uzlabotu kop\u0113jo t\u012bkla elektroener\u0123ijas kvalit\u0101ti.<\/li>\n<\/ul>\n<h3 data-sourcepos=\"26:1-26:22\"><strong>Galvenie apsv\u0113rumi<\/strong><\/h3>\n<ul data-sourcepos=\"28:1-31:0\">\n<li data-sourcepos=\"28:1-28:191\"><strong>Kondensatora jauda:<\/strong> Lai efekt\u012bvi kori\u0123\u0113tu jaudas koeficientu, ir svar\u012bgi izv\u0113l\u0113ties atbilsto\u0161u kondensatora nomin\u0101lv\u0113rt\u012bbu. J\u0101\u0146em v\u0113r\u0101 t\u0101di faktori k\u0101 sist\u0113mas spriegums, str\u0101va un frekvence.<\/li>\n<li data-sourcepos=\"29:1-29:135\"><strong>Dro\u0161\u012bba:<\/strong> Pareiza mai\u0146str\u0101vas kondensatoru uzst\u0101d\u012b\u0161ana un apkope ir b\u016btiska, lai nodro\u0161in\u0101tu dro\u0161\u012bbu un nov\u0113rstu elektriskos apdraud\u0113jumus.<\/li>\n<li data-sourcepos=\"30:1-31:0\"><strong>Harmonikas:<\/strong> Da\u017eos gad\u012bjumos kondensatori var rad\u012bt harmoniskos krop\u013cojumus elektriskaj\u0101 sist\u0113m\u0101. R\u016bp\u012bga projekt\u0113\u0161ana un filtr\u0113\u0161ana var mazin\u0101t \u0161o probl\u0113mu.<\/li>\n<\/ul>","protected":false},"excerpt":{"rendered":"<table style=\"height: 493px;\" width=\"923\">\n<tbody>\n<tr>\n<td width=\"146\"><strong><b>Produkts<\/b><\/strong>\u00a0<strong><b>V\u0101rds un uzv\u0101rds:<\/b><\/strong><\/td>\n<td width=\"601\">Mai\u0146str\u0101vas kondensators<\/td>\n<\/tr>\n<tr>\n<td width=\"146\">\n<h4><strong>Pieteikums:\u00a0<\/strong><\/h4>\n<\/td>\n<td width=\"601\">Visp\u0101r\u0113jas noz\u012bmes, Ener\u0123ijas, Augstsprieguma, UPS<\/td>\n<\/tr>\n<tr>\n<td width=\"146\"><strong>Kapacit\u0101tes diapazons:<\/strong><\/td>\n<td width=\"601\">\u00a00,33UF ~ 60UF<\/td>\n<\/tr>\n<tr>\n<td width=\"146\"><strong>Atsauces standarts:<\/strong><\/td>\n<td width=\"601\">IEC61071; GB\/T 17702<\/td>\n<\/tr>\n<tr>\n<td width=\"146\"><strong>Lieto\u0161ana:\u00a0<\/strong><\/td>\n<td width=\"601\">AC-filtrs<\/td>\n<\/tr>\n<tr>\n<td width=\"146\">Ra\u017eo\u0161anas materi\u0101ls:<\/td>\n<td width=\"601\">Polipropil\u0113ns<\/td>\n<\/tr>\n<\/tbody>\n<\/table>","protected":false},"featured_media":1703,"comment_status":"open","ping_status":"closed","template":"","meta":[],"product_brand":[],"product_cat":[39],"product_tag":[],"class_list":{"0":"post-1702","1":"product","2":"type-product","3":"status-publish","4":"has-post-thumbnail","6":"product_cat-ac-filter-capacitor-1","8":"first","9":"instock","10":"shipping-taxable","11":"product-type-simple"},"_links":{"self":[{"href":"https:\/\/rf-capacitor.com\/lv\/wp-json\/wp\/v2\/product\/1702","targetHints":{"allow":["GET"]}}],"collection":[{"href":"https:\/\/rf-capacitor.com\/lv\/wp-json\/wp\/v2\/product"}],"about":[{"href":"https:\/\/rf-capacitor.com\/lv\/wp-json\/wp\/v2\/types\/product"}],"replies":[{"embeddable":true,"href":"https:\/\/rf-capacitor.com\/lv\/wp-json\/wp\/v2\/comments?post=1702"}],"wp:featuredmedia":[{"embeddable":true,"href":"https:\/\/rf-capacitor.com\/lv\/wp-json\/wp\/v2\/media\/1703"}],"wp:attachment":[{"href":"https:\/\/rf-capacitor.com\/lv\/wp-json\/wp\/v2\/media?parent=1702"}],"wp:term":[{"taxonomy":"product_brand","embeddable":true,"href":"https:\/\/rf-capacitor.com\/lv\/wp-json\/wp\/v2\/product_brand?post=1702"},{"taxonomy":"product_cat","embeddable":true,"href":"https:\/\/rf-capacitor.com\/lv\/wp-json\/wp\/v2\/product_cat?post=1702"},{"taxonomy":"product_tag","embeddable":true,"href":"https:\/\/rf-capacitor.com\/lv\/wp-json\/wp\/v2\/product_tag?post=1702"}],"curies":[{"name":"wp","href":"https:\/\/api.w.org\/{rel}","templated":true}]}}