{"id":1674,"date":"2024-12-27T03:45:28","date_gmt":"2024-12-27T03:45:28","guid":{"rendered":"https:\/\/rf-capacitor.com\/?post_type=product&#038;p=1674"},"modified":"2024-12-27T03:45:28","modified_gmt":"2024-12-27T03:45:28","slug":"power-film-capacitor","status":"publish","type":"product","link":"https:\/\/rf-capacitor.com\/lv\/power-film-capacitor\/","title":{"rendered":"Jaudas pl\u0113ves kondensators"},"content":{"rendered":"<h3 data-sourcepos=\"1:1-1:25\"><strong>Jaudas pl\u0113ves kondensatori<\/strong><\/h3>\n<p data-sourcepos=\"3:1-3:291\"><span class=\"citation-0 recitation citation-end-0\">Jaudas pl\u0113ves kondensatori ir specializ\u0113ts pl\u0113ves kondensatoru veids, kas paredz\u0113ts lielas jaudas lietojumiem.<\/span> <span class=\"citation-1 recitation citation-end-1\">T\u0101s ir izgatavotas, izmantojot pl\u0101nas dielektrisko materi\u0101lu pl\u0113ves, piem\u0113ram, polipropil\u0113na, poliestera vai metaliz\u0113ta pl\u0113ve, kas iestiprin\u0101tas starp vado\u0161iem elektrodiem.<\/span><span class=\"button-container hide-from-message-actions ng-star-inserted\">\u00a0<\/span><\/p>\n<h3 data-sourcepos=\"5:1-5:24\"><strong>Galven\u0101s iez\u012bmes:<\/strong><\/h3>\n<ul data-sourcepos=\"7:1-12:0\">\n<li data-sourcepos=\"7:1-7:123\"><strong>Liela jauda:<\/strong> <span class=\"citation-2 recitation citation-end-2\">Sp\u0113j apstr\u0101d\u0101t lielu str\u0101vu un lielu jaudu bez iev\u0113rojamiem zudumiem.<\/span><span class=\"button-container hide-from-message-actions ng-star-inserted\">\u00a0 \u00a0<\/span>\n<div class=\"container ng-tns-c362440147-107 hide\">\n<div class=\"carousel-container ng-tns-c362440147-107\"><\/div>\n<\/div>\n<\/li>\n<li data-sourcepos=\"8:1-8:135\"><strong><span class=\"citation-3 recitation\">Zema ESR (ekvivalenta s\u0113rijas pretest\u012bba):<\/span><\/strong> Zema iek\u0161\u0113j\u0101 pretest\u012bba samazina ener\u0123ijas izkliedi un uzlabo efektivit\u0101ti.<span class=\"button-container hide-from-message-actions ng-star-inserted\">\u00a0 \u00a0<\/span>\n<div class=\"container ng-tns-c362440147-108 hide\">\n<div class=\"carousel-container ng-tns-c362440147-108\"><\/div>\n<\/div>\n<\/li>\n<li data-sourcepos=\"9:1-9:133\"><strong><span class=\"citation-4 recitation\">Augstas puls\u0113jo\u0161\u0101s str\u0101vas jauda:<\/span><\/strong><span class=\"citation-4 recitation citation-end-4\"> Iztur lielas puls\u0101cijas str\u0101vas, kas ir bie\u017ei sastopamas energoelektronikas \u0137\u0113d\u0113s.<\/span>\n<div class=\"container ng-tns-c362440147-109 hide\">\n<div class=\"carousel-container ng-tns-c362440147-109\"><\/div>\n<\/div>\n<\/li>\n<li data-sourcepos=\"10:1-10:123\"><strong>Kompakts izm\u0113rs:<\/strong> <span class=\"citation-5 recitation citation-end-5\">Bie\u017ei vien ir pieejami kompakti izm\u0113ri, t\u0101p\u0113c tie ir piem\u0113roti lietojumiem ar ierobe\u017eotu vietu.<\/span><span class=\"button-container hide-from-message-actions ng-star-inserted\">\u00a0\u00a0<\/span>\n<div class=\"container ng-tns-c362440147-110 hide\">\n<div class=\"carousel-container ng-tns-c362440147-110\"><\/div>\n<\/div>\n<\/li>\n<li data-sourcepos=\"11:1-12:0\"><strong><span class=\"citation-6 recitation\">Ilgs kalpo\u0161anas laiks:<\/span><\/strong><span class=\"citation-6 recitation citation-end-6\"> Paredz\u0113ts ilgsto\u0161ai darb\u012bbai sare\u017e\u0123\u012btos ener\u0123ijas lietojumos.<\/span><span class=\"button-container hide-from-message-actions ng-star-inserted\"> \u00a0<\/span>\n<div class=\"container ng-tns-c362440147-111 hide\">\n<div class=\"carousel-container ng-tns-c362440147-111\"><\/div>\n<\/div>\n<\/li>\n<\/ul>\n<h3 data-sourcepos=\"13:1-13:24\"><strong>Bie\u017ei lietojumi:<\/strong><\/h3>\n<ul data-sourcepos=\"15:1-20:0\">\n<li data-sourcepos=\"15:1-15:170\"><strong>Baro\u0161anas avoti:<\/strong> <span class=\"citation-7 recitation citation-end-7\">Izmanto da\u017e\u0101du elektronisko ier\u012b\u010du, tostarp r\u016bpniecisko iek\u0101rtu, atjaunojam\u0101s ener\u0123ijas sist\u0113mu un elektrisko transportl\u012bdzek\u013cu, baro\u0161anas avotos.<\/span><span class=\"button-container hide-from-message-actions ng-star-inserted\"> \u00a0<\/span>\n<div class=\"container ng-tns-c362440147-112 hide\">\n<div class=\"carousel-container ng-tns-c362440147-112\"><\/div>\n<\/div>\n<\/li>\n<li data-sourcepos=\"16:1-16:110\"><strong><span class=\"citation-8 recitation\">Motora piedzi\u0146as:<\/span><\/strong><span class=\"citation-8 recitation citation-end-8\"> Izmanto motora piedzi\u0146as sist\u0113m\u0101s filtr\u0113\u0161anai, izl\u012bdzin\u0101\u0161anai un ener\u0123ijas uzkr\u0101\u0161anai.<\/span><span class=\"button-container hide-from-message-actions ng-star-inserted\">\u00a0 \u00a0<\/span>\n<div class=\"container ng-tns-c362440147-113 hide\">\n<div class=\"carousel-container ng-tns-c362440147-113\"><\/div>\n<\/div>\n<\/li>\n<li data-sourcepos=\"17:1-17:110\"><strong><span class=\"citation-9 recitation\">Jaudas koeficienta korekcija:<\/span><\/strong><span class=\"citation-9 recitation citation-end-9\"> Izmanto jaudas koeficienta korekcijas sh\u0113m\u0101s, lai uzlabotu ener\u0123ijas kvalit\u0101ti.<\/span><span class=\"button-container hide-from-message-actions ng-star-inserted\">\u00a0 \u00a0<\/span>\n<div class=\"container ng-tns-c362440147-114 hide\">\n<div class=\"carousel-container ng-tns-c362440147-114\"><\/div>\n<\/div>\n<\/li>\n<li data-sourcepos=\"18:1-18:75\"><strong>Invertori:<\/strong> Izmanto inverteros, lai p\u0101rveidotu l\u012bdzstr\u0101vas ener\u0123iju mai\u0146str\u0101vas ener\u0123ij\u0101.<\/li>\n<li data-sourcepos=\"19:1-20:0\"><strong><span class=\"citation-10 recitation\">Rezonanses sh\u0113mas:<\/span><\/strong><span class=\"citation-10 recitation citation-end-10\"> Izmanto rezonanses \u0137\u0113d\u0113s t\u0101diem lietojumiem k\u0101 indukcijas sild\u012b\u0161ana un plazmas \u0123ener\u0113\u0161ana.<\/span><span class=\"button-container hide-from-message-actions ng-star-inserted\"> \u00a0 <\/span><\/li>\n<\/ul>","protected":false},"excerpt":{"rendered":"<table style=\"height: 437px;\" width=\"726\">\n<tbody>\n<tr>\n<td width=\"146\"><strong><b>Produkts<\/b><\/strong>\u00a0<strong><b>V\u0101rds un uzv\u0101rds:<\/b><\/strong><\/td>\n<td width=\"601\"><strong>Jaudas pl\u0113ves kondensators<\/strong><\/td>\n<\/tr>\n<tr>\n<td width=\"146\">\n<h4><strong>\u012ass apraksts:<\/strong><\/h4>\n<\/td>\n<td width=\"601\">Defibrilatoru pl\u0113ves kondensatori ir \u012bpa\u0161i izstr\u0101d\u0101ti, lai atbilstu III klases medic\u012bnas ier\u012b\u010du uzticam\u012bbas pras\u012bb\u0101m.<\/td>\n<\/tr>\n<tr>\n<td width=\"146\"><strong>Kapacit\u0101tes diapazons:<\/strong><\/td>\n<td width=\"601\">32 \u00b5F l\u012bdz 500 \u00b5F<\/td>\n<\/tr>\n<tr>\n<td width=\"146\"><strong>Nomin\u0101lais spriegums\uff1a<\/strong><\/td>\n<td width=\"601\">800 V l\u012bdz 6000 V l\u012bdzstr\u0101vas<\/td>\n<\/tr>\n<tr>\n<td width=\"146\"><strong>Cap.tol\uff1a<\/strong><\/td>\n<td width=\"601\">+70 l\u012bdz -45 \u2103<\/td>\n<\/tr>\n<\/tbody>\n<\/table>","protected":false},"featured_media":1676,"comment_status":"open","ping_status":"closed","template":"","meta":[],"product_brand":[],"product_cat":[38],"product_tag":[],"class_list":{"0":"post-1674","1":"product","2":"type-product","3":"status-publish","4":"has-post-thumbnail","6":"product_cat-dc-capacitor-2","8":"first","9":"instock","10":"shipping-taxable","11":"product-type-simple"},"_links":{"self":[{"href":"https:\/\/rf-capacitor.com\/lv\/wp-json\/wp\/v2\/product\/1674","targetHints":{"allow":["GET"]}}],"collection":[{"href":"https:\/\/rf-capacitor.com\/lv\/wp-json\/wp\/v2\/product"}],"about":[{"href":"https:\/\/rf-capacitor.com\/lv\/wp-json\/wp\/v2\/types\/product"}],"replies":[{"embeddable":true,"href":"https:\/\/rf-capacitor.com\/lv\/wp-json\/wp\/v2\/comments?post=1674"}],"wp:featuredmedia":[{"embeddable":true,"href":"https:\/\/rf-capacitor.com\/lv\/wp-json\/wp\/v2\/media\/1676"}],"wp:attachment":[{"href":"https:\/\/rf-capacitor.com\/lv\/wp-json\/wp\/v2\/media?parent=1674"}],"wp:term":[{"taxonomy":"product_brand","embeddable":true,"href":"https:\/\/rf-capacitor.com\/lv\/wp-json\/wp\/v2\/product_brand?post=1674"},{"taxonomy":"product_cat","embeddable":true,"href":"https:\/\/rf-capacitor.com\/lv\/wp-json\/wp\/v2\/product_cat?post=1674"},{"taxonomy":"product_tag","embeddable":true,"href":"https:\/\/rf-capacitor.com\/lv\/wp-json\/wp\/v2\/product_tag?post=1674"}],"curies":[{"name":"wp","href":"https:\/\/api.w.org\/{rel}","templated":true}]}}