{"id":1666,"date":"2024-12-27T03:40:14","date_gmt":"2024-12-27T03:40:14","guid":{"rendered":"https:\/\/rf-capacitor.com\/?post_type=product&#038;p=1666"},"modified":"2024-12-31T03:26:01","modified_gmt":"2024-12-31T03:26:01","slug":"polyester-film-capacitor","status":"publish","type":"product","link":"https:\/\/rf-capacitor.com\/lv\/polyester-film-capacitor\/","title":{"rendered":"Poliestera pl\u0113ves kondensators"},"content":{"rendered":"<h3 data-sourcepos=\"1:1-1:29\"><strong>Poliestera pl\u0113ves kondensatori<\/strong><\/h3>\n<p data-sourcepos=\"3:1-3:312\"><span class=\"citation-0 recitation citation-end-0\">Poliestera pl\u0113ves kondensatori ir izplat\u012bts pl\u0113ves kondensatoru veids, kur\u0101 k\u0101 dielektriskais materi\u0101ls starp vado\u0161aj\u0101m pl\u0101ksn\u0113m tiek izmantota poliestera pl\u0113ve.<\/span> <span class=\"citation-1 recitation citation-end-1\">Tie ir paz\u012bstami ar savu labo stabilit\u0101ti, uzticam\u012bbu un rentabilit\u0101ti, t\u0101p\u0113c tos pla\u0161i izmanto da\u017e\u0101dos elektroniskos lietojumos.<\/span><span class=\"button-container hide-from-message-actions ng-star-inserted\">\u00a0<\/span><\/p>\n<h3 data-sourcepos=\"5:1-5:24\"><strong>Galven\u0101s iez\u012bmes:<\/strong><\/h3>\n<ul data-sourcepos=\"7:1-13:0\">\n<li data-sourcepos=\"7:1-7:90\"><strong><span class=\"citation-2 recitation\">Dielektriskais materi\u0101ls:<\/span><\/strong><span class=\"citation-2 recitation citation-end-2\"> Poliestera pl\u0113ve (polietil\u0113na tereftal\u0101ts vai PET)<\/span><span class=\"button-container hide-from-message-actions ng-star-inserted\"> \u00a0<\/span>\n<div class=\"container ng-tns-c362440147-92 hide\">\n<div class=\"carousel-container ng-tns-c362440147-92\"><\/div>\n<\/div>\n<\/li>\n<li data-sourcepos=\"8:1-8:104\"><strong>Laba stabilit\u0101te:<\/strong> <span class=\"citation-3 recitation citation-end-3\">Uzr\u0101da lielisku kapacit\u0101tes stabilit\u0101ti temperat\u016bras un laika zi\u0146\u0101.<\/span><span class=\"button-container hide-from-message-actions ng-star-inserted\"> \u00a0<\/span>\n<div class=\"container ng-tns-c362440147-93 hide\">\n<div class=\"carousel-container ng-tns-c362440147-93\"><\/div>\n<\/div>\n<\/li>\n<li data-sourcepos=\"9:1-9:189\"><strong><span class=\"citation-4 recitation\">Pa\u0161dziedino\u0161as \u012bpa\u0161\u012bbas:<\/span><\/strong><span class=\"citation-4 recitation citation-end-4\"> Kondensatoriem piem\u012bt pa\u0161atjauno\u0161an\u0101s \u012bpa\u0161\u012bbas, jo lok\u0101li dielektriskie boj\u0101jumi tiek autom\u0101tiski nov\u0113rsti, pagarinot kondensatora kalpo\u0161anas laiku.<\/span>\n<div class=\"container ng-tns-c362440147-94 hide\">\n<div class=\"carousel-container ng-tns-c362440147-94\"><\/div>\n<\/div>\n<\/li>\n<li data-sourcepos=\"10:1-10:140\"><strong><span class=\"citation-5 recitation\">Pla\u0161s kapacit\u0101tes v\u0113rt\u012bbu diapazons:<\/span><\/strong><span class=\"citation-5 recitation citation-end-5\"> Pieejams pla\u0161s kapacit\u0101tes v\u0113rt\u012bbu diapazons, lai atbilstu da\u017e\u0101d\u0101m \u0137\u0113des pras\u012bb\u0101m.<\/span><span class=\"button-container hide-from-message-actions ng-star-inserted\"> \u00a0<\/span>\n<div class=\"container ng-tns-c362440147-95 hide\">\n<div class=\"carousel-container ng-tns-c362440147-95\"><\/div>\n<\/div>\n<\/li>\n<li data-sourcepos=\"11:1-11:109\"><strong>Rentabilit\u0101te:<\/strong> <span class=\"citation-6 recitation citation-end-6\">Parasti ir pieejam\u0101ki, sal\u012bdzinot ar citiem pl\u0113ves kondensatoru veidiem.<\/span><span class=\"button-container hide-from-message-actions ng-star-inserted\"> \u00a0<\/span>\n<div class=\"container ng-tns-c362440147-96 hide\">\n<div class=\"carousel-container ng-tns-c362440147-96\"><\/div>\n<\/div>\n<\/li>\n<li data-sourcepos=\"12:1-13:0\"><strong>M\u0113rens sprieguma nov\u0113rt\u0113jums:<\/strong> Parasti tiem ir vid\u0113js nomin\u0101lais spriegums sal\u012bdzin\u0101jum\u0101 ar augstsprieguma pl\u0113ves kondensatoriem.<\/li>\n<\/ul>\n<h3 data-sourcepos=\"14:1-14:24\"><strong>Bie\u017ei lietojumi:<\/strong><\/h3>\n<ul data-sourcepos=\"16:1-20:0\">\n<li data-sourcepos=\"16:1-16:128\"><strong>Savieno\u0161ana un atsaist\u012b\u0161ana:<\/strong> Izmanto, lai izol\u0113tu l\u012bdzstr\u0101vas novirzi un filtr\u0113tu mai\u0146str\u0101vas sign\u0101lus pastiprin\u0101t\u0101ju \u0137\u0113d\u0113s un cit\u0101s elektroniskaj\u0101s sist\u0113m\u0101s.<\/li>\n<li data-sourcepos=\"17:1-17:96\"><strong><span class=\"citation-7 recitation\">Laika \u0137\u0113des:<\/span><\/strong><span class=\"citation-7 recitation citation-end-7\"> Izmanto laika noteik\u0161anas sh\u0113m\u0101s, piem\u0113ram, oscilatoru un taimeru sh\u0113m\u0101s.<\/span><span class=\"button-container hide-from-message-actions ng-star-inserted\"> \u00a0<\/span>\n<div class=\"container ng-tns-c362440147-97 hide\">\n<div class=\"carousel-container ng-tns-c362440147-97\"><\/div>\n<\/div>\n<\/li>\n<li data-sourcepos=\"18:1-18:97\"><strong>Baro\u0161anas avoti:<\/strong> <span class=\"citation-8 recitation citation-end-8\">Izmanto baro\u0161anas \u0137\u0113d\u0113s filtr\u0113\u0161anai un izl\u012bdzin\u0101\u0161anai.<\/span><span class=\"button-container hide-from-message-actions ng-star-inserted\">\u00a0<\/span>\n<div class=\"container ng-tns-c362440147-98 hide\">\n<div class=\"carousel-container ng-tns-c362440147-98\"><\/div>\n<\/div>\n<\/li>\n<li data-sourcepos=\"19:1-20:0\"><strong>Visp\u0101r\u0113jas noz\u012bmes lietojumprogrammas:<\/strong> <span class=\"citation-9 recitation citation-end-9\">Piem\u0113rots da\u017e\u0101diem visp\u0101r\u0113jas noz\u012bmes lietojumiem, kur nepiecie\u0161ama laba stabilit\u0101te un uzticam\u012bba.<\/span><span class=\"button-container hide-from-message-actions ng-star-inserted\"> \u00a0 <\/span><\/li>\n<\/ul>","protected":false},"excerpt":{"rendered":"<table style=\"height: 436px;\" width=\"725\">\n<tbody>\n<tr>\n<td width=\"146\"><strong><b>Produkts<\/b><\/strong>\u00a0<strong><b>V\u0101rds un uzv\u0101rds:<\/b><\/strong><\/td>\n<td width=\"601\"><strong>Poliestera pl\u0113ves kondensators<\/strong><\/td>\n<\/tr>\n<tr>\n<td width=\"146\">\n<h4><strong>\u012ass apraksts:<\/strong><\/h4>\n<\/td>\n<td width=\"601\">\u0100r\u0113jais defibrilators;<br \/>\nImpulsa jaudas lietojumprogrammas;<\/td>\n<\/tr>\n<tr>\n<td width=\"146\"><strong>Kapacit\u0101tes diapazons:<\/strong><\/td>\n<td width=\"601\">32\u03bcF ~ 200\u03bcF<\/td>\n<\/tr>\n<tr>\n<td width=\"146\"><strong>Nomin\u0101lais spriegums\uff1a<\/strong><\/td>\n<td width=\"601\">1500V.DC - 5000V.DC<\/td>\n<\/tr>\n<tr>\n<td width=\"146\"><strong>Cap.tol\uff1a<\/strong><\/td>\n<td width=\"601\">\u00a0\u00b15%(J);\u00b110%(K)<\/td>\n<\/tr>\n<\/tbody>\n<\/table>","protected":false},"featured_media":1806,"comment_status":"open","ping_status":"closed","template":"","meta":[],"product_brand":[],"product_cat":[38],"product_tag":[],"class_list":{"0":"post-1666","1":"product","2":"type-product","3":"status-publish","4":"has-post-thumbnail","6":"product_cat-dc-capacitor-2","8":"first","9":"instock","10":"shipping-taxable","11":"product-type-simple"},"_links":{"self":[{"href":"https:\/\/rf-capacitor.com\/lv\/wp-json\/wp\/v2\/product\/1666","targetHints":{"allow":["GET"]}}],"collection":[{"href":"https:\/\/rf-capacitor.com\/lv\/wp-json\/wp\/v2\/product"}],"about":[{"href":"https:\/\/rf-capacitor.com\/lv\/wp-json\/wp\/v2\/types\/product"}],"replies":[{"embeddable":true,"href":"https:\/\/rf-capacitor.com\/lv\/wp-json\/wp\/v2\/comments?post=1666"}],"wp:featuredmedia":[{"embeddable":true,"href":"https:\/\/rf-capacitor.com\/lv\/wp-json\/wp\/v2\/media\/1806"}],"wp:attachment":[{"href":"https:\/\/rf-capacitor.com\/lv\/wp-json\/wp\/v2\/media?parent=1666"}],"wp:term":[{"taxonomy":"product_brand","embeddable":true,"href":"https:\/\/rf-capacitor.com\/lv\/wp-json\/wp\/v2\/product_brand?post=1666"},{"taxonomy":"product_cat","embeddable":true,"href":"https:\/\/rf-capacitor.com\/lv\/wp-json\/wp\/v2\/product_cat?post=1666"},{"taxonomy":"product_tag","embeddable":true,"href":"https:\/\/rf-capacitor.com\/lv\/wp-json\/wp\/v2\/product_tag?post=1666"}],"curies":[{"name":"wp","href":"https:\/\/api.w.org\/{rel}","templated":true}]}}