{"id":1649,"date":"2024-12-27T03:26:39","date_gmt":"2024-12-27T03:26:39","guid":{"rendered":"https:\/\/rf-capacitor.com\/?post_type=product&#038;p=1649"},"modified":"2024-12-27T03:26:39","modified_gmt":"2024-12-27T03:26:39","slug":"high-voltage-film-capacitor","status":"publish","type":"product","link":"https:\/\/rf-capacitor.com\/lv\/high-voltage-film-capacitor\/","title":{"rendered":"Augstsprieguma pl\u0113ves kondensators"},"content":{"rendered":"<h3 data-sourcepos=\"1:1-1:32\"><strong>Augstsprieguma pl\u0113ves kondensatori<\/strong><\/h3>\n<p data-sourcepos=\"3:1-3:313\"><span class=\"citation-0 recitation citation-end-0\">Augstsprieguma pl\u0113ves kondensatori ir specializ\u0113ti komponenti, kas izstr\u0101d\u0101ti, lai iztur\u0113tu augstsprieguma l\u012bmeni, vienlaikus saglab\u0101jot izcilas elektrisk\u0101s \u012bpa\u0161\u012bbas.<\/span> Tie ir izgatavoti, izmantojot pl\u0101nas dielektrisko materi\u0101lu, piem\u0113ram, polipropil\u0113na, poliestera vai polistirola, pl\u0113ves, kas iestiprin\u0101tas starp vado\u0161iem elektrodiem.<span class=\"button-container hide-from-message-actions ng-star-inserted\"> \u00a0<\/span><\/p>\n<h3 data-sourcepos=\"5:1-5:24\"><strong>Galven\u0101s iez\u012bmes:<\/strong><\/h3>\n<ul data-sourcepos=\"7:1-12:0\">\n<li data-sourcepos=\"7:1-7:106\"><strong>Augstsprieguma nov\u0113rt\u0113jums:<\/strong> <span class=\"citation-1 recitation citation-end-1\">Sp\u0113j iztur\u0113t \u013coti augstu spriegumu bez boj\u0101jumiem.<\/span><span class=\"button-container hide-from-message-actions ng-star-inserted\"> \u00a0<\/span>\n<div class=\"container ng-tns-c362440147-70 hide\">\n<div class=\"carousel-container ng-tns-c362440147-70\"><\/div>\n<\/div>\n<\/li>\n<li data-sourcepos=\"8:1-8:109\"><strong>Zema nopl\u016bdes str\u0101va:<\/strong> Minim\u0101la str\u0101vas nopl\u016bde, kas nodro\u0161ina efekt\u012bvu ener\u0123ijas uzkr\u0101\u0161anu un minim\u0101lus ener\u0123ijas zudumus.<\/li>\n<li data-sourcepos=\"9:1-9:151\"><strong><span class=\"citation-2 recitation\">Augsta izol\u0101cijas iztur\u012bba:<\/span><\/strong><span class=\"citation-2 recitation citation-end-2\"> Izcila iztur\u012bba pret elektrisko boj\u0101jumu, kas nodro\u0161ina uzticamu darb\u012bbu augstsprieguma lietojumos.<\/span><span class=\"button-container hide-from-message-actions ng-star-inserted\"> \u00a0<\/span>\n<div class=\"container ng-tns-c362440147-71 hide\">\n<div class=\"carousel-container ng-tns-c362440147-71\"><\/div>\n<\/div>\n<\/li>\n<li data-sourcepos=\"10:1-10:198\"><strong>Pa\u0161dziedino\u0161as \u012bpa\u0161\u012bbas:<\/strong> <span class=\"citation-3 recitation citation-end-3\">Da\u017eiem pl\u0113ves kondensatoriem ir pa\u0161atjauno\u0161an\u0101s sp\u0113jas, kad lok\u0101li dielektri\u0137a boj\u0101jumi tiek autom\u0101tiski nov\u0113rsti, pagarinot kondensatora kalpo\u0161anas laiku.<\/span><span class=\"button-container hide-from-message-actions ng-star-inserted\"> \u00a0<\/span>\n<div class=\"container ng-tns-c362440147-72 hide\">\n<div class=\"carousel-container ng-tns-c362440147-72\"><\/div>\n<\/div>\n<\/li>\n<li data-sourcepos=\"11:1-12:0\"><strong><span class=\"citation-4 recitation\">Pla\u0161s kapacit\u0101tes v\u0113rt\u012bbu diapazons:<\/span><\/strong><span class=\"citation-4 recitation citation-end-4\"> Pieejamas da\u017e\u0101das kapacit\u0101tes v\u0113rt\u012bbas, kas piem\u0113rotas da\u017e\u0101diem lietojumiem.<\/span><span class=\"button-container hide-from-message-actions ng-star-inserted\">\u00a0 \u00a0<\/span>\n<div class=\"container ng-tns-c362440147-73 hide\">\n<div class=\"carousel-container ng-tns-c362440147-73\"><\/div>\n<\/div>\n<\/li>\n<\/ul>\n<h4 data-sourcepos=\"13:1-13:24\"><strong>Augstsprieguma pl\u0113ves kondensators Bie\u017ei lietojumi:<\/strong><\/h4>\n<ul data-sourcepos=\"15:1-20:0\">\n<li data-sourcepos=\"15:1-15:157\"><strong>Augstsprieguma baro\u0161anas avoti:<\/strong> Izmanto da\u017e\u0101du elektronisko ier\u012b\u010du, tostarp televizoru, medic\u012bnas iek\u0101rtu un r\u016bpniecisko ma\u0161\u012bnu, baro\u0161anas avotos.<\/li>\n<li data-sourcepos=\"16:1-16:164\"><strong><span class=\"citation-5 recitation\">Impulsu ener\u0123ijas sist\u0113mas:<\/span><\/strong><span class=\"citation-5 recitation citation-end-5\"> Izmanto lietojumos, kuros nepiecie\u0161ama lielas ener\u0123ijas uzkr\u0101\u0161ana un \u0101tra atbr\u012bvo\u0161ana, piem\u0113ram, impulsu l\u0101zeros un radaru sist\u0113m\u0101s.<\/span><span class=\"button-container hide-from-message-actions ng-star-inserted\"> \u00a0<\/span>\n<div class=\"container ng-tns-c362440147-74 hide\">\n<div class=\"carousel-container ng-tns-c362440147-74\"><\/div>\n<\/div>\n<\/li>\n<li data-sourcepos=\"17:1-17:100\"><strong>Motora piedzi\u0146as:<\/strong> <span class=\"citation-6 recitation citation-end-6\">Izmanto motoru vad\u012bbas sist\u0113m\u0101s filtr\u0113\u0161anai un ener\u0123ijas uzkr\u0101\u0161anai.<\/span><span class=\"button-container hide-from-message-actions ng-star-inserted\">\u00a0<\/span>\n<div class=\"container ng-tns-c362440147-75 hide\">\n<div class=\"carousel-container ng-tns-c362440147-75\"><\/div>\n<\/div>\n<\/li>\n<li data-sourcepos=\"18:1-18:131\"><strong>Augstsprieguma test\u0113\u0161anas iek\u0101rtas:<\/strong> Izmanto iek\u0101rt\u0101s elektrisko komponentu un sist\u0113mu izol\u0101cijas \u012bpa\u0161\u012bbu test\u0113\u0161anai.<\/li>\n<li data-sourcepos=\"19:1-20:0\"><strong>Ener\u0123ijas uzglab\u0101\u0161anas sist\u0113mas:<\/strong> Izmanto atjaunojamo ener\u0123ijas avotu, piem\u0113ram, saules un v\u0113ja ener\u0123ijas, ener\u0123ijas uzglab\u0101\u0161anas sist\u0113m\u0101s.<\/li>\n<\/ul>","protected":false},"excerpt":{"rendered":"<table style=\"height: 474px;\" width=\"704\">\n<tbody>\n<tr>\n<td width=\"146\"><strong><b>Produkts<\/b><\/strong>\u00a0<strong><b>V\u0101rds un uzv\u0101rds:<\/b><\/strong><\/td>\n<td width=\"601\"><strong>Augstsprieguma pl\u0113ves kondensators<\/strong><\/td>\n<\/tr>\n<tr>\n<td width=\"146\">\n<h4><strong>\u012ass apraksts:<\/strong><\/h4>\n<\/td>\n<td width=\"601\">Pla\u0161i izmanto da\u017e\u0101da veida elektroniskaj\u0101s iek\u0101rt\u0101s DC link da\u013ca l\u012bdzstr\u0101vas atbalstam, ener\u0123ijas uzglab\u0101\u0161anai un filtram, piem\u0113ram, v\u0113ja ener\u0123ijas sist\u0113m\u0101s un inverteros;<\/td>\n<\/tr>\n<tr>\n<td width=\"146\"><strong>Kapacit\u0101tes diapazons:<\/strong><\/td>\n<td width=\"601\">20\u00b5F ~ 5600\u00b5F<\/td>\n<\/tr>\n<tr>\n<td width=\"146\"><strong>Nomin\u0101lais spriegums\uff1a<\/strong><\/td>\n<td width=\"601\">500 ~ 4000 VDC<\/td>\n<\/tr>\n<tr>\n<td width=\"146\"><strong>Cap.tol\uff1a<\/strong><\/td>\n<td width=\"601\">\u00a0\u00a0\u00b15%\uff08J\uff09\uff1b\u00b110%\uff08K\uff09<\/td>\n<\/tr>\n<tr>\n<td width=\"146\"><\/td>\n<td width=\"601\"><\/td>\n<\/tr>\n<\/tbody>\n<\/table>","protected":false},"featured_media":1664,"comment_status":"open","ping_status":"closed","template":"","meta":[],"product_brand":[],"product_cat":[38],"product_tag":[],"class_list":{"0":"post-1649","1":"product","2":"type-product","3":"status-publish","4":"has-post-thumbnail","6":"product_cat-dc-capacitor-2","8":"first","9":"instock","10":"shipping-taxable","11":"product-type-simple"},"_links":{"self":[{"href":"https:\/\/rf-capacitor.com\/lv\/wp-json\/wp\/v2\/product\/1649","targetHints":{"allow":["GET"]}}],"collection":[{"href":"https:\/\/rf-capacitor.com\/lv\/wp-json\/wp\/v2\/product"}],"about":[{"href":"https:\/\/rf-capacitor.com\/lv\/wp-json\/wp\/v2\/types\/product"}],"replies":[{"embeddable":true,"href":"https:\/\/rf-capacitor.com\/lv\/wp-json\/wp\/v2\/comments?post=1649"}],"wp:featuredmedia":[{"embeddable":true,"href":"https:\/\/rf-capacitor.com\/lv\/wp-json\/wp\/v2\/media\/1664"}],"wp:attachment":[{"href":"https:\/\/rf-capacitor.com\/lv\/wp-json\/wp\/v2\/media?parent=1649"}],"wp:term":[{"taxonomy":"product_brand","embeddable":true,"href":"https:\/\/rf-capacitor.com\/lv\/wp-json\/wp\/v2\/product_brand?post=1649"},{"taxonomy":"product_cat","embeddable":true,"href":"https:\/\/rf-capacitor.com\/lv\/wp-json\/wp\/v2\/product_cat?post=1649"},{"taxonomy":"product_tag","embeddable":true,"href":"https:\/\/rf-capacitor.com\/lv\/wp-json\/wp\/v2\/product_tag?post=1649"}],"curies":[{"name":"wp","href":"https:\/\/api.w.org\/{rel}","templated":true}]}}