{"id":1646,"date":"2024-12-27T02:40:11","date_gmt":"2024-12-27T02:40:11","guid":{"rendered":"https:\/\/rf-capacitor.com\/?post_type=product&#038;p=1646"},"modified":"2024-12-27T02:40:11","modified_gmt":"2024-12-27T02:40:11","slug":"dc-coupling-capacitor","status":"publish","type":"product","link":"https:\/\/rf-capacitor.com\/lv\/dc-coupling-capacitor\/","title":{"rendered":"L\u012bdzstr\u0101vas savienojuma kondensators"},"content":{"rendered":"<h3 data-sourcepos=\"1:1-1:25\"><strong>L\u012bdzstr\u0101vas savienojuma kondensators<\/strong><\/h3>\n<p data-sourcepos=\"3:1-3:215\"><span class=\"citation-0 recitation\">L\u012bdzstr\u0101vas savienojuma kondensators, kas paz\u012bstams ar\u012b k\u0101 <\/span><strong><span class=\"citation-0 recitation\">savienojo\u0161ais kondensators<\/span><\/strong><span class=\"citation-0 recitation\"> vai <\/span><strong><span class=\"citation-0 recitation\">L\u012bdzstr\u0101vas blo\u0137\u0113\u0161anas kondensators<\/span><\/strong><span class=\"citation-0 recitation citation-end-0\">, ir b\u016btiska sast\u0101vda\u013ca elektroniskaj\u0101s sh\u0113m\u0101s, jo \u012bpa\u0161i pastiprin\u0101t\u0101ju pak\u0101p\u0113s.<\/span> T\u0101s galven\u0101 funkcija ir:<span class=\"button-container hide-from-message-actions ng-star-inserted\"> \u00a0<\/span><\/p>\n<ul data-sourcepos=\"5:1-7:0\">\n<li data-sourcepos=\"5:1-5:218\"><strong><span class=\"citation-1 recitation\">Izol\u0113t l\u012bdzstr\u0101vas novirzi:<\/span><\/strong><span class=\"citation-1 recitation citation-end-1\"> Nov\u0113r\u0161 vienas pak\u0101pes l\u012bdzstr\u0101vas novirzes sprieguma ietekmi uz n\u0101kam\u0101s pak\u0101pes l\u012bdzstr\u0101vas novirzi.<\/span> <span class=\"citation-2 recitation citation-end-2\">Tas ir b\u016btiski, lai uztur\u0113tu pareizu katras pak\u0101pes darba punktu.<\/span><span class=\"button-container hide-from-message-actions ng-star-inserted\">\u00a0<\/span>\n<div class=\"container ng-tns-c362440147-54 hide\">\n<div class=\"carousel-container ng-tns-c362440147-54\">\n<div class=\"carousel-content ng-tns-c362440147-54\">\n<div class=\"sources-carousel-source ng-tns-c362440147-54 hide ng-star-inserted\" data-test-id=\"sources-carousel-source\"><\/div>\n<\/div>\n<\/div>\n<\/div>\n<\/li>\n<li data-sourcepos=\"6:1-7:0\"><strong><span class=\"citation-3 recitation\">P\u0101rraid\u012bt mai\u0146str\u0101vas sign\u0101lus:<\/span><\/strong><span class=\"citation-3 recitation citation-end-3\"> \u013baujiet mai\u0146str\u0101vas sign\u0101lam p\u0101riet no vienas pak\u0101pes uz n\u0101kamo.<\/span><span class=\"button-container hide-from-message-actions ng-star-inserted\"> \u00a0<\/span>\n<div class=\"container ng-tns-c362440147-55 hide\">\n<div class=\"carousel-container ng-tns-c362440147-55\"><\/div>\n<\/div>\n<\/li>\n<\/ul>\n<h3 data-sourcepos=\"8:1-8:17\"><strong>K\u0101 tas darbojas:<\/strong><\/h3>\n<ul data-sourcepos=\"10:1-12:0\">\n<li data-sourcepos=\"10:1-10:213\"><strong><span class=\"citation-4 recitation\">DC blo\u0137\u0113\u0161ana:<\/span><\/strong><span class=\"citation-4 recitation citation-end-4\"> Kondensatori darbojas k\u0101 atv\u0113rtas \u0137\u0113des l\u012bdzstr\u0101vas str\u0101vai.<\/span> <span class=\"citation-5 recitation citation-end-5\">Kad tiek pielikts l\u012bdzstr\u0101vas spriegums, kondensators uzl\u0101d\u0113jas l\u012bdz \u0161im spriegumam un p\u0101rtrauc vad\u012bt, efekt\u012bvi blo\u0137\u0113jot l\u012bdzstr\u0101vu.<\/span><span class=\"button-container hide-from-message-actions ng-star-inserted\">\u00a0<\/span>\n<div class=\"container ng-tns-c362440147-56 hide\">\n<div class=\"carousel-container ng-tns-c362440147-56\">\n<div class=\"carousel-content ng-tns-c362440147-56\">\n<div class=\"sources-carousel-source ng-tns-c362440147-56 hide ng-star-inserted\" data-test-id=\"sources-carousel-source\"><\/div>\n<div class=\"sources-carousel-source ng-tns-c362440147-56 hide ng-star-inserted\" data-test-id=\"sources-carousel-source\"><\/div>\n<\/div>\n<\/div>\n<\/div>\n<\/li>\n<li data-sourcepos=\"11:1-12:0\"><strong><span class=\"citation-6 recitation\">AC nodo\u0161ana:<\/span><\/strong><span class=\"citation-6 recitation citation-end-6\"> Mai\u0146str\u0101vas sign\u0101liem ir past\u0101v\u012bgi main\u012bgs spriegums.<\/span> <span class=\"citation-7 recitation citation-end-7\">Tas izraisa kondensatora nep\u0101rtrauktu uzl\u0101di un izl\u0101di, \u013caujot mai\u0146str\u0101vas sign\u0101lam p\u0101riet cauri.<\/span><span class=\"button-container hide-from-message-actions ng-star-inserted\">\u00a0<\/span>\n<div class=\"container ng-tns-c362440147-57 hide\">\n<div class=\"carousel-container ng-tns-c362440147-57\">\n<div class=\"carousel-content ng-tns-c362440147-57\">\n<div class=\"sources-carousel-source ng-tns-c362440147-57 hide ng-star-inserted\" data-test-id=\"sources-carousel-source\"><\/div>\n<\/div>\n<\/div>\n<\/div>\n<\/li>\n<\/ul>\n<h3 data-sourcepos=\"13:1-13:17\"><strong>Pieteikumi:<\/strong><\/h3>\n<ul data-sourcepos=\"15:1-18:0\">\n<li data-sourcepos=\"15:1-15:90\"><strong><span class=\"citation-8 recitation\">Audio pastiprin\u0101t\u0101ji:<\/span><\/strong><span class=\"citation-8 recitation citation-end-8\"> Savienojums starp pastiprin\u0101t\u0101ja pak\u0101p\u0113m, lai izol\u0113tu l\u012bdzstr\u0101vas novirzi.<\/span><span class=\"button-container hide-from-message-actions ng-star-inserted\"> \u00a0<\/span>\n<div class=\"container ng-tns-c362440147-58 hide\">\n<div class=\"carousel-container ng-tns-c362440147-58\">\n<div class=\"carousel-content ng-tns-c362440147-58\">\n<div class=\"sources-carousel-source ng-tns-c362440147-58 hide ng-star-inserted\" data-test-id=\"sources-carousel-source\"><\/div>\n<\/div>\n<\/div>\n<\/div>\n<\/li>\n<li data-sourcepos=\"16:1-16:100\"><strong><span class=\"citation-9 recitation\">Sign\u0101lu apstr\u0101des sh\u0113mas:<\/span><\/strong><span class=\"citation-9 recitation citation-end-9\"> Mai\u0146str\u0101vas sign\u0101lu p\u0101rs\u016bt\u012b\u0161ana, blo\u0137\u0113jot l\u012bdzstr\u0101vas komponentus.<\/span><span class=\"button-container hide-from-message-actions ng-star-inserted\"> \u00a0<\/span>\n<div class=\"container ng-tns-c362440147-59 hide\">\n<div class=\"carousel-container ng-tns-c362440147-59\">\n<div class=\"carousel-content ng-tns-c362440147-59\">\n<div class=\"sources-carousel-source ng-tns-c362440147-59 hide ng-star-inserted\" data-test-id=\"sources-carousel-source\"><\/div>\n<\/div>\n<\/div>\n<\/div>\n<\/li>\n<li data-sourcepos=\"17:1-18:0\"><strong><span class=\"citation-10 recitation\">Filtr\u0113\u0161anas \u0137\u0113des:<\/span><\/strong><span class=\"citation-10 recitation citation-end-10\"> K\u0101 da\u013ca no augstfrekvences filtriem, lai blo\u0137\u0113tu zemas frekvences sign\u0101lus, tostarp l\u012bdzstr\u0101vas.<\/span><span class=\"button-container hide-from-message-actions ng-star-inserted\">\u00a0<\/span>\n<div class=\"container ng-tns-c362440147-60 hide\">\n<div class=\"carousel-container ng-tns-c362440147-60\">\n<div class=\"carousel-content ng-tns-c362440147-60\">\n<div class=\"sources-carousel-source ng-tns-c362440147-60 hide ng-star-inserted\" data-test-id=\"sources-carousel-source\"><\/div>\n<\/div>\n<\/div>\n<\/div>\n<\/li>\n<\/ul>\n<h3 data-sourcepos=\"19:1-19:23\"><strong>Galvenie apsv\u0113rumi:<\/strong><\/h3>\n<ul data-sourcepos=\"21:1-24:0\">\n<li data-sourcepos=\"21:1-21:164\"><strong>Kapacit\u0101tes v\u0113rt\u012bba:<\/strong> Kapacit\u0101tes v\u0113rt\u012bba nosaka savienojo\u0161\u0101 kondensatora zemfrekvences atsl\u0113g\u0161anu. Liel\u0101ka kapacit\u0101te nodro\u0161ina zem\u0101ku frekven\u010du caurlaid\u012bbu.<\/li>\n<li data-sourcepos=\"22:1-22:118\"><strong>Spriegums:<\/strong> <span class=\"citation-11 recitation citation-end-11\">Kondensatoram j\u0101b\u016bt apr\u0113\u0137in\u0101tam maksim\u0101lajam spriegumam, kas tam tiks piem\u0113rots.<\/span>\n<div class=\"container ng-tns-c362440147-61 hide\">\n<div class=\"carousel-container ng-tns-c362440147-61\"><\/div>\n<\/div>\n<\/li>\n<li data-sourcepos=\"23:1-24:0\"><strong>Nopl\u016bdes str\u0101va:<\/strong> Kondensatora nopl\u016bdes str\u0101va var ietekm\u0113t sh\u0113mas l\u012bdzstr\u0101vas novirzes punktu.<\/li>\n<\/ul>\n<p data-sourcepos=\"25:1-25:205\"><strong><span class=\"citation-12 recitation\">B\u016bt\u012bb\u0101 l\u012bdzstr\u0101vas savienojuma kondensators darbojas k\u0101 tilts mai\u0146str\u0101vas sign\u0101liem, vienlaikus efekt\u012bvi izol\u0113jot l\u012bdzstr\u0101vas komponentus un nodro\u0161inot, ka katrs \u0137\u0113des posms darbojas neatkar\u012bgi un pareizi.<\/span><\/strong><span class=\"button-container hide-from-message-actions ng-star-inserted\"> \u00a0 <\/span><\/p>","protected":false},"excerpt":{"rendered":"<table style=\"height: 556px;\" width=\"706\">\n<tbody>\n<tr>\n<td width=\"146\"><strong><b>Produkts<\/b><\/strong>\u00a0<strong><b>V\u0101rds un uzv\u0101rds:<\/b><\/strong><\/td>\n<td width=\"601\"><strong>L\u012bdzstr\u0101vas savienojuma kondensators<\/strong><\/td>\n<\/tr>\n<tr>\n<td width=\"146\">\n<h4><strong>\u012ass apraksts:<\/strong><\/h4>\n<\/td>\n<td width=\"601\">Pla\u0161i izmanto DC-Link \u0137\u0113d\u0113 augstfrekvences filtr\u0113\u0161anai un atdal\u012b\u0161anai.<br \/>\nPla\u0161i izmanto sp\u0113ka elektroniskaj\u0101s sh\u0113m\u0101s, savieno\u0161anas nol\u016bkos<\/td>\n<\/tr>\n<tr>\n<td width=\"146\"><strong>Kapacit\u0101tes diapazons:<\/strong><\/td>\n<td width=\"601\">\u00a010\u03bcF - 100\u03bcF<\/td>\n<\/tr>\n<tr>\n<td width=\"146\"><strong>Nomin\u0101lais spriegums\uff1a<\/strong><\/td>\n<td width=\"601\">350V.DC - 1100V.DC<\/td>\n<\/tr>\n<tr>\n<td width=\"146\"><strong>Cap.tol\uff1a<\/strong><\/td>\n<td width=\"601\">\u00b15%(J)\uff1a\u00b110%(K)<\/td>\n<\/tr>\n<tr>\n<td width=\"146\"><strong>Kondensatora modelis:\u00a0<\/strong><\/td>\n<td width=\"601\">DMJ-MT s\u0113rija<\/td>\n<\/tr>\n<\/tbody>\n<\/table>","protected":false},"featured_media":1647,"comment_status":"open","ping_status":"closed","template":"","meta":[],"product_brand":[],"product_cat":[38],"product_tag":[],"class_list":{"0":"post-1646","1":"product","2":"type-product","3":"status-publish","4":"has-post-thumbnail","6":"product_cat-dc-capacitor-2","8":"first","9":"instock","10":"shipping-taxable","11":"product-type-simple"},"_links":{"self":[{"href":"https:\/\/rf-capacitor.com\/lv\/wp-json\/wp\/v2\/product\/1646","targetHints":{"allow":["GET"]}}],"collection":[{"href":"https:\/\/rf-capacitor.com\/lv\/wp-json\/wp\/v2\/product"}],"about":[{"href":"https:\/\/rf-capacitor.com\/lv\/wp-json\/wp\/v2\/types\/product"}],"replies":[{"embeddable":true,"href":"https:\/\/rf-capacitor.com\/lv\/wp-json\/wp\/v2\/comments?post=1646"}],"wp:featuredmedia":[{"embeddable":true,"href":"https:\/\/rf-capacitor.com\/lv\/wp-json\/wp\/v2\/media\/1647"}],"wp:attachment":[{"href":"https:\/\/rf-capacitor.com\/lv\/wp-json\/wp\/v2\/media?parent=1646"}],"wp:term":[{"taxonomy":"product_brand","embeddable":true,"href":"https:\/\/rf-capacitor.com\/lv\/wp-json\/wp\/v2\/product_brand?post=1646"},{"taxonomy":"product_cat","embeddable":true,"href":"https:\/\/rf-capacitor.com\/lv\/wp-json\/wp\/v2\/product_cat?post=1646"},{"taxonomy":"product_tag","embeddable":true,"href":"https:\/\/rf-capacitor.com\/lv\/wp-json\/wp\/v2\/product_tag?post=1646"}],"curies":[{"name":"wp","href":"https:\/\/api.w.org\/{rel}","templated":true}]}}