{"id":1643,"date":"2024-12-27T02:32:04","date_gmt":"2024-12-27T02:32:04","guid":{"rendered":"https:\/\/rf-capacitor.com\/?post_type=product&#038;p=1643"},"modified":"2024-12-27T02:40:52","modified_gmt":"2024-12-27T02:40:52","slug":"dc-bias-capacitor","status":"publish","type":"product","link":"https:\/\/rf-capacitor.com\/lv\/dc-bias-capacitor\/","title":{"rendered":"L\u012bdzstr\u0101vas bias kondensators"},"content":{"rendered":"<p data-sourcepos=\"1:1-1:155\"><span class=\"citation-0 recitation\">A <\/span><strong><span class=\"citation-0 recitation\">L\u012bdzstr\u0101vas novirzes kondensators<\/span><\/strong><span class=\"citation-0 recitation citation-end-0\"> ir kondensators, ko izmanto elektroniskaj\u0101s sh\u0113m\u0101s, lai blo\u0137\u0113tu l\u012bdzstr\u0101vas pl\u016bsmu, vienlaikus nodro\u0161inot mai\u0146str\u0101vas sign\u0101lu caurlaid\u012bbu.<\/span><span class=\"button-container hide-from-message-actions ng-star-inserted\"> \u00a0<\/span><\/p>\n<h3 data-sourcepos=\"3:1-3:23\"><strong>L\u016bk, sadal\u012bjums:<\/strong><\/h3>\n<ul data-sourcepos=\"5:1-9:0\">\n<li data-sourcepos=\"5:1-6:225\"><strong>DC blo\u0137\u0113\u0161ana:<\/strong>\n<ul data-sourcepos=\"6:5-6:225\">\n<li data-sourcepos=\"6:5-6:225\"><span class=\"citation-1 recitation citation-end-1\">Kondensatori glab\u0101 elektrisko l\u0101di\u0146u.<\/span> Kad tiek pielikts l\u012bdzstr\u0101vas spriegums, kondensators uzl\u0101d\u0113jas l\u012bdz \u0161im spriegumam un p\u0113c tam p\u0101rtrauc vad\u012bt. Tas efekt\u012bvi blo\u0137\u0113 l\u012bdzstr\u0101vas pl\u016bsmu caur \u0137\u0113di.\n<div class=\"container ng-tns-c362440147-43 hide\">\n<div class=\"carousel-container ng-tns-c362440147-43\"><\/div>\n<\/div>\n<\/li>\n<\/ul>\n<\/li>\n<li data-sourcepos=\"7:1-9:0\"><strong>AC nodo\u0161ana:<\/strong>\n<ul data-sourcepos=\"8:5-9:0\">\n<li data-sourcepos=\"8:5-9:0\"><span class=\"citation-2 recitation citation-end-2\">Mai\u0146str\u0101vas sign\u0101liem p\u0113c defin\u012bcijas ir past\u0101v\u012bgi main\u012bgs spriegums.<\/span> Tas izraisa kondensatora nep\u0101rtrauktu uzl\u0101di un izl\u0101di, \u013caujot mai\u0146str\u0101vas sign\u0101lam p\u0101riet cauri.<span class=\"button-container hide-from-message-actions ng-star-inserted\">\u00a0<\/span>\n<div class=\"container ng-tns-c362440147-44 hide\">\n<div class=\"carousel-container ng-tns-c362440147-44\">\n<div class=\"carousel-content ng-tns-c362440147-44\">\n<div class=\"sources-carousel-source ng-tns-c362440147-44 hide ng-star-inserted\" data-test-id=\"sources-carousel-source\"><\/div>\n<\/div>\n<\/div>\n<\/div>\n<\/li>\n<\/ul>\n<\/li>\n<\/ul>\n<h3 data-sourcepos=\"10:1-10:24\"><strong>Bie\u017ei lietojumi:<\/strong><\/h3>\n<ul data-sourcepos=\"12:1-18:0\">\n<li data-sourcepos=\"12:1-13:165\"><strong>Mai\u0146str\u0101vas sign\u0101lu savieno\u0161ana:<\/strong>\n<ul data-sourcepos=\"13:5-13:165\">\n<li data-sourcepos=\"13:5-13:165\"><span class=\"citation-3 recitation citation-end-3\">L\u012bdzstr\u0101vas novirzes kondensatorus bie\u017ei izmanto, lai savienotu mai\u0146str\u0101vas sign\u0101lus starp da\u017e\u0101d\u0101m pastiprin\u0101t\u0101ja pak\u0101p\u0113m, vienlaikus izol\u0113jot katras pak\u0101pes l\u012bdzstr\u0101vas novirzes spriegumu.<\/span><span class=\"button-container hide-from-message-actions ng-star-inserted\">\u00a0<\/span>\n<div class=\"container ng-tns-c362440147-45 hide\">\n<div class=\"carousel-container ng-tns-c362440147-45\">\n<div class=\"carousel-content ng-tns-c362440147-45\">\n<div class=\"sources-carousel-source ng-tns-c362440147-45 hide ng-star-inserted\" data-test-id=\"sources-carousel-source\"><\/div>\n<\/div>\n<\/div>\n<\/div>\n<\/li>\n<\/ul>\n<\/li>\n<li data-sourcepos=\"14:1-15:116\"><strong>L\u012bdzstr\u0101vas novir\u017eu no\u0146em\u0161ana:<\/strong>\n<ul data-sourcepos=\"15:5-15:116\">\n<li data-sourcepos=\"15:5-15:116\">Tos var izmantot, lai no mai\u0146str\u0101vas sign\u0101la no\u0146emtu jebkuru l\u012bdzstr\u0101vas nob\u012bdi pirms t\u0101 apstr\u0101des n\u0101kamaj\u0101 pak\u0101p\u0113.<\/li>\n<\/ul>\n<\/li>\n<li data-sourcepos=\"16:1-18:0\"><strong>Augstfrekvences filtri:<\/strong>\n<ul data-sourcepos=\"17:5-18:0\">\n<li data-sourcepos=\"17:5-18:0\"><span class=\"citation-4 recitation citation-end-4\">Kombin\u0101cij\u0101 ar rezistoru l\u012bdzstr\u0101vas novirzes kondensators var veidot vienk\u0101r\u0161u augstfrekvences filtru, kas caurlai\u017e augstfrekvences sign\u0101lus, vienlaikus blo\u0137\u0113jot zemas frekvences sign\u0101lus, tostarp l\u012bdzstr\u0101vas sign\u0101lu.<\/span><span class=\"button-container hide-from-message-actions ng-star-inserted\">\u00a0<\/span>\n<div class=\"container ng-tns-c362440147-46 hide\">\n<div class=\"carousel-container ng-tns-c362440147-46\">\n<div class=\"carousel-content ng-tns-c362440147-46\">\n<div class=\"sources-carousel-source ng-tns-c362440147-46 hide ng-star-inserted\" data-test-id=\"sources-carousel-source\"><\/div>\n<\/div>\n<\/div>\n<\/div>\n<\/li>\n<\/ul>\n<\/li>\n<\/ul>\n<h3 data-sourcepos=\"19:1-19:23\"><strong>Galvenie apsv\u0113rumi:<\/strong><\/h3>\n<ul data-sourcepos=\"21:1-24:0\">\n<li data-sourcepos=\"21:1-21:172\"><strong>Kapacit\u0101tes v\u0113rt\u012bba:<\/strong> L\u012bdzstr\u0101vas novirzes kondensatora kapacit\u0101tes v\u0113rt\u012bba ir iz\u0161\u0137iro\u0161a t\u0101 veiktsp\u0113jai. Liel\u0101ka kapacit\u0101te parasti \u013cauj caurlaid\u012bt zem\u0101kas frekvences.<\/li>\n<li data-sourcepos=\"22:1-22:105\"><strong>Spriegums:<\/strong> Kondensatoram j\u0101b\u016bt apr\u0113\u0137in\u0101tam maksim\u0101lajam spriegumam, kas tam tiks piem\u0113rots.<\/li>\n<li data-sourcepos=\"23:1-24:0\"><strong>Nopl\u016bdes str\u0101va:<\/strong> Kondensatora nopl\u016bdes str\u0101va var ietekm\u0113t sh\u0113mas l\u012bdzstr\u0101vas novirzes punktu.<\/li>\n<\/ul>\n<h3 data-sourcepos=\"25:1-25:15\"><strong>Kopsavilkums:<\/strong><\/h3>\n<p data-sourcepos=\"27:1-27:252\">L\u012bdzstr\u0101vas novirzes kondensatoriem ir b\u016btiska noz\u012bme daudz\u0101s elektroniskaj\u0101s sh\u0113m\u0101s, jo tie nodro\u0161ina efekt\u012bvu mai\u0146str\u0101vas sign\u0101lu p\u0101rraidi, vienlaikus izol\u0113jot l\u012bdzstr\u0101vas komponentus. Izprotot to funkcijas un \u012bpa\u0161\u012bbas, in\u017eenieri var tos efekt\u012bvi izmantot savos projektos.<\/p>","protected":false},"excerpt":{"rendered":"<table style=\"height: 575px;\" width=\"683\">\n<tbody>\n<tr>\n<td width=\"146\"><strong><b>Produkts<\/b><\/strong>\u00a0<strong><b>V\u0101rds un uzv\u0101rds:<\/b><\/strong><\/td>\n<td width=\"601\">L\u012bdzstr\u0101vas bias kondensators<\/td>\n<\/tr>\n<tr>\n<td width=\"146\">\n<h4><strong>\u012ass apraksts:<\/strong><\/h4>\n<\/td>\n<td width=\"601\">Pv invertors, v\u0113ja ener\u0123ijas p\u0101rveidot\u0101js; AII veidu frekvences p\u0101rveidot\u0101js un invertors<br \/>\nbaro\u0161anas avots; t\u012bri elektriskie un hibr\u012bda automobi\u013ci; uzl\u0101des kaudze, UPS u. c.<\/td>\n<\/tr>\n<tr>\n<td width=\"146\"><strong>Kapacit\u0101tes diapazons:<\/strong><\/td>\n<td width=\"601\">\u00a01\u03bcF - 200\u03bcF<\/td>\n<\/tr>\n<tr>\n<td width=\"146\"><strong>Nomin\u0101lais spriegums\uff1a<\/strong><\/td>\n<td width=\"601\">450V.DC - 1800V.DC<\/td>\n<\/tr>\n<tr>\n<td width=\"146\"><strong>Cap.tol\uff1a<\/strong><\/td>\n<td width=\"601\">\u00a0\u00b15%\uff08J\uff09\uff1b\u00b110%\uff08K\uff09<\/td>\n<\/tr>\n<tr>\n<td width=\"146\"><strong>Kondensatora modelis:\u00a0<\/strong><\/td>\n<td width=\"601\">DMJ-PS s\u0113rija<\/td>\n<\/tr>\n<\/tbody>\n<\/table>","protected":false},"featured_media":1644,"comment_status":"open","ping_status":"closed","template":"","meta":[],"product_brand":[],"product_cat":[38],"product_tag":[],"class_list":{"0":"post-1643","1":"product","2":"type-product","3":"status-publish","4":"has-post-thumbnail","6":"product_cat-dc-capacitor-2","8":"first","9":"instock","10":"shipping-taxable","11":"product-type-simple"},"_links":{"self":[{"href":"https:\/\/rf-capacitor.com\/lv\/wp-json\/wp\/v2\/product\/1643","targetHints":{"allow":["GET"]}}],"collection":[{"href":"https:\/\/rf-capacitor.com\/lv\/wp-json\/wp\/v2\/product"}],"about":[{"href":"https:\/\/rf-capacitor.com\/lv\/wp-json\/wp\/v2\/types\/product"}],"replies":[{"embeddable":true,"href":"https:\/\/rf-capacitor.com\/lv\/wp-json\/wp\/v2\/comments?post=1643"}],"wp:featuredmedia":[{"embeddable":true,"href":"https:\/\/rf-capacitor.com\/lv\/wp-json\/wp\/v2\/media\/1644"}],"wp:attachment":[{"href":"https:\/\/rf-capacitor.com\/lv\/wp-json\/wp\/v2\/media?parent=1643"}],"wp:term":[{"taxonomy":"product_brand","embeddable":true,"href":"https:\/\/rf-capacitor.com\/lv\/wp-json\/wp\/v2\/product_brand?post=1643"},{"taxonomy":"product_cat","embeddable":true,"href":"https:\/\/rf-capacitor.com\/lv\/wp-json\/wp\/v2\/product_cat?post=1643"},{"taxonomy":"product_tag","embeddable":true,"href":"https:\/\/rf-capacitor.com\/lv\/wp-json\/wp\/v2\/product_tag?post=1643"}],"curies":[{"name":"wp","href":"https:\/\/api.w.org\/{rel}","templated":true}]}}