{"id":1639,"date":"2024-12-27T02:20:53","date_gmt":"2024-12-27T02:20:53","guid":{"rendered":"https:\/\/rf-capacitor.com\/?post_type=product&#038;p=1639"},"modified":"2024-12-27T02:20:53","modified_gmt":"2024-12-27T02:20:53","slug":"dc-electrolytic-capacitor","status":"publish","type":"product","link":"https:\/\/rf-capacitor.com\/lv\/dc-electrolytic-capacitor\/","title":{"rendered":"L\u012bdzstr\u0101vas elektrol\u012btiskais kondensators"},"content":{"rendered":"<h2 data-sourcepos=\"1:1-1:41\">L\u012bdzstr\u0101vas elektrol\u012btiskais kondensators: Padzi\u013cin\u0101ta nir\u0161ana<\/h2>\n<p data-sourcepos=\"3:1-3:260\"><strong>L\u012bdzstr\u0101vas elektrol\u012btiskie kondensatori<\/strong> ir polariz\u0113tu kondensatoru veids, kas izmanto elektrol\u012btu, lai sasniegtu iev\u0113rojami liel\u0101ku kapacit\u0101ti nek\u0101 citi kondensatoru veidi. Tos parasti izmanto elektroniskaj\u0101s sh\u0113m\u0101s filtr\u0113\u0161anai, atdal\u012b\u0161anai un ener\u0123ijas uzglab\u0101\u0161anai.<\/p>\n<h3 data-sourcepos=\"5:1-5:18\">K\u0101 darbojas l\u012bdzstr\u0101vas elektrol\u012btiskais kondensators:<\/h3>\n<ul data-sourcepos=\"6:1-9:0\">\n<li data-sourcepos=\"6:1-6:191\"><strong>Polariz\u0113ta konstrukcija:<\/strong> Anoda (pozit\u012bv\u0101 pl\u0101ksne) ir izgatavota no met\u0101la, kas anod\u0113\u0161anas proces\u0101 veido izol\u0113jo\u0161u oks\u012bda sl\u0101ni. \u0160is oks\u012bda sl\u0101nis darbojas k\u0101 kondensatora dielektri\u0137is.<\/li>\n<li data-sourcepos=\"7:1-7:165\"><strong>Elektrol\u012bts:<\/strong> \u0160\u0137idrs vai g\u0113la elektrol\u012bts, kas parasti satur augstu jonu koncentr\u0101ciju, p\u0101rkl\u0101j oks\u012bda sl\u0101ni un kalpo k\u0101 katods (negat\u012bv\u0101 pl\u0101ksne).<\/li>\n<li data-sourcepos=\"7:1-7:165\"><strong>Augsta kapacit\u0101te:<\/strong> Elektrol\u012btisko kondensatoru augst\u0101s kapacit\u0101tes v\u0113rt\u012bbas nodro\u0161ina pl\u0101ns dielektriskais sl\u0101nis un anoda liel\u0101 virsma.<\/li>\n<\/ul>\n<h3 data-sourcepos=\"10:1-10:24\">Galven\u0101s iez\u012bmes:<\/h3>\n<ul data-sourcepos=\"11:1-15:0\">\n<li data-sourcepos=\"11:1-11:190\"><strong>Polariz\u0101cija:<\/strong> Elektrol\u012btiskie kondensatori ir polariz\u0113ti komponenti, kas noz\u012bm\u0113, ka tie ir j\u0101savieno \u0137\u0113d\u0113 ar pozit\u012bvo spaili ar augst\u0101ku potenci\u0101lu nek\u0101 negat\u012bvais spaile.<\/li>\n<li data-sourcepos=\"12:1-12:184\"><strong>Liela kapacit\u0101te:<\/strong> Sal\u012bdzinot ar citiem kondensatoru veidiem, tie pied\u0101v\u0101 iev\u0113rojami liel\u0101ku kapacit\u0101tes v\u0113rt\u012bbu, t\u0101p\u0113c ir piem\u0113roti lietojumiem, kur nepiecie\u0161ama liela ener\u0123ijas uzkr\u0101\u0161ana.<\/li>\n<li data-sourcepos=\"13:1-13:167\"><strong>Augsta nopl\u016bdes str\u0101va:<\/strong> Elektrol\u012btiskajiem kondensatoriem parasti ir liel\u0101kas nopl\u016bdes str\u0101vas sal\u012bdzin\u0101jum\u0101 ar citiem tipiem, kas da\u017eos gad\u012bjumos var ietekm\u0113t sh\u0113mas darb\u012bbu.<\/li>\n<li data-sourcepos=\"14:1-15:0\"><strong>Ierobe\u017eots kalpo\u0161anas laiks:<\/strong> Elektrol\u012bts laika gait\u0101 var iz\u017e\u016bt, k\u0101 rezult\u0101t\u0101 samazin\u0101s kapacit\u0101te un palielin\u0101s nopl\u016bdes str\u0101va. Tas ierobe\u017eo elektrol\u012btisko kondensatoru kalpo\u0161anas laiku.<\/li>\n<\/ul>\n<h3 data-sourcepos=\"16:1-16:24\">Bie\u017ei lietojumi:<\/h3>\n<ul data-sourcepos=\"17:1-21:0\">\n<li data-sourcepos=\"17:1-17:64\"><strong>Baro\u0161anas avoti:<\/strong> L\u012bdzstr\u0101vas baro\u0161anas avotu filtr\u0113\u0161ana un izl\u012bdzin\u0101\u0161ana.<\/li>\n<li data-sourcepos=\"18:1-18:58\"><strong>Audio pastiprin\u0101t\u0101ji:<\/strong> Savienojums starp pastiprin\u0101t\u0101ja pak\u0101p\u0113m.<\/li>\n<li data-sourcepos=\"19:1-19:55\"><strong>Motora piedzi\u0146as:<\/strong> Ener\u0123ijas uzkr\u0101\u0161ana l\u012bdzstr\u0101vas \u0137\u0113d\u0113s.<\/li>\n<li data-sourcepos=\"20:1-21:0\"><strong>Flash sh\u0113mas:<\/strong> Ener\u0123ijas uzkr\u0101\u0161ana zibspuldz\u0113m.<\/li>\n<\/ul>\n<h3 data-sourcepos=\"22:1-22:37\">L\u012bdzstr\u0101vas elektrol\u012btisk\u0101 kondensatora veidi:<\/h3>\n<ul data-sourcepos=\"23:1-26:0\">\n<li data-sourcepos=\"23:1-23:126\"><strong>Alum\u012bnija elektrol\u012btiskie kondensatori:<\/strong> Visizplat\u012bt\u0101kais tips, kas pied\u0101v\u0101 pla\u0161u kapacit\u0101tes v\u0113rt\u012bbu un sprieguma diapazonu.<\/li>\n<li data-sourcepos=\"23:1-23:126\"><strong>Tant\u0101la elektrol\u012btiskie kondensatori:<\/strong> Paz\u012bstami ar zemu nopl\u016bdes str\u0101vu un augstu stabilit\u0101ti, bet parasti ir d\u0101rg\u0101ki par alum\u012bnija elektrol\u012btiskajiem kondensatoriem.<\/li>\n<li data-sourcepos=\"25:1-26:0\"><strong>Niobija elektrol\u012btiskie kondensatori:<\/strong> Jaun\u0101ks tips ar uzlabot\u0101m veiktsp\u0113jas \u012bpa\u0161\u012bb\u0101m, tostarp zem\u0101ku ESR un liel\u0101ku puls\u0101cijas str\u0101vas kapacit\u0101ti.<\/li>\n<\/ul>\n<p data-sourcepos=\"27:1-28:36\">\n<div class=\"attachment-container search-images\">\n<div class=\"image-container hide-from-message-actions ng-star-inserted\">\n<div class=\"caption ellipsis gds-label-m-alt ng-star-inserted\" aria-hidden=\"true\"><\/div>\n<\/div>\n<\/div>","protected":false},"excerpt":{"rendered":"<table style=\"height: 515px;\" width=\"684\">\n<tbody>\n<tr>\n<td width=\"146\"><strong><b>Produkts<\/b><\/strong>\u00a0<strong><b>V\u0101rds un uzv\u0101rds:<\/b><\/strong><\/td>\n<td width=\"601\">L\u012bdzstr\u0101vas elektrol\u012btiskais kondensators<\/td>\n<\/tr>\n<tr>\n<td width=\"146\">\n<h4><strong>\u012ass apraksts:<\/strong><\/h4>\n<\/td>\n<td width=\"601\">Pv invertors, v\u0113ja ener\u0123ijas p\u0101rveidot\u0101js; visu veidu frekven\u010du p\u0101rveidot\u0101js un invertora baro\u0161anas avots; t\u012bri elektriskie un hibr\u012bda automobi\u013ci; SVG, SVC ier\u012bces un cita veida elektroener\u0123ijas kvalit\u0101tes vad\u012bba.<\/td>\n<\/tr>\n<tr>\n<td width=\"146\"><strong>Kapacit\u0101tes diapazons:<\/strong><\/td>\n<td width=\"601\">50\u03bcF ~ 380\u03bcF<\/td>\n<\/tr>\n<tr>\n<td width=\"146\"><strong>Nomin\u0101lais spriegums\uff1a<\/strong><\/td>\n<td width=\"601\">450V.DC ~ 1500V.DC<\/td>\n<\/tr>\n<tr>\n<td width=\"146\"><strong>Cap.tol\uff1a<\/strong><\/td>\n<td width=\"601\">\u00b15%\uff08J\uff09\uff1b\u00b110%\uff08K\uff09<\/td>\n<\/tr>\n<tr>\n<td width=\"146\"><strong>L\u012bdzstr\u0101vas saites kondensators:<\/strong><\/td>\n<td width=\"601\">DMJ-PC<\/td>\n<\/tr>\n<\/tbody>\n<\/table>","protected":false},"featured_media":1640,"comment_status":"open","ping_status":"closed","template":"","meta":[],"product_brand":[],"product_cat":[38],"product_tag":[],"class_list":{"0":"post-1639","1":"product","2":"type-product","3":"status-publish","4":"has-post-thumbnail","6":"product_cat-dc-capacitor-2","8":"first","9":"instock","10":"shipping-taxable","11":"product-type-simple"},"_links":{"self":[{"href":"https:\/\/rf-capacitor.com\/lv\/wp-json\/wp\/v2\/product\/1639","targetHints":{"allow":["GET"]}}],"collection":[{"href":"https:\/\/rf-capacitor.com\/lv\/wp-json\/wp\/v2\/product"}],"about":[{"href":"https:\/\/rf-capacitor.com\/lv\/wp-json\/wp\/v2\/types\/product"}],"replies":[{"embeddable":true,"href":"https:\/\/rf-capacitor.com\/lv\/wp-json\/wp\/v2\/comments?post=1639"}],"wp:featuredmedia":[{"embeddable":true,"href":"https:\/\/rf-capacitor.com\/lv\/wp-json\/wp\/v2\/media\/1640"}],"wp:attachment":[{"href":"https:\/\/rf-capacitor.com\/lv\/wp-json\/wp\/v2\/media?parent=1639"}],"wp:term":[{"taxonomy":"product_brand","embeddable":true,"href":"https:\/\/rf-capacitor.com\/lv\/wp-json\/wp\/v2\/product_brand?post=1639"},{"taxonomy":"product_cat","embeddable":true,"href":"https:\/\/rf-capacitor.com\/lv\/wp-json\/wp\/v2\/product_cat?post=1639"},{"taxonomy":"product_tag","embeddable":true,"href":"https:\/\/rf-capacitor.com\/lv\/wp-json\/wp\/v2\/product_tag?post=1639"}],"curies":[{"name":"wp","href":"https:\/\/api.w.org\/{rel}","templated":true}]}}