{"id":2087,"date":"2025-01-14T03:17:14","date_gmt":"2025-01-14T03:17:14","guid":{"rendered":"https:\/\/rf-capacitor.com\/?post_type=product&#038;p=2087"},"modified":"2025-01-14T07:43:50","modified_gmt":"2025-01-14T07:43:50","slug":"closed-loop-hall-current-sensor","status":"publish","type":"product","link":"https:\/\/rf-capacitor.com\/lt\/closed-loop-hall-current-sensor\/","title":{"rendered":"U\u017edaros kilpos Hallo srov\u0117s jutiklis"},"content":{"rendered":"<p data-sourcepos=\"1:1-1:157\">U\u017edaras Halo efekto srov\u0117s jutiklis yra sud\u0117tingesnio tipo srov\u0117s jutiklis, kuris \u012fveikia daugel\u012f atviro kont\u016bro jutiklio apribojim\u0173.<\/p>\n<h2 data-sourcepos=\"3:1-3:17\">Kaip veikia u\u017edarosios kilpos Hallo srov\u0117s jutiklis:<\/h2>\n<ol data-sourcepos=\"5:1-9:0\">\n<li data-sourcepos=\"5:1-5:171\"><strong>Magnetinio lauko aptikimas:<\/strong> Kaip ir atviros kilpos jutiklis, jis naudoja Hallo efekto jutikl\u012f, kad aptikt\u0173 magnetin\u012f lauk\u0105, kur\u012f sukuria laidininku tekanti srov\u0117.<\/li>\n<li data-sourcepos=\"6:1-6:179\"><strong>Gr\u012f\u017etamojo ry\u0161io mechanizmas:<\/strong> Esminis skirtumas - gr\u012f\u017etamojo ry\u0161io ciklas. Hallo jutiklio i\u0161\u0117jimo signalas yra sustiprinamas ir naudojamas kompensacinei ritei valdyti.<\/li>\n<li data-sourcepos=\"7:1-7:151\"><strong>Magnetinio lauko panaikinimas:<\/strong> \u0160i kompensacin\u0117 rit\u0117 sukuria magnetin\u012f lauk\u0105, prie\u0161ing\u0105 pirmin\u0117s srov\u0117s sukurtam magnetiniam laukui.<\/li>\n<li data-sourcepos=\"8:1-9:0\"><strong>Nulinio srauto b\u016bkl\u0117:<\/strong> Sistema aktyviai reguliuoja per kompensacin\u0119 rit\u0119 tekan\u010di\u0105 srov\u0119, kol \u0161erdies magnetinis laukas suma\u017e\u0117ja iki minimumo (idealiu atveju - iki nulio).<\/li>\n<\/ol>\n<h2 data-sourcepos=\"10:1-10:19\">Pagrindiniai privalumai:<\/h2>\n<ul data-sourcepos=\"12:1-16:0\">\n<li data-sourcepos=\"12:1-12:104\"><strong>Patobulintas tikslumas:<\/strong> Suma\u017eina i\u0161orini\u0173 magnetini\u0173 lauk\u0173 ir temperat\u016bros svyravim\u0173 \u012ftak\u0105.<\/li>\n<li data-sourcepos=\"13:1-13:91\"><strong>Patobulintas tiesi\u0161kumas:<\/strong> U\u017etikrina labai tiesin\u012f i\u0161\u0117jimo signal\u0105 pla\u010diame srov\u0117s diapazone.<\/li>\n<li data-sourcepos=\"14:1-14:99\"><strong>Suma\u017eintas temperat\u016bros svyravimas:<\/strong> Suma\u017eina temperat\u016bros poky\u010di\u0173 poveik\u012f jutiklio veikimui.<\/li>\n<li data-sourcepos=\"15:1-16:0\"><strong>Didelis tikslumas:<\/strong> Pasiekiamas didesnis tikslumas ir precizi\u0161kumas, palyginti su atviros kilpos jutikliais.<\/li>\n<\/ul>\n<h2 data-sourcepos=\"17:1-17:17\">Parai\u0161kos:<\/h2>\n<ul data-sourcepos=\"19:1-22:0\">\n<li data-sourcepos=\"19:1-19:198\"><strong>Didelio tikslumo taikomosios programos:<\/strong> Naudojami tais atvejais, kai labai svarbus didelis tikslumas ir precizi\u0161kumas, pavyzd\u017eiui, tiksliojo variklio valdymui, elektros energijos kokyb\u0117s steb\u0117senai ir moksliniams prietaisams.<\/li>\n<li data-sourcepos=\"20:1-20:120\"><strong>Pramon\u0117s automatizavimas:<\/strong> Naudojami sud\u0117tingoje pramonin\u0117je aplinkoje, kur svarbiausia - tikslumas ir patikimumas.<\/li>\n<li data-sourcepos=\"21:1-22:0\"><strong>Atsinaujinan\u010diosios energijos sistemos:<\/strong> Naudojamas saul\u0117s inverteriuose, v\u0117jo turbinose ir kitose atsinaujinan\u010diosios energijos sistemose tiksliam galios steb\u0117jimui ir valdymui.<\/li>\n<\/ul>\n<h2 data-sourcepos=\"23:1-23:15\">Apibendrinant:<\/h2>\n<p data-sourcepos=\"25:1-25:329\">U\u017edarojo kont\u016bro Hallo efekto srov\u0117s jutikliai, palyginti su atvirojo kont\u016bro jutikliais, pasi\u017eymi dideliais privalumais, nes juose \u012fdiegtas gr\u012f\u017etamojo ry\u0161io mechanizmas, kuris aktyviai kompensuoja i\u0161orinius poveikius ir pagerina bendr\u0105 veikim\u0105. D\u0117l to jie tinkami naudoti \u012fvairiose srityse, kur b\u016btinas didelis tikslumas ir patikimumas.<\/p>","protected":false},"excerpt":{"rendered":"<p>\u25cf U\u017edaro tipo Hall srov\u0117s jutiklis<\/p>\n<p>\u25cf Nominali srov\u0117s \u012fvestis: (200-1000) A; vardin\u0117 i\u0161\u0117jimo srov\u0117: 0 ~ (200-1000) A; vardin\u0117 i\u0161\u0117jimo srov\u0117: 4V \/ 5V<\/p>\n<p>\u25cf Diafragma: 40 mm; Maitinimas: \u00b112V \/ \u00b115V<\/p>\n<p>\u25cf kintamosios, nuolatin\u0117s, impulsin\u0117s ir kitos sud\u0117tingos srov\u0117s<\/p>\n<p>\u25cf Greitas atsakas, platus matavimo diapazonas, didelis tikslumas, stipri perkrovos talpa, geras tiesi\u0161kumas ir puikus bei nuo trukd\u017ei\u0173 apsaugantis veikimas<\/p>","protected":false},"featured_media":2089,"comment_status":"open","ping_status":"closed","template":"","meta":[],"product_brand":[],"product_cat":[44],"product_tag":[],"class_list":{"0":"post-2087","1":"product","2":"type-product","3":"status-publish","4":"has-post-thumbnail","6":"product_cat-current-sensor-2","8":"first","9":"instock","10":"shipping-taxable","11":"product-type-simple"},"_links":{"self":[{"href":"https:\/\/rf-capacitor.com\/lt\/wp-json\/wp\/v2\/product\/2087","targetHints":{"allow":["GET"]}}],"collection":[{"href":"https:\/\/rf-capacitor.com\/lt\/wp-json\/wp\/v2\/product"}],"about":[{"href":"https:\/\/rf-capacitor.com\/lt\/wp-json\/wp\/v2\/types\/product"}],"replies":[{"embeddable":true,"href":"https:\/\/rf-capacitor.com\/lt\/wp-json\/wp\/v2\/comments?post=2087"}],"wp:featuredmedia":[{"embeddable":true,"href":"https:\/\/rf-capacitor.com\/lt\/wp-json\/wp\/v2\/media\/2089"}],"wp:attachment":[{"href":"https:\/\/rf-capacitor.com\/lt\/wp-json\/wp\/v2\/media?parent=2087"}],"wp:term":[{"taxonomy":"product_brand","embeddable":true,"href":"https:\/\/rf-capacitor.com\/lt\/wp-json\/wp\/v2\/product_brand?post=2087"},{"taxonomy":"product_cat","embeddable":true,"href":"https:\/\/rf-capacitor.com\/lt\/wp-json\/wp\/v2\/product_cat?post=2087"},{"taxonomy":"product_tag","embeddable":true,"href":"https:\/\/rf-capacitor.com\/lt\/wp-json\/wp\/v2\/product_tag?post=2087"}],"curies":[{"name":"wp","href":"https:\/\/api.w.org\/{rel}","templated":true}]}}