{"id":2084,"date":"2025-01-14T03:10:45","date_gmt":"2025-01-14T03:10:45","guid":{"rendered":"https:\/\/rf-capacitor.com\/?post_type=product&#038;p=2084"},"modified":"2025-01-14T07:43:24","modified_gmt":"2025-01-14T07:43:24","slug":"open-loop-hall-current-sensor","status":"publish","type":"product","link":"https:\/\/rf-capacitor.com\/lt\/open-loop-hall-current-sensor\/","title":{"rendered":"Atviros kilpos Hall srov\u0117s jutiklis"},"content":{"rendered":"<p data-sourcepos=\"1:1-1:164\">Atviros kilpos Halo efekto srov\u0117s jutiklis - tai srov\u0117s jutiklio tipas, kuriuo tiesiogiai matuojamas magnetinis laukas, kur\u012f sukuria laidininku tekanti srov\u0117.<\/p>\n<h2 data-sourcepos=\"3:1-3:24\">\u0160tai kaip veikia atviros kilpos Hallo srov\u0117s jutiklis:<\/h2>\n<ol data-sourcepos=\"5:1-8:0\">\n<li data-sourcepos=\"5:1-5:103\"><strong>Srov\u0117s srautas:<\/strong> Kai laidininku teka srov\u0117, aplink j\u012f susidaro magnetinis laukas.<\/li>\n<li data-sourcepos=\"6:1-6:131\"><strong>Magnetinio lauko aptikimas:<\/strong> \u0160alia laidininko esantis Halo efekto jutiklis nustato \u0161io magnetinio lauko stiprum\u0105.<\/li>\n<li data-sourcepos=\"7:1-8:0\"><strong>\u012etampos i\u0161vestis:<\/strong> Halo efekto jutiklis sukuria \u012ftamp\u0105, kuri yra proporcinga magnetinio lauko stiprumui, taigi proporcinga laidininku tekan\u010diai srovei.<\/li>\n<\/ol>\n<h2 data-sourcepos=\"9:1-9:24\">Pagrindin\u0117s savyb\u0117s:<\/h2>\n<ul data-sourcepos=\"11:1-16:0\">\n<li data-sourcepos=\"11:1-11:76\"><strong>Paprasta konstrukcija:<\/strong> Pagaminti palyginti paprasta ir nebrangu.<\/li>\n<li data-sourcepos=\"12:1-12:89\"><strong>Neinvazinis matavimas:<\/strong> Norint i\u0161matuoti srov\u0119, nereikia nutraukti grandin\u0117s.<\/li>\n<li data-sourcepos=\"13:1-13:69\"><strong>Geras pralaidumas:<\/strong> Gali tiksliai matuoti nuolatin\u0117s ir kintamosios srov\u0117s sroves.<\/li>\n<li data-sourcepos=\"14:1-14:111\"><strong>Jautrus i\u0161oriniams magnetiniams trikd\u017eiams:<\/strong> I\u0161oriniai magnetiniai laukai gali tur\u0117ti \u012ftakos jutiklio tikslumui.<\/li>\n<li data-sourcepos=\"15:1-16:0\"><strong>Jautrumas temperat\u016brai:<\/strong> Temperat\u016bros poky\u010diai gali tur\u0117ti \u012ftakos jutiklio i\u0161\u0117jimui.<\/li>\n<\/ul>\n<h2 data-sourcepos=\"17:1-17:17\">Parai\u0161kos:<\/h2>\n<ul data-sourcepos=\"19:1-23:0\">\n<li data-sourcepos=\"19:1-19:96\"><strong>Variklio valdymas:<\/strong> Variklio srovi\u0173 steb\u0117jimas pramonin\u0117se pavarose ir automobili\u0173 \u012frangoje.<\/li>\n<li data-sourcepos=\"20:1-20:114\"><strong>Baterij\u0173 valdymo sistemos (BMS):<\/strong> Akumuliatoriaus srov\u0117s matavimas elektrin\u0117se transporto priemon\u0117se ir energijos kaupimo sistemose.<\/li>\n<li data-sourcepos=\"21:1-21:104\"><strong>Apsauga nuo perkrovos srov\u0117s:<\/strong> Aptikti ir reaguoti \u012f vir\u0161\u012ftampius elektros grandin\u0117se.<\/li>\n<li data-sourcepos=\"22:1-23:0\"><strong>Maitinimo steb\u0117jimas:<\/strong> Energijos suvartojimo matavimas \u012fvairiose taikomosiose programose.<\/li>\n<\/ul>\n<h2 data-sourcepos=\"24:1-24:16\">Apribojimai:<\/h2>\n<ul data-sourcepos=\"26:1-28:0\">\n<li data-sourcepos=\"26:1-26:86\"><strong>Tikslumui \u012ftakos gali tur\u0117ti i\u0161oriniai magnetiniai laukai ir temperat\u016bros svyravimai.<\/strong><\/li>\n<li data-sourcepos=\"27:1-28:0\"><strong>Gali prireikti papildom\u0173 signalo kondicionavimo grandini\u0173, kad b\u016bt\u0173 pagerintas tikslumas ir kompensuoti aplinkos veiksniai.<\/strong><\/li>\n<\/ul>\n<p data-sourcepos=\"29:1-29:189\">Nepaisant \u0161i\u0173 apribojim\u0173, atvirosios kilpos Holo efekto srov\u0117s jutikliai d\u0117l savo paprastumo ir naudojimo paprastumo yra ekonomi\u0161kas ir prakti\u0161kas sprendimas daugeliui srov\u0117s jutikli\u0173.<\/p>","protected":false},"excerpt":{"rendered":"<p>Specifikacija ir funkcijos \uff1a<\/p>\n<p>\u25cf Nominali srov\u0117s \u012fvestis: 0~(200-1000)A<\/p>\n<p>\u25cf Nominalioji galia: 5V \/ 4V \/ 4-20mA<\/p>\n<p>\u25cf Diafragma: 20 mm\/40 mm\/55 mm ir t. t.<\/p>\n<p>\u25cf Maitinimo \u0161altinis: \u00b115V \/ 12V \/ 24V<\/p>\n<p>\u25cf Ma\u017eas pakuot\u0117s dydis<\/p>\n<p>\u25cf Ma\u017eas energijos suvartojimas<\/p>\n<p>\u25cf I\u0161pl\u0117stas matavimo diapazonas<\/p>\n<p>\u25cf Split tipo; Lengvas montavimas<\/p>","protected":false},"featured_media":2085,"comment_status":"open","ping_status":"closed","template":"","meta":[],"product_brand":[],"product_cat":[44],"product_tag":[],"class_list":{"0":"post-2084","1":"product","2":"type-product","3":"status-publish","4":"has-post-thumbnail","6":"product_cat-current-sensor-2","8":"first","9":"instock","10":"shipping-taxable","11":"product-type-simple"},"_links":{"self":[{"href":"https:\/\/rf-capacitor.com\/lt\/wp-json\/wp\/v2\/product\/2084","targetHints":{"allow":["GET"]}}],"collection":[{"href":"https:\/\/rf-capacitor.com\/lt\/wp-json\/wp\/v2\/product"}],"about":[{"href":"https:\/\/rf-capacitor.com\/lt\/wp-json\/wp\/v2\/types\/product"}],"replies":[{"embeddable":true,"href":"https:\/\/rf-capacitor.com\/lt\/wp-json\/wp\/v2\/comments?post=2084"}],"wp:featuredmedia":[{"embeddable":true,"href":"https:\/\/rf-capacitor.com\/lt\/wp-json\/wp\/v2\/media\/2085"}],"wp:attachment":[{"href":"https:\/\/rf-capacitor.com\/lt\/wp-json\/wp\/v2\/media?parent=2084"}],"wp:term":[{"taxonomy":"product_brand","embeddable":true,"href":"https:\/\/rf-capacitor.com\/lt\/wp-json\/wp\/v2\/product_brand?post=2084"},{"taxonomy":"product_cat","embeddable":true,"href":"https:\/\/rf-capacitor.com\/lt\/wp-json\/wp\/v2\/product_cat?post=2084"},{"taxonomy":"product_tag","embeddable":true,"href":"https:\/\/rf-capacitor.com\/lt\/wp-json\/wp\/v2\/product_tag?post=2084"}],"curies":[{"name":"wp","href":"https:\/\/api.w.org\/{rel}","templated":true}]}}