{"id":1898,"date":"2025-01-02T07:08:04","date_gmt":"2025-01-02T07:08:04","guid":{"rendered":"https:\/\/rf-capacitor.com\/?post_type=product&#038;p=1898"},"modified":"2025-01-02T07:08:04","modified_gmt":"2025-01-02T07:08:04","slug":"decoupling-resonant-capacitor","status":"publish","type":"product","link":"https:\/\/rf-capacitor.com\/lt\/decoupling-resonant-capacitor\/","title":{"rendered":"Atskiriamasis rezonansinis kondensatorius"},"content":{"rendered":"<div class=\"user-query-container ng-star-inserted\">\n<div id=\"user-query-content-7\" class=\"query-content\">\n<div class=\"query-text gds-body-l ng-star-inserted\" dir=\"ltr\" role=\"heading\" aria-level=\"2\">\n<h3 class=\"query-text-line ng-star-inserted\">Atskiriamasis rezonansinis kondensatorius<\/h3>\n<\/div>\n<\/div>\n<div class=\"button-gutter\"><span class=\"citation-0 recitation\" style=\"font-size: 14.4px; color: #555555;\">Elektronikoje <\/span><strong style=\"font-size: 14.4px; color: #555555;\"><span class=\"citation-0 recitation\">atskyrimo kondensatorius<\/span><\/strong><span class=\"citation-0 recitation citation-end-0\" style=\"font-size: 14.4px; color: #555555;\"> yra labai svarbus komponentas, naudojamas maitinimo \u012ftampai stabilizuoti ir elektriniam triuk\u0161mui suma\u017einti.<\/span><span class=\"button-container hide-from-message-actions ng-star-inserted\" style=\"font-size: 14.4px; color: #555555;\">\u00a0 \u00a0<\/span><\/div>\n<\/div>\n<div>\n<div class=\"response-container ng-tns-c3227055261-111 response-optimization tts-removed ng-star-inserted response-container-has-multiple-responses\">\n<div class=\"presented-response-container ng-tns-c3227055261-111\">\n<div class=\"response-container-content ng-tns-c3227055261-111 tunable-selection-with-avatar\">\n<div class=\"response-content ng-tns-c3227055261-111\">\n<div id=\"model-response-message-contentr_e018e616d4e5ed8e\" class=\"markdown markdown-main-panel tutor-markdown-rendering response-optimization\" dir=\"ltr\">\n<h3 data-sourcepos=\"3:1-3:17\"><strong>Kaip veikia atjungiamasis rezonansinis kondensatorius:<\/strong><\/h3>\n<ul data-sourcepos=\"5:1-8:0\">\n<li data-sourcepos=\"5:1-5:224\"><strong><span class=\"citation-1 recitation\">Vietin\u0117 energijos saugykla:<\/span><\/strong><span class=\"citation-1 recitation citation-end-1\"> Atskiriamieji kondensatoriai veikia kaip ma\u017ei vietiniai energijos rezervuarai.<\/span> <span class=\"citation-2 recitation citation-end-2\">Jie dedami labai arti integrini\u0173 grandyn\u0173 (IC) arba kit\u0173 komponent\u0173, kuriuos jie turi atjungti.<\/span><span class=\"button-container hide-from-message-actions ng-star-inserted\"> \u00a0<\/span>\n<div class=\"container ng-tns-c362440147-116 hide\">\n<div class=\"carousel-container ng-tns-c362440147-116\"><\/div>\n<\/div>\n<\/li>\n<li data-sourcepos=\"6:1-6:261\"><strong><span class=\"citation-3 recitation\">\u012etampos svyravim\u0173 slopinimas:<\/span><\/strong><span class=\"citation-3 recitation citation-end-3\"> Kai integrinis grandynas staiga ima didel\u0119 srov\u0119 (pvz., atliekant perjungimo operacijas), atskyrimo kondensatorius gali greitai tiekti \u0161i\u0105 srov\u0119 ir i\u0161vengti dideli\u0173 \u012ftampos kritim\u0173 maitinimo linijose.<\/span><span class=\"button-container hide-from-message-actions ng-star-inserted\">\u00a0 \u00a0<\/span>\n<div class=\"container ng-tns-c362440147-117 hide\">\n<div class=\"carousel-container ng-tns-c362440147-117\"><\/div>\n<\/div>\n<\/li>\n<li data-sourcepos=\"7:1-8:0\"><strong>Triuk\u0161mo filtravimas:<\/strong> <span class=\"citation-4 recitation citation-end-4\">Atskiriamieji kondensatoriai taip pat veikia kaip filtrai, nukreipiantys auk\u0161to da\u017enio triuk\u0161mo sroves \u012f \u017eem\u0119 ir taip suma\u017einantys triuk\u0161mo poveik\u012f integrinio grandyno veikimui.<\/span><span class=\"button-container hide-from-message-actions ng-star-inserted\">\u00a0<\/span>\n<div class=\"container ng-tns-c362440147-118 hide\">\n<div class=\"carousel-container ng-tns-c362440147-118\"><\/div>\n<\/div>\n<\/li>\n<\/ul>\n<h3 data-sourcepos=\"9:1-9:24\"><strong>Pagrindin\u0117s atskyrimo rezonansinio kondensatoriaus charakteristikos:<\/strong><\/h3>\n<ul data-sourcepos=\"11:1-14:0\">\n<li data-sourcepos=\"11:1-11:117\"><strong><span class=\"citation-5 recitation\">Ma\u017eas ESR (ekvivalentin\u0117 nuoseklioji var\u017ea):<\/span><\/strong><span class=\"citation-5 recitation citation-end-5\"> Suma\u017eina energijos nuostolius ir u\u017etikrina greit\u0105 srov\u0117s tiekim\u0105.<\/span><span class=\"button-container hide-from-message-actions ng-star-inserted\">\u00a0<\/span>\n<div class=\"container ng-tns-c362440147-119 hide\">\n<div class=\"carousel-container ng-tns-c362440147-119\"><\/div>\n<\/div>\n<\/li>\n<li data-sourcepos=\"12:1-12:95\"><strong>Didel\u0117 talpa:<\/strong> U\u017etikrina pakankam\u0105 energijos kaupim\u0105 pereinamiesiems srov\u0117s poreikiams tenkinti.<\/li>\n<li data-sourcepos=\"13:1-14:0\"><strong>Ma\u017eas dydis ir ma\u017eas induktyvumas:<\/strong> Leid\u017eia \u012frengti labai arti integrinio grandyno, kad b\u016bt\u0173 suma\u017eintas parazitinio induktyvumo poveikis.<\/li>\n<\/ul>\n<h3 data-sourcepos=\"15:1-15:17\"><strong>Bendrieji tipai Atjungiamasis rezonansinis kondensatorius:<\/strong><\/h3>\n<ul data-sourcepos=\"17:1-20:0\">\n<li data-sourcepos=\"17:1-17:93\"><strong>Keraminiai kondensatoriai:<\/strong> Pla\u010diai naudojami d\u0117l ma\u017eo dyd\u017eio, didel\u0117s talpos ir ma\u017eo ESR.<\/li>\n<li data-sourcepos=\"18:1-18:85\"><strong><span class=\"citation-6 recitation\">Tantalo kondensatoriai:<\/span><\/strong><span class=\"citation-6 recitation citation-end-6\"> pasi\u017eymi geromis eksploatacin\u0117mis savyb\u0117mis auk\u0161tesniuose da\u017eniuose.<\/span><span class=\"button-container hide-from-message-actions ng-star-inserted\"> \u00a0<\/span>\n<div class=\"container ng-tns-c362440147-120 hide\">\n<div class=\"carousel-container ng-tns-c362440147-120\"><\/div>\n<\/div>\n<\/li>\n<li data-sourcepos=\"19:1-20:0\"><strong><span class=\"citation-7 recitation\">Elektrolitiniai kondensatoriai:<\/span><\/strong><span class=\"citation-7 recitation citation-end-7\"> Paprastai naudojami didesn\u0117ms talpos vert\u0117ms, kai dydis n\u0117ra toks svarbus.<\/span><span class=\"button-container hide-from-message-actions ng-star-inserted\">\u00a0 .<\/span>\n<div class=\"container ng-tns-c362440147-121 hide\">\n<div class=\"carousel-container ng-tns-c362440147-121\"><\/div>\n<\/div>\n<\/li>\n<\/ul>\n<h3 data-sourcepos=\"21:1-21:28\"><strong>Vieta ir atranka:<\/strong><\/h3>\n<ul data-sourcepos=\"23:1-25:0\">\n<li data-sourcepos=\"23:1-23:247\"><strong>Vieta:<\/strong> <span class=\"citation-8 recitation citation-end-8\">Atskyrimo kondensatoriai tur\u0117t\u0173 b\u016bti dedami kuo ar\u010diau integrinio grandyno maitinimo ir \u012f\u017eeminimo kontakt\u0173 (geriausia - tiesiai ant integrinio grandyno kontakt\u0173).<\/span> <span class=\"citation-9 recitation citation-end-9\">Trumpos tiesiogin\u0117s jungtys suma\u017eina parazitinio induktyvumo poveik\u012f.<\/span><span class=\"button-container hide-from-message-actions ng-star-inserted\"> \u00a0<\/span>\n<div class=\"container ng-tns-c362440147-122 hide\">\n<div class=\"carousel-container ng-tns-c362440147-122\"><\/div>\n<\/div>\n<\/li>\n<li data-sourcepos=\"24:1-25:0\"><strong>Atranka:<\/strong> Kondensatoriaus tipo ir vert\u0117s pasirinkimas priklauso nuo konkretaus taikymo ir integrinio grandyno charakteristik\u0173. Reikia atsi\u017evelgti \u012f tokius veiksnius kaip integrinio grandyno perjungimo greitis, srov\u0117s suvartojimas ir darbo da\u017enis.<\/li>\n<\/ul>\n<h3 data-sourcepos=\"26:1-26:15\"><strong>Apibendrinimas:<\/strong><\/h3>\n<p data-sourcepos=\"28:1-28:301\"><span class=\"citation-10 recitation citation-end-10\">Atskiriamieji kondensatoriai yra esminiai elektronini\u0173 grandini\u0173 komponentai, ypa\u010d didel\u0117s spartos skaitmenin\u0117se sistemose.<\/span> <span class=\"citation-11 recitation citation-end-11\">Veiksmingai atjungdami integrinius grandynus nuo maitinimo linij\u0173, jie padeda u\u017etikrinti stabil\u0173 veikim\u0105, suma\u017einti triuk\u0161m\u0105 ir pagerinti bendr\u0105 sistemos veikim\u0105.<\/span><span class=\"button-container hide-from-message-actions ng-star-inserted\"> \u00a0<\/span><\/p>\n<p data-sourcepos=\"30:1-30:208\"><strong>Pastaba:<\/strong> \u0160iame paai\u0161kinime pateikiama bendra ap\u017evalga. Konkret\u016bs reikalavimai atskyrimo kondensatoriams skiriasi priklausomai nuo konkretaus taikymo ir elektronin\u0117s grandin\u0117s charakteristik\u0173.<\/p>\n<\/div>\n<\/div>\n<\/div>\n<\/div>\n<\/div>\n<\/div>","protected":false},"excerpt":{"rendered":"<table style=\"height: 479px;\" width=\"711\">\n<tbody>\n<tr>\n<td width=\"146\"><strong><b>Produktas<\/b><\/strong>\u00a0<strong><b>Vardas ir pavard\u0117:<\/b><\/strong><\/td>\n<td width=\"601\"><strong>Atskiriamasis rezonansinis kondensatorius<\/strong><\/td>\n<\/tr>\n<tr>\n<td width=\"146\">\n<h4><strong>Trumpas apra\u0161ymas:<\/strong><\/h4>\n<\/td>\n<td width=\"601\">CRE gali tiekti didel\u0117s galios rezonansinius kondensatorius, kurie gali apdoroti dideles \u012ftampas ir sroves ma\u017eame kompakti\u0161kame pakete.<\/p>\n<p>&nbsp;<\/td>\n<\/tr>\n<tr>\n<td width=\"146\"><strong>Talpos diapazonas:<\/strong><\/td>\n<td width=\"601\">1\u03bcF\uff5e8\u03bcF<\/td>\n<\/tr>\n<tr>\n<td width=\"146\"><strong>Nominali \u012ftampa\uff1a<\/strong><\/td>\n<td width=\"601\">1200V.DC\uff5e4000V.DC<\/td>\n<\/tr>\n<tr>\n<td width=\"146\"><strong>Cap.tol\uff1a<\/strong><\/td>\n<td width=\"601\">\u00b15%(J) ;\u00b110%(K)<\/td>\n<\/tr>\n<tr>\n<td width=\"146\"><strong>Atlaikyti \u012ftamp\u0105:<\/strong><\/td>\n<td width=\"601\">1,5Un \/10S<\/td>\n<\/tr>\n<\/tbody>\n<\/table>","protected":false},"featured_media":1899,"comment_status":"open","ping_status":"closed","template":"","meta":[],"product_brand":[],"product_cat":[42],"product_tag":[],"class_list":{"0":"post-1898","1":"product","2":"type-product","3":"status-publish","4":"has-post-thumbnail","6":"product_cat-resonance-capacitor","8":"first","9":"instock","10":"shipping-taxable","11":"product-type-simple"},"_links":{"self":[{"href":"https:\/\/rf-capacitor.com\/lt\/wp-json\/wp\/v2\/product\/1898","targetHints":{"allow":["GET"]}}],"collection":[{"href":"https:\/\/rf-capacitor.com\/lt\/wp-json\/wp\/v2\/product"}],"about":[{"href":"https:\/\/rf-capacitor.com\/lt\/wp-json\/wp\/v2\/types\/product"}],"replies":[{"embeddable":true,"href":"https:\/\/rf-capacitor.com\/lt\/wp-json\/wp\/v2\/comments?post=1898"}],"wp:featuredmedia":[{"embeddable":true,"href":"https:\/\/rf-capacitor.com\/lt\/wp-json\/wp\/v2\/media\/1899"}],"wp:attachment":[{"href":"https:\/\/rf-capacitor.com\/lt\/wp-json\/wp\/v2\/media?parent=1898"}],"wp:term":[{"taxonomy":"product_brand","embeddable":true,"href":"https:\/\/rf-capacitor.com\/lt\/wp-json\/wp\/v2\/product_brand?post=1898"},{"taxonomy":"product_cat","embeddable":true,"href":"https:\/\/rf-capacitor.com\/lt\/wp-json\/wp\/v2\/product_cat?post=1898"},{"taxonomy":"product_tag","embeddable":true,"href":"https:\/\/rf-capacitor.com\/lt\/wp-json\/wp\/v2\/product_tag?post=1898"}],"curies":[{"name":"wp","href":"https:\/\/api.w.org\/{rel}","templated":true}]}}