{"id":1866,"date":"2025-01-02T02:57:34","date_gmt":"2025-01-02T02:57:34","guid":{"rendered":"https:\/\/rf-capacitor.com\/?post_type=product&#038;p=1866"},"modified":"2025-01-02T02:57:34","modified_gmt":"2025-01-02T02:57:34","slug":"water-cooled-capacitor","status":"publish","type":"product","link":"https:\/\/rf-capacitor.com\/lt\/water-cooled-capacitor\/","title":{"rendered":"Vandeniu au\u0161inamas kondensatorius"},"content":{"rendered":"<div class=\"user-query-container ng-star-inserted\">\n<div id=\"user-query-content-4\" class=\"query-content\">\n<div class=\"query-text gds-body-l ng-star-inserted\" dir=\"ltr\" role=\"heading\" aria-level=\"2\">\n<h2 class=\"query-text-line ng-star-inserted\"><strong>Vandeniu au\u0161inamas kondensatorius<\/strong><\/h2>\n<\/div>\n<\/div>\n<\/div>\n<div>\n<div class=\"response-container ng-tns-c3227055261-63 response-optimization tts-removed ng-star-inserted response-container-has-multiple-responses\">\n<div class=\"presented-response-container ng-tns-c3227055261-63\">\n<div class=\"response-container-content ng-tns-c3227055261-63 tunable-selection-with-avatar\">\n<div class=\"response-content ng-tns-c3227055261-63\">\n<div id=\"model-response-message-contentr_bb0f189e172b8913\" class=\"markdown markdown-main-panel tutor-markdown-rendering response-optimization\" dir=\"ltr\">\n<p data-sourcepos=\"1:1-1:143\"><span class=\"citation-0 recitation citation-end-0\">Vandeniu au\u0161inami kondensatoriai skirti didel\u0117s galios \u012frenginiams, kuriuose labai svarbus efektyvus \u0161ilumos i\u0161sklaidymas.<\/span> \u010cia pateikiamas suskirstymas:<span class=\"button-container hide-from-message-actions ng-star-inserted\"> \u00a0<\/span><\/p>\n<h3 data-sourcepos=\"3:1-3:18\"><strong>Kaip veikia vandeniu au\u0161inamas kondensatorius:<\/strong><\/h3>\n<ul data-sourcepos=\"5:1-7:0\">\n<li data-sourcepos=\"5:1-5:162\"><strong><span class=\"citation-1 recitation\">\u0160ilumos gamyba:<\/span><\/strong><span class=\"citation-1 recitation citation-end-1\"> Didel\u0117s galios kondensatoriai d\u0117l vidini\u0173 nuostoli\u0173 (pvz., dielektrini\u0173 nuostoli\u0173 ir ESR) gali i\u0161skirti daug \u0161ilumos.<\/span><span class=\"button-container hide-from-message-actions ng-star-inserted\">\u00a0<\/span>\n<div class=\"container ng-tns-c362440147-68 hide\">\n<div class=\"carousel-container ng-tns-c362440147-68\"><\/div>\n<\/div>\n<\/li>\n<li data-sourcepos=\"6:1-7:0\"><strong><span class=\"citation-2 recitation\">Au\u0161inimo mechanizmas:<\/span><\/strong><span class=\"citation-2 recitation citation-end-2\"> Vanduo cirkuliuoja vidiniais kanalais arba aplink kondensatoriaus i\u0161or\u0119.<\/span> <span class=\"citation-3 recitation citation-end-3\">Taip u\u017etikrinamas efektyvus \u0161ilumos perdavimas nuo kondensatoriaus ir i\u0161vengiama pernelyg didelio temperat\u016bros kilimo.<\/span><span class=\"button-container hide-from-message-actions ng-star-inserted\">\u00a0<button class=\"mat-mdc-tooltip-trigger button image-fade-on hide-from-message-actions\" aria-controls=\"sources\" aria-expanded=\"false\" aria-describedby=\"cdk-describedby-message-ng-1-29\"><\/button><\/span>\n<div class=\"container ng-tns-c362440147-69 hide\">\n<div class=\"carousel-container ng-tns-c362440147-69\"><\/div>\n<\/div>\n<\/li>\n<\/ul>\n<h3 data-sourcepos=\"8:1-8:24\"><strong>Pagrindin\u0117s savyb\u0117s:<\/strong><\/h3>\n<ul data-sourcepos=\"10:1-14:0\">\n<li data-sourcepos=\"10:1-10:89\"><strong>Didel\u0117 galia:<\/strong> <span class=\"citation-4 recitation citation-end-4\">Sukurtas didel\u0117s galios ir didel\u0117s srov\u0117s \u012frenginiams.<\/span>\n<div class=\"container ng-tns-c362440147-70 hide\">\n<div class=\"carousel-container ng-tns-c362440147-70\"><\/div>\n<\/div>\n<\/li>\n<li data-sourcepos=\"11:1-11:65\"><strong>Auk\u0161tos \u012ftampos reitingas:<\/strong> Gali atlaikyti auk\u0161t\u0105 \u012ftamp\u0105.<\/li>\n<li data-sourcepos=\"12:1-12:63\"><strong><span class=\"citation-5 recitation\">Ma\u017eas ESR:<\/span><\/strong><span class=\"citation-5 recitation citation-end-5\"> Suma\u017eina vidin\u012f \u0161ilumos i\u0161siskyrim\u0105.<\/span><span class=\"button-container hide-from-message-actions ng-star-inserted\"> \u00a0<\/span>\n<div class=\"container ng-tns-c362440147-71 hide\">\n<div class=\"carousel-container ng-tns-c362440147-71\"><\/div>\n<\/div>\n<\/li>\n<li data-sourcepos=\"13:1-14:0\"><strong>Tvirta konstrukcija:<\/strong> Sukurtas taip, kad atlaikyt\u0173 didel\u0117s galios veikimo apkrovas ir au\u0161inimo vandeniu poveik\u012f.<\/li>\n<\/ul>\n<h3 data-sourcepos=\"15:1-15:17\"><strong>Parai\u0161kos:<\/strong><\/h3>\n<ul data-sourcepos=\"17:1-23:0\">\n<li data-sourcepos=\"17:1-21:89\"><strong>Pramoniniai taikymai:<\/strong>\n<ul data-sourcepos=\"18:5-21:89\">\n<li data-sourcepos=\"18:5-18:104\"><strong>Indukcinis \u0161ildymas:<\/strong> <span class=\"citation-6 recitation citation-end-6\">Naudojamas didelio galingumo indukcinio kaitinimo sistemose, skirtose metalo apdirbimui.<\/span><span class=\"button-container hide-from-message-actions ng-star-inserted\">\u00a0<\/span>\n<div class=\"container ng-tns-c362440147-72 hide\">\n<div class=\"carousel-container ng-tns-c362440147-72\"><\/div>\n<\/div>\n<\/li>\n<li data-sourcepos=\"19:5-19:117\"><strong><span class=\"citation-7 recitation\">Galios koeficiento korekcija:<\/span><\/strong><span class=\"citation-7 recitation citation-end-7\"> Naudojami pramon\u0117s \u012fmoni\u0173 galios koeficiento korekcijos sistemose.<\/span><span class=\"button-container hide-from-message-actions ng-star-inserted\"> \u00a0<\/span>\n<div class=\"container ng-tns-c362440147-73 hide\">\n<div class=\"carousel-container ng-tns-c362440147-73\"><\/div>\n<\/div>\n<\/li>\n<li data-sourcepos=\"20:5-20:89\"><strong>Auk\u0161tos \u012ftampos perdavimas:<\/strong> Naudojamas auk\u0161tos \u012ftampos elektros energijos perdavimo sistemose.<\/li>\n<li data-sourcepos=\"21:5-21:89\"><strong><span class=\"citation-8 recitation\">RF si\u0173stuvai:<\/span><\/strong><span class=\"citation-8 recitation citation-end-8\"> randamas didel\u0117s galios radijo da\u017eni\u0173 si\u0173stuvuose.<\/span>\n<div class=\"container ng-tns-c362440147-74 hide\">\n<div class=\"carousel-container ng-tns-c362440147-74\"><\/div>\n<\/div>\n<\/li>\n<\/ul>\n<\/li>\n<li data-sourcepos=\"22:1-23:0\"><strong>Moksliniai tyrimai ir mokslinis pritaikymas:<\/strong> Naudojamas atliekant didel\u0117s energijos fizikos eksperimentus ir kitus mokslinius tyrimus.<\/li>\n<\/ul>\n<h3 data-sourcepos=\"24:1-24:13\"><strong>Privalumai Vandeniu au\u0161inamas kondensatorius:<\/strong><\/h3>\n<ul data-sourcepos=\"26:1-29:0\">\n<li data-sourcepos=\"26:1-26:117\"><strong>Patikimumo didinimas:<\/strong> <span class=\"citation-9 recitation citation-end-9\">Veiksmingas au\u0161inimas apsaugo nuo perkaitimo, kuris gali sukelti komponent\u0173 gedim\u0105.<\/span><span class=\"button-container hide-from-message-actions ng-star-inserted\"> \u00a0<\/span>\n<div class=\"container ng-tns-c362440147-75 hide\">\n<div class=\"carousel-container ng-tns-c362440147-75\"><\/div>\n<\/div>\n<\/li>\n<li data-sourcepos=\"27:1-27:99\"><strong>Didesnis galios tankis:<\/strong> <span class=\"citation-10 recitation citation-end-10\">Leid\u017eia ma\u017eesn\u0117je erdv\u0117je naudoti didesn\u0117s galios \u012frengin\u012f.<\/span><span class=\"button-container hide-from-message-actions ng-star-inserted\"> \u00a0<\/span>\n<div class=\"container ng-tns-c362440147-76 hide\">\n<div class=\"carousel-container ng-tns-c362440147-76\"><\/div>\n<\/div>\n<\/li>\n<li data-sourcepos=\"28:1-29:0\"><strong><span class=\"citation-11 recitation\">Ilgesnis tarnavimo laikas:<\/span><\/strong><span class=\"citation-11 recitation citation-end-11\"> Suma\u017einta darbin\u0117 temperat\u016bra gali gerokai pailginti kondensatoriaus tarnavimo laik\u0105.<\/span><span class=\"button-container hide-from-message-actions ng-star-inserted\"> \u00a0 <\/span><\/li>\n<\/ul>\n<\/div>\n<\/div>\n<\/div>\n<\/div>\n<\/div>\n<\/div>","protected":false},"excerpt":{"rendered":"<table style=\"height: 462px;\" width=\"711\">\n<tbody>\n<tr>\n<td width=\"146\"><strong><b>Produktas<\/b><\/strong>\u00a0<strong><b>Vardas ir pavard\u0117:<\/b><\/strong><\/td>\n<td width=\"601\"><strong>Vandeniu au\u0161inamas kondensatorius<\/strong><\/td>\n<\/tr>\n<tr>\n<td width=\"146\">\n<h4><strong>Trumpas apra\u0161ymas:<\/strong><\/h4>\n<\/td>\n<td width=\"601\">Vandeniu au\u0161inami kondensatoriai daugiausia naudojami valdomose arba reguliuojamose kintamosios srov\u0117s \u012ftampos sistemose, kuri\u0173 vardin\u0117 \u012ftampa yra iki 4,8 kV, o da\u017enis - iki 100 KHZ, siekiant pagerinti galios koeficient\u0105 indukcinio \u0161ildymo, lydymo, mai\u0161ymo ar liejimo \u012frenginiuose ir pana\u0161iose srityse.<\/td>\n<\/tr>\n<tr>\n<td width=\"146\"><strong>Talpos diapazonas:<\/strong><\/td>\n<td width=\"601\">iki 6000 uF<\/td>\n<\/tr>\n<tr>\n<td width=\"146\"><strong>Nominali \u012ftampa\uff1a<\/strong><\/td>\n<td width=\"601\">nuo 0,75kv iki 3kv<\/td>\n<\/tr>\n<tr>\n<td width=\"146\"><strong>Cap.tol\uff1a<\/strong><\/td>\n<td width=\"601\">\u00a0-25 ~ +50\u2103<\/td>\n<\/tr>\n<tr>\n<td width=\"146\"><strong>Kondensatoriaus modelis:\u00a0<\/strong><\/td>\n<td width=\"601\">:GB\/T3984.1-2004<\/td>\n<\/tr>\n<\/tbody>\n<\/table>","protected":false},"featured_media":1867,"comment_status":"open","ping_status":"closed","template":"","meta":[],"product_brand":[],"product_cat":[41],"product_tag":[],"class_list":{"0":"post-1866","1":"product","2":"type-product","3":"status-publish","4":"has-post-thumbnail","6":"product_cat-induction-heating-capacitor","8":"first","9":"instock","10":"shipping-taxable","11":"product-type-simple"},"_links":{"self":[{"href":"https:\/\/rf-capacitor.com\/lt\/wp-json\/wp\/v2\/product\/1866","targetHints":{"allow":["GET"]}}],"collection":[{"href":"https:\/\/rf-capacitor.com\/lt\/wp-json\/wp\/v2\/product"}],"about":[{"href":"https:\/\/rf-capacitor.com\/lt\/wp-json\/wp\/v2\/types\/product"}],"replies":[{"embeddable":true,"href":"https:\/\/rf-capacitor.com\/lt\/wp-json\/wp\/v2\/comments?post=1866"}],"wp:featuredmedia":[{"embeddable":true,"href":"https:\/\/rf-capacitor.com\/lt\/wp-json\/wp\/v2\/media\/1867"}],"wp:attachment":[{"href":"https:\/\/rf-capacitor.com\/lt\/wp-json\/wp\/v2\/media?parent=1866"}],"wp:term":[{"taxonomy":"product_brand","embeddable":true,"href":"https:\/\/rf-capacitor.com\/lt\/wp-json\/wp\/v2\/product_brand?post=1866"},{"taxonomy":"product_cat","embeddable":true,"href":"https:\/\/rf-capacitor.com\/lt\/wp-json\/wp\/v2\/product_cat?post=1866"},{"taxonomy":"product_tag","embeddable":true,"href":"https:\/\/rf-capacitor.com\/lt\/wp-json\/wp\/v2\/product_tag?post=1866"}],"curies":[{"name":"wp","href":"https:\/\/api.w.org\/{rel}","templated":true}]}}