{"id":1860,"date":"2025-01-02T02:14:12","date_gmt":"2025-01-02T02:14:12","guid":{"rendered":"https:\/\/rf-capacitor.com\/?post_type=product&#038;p=1860"},"modified":"2025-01-02T02:14:12","modified_gmt":"2025-01-02T02:14:12","slug":"switching-power-snubber-capacitor","status":"publish","type":"product","link":"https:\/\/rf-capacitor.com\/lt\/switching-power-snubber-capacitor\/","title":{"rendered":"Komutacinis maitinimo kondensatorius \"Snubber"},"content":{"rendered":"<div class=\"user-query-container ng-star-inserted\">\n<div id=\"user-query-content-2\" class=\"query-content\">\n<div class=\"query-text gds-body-l ng-star-inserted\" dir=\"ltr\" role=\"heading\" aria-level=\"2\">\n<h3 class=\"query-text-line ng-star-inserted\">Komutacinis maitinimo kondensatorius \"Snubber<\/h3>\n<\/div>\n<\/div>\n<div class=\"button-gutter\"><span class=\"citation-0 recitation citation-end-0\" style=\"font-size: 14.4px; color: #555555;\">Komutuojamuosiuose maitinimo \u0161altiniuose snubberio kondensatoriai yra labai svarb\u016bs siekiant apsaugoti komutuojamuosius \u012ftaisus (pvz., MOSFET arba IGBT) nuo per didel\u0117s \u012ftampos ir srov\u0117s apkrovos perjungimo metu.<\/span><span class=\"button-container hide-from-message-actions ng-star-inserted\" style=\"font-size: 14.4px; color: #555555;\">\u00a0 \u00a0<\/span><\/div>\n<\/div>\n<div>\n<div class=\"response-container ng-tns-c3227055261-38 response-optimization tts-removed ng-star-inserted response-container-has-multiple-responses\">\n<div class=\"presented-response-container ng-tns-c3227055261-38\">\n<div class=\"response-container-content ng-tns-c3227055261-38 tunable-selection-with-avatar\">\n<div class=\"response-content ng-tns-c3227055261-38\">\n<div id=\"model-response-message-contentr_690cc733da6ea17b\" class=\"markdown markdown-main-panel tutor-markdown-rendering response-optimization\" dir=\"ltr\">\n<h2 data-sourcepos=\"1:1-1:208\"><strong style=\"font-size: 14.4px;\">\u00a0Kaip veikia perjungiamasis maitinimo kondensatorius:<\/strong><\/h2>\n<ul data-sourcepos=\"5:1-7:0\">\n<li data-sourcepos=\"5:1-5:287\"><strong><span class=\"citation-1 recitation\">\u012etampos \u0161uoliai:<\/span><\/strong><span class=\"citation-1 recitation citation-end-1\"> Kai jungiklis i\u0161sijungia, d\u0117l grandin\u0117je esan\u010dio parazitinio induktyvumo \u012ftampa jungiklyje gali greitai padid\u0117ti.<\/span> <span class=\"citation-2 recitation citation-end-2\">Snubber kondensatorius sugeria \u0161\u012f staig\u0173 \u012ftampos \u0161uol\u012f, apribodamas did\u017eiausi\u0105 \u012ftamp\u0105 ir apsaugodamas jungikl\u012f nuo sugadinimo.<\/span>\n<div class=\"container ng-tns-c362440147-43 hide\">\n<div class=\"carousel-container ng-tns-c362440147-43\"><\/div>\n<\/div>\n<\/li>\n<li data-sourcepos=\"6:1-7:0\"><strong>Srov\u0117s perjungimas:<\/strong> Per\u0117jimo \u012f i\u0161jungim\u0105 metu snubberio kondensatorius suteikia laikin\u0105 keli\u0105 srovei tek\u0117ti, suma\u017eina di\/dt (srov\u0117s kitimo greit\u012f) ir suma\u017eina elektromagnetinius trikd\u017eius (EMI).<\/li>\n<\/ul>\n<h3 data-sourcepos=\"8:1-8:24\"><strong>Pagrindin\u0117s savyb\u0117s:<\/strong><\/h3>\n<ul data-sourcepos=\"10:1-14:0\">\n<li data-sourcepos=\"10:1-10:88\"><strong>Auk\u0161tos \u012ftampos reitingas:<\/strong> Turi atlaikyti perjungimo metu atsirandan\u010dias did\u017eiausias \u012ftampas.<\/li>\n<li data-sourcepos=\"11:1-11:104\"><strong><span class=\"citation-3 recitation\">Ma\u017eas ESR (ekvivalentin\u0117 nuoseklioji var\u017ea):<\/span><\/strong><span class=\"citation-3 recitation citation-end-3\"> Suma\u017eina energijos nuostolius kondensatoriuje.<\/span><span class=\"button-container hide-from-message-actions ng-star-inserted\"> \u00a0<\/span>\n<div class=\"container ng-tns-c362440147-44 hide\">\n<div class=\"carousel-container ng-tns-c362440147-44\"><\/div>\n<\/div>\n<\/li>\n<li data-sourcepos=\"12:1-12:123\"><strong>Greito \u012fkrovimo \/ i\u0161krovimo galimyb\u0117:<\/strong> <span class=\"citation-4 recitation citation-end-4\">Geb\u0117jimas greitai \u012fsisavinti ir atiduoti energij\u0105 perjungiant \u012fvykius.<\/span>\n<div class=\"container ng-tns-c362440147-45 hide\">\n<div class=\"carousel-container ng-tns-c362440147-45\"><\/div>\n<\/div>\n<\/li>\n<li data-sourcepos=\"13:1-14:0\"><strong>Kompakti\u0161kas dydis:<\/strong> Siekiant suma\u017einti vietos poreik\u012f galios elektronikos sistemose.<\/li>\n<\/ul>\n<h3 data-sourcepos=\"15:1-15:32\"><strong>Perjungiamojo maitinimo kondensatoriaus tipai:<\/strong><\/h3>\n<ul data-sourcepos=\"17:1-19:0\">\n<li data-sourcepos=\"17:1-17:112\"><strong>Pl\u0117veliniai kondensatoriai:<\/strong> Da\u017enai naudojami d\u0117l auk\u0161tos vardin\u0117s \u012ftampos, ma\u017eo ESR ir gero temperat\u016brinio stabilumo.<\/li>\n<li data-sourcepos=\"18:1-19:0\"><strong>Keraminiai kondensatoriai:<\/strong> pasi\u017eymi didele talpa ma\u017eoje pakuot\u0117je, ta\u010diau gali b\u016bti ribota j\u0173 vardin\u0117 \u012ftampa ir temperat\u016bros stabilumas.<\/li>\n<\/ul>\n<h3 data-sourcepos=\"20:1-20:26\"><strong>Dizaino aspektai:<\/strong><\/h3>\n<ul data-sourcepos=\"22:1-25:0\">\n<li data-sourcepos=\"22:1-22:87\"><strong>Perjungimo \u012frenginio charakteristikos:<\/strong> \u012ejungimo ir i\u0161jungimo laikas, did\u017eiausios srov\u0117s ir \u012ftampos.<\/li>\n<li data-sourcepos=\"23:1-23:69\"><strong>Grandin\u0117s parametrai:<\/strong> Parazitinis induktyvumas, apkrovos charakteristikos.<\/li>\n<li data-sourcepos=\"24:1-25:0\"><strong><span class=\"citation-5 recitation\">Snubberio grandin\u0117s topologija:<\/span><\/strong><span class=\"citation-5 recitation citation-end-5\"> Skirtingos snubberi\u0173 konfig\u016bracijos (R-C, RCD ir t. t.) turi skirting\u0105 poveik\u012f grandin\u0117s veikimui.<\/span><span class=\"button-container hide-from-message-actions ng-star-inserted\">\u00a0 \u00a0<\/span>\n<div class=\"container ng-tns-c362440147-46 hide\">\n<div class=\"carousel-container ng-tns-c362440147-46\"><\/div>\n<\/div>\n<\/li>\n<\/ul>\n<h3 data-sourcepos=\"26:1-26:41\"><strong>\"Snubber\" kondensatori\u0173 naudojimo privalumai:<\/strong><\/h3>\n<ul data-sourcepos=\"28:1-31:0\">\n<li data-sourcepos=\"28:1-28:102\"><strong>Geresnis jungiklio patikimumas:<\/strong> Ma\u017eesn\u0117 perjungimo \u012ftaiso apkrova, tod\u0117l jis ilgiau tarnauja.<\/li>\n<li data-sourcepos=\"29:1-29:68\"><strong>Ma\u017eesn\u0117 elektromagnetini\u0173 trikd\u017ei\u0173 emisija:<\/strong> Suma\u017eina elektromagnetinius trikd\u017eius.<\/li>\n<li data-sourcepos=\"30:1-31:0\"><strong>Didesnis sistemos efektyvumas:<\/strong> Ma\u017eesni galios nuostoliai d\u0117l ma\u017eesni\u0173 perjungimo nuostoli\u0173.<\/li>\n<\/ul>\n<\/div>\n<\/div>\n<\/div>\n<\/div>\n<\/div>\n<\/div>","protected":false},"excerpt":{"rendered":"<table style=\"height: 523px;\" width=\"704\">\n<tbody>\n<tr>\n<td width=\"146\"><strong><b>Produktas<\/b><\/strong>\u00a0<strong><b>Vardas ir pavard\u0117:<\/b><\/strong><\/td>\n<td width=\"601\"><strong>Komutacinis maitinimo kondensatorius \"Snubber<\/strong><\/td>\n<\/tr>\n<tr>\n<td width=\"146\">\n<h4><strong>Trumpas apra\u0161ymas:<\/strong><\/h4>\n<\/td>\n<td width=\"601\">CRE snubber pl\u0117veliniai kondensatoriai yra skirti didel\u0117s srov\u0117s srovei, reikalingai apsaugai nuo pereinam\u0173j\u0173 \u012ftamp\u0173.<\/td>\n<\/tr>\n<tr>\n<td width=\"146\"><strong>Talpos diapazonas:<\/strong><\/td>\n<td width=\"601\">\u00a02\u03bcF\u00b110%<\/td>\n<\/tr>\n<tr>\n<td width=\"146\"><strong>Nominali \u012ftampa\uff1a<\/strong><\/td>\n<td width=\"601\">700V.DC\uff5e3000V.DC<\/td>\n<\/tr>\n<tr>\n<td width=\"146\"><strong>Cap.tol\uff1a<\/strong><\/td>\n<td width=\"601\">\u00b15%(J);\u00b110%(K)<\/td>\n<\/tr>\n<tr>\n<td width=\"146\"><\/td>\n<td width=\"601\"><\/td>\n<\/tr>\n<\/tbody>\n<\/table>","protected":false},"featured_media":1861,"comment_status":"open","ping_status":"closed","template":"","meta":[],"product_brand":[],"product_cat":[40],"product_tag":[],"class_list":{"0":"post-1860","1":"product","2":"type-product","3":"status-publish","4":"has-post-thumbnail","6":"product_cat-snubber-capacitor","8":"first","9":"instock","10":"shipping-taxable","11":"product-type-simple"},"_links":{"self":[{"href":"https:\/\/rf-capacitor.com\/lt\/wp-json\/wp\/v2\/product\/1860","targetHints":{"allow":["GET"]}}],"collection":[{"href":"https:\/\/rf-capacitor.com\/lt\/wp-json\/wp\/v2\/product"}],"about":[{"href":"https:\/\/rf-capacitor.com\/lt\/wp-json\/wp\/v2\/types\/product"}],"replies":[{"embeddable":true,"href":"https:\/\/rf-capacitor.com\/lt\/wp-json\/wp\/v2\/comments?post=1860"}],"wp:featuredmedia":[{"embeddable":true,"href":"https:\/\/rf-capacitor.com\/lt\/wp-json\/wp\/v2\/media\/1861"}],"wp:attachment":[{"href":"https:\/\/rf-capacitor.com\/lt\/wp-json\/wp\/v2\/media?parent=1860"}],"wp:term":[{"taxonomy":"product_brand","embeddable":true,"href":"https:\/\/rf-capacitor.com\/lt\/wp-json\/wp\/v2\/product_brand?post=1860"},{"taxonomy":"product_cat","embeddable":true,"href":"https:\/\/rf-capacitor.com\/lt\/wp-json\/wp\/v2\/product_cat?post=1860"},{"taxonomy":"product_tag","embeddable":true,"href":"https:\/\/rf-capacitor.com\/lt\/wp-json\/wp\/v2\/product_tag?post=1860"}],"curies":[{"name":"wp","href":"https:\/\/api.w.org\/{rel}","templated":true}]}}