{"id":1793,"date":"2024-12-31T03:18:31","date_gmt":"2024-12-31T03:18:31","guid":{"rendered":"https:\/\/rf-capacitor.com\/?post_type=product&#038;p=1793"},"modified":"2024-12-31T03:18:31","modified_gmt":"2024-12-31T03:18:31","slug":"damping-absorption-snubber-capacitor","status":"publish","type":"product","link":"https:\/\/rf-capacitor.com\/lt\/damping-absorption-snubber-capacitor\/","title":{"rendered":"Amortizavimo sugerties slopinimas Snubber kondensatorius"},"content":{"rendered":"<h3 data-sourcepos=\"1:1-1:41\"><strong>Duslinimo sugerties slopinimo kondensatoriai<\/strong><\/h3>\n<ul data-sourcepos=\"3:1-24:0\">\n<li data-sourcepos=\"3:1-3:158\">\n<p data-sourcepos=\"3:3-3:158\"><strong><span class=\"citation-0 recitation\">Tikslas:<\/span><\/strong><span class=\"citation-0 recitation citation-end-0\"> Pirmiausia naudojamas \u012ftampos ir srov\u0117s vir\u0161\u012ftampiams, galintiems atsirasti perjungimo operacij\u0173 metu galios elektronikos grandin\u0117se, slopinti.<\/span><span class=\"button-container hide-from-message-actions ng-star-inserted\"> \u00a0<\/span><\/p>\n<div class=\"container ng-tns-c362440147-135 hide\">\n<div class=\"carousel-container ng-tns-c362440147-135\"><\/div>\n<\/div>\n<\/li>\n<li data-sourcepos=\"4:1-9:0\">\n<h3 data-sourcepos=\"4:3-4:20\"><strong>Kaip veikia slopinimo absorbcijos \"Snubber\" kondensatorius:<\/strong><\/h3>\n<ul data-sourcepos=\"5:5-9:0\">\n<li data-sourcepos=\"5:5-5:199\"><strong><span class=\"citation-1 recitation\">\u012etampos ir srov\u0117s vir\u0161\u012ftampiai:<\/span><\/strong><span class=\"citation-1 recitation citation-end-1\"> Kai maitinimo elektronikos grandin\u0117s jungiklis i\u0161sijungia, d\u0117l staigaus grandin\u0117s s\u0105lyg\u0173 pasikeitimo gali greitai atsirasti \u012ftampos ir srov\u0117s pereinam\u0173j\u0173 proces\u0173.<\/span><span class=\"button-container hide-from-message-actions ng-star-inserted\">\u00a0<\/span>\n<div class=\"container ng-tns-c362440147-136 hide\">\n<div class=\"carousel-container ng-tns-c362440147-136\"><\/div>\n<\/div>\n<\/li>\n<li data-sourcepos=\"6:5-6:162\"><strong><span class=\"citation-2 recitation\">Snubberio grandin\u0117:<\/span><\/strong><span class=\"citation-2 recitation citation-end-2\"> Lygiagre\u010diai su perjungimo \u012ftaisu jungiama snubberio grandin\u0117, kuri\u0105 paprastai sudaro rezistorius ir kondensatorius.<\/span><span class=\"button-container hide-from-message-actions ng-star-inserted\"> \u00a0<\/span>\n<div class=\"container ng-tns-c362440147-137 hide\">\n<div class=\"carousel-container ng-tns-c362440147-137\"><\/div>\n<\/div>\n<\/li>\n<li data-sourcepos=\"7:5-7:190\"><strong><span class=\"citation-3 recitation\">slopinimo veiksmas:<\/span><\/strong><span class=\"citation-3 recitation citation-end-3\"> Kondensatorius absorbuoja su vir\u0161ijimu susijusi\u0105 energij\u0105, efektyviai \"slopindamas\" pereinam\u0105j\u012f vyksm\u0105 ir u\u017ekirsdamas keli\u0105 pernelyg dideliems \u012ftampos ar srov\u0117s \u0161uoliams.<\/span><\/li>\n<li data-sourcepos=\"7:5-7:190\"><strong style=\"font-size: 14.4px;\">\u012esisavinimas:<\/strong><span style=\"font-size: 14.4px;\"> Kondensatorius sugeria energij\u0105 ir palaipsniui j\u0105 atiduoda, neleisdamas jai pa\u017eeisti perjungimo \u012frenginio.<\/span><\/li>\n<\/ul>\n<\/li>\n<li data-sourcepos=\"10:1-14:0\">\n<h3 data-sourcepos=\"10:3-10:26\"><strong>Pagrindin\u0117s charakteristikos Damping Absorption Snubber Capacitor:<\/strong><\/h3>\n<ul data-sourcepos=\"11:5-14:0\">\n<li data-sourcepos=\"11:5-11:134\"><strong><span class=\"citation-4 recitation\">Ma\u017eas ESR:<\/span><\/strong><span class=\"citation-4 recitation citation-end-4\"> Ma\u017ea ekvivalentin\u0117 nuoseklioji var\u017ea yra labai svarbi siekiant efektyviai sugerti energij\u0105 ir suma\u017einti galios nuostolius.<\/span><span class=\"button-container hide-from-message-actions ng-star-inserted\"> \u00a0<\/span>\n<div class=\"container ng-tns-c362440147-139 hide\">\n<div class=\"carousel-container ng-tns-c362440147-139\"><\/div>\n<\/div>\n<\/li>\n<li data-sourcepos=\"12:5-12:127\"><strong><span class=\"citation-5 recitation\">Auk\u0161tos \u012ftampos reitingas:<\/span><\/strong><span class=\"citation-5 recitation citation-end-5\"> Turi atlaikyti did\u017eiausias \u012ftampas, atsirandan\u010dias perjungimo pereinam\u0173j\u0173 proces\u0173 metu.<\/span><span class=\"button-container hide-from-message-actions ng-star-inserted\"> \u00a0<\/span>\n<div class=\"container ng-tns-c362440147-140 hide\">\n<div class=\"carousel-container ng-tns-c362440147-140\"><\/div>\n<\/div>\n<\/li>\n<li data-sourcepos=\"13:5-14:0\"><strong>Greitas atsakas:<\/strong> Turi greitai reaguoti \u012f staigius \u012ftampos ir srov\u0117s poky\u010dius.<\/li>\n<\/ul>\n<\/li>\n<li data-sourcepos=\"15:1-18:0\">\n<h4 data-sourcepos=\"15:3-15:19\"><strong>Parai\u0161kos:<\/strong><\/h4>\n<ul data-sourcepos=\"16:5-18:0\">\n<li data-sourcepos=\"16:5-16:196\"><strong><span class=\"citation-6 recitation\">Maitinimo elektronika:<\/span><\/strong><span class=\"citation-6 recitation citation-end-6\"> Pla\u010diai naudojami galios elektronikos grandin\u0117se, pavyzd\u017eiui, inverteriuose, keitikliuose ir varikli\u0173 pavarose, siekiant apsaugoti tokius perjungimo \u012ftaisus kaip IGBT, MOSFET ir tiristoriai.<\/span><span class=\"button-container hide-from-message-actions ng-star-inserted\"> \u00a0<\/span>\n<div class=\"container ng-tns-c362440147-141 hide\">\n<div class=\"carousel-container ng-tns-c362440147-141\"><\/div>\n<\/div>\n<\/li>\n<li data-sourcepos=\"17:5-18:0\"><strong>Auk\u0161tos \u012ftampos \u012frenginiai:<\/strong> Naudojami auk\u0161tos \u012ftampos \u012frenginiuose, kuriuose perjungimo pereinamieji procesai gali b\u016bti sunkesni.<\/li>\n<\/ul>\n<\/li>\n<li data-sourcepos=\"19:1-24:0\">\n<h4 data-sourcepos=\"19:3-19:15\"><strong>Privalumai:<\/strong><\/h4>\n<ul data-sourcepos=\"20:5-24:0\">\n<li data-sourcepos=\"20:5-20:109\"><strong><span class=\"citation-7 recitation\">Ma\u017eesni perjungimo nuostoliai:<\/span><\/strong><span class=\"citation-7 recitation citation-end-7\"> Suma\u017eina energijos nuostolius, susijusius su perjungimo operacijomis.<\/span><span class=\"button-container hide-from-message-actions ng-star-inserted\"> \u00a0<\/span>\n<div class=\"container ng-tns-c362440147-142 hide\">\n<div class=\"carousel-container ng-tns-c362440147-142\"><\/div>\n<\/div>\n<\/li>\n<li data-sourcepos=\"21:5-21:110\"><strong><span class=\"citation-8 recitation\">Patikimumo didinimas:<\/span><\/strong><span class=\"citation-8 recitation citation-end-8\"> Apsaugo perjungimo \u012frenginius nuo pa\u017eeidim\u0173 ir prailgina j\u0173 tarnavimo laik\u0105.<\/span><span class=\"button-container hide-from-message-actions ng-star-inserted\"> \u00a0<\/span>\n<div class=\"container ng-tns-c362440147-143 hide\">\n<div class=\"carousel-container ng-tns-c362440147-143\"><\/div>\n<\/div>\n<\/li>\n<li data-sourcepos=\"22:5-22:156\"><strong><span class=\"citation-9 recitation\">Suma\u017eintas EMI \/ RFI:<\/span><\/strong><span class=\"citation-9 recitation citation-end-9\"> Suma\u017eina elektromagnetinius trikd\u017eius (EMI) ir radijo da\u017enio trikd\u017eius (RFI), atsirandan\u010dius d\u0117l pereinam\u0173j\u0173 perjungimo proces\u0173.<\/span><span class=\"button-container hide-from-message-actions ng-star-inserted\"> \u00a0<\/span>\n<div class=\"container ng-tns-c362440147-144 hide\">\n<div class=\"carousel-container ng-tns-c362440147-144\"><\/div>\n<\/div>\n<\/li>\n<li data-sourcepos=\"23:5-24:0\"><strong>Didesnis efektyvumas:<\/strong> <span class=\"citation-10 recitation citation-end-10\">Suma\u017eindamos perjungimo nuostolius, snubberio grandin\u0117s gali pad\u0117ti padidinti bendr\u0105 sistemos efektyvum\u0105.<\/span><span class=\"button-container hide-from-message-actions ng-star-inserted\"> \u00a0 <\/span><\/li>\n<\/ul>\n<\/li>\n<\/ul>","protected":false},"excerpt":{"rendered":"<table style=\"height: 549px;\" width=\"734\">\n<tbody>\n<tr>\n<td width=\"146\"><strong><b>Produktas<\/b><\/strong>\u00a0<strong><b>Vardas ir pavard\u0117:<\/b><\/strong><\/td>\n<td width=\"601\"><strong>Amortizavimo sugerties slopinimas Snubber kondensatorius<\/strong><\/td>\n<\/tr>\n<tr>\n<td width=\"146\">\n<h4><strong>Trumpas apra\u0161ymas:<\/strong><\/h4>\n<\/td>\n<td width=\"601\">1. Naujovi\u0161kus slopinimo absorbcijos kondensatorius projektuoja ir gamina CRE<\/p>\n<p>2. CRE yra pl\u0117velini\u0173 kondensatori\u0173 projektavimo ir gamybos lyder\u0117.<\/p>\n<p>3. Jei jums reikia unikali\u0173 slopinimo absorbcijos kondensatoriaus specifikacij\u0173, kreipkit\u0117s \u012f m\u016bs\u0173 projektavimo centr\u0105 ir u\u017esisakykite individual\u0173 kondensatori\u0173.<\/td>\n<\/tr>\n<tr>\n<td width=\"146\"><strong>Talpos diapazonas:<\/strong><\/td>\n<td width=\"601\">\u00a00,33 \u03bcF \u00b15%<\/td>\n<\/tr>\n<tr>\n<td width=\"146\"><strong>Nominali \u012ftampa\uff1a<\/strong><\/td>\n<td width=\"601\">3400 V.AC<\/td>\n<\/tr>\n<tr>\n<td width=\"146\"><strong>Cap.tol\uff1a<\/strong><\/td>\n<td width=\"601\">-40\u2103_85\u2103<\/td>\n<\/tr>\n<\/tbody>\n<\/table>","protected":false},"featured_media":1795,"comment_status":"open","ping_status":"closed","template":"","meta":[],"product_brand":[],"product_cat":[40],"product_tag":[],"class_list":{"0":"post-1793","1":"product","2":"type-product","3":"status-publish","4":"has-post-thumbnail","6":"product_cat-snubber-capacitor","8":"first","9":"instock","10":"shipping-taxable","11":"product-type-simple"},"_links":{"self":[{"href":"https:\/\/rf-capacitor.com\/lt\/wp-json\/wp\/v2\/product\/1793","targetHints":{"allow":["GET"]}}],"collection":[{"href":"https:\/\/rf-capacitor.com\/lt\/wp-json\/wp\/v2\/product"}],"about":[{"href":"https:\/\/rf-capacitor.com\/lt\/wp-json\/wp\/v2\/types\/product"}],"replies":[{"embeddable":true,"href":"https:\/\/rf-capacitor.com\/lt\/wp-json\/wp\/v2\/comments?post=1793"}],"wp:featuredmedia":[{"embeddable":true,"href":"https:\/\/rf-capacitor.com\/lt\/wp-json\/wp\/v2\/media\/1795"}],"wp:attachment":[{"href":"https:\/\/rf-capacitor.com\/lt\/wp-json\/wp\/v2\/media?parent=1793"}],"wp:term":[{"taxonomy":"product_brand","embeddable":true,"href":"https:\/\/rf-capacitor.com\/lt\/wp-json\/wp\/v2\/product_brand?post=1793"},{"taxonomy":"product_cat","embeddable":true,"href":"https:\/\/rf-capacitor.com\/lt\/wp-json\/wp\/v2\/product_cat?post=1793"},{"taxonomy":"product_tag","embeddable":true,"href":"https:\/\/rf-capacitor.com\/lt\/wp-json\/wp\/v2\/product_tag?post=1793"}],"curies":[{"name":"wp","href":"https:\/\/api.w.org\/{rel}","templated":true}]}}