{"id":1783,"date":"2024-12-31T02:56:12","date_gmt":"2024-12-31T02:56:12","guid":{"rendered":"https:\/\/rf-capacitor.com\/?post_type=product&#038;p=1783"},"modified":"2024-12-31T02:56:12","modified_gmt":"2024-12-31T02:56:12","slug":"low-esr-ac-filter-capacitor","status":"publish","type":"product","link":"https:\/\/rf-capacitor.com\/lt\/low-esr-ac-filter-capacitor\/","title":{"rendered":"\u017demo ESR kintamosios srov\u0117s filtro kondensatorius"},"content":{"rendered":"<h3 data-sourcepos=\"1:1-1:32\"><strong>\u017demo ESR kintamosios srov\u0117s filtro kondensatoriai<\/strong><\/h3>\n<ul data-sourcepos=\"3:1-17:0\">\n<li data-sourcepos=\"3:1-3:208\">\n<p data-sourcepos=\"3:3-3:208\"><strong>ESR:<\/strong> <span class=\"citation-0 recitation citation-end-0\">Rei\u0161kia \"ekvivalentin\u0119 serijin\u0119 var\u017e\u0105\".<\/span> <span class=\"citation-1 recitation citation-end-1\">Jis atspindi kondensatoriaus vidin\u0119 var\u017e\u0105, d\u0117l kurios darbo metu gali susidaryti energijos nuostoliai ir i\u0161siskirti \u0161iluma.<\/span><span class=\"button-container hide-from-message-actions ng-star-inserted\">\u00a0<\/span><\/p>\n<div class=\"container ng-tns-c362440147-124 hide\">\n<div class=\"carousel-container ng-tns-c362440147-124\"><\/div>\n<\/div>\n<\/li>\n<li data-sourcepos=\"4:1-9:0\">\n<p data-sourcepos=\"4:3-4:105\"><strong>Ma\u017ea ESR svarba:<\/strong> <span class=\"citation-2 recitation citation-end-2\">Kintamosios srov\u0117s filtruose ma\u017eas ESR yra labai svarbus d\u0117l keli\u0173 prie\u017eas\u010di\u0173:<\/span><span class=\"button-container hide-from-message-actions ng-star-inserted\"> \u00a0<\/span><\/p>\n<div class=\"container ng-tns-c362440147-125 hide\">\n<div class=\"carousel-container ng-tns-c362440147-125\"><\/div>\n<\/div>\n<ul data-sourcepos=\"5:5-9:0\">\n<li data-sourcepos=\"5:5-5:147\"><strong><span class=\"citation-3 recitation\">Ma\u017eesni elektros energijos nuostoliai:<\/span><\/strong><span class=\"citation-3 recitation citation-end-3\"> Ma\u017eesn\u0117 ESR suma\u017eina vidin\u012f \u0161ilumos i\u0161siskyrim\u0105, tod\u0117l suma\u017e\u0117ja galios nuostoliai ir padid\u0117ja efektyvumas.<\/span><span class=\"button-container hide-from-message-actions ng-star-inserted\">\u00a0<\/span>\n<div class=\"container ng-tns-c362440147-126 hide\">\n<div class=\"carousel-container ng-tns-c362440147-126\"><\/div>\n<\/div>\n<\/li>\n<li data-sourcepos=\"6:5-6:186\"><strong>Patobulintas filtravimo na\u0161umas:<\/strong> Ma\u017eas ESR leid\u017eia kondensatoriui efektyviau reaguoti \u012f staigius srov\u0117s poky\u010dius, tod\u0117l jis geriau filtruoja auk\u0161to da\u017enio harmonikas.<\/li>\n<li data-sourcepos=\"7:5-7:173\"><strong>Patobulintas stabilumas:<\/strong> Suma\u017eina rezonanso rizik\u0105 elektros energijos sistemoje, kuri gali atsirasti, kai auk\u0161to da\u017enio komponentai s\u0105veikauja su sistemos induktyvumu.<\/li>\n<li data-sourcepos=\"8:5-9:0\"><strong>Patikimumo didinimas:<\/strong> <span class=\"citation-4 recitation citation-end-4\">Ma\u017eesnis vidinis \u0161ilumos i\u0161siskyrimas suma\u017eina kondensatoriaus apkrov\u0105 ir pailgina jo tarnavimo laik\u0105.<\/span><span class=\"button-container hide-from-message-actions ng-star-inserted\"> \u00a0<\/span>\n<div class=\"container ng-tns-c362440147-127 hide\">\n<div class=\"carousel-container ng-tns-c362440147-127\"><\/div>\n<\/div>\n<\/li>\n<\/ul>\n<\/li>\n<li data-sourcepos=\"10:1-13:0\">\n<h3 data-sourcepos=\"10:3-10:19\"><strong>Bendri tipai \u017demo ESR kintamosios srov\u0117s filtro kondensatorius:<\/strong><\/h3>\n<ul data-sourcepos=\"11:5-13:0\">\n<li data-sourcepos=\"11:5-11:130\"><strong><span class=\"citation-5 recitation\">Metalizuotos polipropileno pl\u0117vel\u0117s kondensatoriai:<\/span><\/strong><span class=\"citation-5 recitation citation-end-5\"> Da\u017enai pasirenkami d\u0117l ma\u017eo ESR ir auk\u0161to da\u017enio charakteristik\u0173.<\/span><span class=\"button-container hide-from-message-actions ng-star-inserted\"> \u00a0<\/span>\n<div class=\"container ng-tns-c362440147-128 hide\">\n<div class=\"carousel-container ng-tns-c362440147-128\"><\/div>\n<\/div>\n<\/li>\n<li data-sourcepos=\"12:5-13:0\"><strong>Metalizuoto popieriaus kondensatoriai:<\/strong> Taip pat gali pasi\u017eym\u0117ti ma\u017eu ESR, ypa\u010d didesn\u0117s galios \u012frenginiuose.<\/li>\n<\/ul>\n<\/li>\n<li data-sourcepos=\"14:1-17:0\">\n<h3 data-sourcepos=\"14:3-14:19\"><strong>Parai\u0161kos:<\/strong><\/h3>\n<ul data-sourcepos=\"15:5-17:0\">\n<li data-sourcepos=\"15:5-15:202\"><strong>Didel\u0117s galios prietaisai:<\/strong> Naudojami didel\u0117s galios pramonin\u0117je \u012frangoje, atsinaujinan\u010diosios energijos sistemose, elektros perdavimo ir paskirstymo sistemose, kur veikia didel\u0117s srov\u0117s ir greiti pereinamieji procesai.<\/li>\n<li data-sourcepos=\"16:5-17:0\"><strong>Auk\u0161to da\u017enio taikomosios programos:<\/strong> Naudojami auk\u0161to da\u017enio perjungimo programose, pavyzd\u017eiui, varikli\u0173 pavarose, inverteriuose ir galios elektroniniuose keitikliuose.<\/li>\n<\/ul>\n<\/li>\n<\/ul>\n<p data-sourcepos=\"18:1-18:358\"><strong>Apibendrinant:<\/strong> Ma\u017eo ESR kintamosios srov\u0117s filtro kondensatoriai yra b\u016btini siekiant u\u017etikrinti optimal\u0173 veikim\u0105 ir patikimum\u0105 reikliose srityse, kuriose veikia didel\u0117s srov\u0117s, greiti pereinamieji procesai ir auk\u0161to da\u017enio komponentai. Suma\u017eindami vidin\u0119 var\u017e\u0105, \u0161ie kondensatoriai padeda pagerinti elektros energijos kokyb\u0119, suma\u017einti energijos nuostolius ir padidinti sistemos stabilum\u0105.<\/p>","protected":false},"excerpt":{"rendered":"<table style=\"height: 601px;\" width=\"720\">\n<tbody>\n<tr>\n<td width=\"146\"><strong><b>Produktas<\/b><\/strong>\u00a0<strong><b>Vardas ir pavard\u0117:<\/b><\/strong><\/td>\n<td width=\"601\"><strong>\u017demo ESR kintamosios srov\u0117s filtro kondensatorius<\/strong><\/td>\n<\/tr>\n<tr>\n<td width=\"146\">\n<h4><strong>Dielektrin\u0117 med\u017eiaga:<\/strong><\/h4>\n<\/td>\n<td width=\"601\">1. Didelis ner\u016bdijan\u010dio plieno korpusas<\/p>\n<p>2. didel\u0117 specifin\u0117 energija<\/p>\n<p>3. bang\u0173 pj\u016bvio metalizuota PP pl\u0117vel\u0117\/PU, kuri u\u017etikrina ma\u017e\u0105 saviinduktyvum\u0105, didel\u012f atsparum\u0105 ply\u0161imui ir didel\u012f patikimum\u0105.<\/td>\n<\/tr>\n<tr>\n<td width=\"146\"><strong>Talpos diapazonas:<\/strong><\/td>\n<td width=\"601\">3*200 \u03bcF \u00b15%<\/td>\n<\/tr>\n<tr>\n<td width=\"146\"><strong>Nominali \u012ftampa\uff1a<\/strong><\/td>\n<td width=\"601\">\u00a0450V.AC SH<\/td>\n<\/tr>\n<tr>\n<td width=\"146\"><strong>Cap.tol\uff1a<\/strong><\/td>\n<td width=\"601\">5%~+5%<\/td>\n<\/tr>\n<tr>\n<td width=\"146\"><strong>Did\u017eiausia aplinkos temperat\u016bra:<\/strong><\/td>\n<td width=\"601\">\u00a0-40\u2103-85\u2103<\/td>\n<\/tr>\n<\/tbody>\n<\/table>","protected":false},"featured_media":1787,"comment_status":"open","ping_status":"closed","template":"","meta":[],"product_brand":[],"product_cat":[39],"product_tag":[],"class_list":{"0":"post-1783","1":"product","2":"type-product","3":"status-publish","4":"has-post-thumbnail","6":"product_cat-ac-filter-capacitor-1","8":"first","9":"instock","10":"shipping-taxable","11":"product-type-simple"},"_links":{"self":[{"href":"https:\/\/rf-capacitor.com\/lt\/wp-json\/wp\/v2\/product\/1783","targetHints":{"allow":["GET"]}}],"collection":[{"href":"https:\/\/rf-capacitor.com\/lt\/wp-json\/wp\/v2\/product"}],"about":[{"href":"https:\/\/rf-capacitor.com\/lt\/wp-json\/wp\/v2\/types\/product"}],"replies":[{"embeddable":true,"href":"https:\/\/rf-capacitor.com\/lt\/wp-json\/wp\/v2\/comments?post=1783"}],"wp:featuredmedia":[{"embeddable":true,"href":"https:\/\/rf-capacitor.com\/lt\/wp-json\/wp\/v2\/media\/1787"}],"wp:attachment":[{"href":"https:\/\/rf-capacitor.com\/lt\/wp-json\/wp\/v2\/media?parent=1783"}],"wp:term":[{"taxonomy":"product_brand","embeddable":true,"href":"https:\/\/rf-capacitor.com\/lt\/wp-json\/wp\/v2\/product_brand?post=1783"},{"taxonomy":"product_cat","embeddable":true,"href":"https:\/\/rf-capacitor.com\/lt\/wp-json\/wp\/v2\/product_cat?post=1783"},{"taxonomy":"product_tag","embeddable":true,"href":"https:\/\/rf-capacitor.com\/lt\/wp-json\/wp\/v2\/product_tag?post=1783"}],"curies":[{"name":"wp","href":"https:\/\/api.w.org\/{rel}","templated":true}]}}