{"id":1767,"date":"2024-12-31T02:35:15","date_gmt":"2024-12-31T02:35:15","guid":{"rendered":"https:\/\/rf-capacitor.com\/?post_type=product&#038;p=1767"},"modified":"2024-12-31T02:35:15","modified_gmt":"2024-12-31T02:35:15","slug":"metallized-polypropylene-film-capacitor","status":"publish","type":"product","link":"https:\/\/rf-capacitor.com\/lt\/metallized-polypropylene-film-capacitor\/","title":{"rendered":"Metalizuotas polipropileno pl\u0117vel\u0117s kondensatorius"},"content":{"rendered":"<h3 data-sourcepos=\"1:1-1:50\"><strong>Metalizuotos polipropileno pl\u0117vel\u0117s kondensatoriai (MKP)<\/strong><\/h3>\n<ul data-sourcepos=\"3:1-27:0\">\n<li data-sourcepos=\"3:1-7:0\">\n<p data-sourcepos=\"3:3-3:19\"><strong>Statyba:<\/strong><\/p>\n<ul data-sourcepos=\"4:5-7:0\">\n<li data-sourcepos=\"4:5-4:104\"><strong>Dielektrikas:<\/strong> <span class=\"citation-0 recitation citation-end-0\">Kaip izoliacin\u0119 med\u017eiag\u0105 naudokite plonus polipropileno pl\u0117vel\u0117s sluoksnius.<\/span><span class=\"button-container hide-from-message-actions ng-star-inserted\">\u00a0 \u00a0<\/span>\n<div class=\"container ng-tns-c362440147-96 hide\">\n<div class=\"carousel-container ng-tns-c362440147-96\"><\/div>\n<\/div>\n<\/li>\n<li data-sourcepos=\"5:5-5:136\"><strong>Metalizavimas:<\/strong> Ant pl\u0117vel\u0117s vakuume nusodinamas plonas metalo (da\u017eniausiai aliuminio) sluoksnis, kuris sudaro laid\u017eiuosius elektrodus.<\/li>\n<li data-sourcepos=\"6:5-7:0\"><strong>Savigyda:<\/strong> <span class=\"citation-1 recitation citation-end-1\">Jei d\u0117l gamybos defekto ar vir\u0161\u012ftampio \u012fvyksta vietinis trumpasis jungimas, aplink gedim\u0105 esanti metalizacija i\u0161garuoja, izoliuoja t\u0105 viet\u0105 ir u\u017ekerta keli\u0105 tolesnei \u017ealai.<\/span> <span class=\"citation-2 recitation citation-end-2\">\u0160is savigydos mechanizmas padidina patikimum\u0105.<\/span><span class=\"button-container hide-from-message-actions ng-star-inserted\"> \u00a0<\/span>\n<div class=\"container ng-tns-c362440147-97 hide\">\n<div class=\"carousel-container ng-tns-c362440147-97\"><\/div>\n<\/div>\n<\/li>\n<\/ul>\n<\/li>\n<li data-sourcepos=\"8:1-14:0\">\n<h3 data-sourcepos=\"8:3-8:26\"><strong>Pagrindin\u0117s savyb\u0117s Metalizuotas polipropileno pl\u0117vel\u0117s kondensatorius:<\/strong><\/h3>\n<ul data-sourcepos=\"9:5-14:0\">\n<li data-sourcepos=\"9:5-9:122\"><strong><span class=\"citation-3 recitation\">Ma\u017eas nuostolis:<\/span><\/strong><span class=\"citation-3 recitation citation-end-3\"> pasi\u017eymi labai ma\u017eais dielektriniais nuostoliais, tod\u0117l tinka naudoti auk\u0161to da\u017enio \u012frenginiuose.<\/span><span class=\"button-container hide-from-message-actions ng-star-inserted\"> \u00a0<\/span>\n<div class=\"container ng-tns-c362440147-98 hide\">\n<div class=\"carousel-container ng-tns-c362440147-98\"><\/div>\n<\/div>\n<\/li>\n<li data-sourcepos=\"10:5-10:72\"><strong>Didelis stabilumas:<\/strong> Puikus temperat\u016bros ir laiko stabilumas.<\/li>\n<li data-sourcepos=\"11:5-11:83\"><strong>Savigyda:<\/strong> <span class=\"citation-4 recitation citation-end-4\">Padidina patikimum\u0105 ir prailgina tarnavimo laik\u0105.<\/span><span class=\"button-container hide-from-message-actions ng-star-inserted\"> \u00a0<\/span>\n<div class=\"container ng-tns-c362440147-99 hide\">\n<div class=\"carousel-container ng-tns-c362440147-99\"><\/div>\n<\/div>\n<\/li>\n<li data-sourcepos=\"12:5-12:72\"><strong>Auk\u0161tos \u012ftampos reitingas:<\/strong> <span class=\"citation-5 recitation citation-end-5\">Gali atlaikyti auk\u0161t\u0105 \u012ftamp\u0105.<\/span><span class=\"button-container hide-from-message-actions ng-star-inserted\"> \u00a0<\/span>\n<div class=\"container ng-tns-c362440147-100 hide\">\n<div class=\"carousel-container ng-tns-c362440147-100\"><\/div>\n<\/div>\n<\/li>\n<li data-sourcepos=\"13:5-14:0\"><strong>Kompakti\u0161kas dydis:<\/strong> Pasiekti dideles talpos vertes palyginti ma\u017euose paketuose.<\/li>\n<\/ul>\n<\/li>\n<li data-sourcepos=\"15:1-21:0\">\n<h3 data-sourcepos=\"15:3-15:19\"><strong>Parai\u0161kos:<\/strong><\/h3>\n<ul data-sourcepos=\"16:5-21:0\">\n<li data-sourcepos=\"16:5-16:110\"><strong>Kintamosios srov\u0117s filtrai:<\/strong> <span class=\"citation-6 recitation citation-end-6\">Naudojamas kintamosios srov\u0117s maitinimo sistemose harmonik\u0173 filtravimui ir elektros energijos kokybei pagerinti.<\/span><span class=\"button-container hide-from-message-actions ng-star-inserted\"> \u00a0<\/span>\n<div class=\"container ng-tns-c362440147-101 hide\">\n<div class=\"carousel-container ng-tns-c362440147-101\"><\/div>\n<\/div>\n<\/li>\n<li data-sourcepos=\"17:5-17:98\"><strong>Variklio pavaros:<\/strong> Naudojamas kintamo grei\u010dio pavarose, siekiant pagerinti na\u0161um\u0105 ir suma\u017einti triuk\u0161m\u0105.<\/li>\n<li data-sourcepos=\"18:5-18:142\"><strong>Komutaciniai maitinimo \u0161altiniai:<\/strong> Pla\u010diai naudojami \u012fvairiose elektronin\u0117se grandin\u0117se, \u012fskaitant impulsinius maitinimo \u0161altinius, inverterius ir keitiklius.<\/li>\n<li data-sourcepos=\"19:5-19:149\"><strong>Auk\u0161to da\u017enio taikomosios programos:<\/strong> Tinka naudoti auk\u0161t\u0173 da\u017eni\u0173 srityse, pavyzd\u017eiui, radijo da\u017eni\u0173 grandin\u0117se ir telekomunikacij\u0173 \u012frangoje.<\/li>\n<li data-sourcepos=\"20:5-21:0\"><strong>Garso \u012franga:<\/strong> <span class=\"citation-7 recitation citation-end-7\">Naudojamas garso programose signalo kokybei pagerinti ir i\u0161kraipymams suma\u017einti.<\/span><span class=\"button-container hide-from-message-actions ng-star-inserted\">\u00a0<\/span>\n<div class=\"container ng-tns-c362440147-102 hide\">\n<div class=\"carousel-container ng-tns-c362440147-102\"><\/div>\n<\/div>\n<\/li>\n<\/ul>\n<\/li>\n<li data-sourcepos=\"22:1-27:0\">\n<h3 data-sourcepos=\"22:3-22:15\"><strong>Privalumai:<\/strong><\/h3>\n<ul data-sourcepos=\"23:5-27:0\">\n<li data-sourcepos=\"23:5-23:108\"><strong><span class=\"citation-8 recitation\">Patobulintas veikimas:<\/span><\/strong><span class=\"citation-8 recitation citation-end-8\"> gerina elektronin\u0117s \u012frangos na\u0161um\u0105 ir efektyvum\u0105.<\/span>\n<div class=\"container ng-tns-c362440147-103 hide\">\n<div class=\"carousel-container ng-tns-c362440147-103\"><\/div>\n<\/div>\n<\/li>\n<li data-sourcepos=\"24:5-24:80\"><strong>Ma\u017eesni energijos nuostoliai:<\/strong> Suma\u017einti energijos nuostolius \u012fvairiose srityse.<\/li>\n<li data-sourcepos=\"25:5-25:87\"><strong>Didesnis patikimumas:<\/strong> Savigydos mechanizmas pagerina ilgalaik\u012f patikimum\u0105.<\/li>\n<li data-sourcepos=\"26:5-27:0\"><strong>Kompakti\u0161kas ir lengvas:<\/strong> Tinka naudoti esant vietos tr\u016bkumui.<\/li>\n<\/ul>\n<\/li>\n<\/ul>\n<p data-sourcepos=\"28:1-28:293\"><strong>Apibendrinant:<\/strong> Metalizuoti polipropileno pl\u0117vel\u0117s kondensatoriai yra universalus ir patikimas komponentas, pla\u010diai pritaikomas \u012fvairiose elektronin\u0117se ir maitinimo sistemose. D\u0117l ma\u017e\u0173 nuostoli\u0173, didelio stabilumo ir savaiminio atsistatymo geb\u0117jim\u0173 jie pasirenkami daugeliui svarbi\u0173 program\u0173.<\/p>\n<p data-sourcepos=\"30:1-30:82\">","protected":false},"excerpt":{"rendered":"<table style=\"height: 493px;\" width=\"698\">\n<tbody>\n<tr>\n<td width=\"146\"><strong><b>Produktas<\/b><\/strong>\u00a0<strong><b>Vardas ir pavard\u0117:<\/b><\/strong><\/td>\n<td width=\"601\"><strong>Metalizuotas polipropileno pl\u0117vel\u0117s kondensatorius<\/strong><\/td>\n<\/tr>\n<tr>\n<td width=\"146\">\n<h4><strong>Dielektrin\u0117 med\u017eiaga:<\/strong><\/h4>\n<\/td>\n<td width=\"601\">Metalizuota polipropileno pl\u0117vel\u0117<\/td>\n<\/tr>\n<tr>\n<td width=\"146\"><strong>Talpos diapazonas:<\/strong><\/td>\n<td width=\"601\">50 Hz ir (arba) 60 Hz<\/td>\n<\/tr>\n<tr>\n<td width=\"146\"><strong>Nominali \u012ftampa\uff1a<\/strong><\/td>\n<td width=\"601\">\u00a0660 V AC<\/td>\n<\/tr>\n<tr>\n<td width=\"146\"><strong>Cap.tol\uff1a<\/strong><\/td>\n<td width=\"601\">5%~+5%<\/td>\n<\/tr>\n<tr>\n<td width=\"146\"><strong>Did\u017eiausia aplinkos temperat\u016bra:<\/strong><\/td>\n<td width=\"601\">\u00a0-40 \u2103 iki +70 \u2103<\/td>\n<\/tr>\n<\/tbody>\n<\/table>","protected":false},"featured_media":1770,"comment_status":"open","ping_status":"closed","template":"","meta":[],"product_brand":[],"product_cat":[39],"product_tag":[],"class_list":{"0":"post-1767","1":"product","2":"type-product","3":"status-publish","4":"has-post-thumbnail","6":"product_cat-ac-filter-capacitor-1","8":"first","9":"instock","10":"shipping-taxable","11":"product-type-simple"},"_links":{"self":[{"href":"https:\/\/rf-capacitor.com\/lt\/wp-json\/wp\/v2\/product\/1767","targetHints":{"allow":["GET"]}}],"collection":[{"href":"https:\/\/rf-capacitor.com\/lt\/wp-json\/wp\/v2\/product"}],"about":[{"href":"https:\/\/rf-capacitor.com\/lt\/wp-json\/wp\/v2\/types\/product"}],"replies":[{"embeddable":true,"href":"https:\/\/rf-capacitor.com\/lt\/wp-json\/wp\/v2\/comments?post=1767"}],"wp:featuredmedia":[{"embeddable":true,"href":"https:\/\/rf-capacitor.com\/lt\/wp-json\/wp\/v2\/media\/1770"}],"wp:attachment":[{"href":"https:\/\/rf-capacitor.com\/lt\/wp-json\/wp\/v2\/media?parent=1767"}],"wp:term":[{"taxonomy":"product_brand","embeddable":true,"href":"https:\/\/rf-capacitor.com\/lt\/wp-json\/wp\/v2\/product_brand?post=1767"},{"taxonomy":"product_cat","embeddable":true,"href":"https:\/\/rf-capacitor.com\/lt\/wp-json\/wp\/v2\/product_cat?post=1767"},{"taxonomy":"product_tag","embeddable":true,"href":"https:\/\/rf-capacitor.com\/lt\/wp-json\/wp\/v2\/product_tag?post=1767"}],"curies":[{"name":"wp","href":"https:\/\/api.w.org\/{rel}","templated":true}]}}