{"id":1713,"date":"2024-12-30T03:26:32","date_gmt":"2024-12-30T03:26:32","guid":{"rendered":"https:\/\/rf-capacitor.com\/?post_type=product&#038;p=1713"},"modified":"2024-12-30T03:26:32","modified_gmt":"2024-12-30T03:26:32","slug":"high-power-filter-capacitor","status":"publish","type":"product","link":"https:\/\/rf-capacitor.com\/lt\/high-power-filter-capacitor\/","title":{"rendered":"Didel\u0117s galios filtro kondensatorius"},"content":{"rendered":"<h3 data-sourcepos=\"1:1-1:32\"><strong>Didel\u0117s galios filtro kondensatoriai<\/strong><\/h3>\n<ul data-sourcepos=\"3:1-27:0\">\n<li data-sourcepos=\"3:1-3:141\">\n<p data-sourcepos=\"3:3-3:141\"><strong>Tikslas:<\/strong> Sukurtas naudoti tais atvejais, kai reikia didel\u0117s galios, paprastai auk\u0161tos \u012ftampos ir didel\u0117s srov\u0117s aplinkoje.<\/p>\n<\/li>\n<li data-sourcepos=\"4:1-10:0\">\n<h3 data-sourcepos=\"4:3-4:26\"><strong>Pagrindin\u0117s savyb\u0117s Didel\u0117s galios filtro kondensatorius:<\/strong><\/h3>\n<ul data-sourcepos=\"5:5-10:0\">\n<li data-sourcepos=\"5:5-5:77\"><strong>Auk\u0161tos \u012ftampos reitingas:<\/strong> Gali atlaikyti auk\u0161t\u0105 \u012ftamp\u0105 be gedimo.<\/li>\n<li data-sourcepos=\"6:5-6:103\"><strong>Didel\u0117s srov\u0117s tvarkymas:<\/strong> Gali apdoroti didelius srov\u0117s \u0161uolius ir nuolatines dideles sroves.<\/li>\n<li data-sourcepos=\"7:5-7:65\"><strong>Ma\u017ea var\u017ea:<\/strong> Suma\u017einkite energijos nuostolius eksploatacijos metu.<\/li>\n<li data-sourcepos=\"8:5-8:121\"><strong>Tvirta konstrukcija:<\/strong> Sukurtas atlaikyti sud\u0117tingas darbo s\u0105lygas, \u012fskaitant auk\u0161t\u0105 temperat\u016br\u0105 ir vibracij\u0105.<\/li>\n<li data-sourcepos=\"9:5-10:0\"><strong>Savigyda:<\/strong> Da\u017enai turi savaiminio atsigavimo mechanizmus, kurie prailgina tarnavimo laik\u0105.<\/li>\n<\/ul>\n<\/li>\n<li data-sourcepos=\"11:1-15:0\">\n<h3 data-sourcepos=\"11:3-11:19\"><strong>Konstrukcija Didel\u0117s galios filtro kondensatorius:<\/strong><\/h3>\n<ul data-sourcepos=\"12:5-15:0\">\n<li data-sourcepos=\"12:5-12:112\"><strong>Dielektrikas:<\/strong> Paprastai naudojamos tvirtos dielektrin\u0117s med\u017eiagos, pavyzd\u017eiui, polipropileno pl\u0117vel\u0117 arba metalizuotas popierius.<\/li>\n<li data-sourcepos=\"13:5-13:132\"><strong>Au\u0161inimas:<\/strong> Da\u017enai naudojami au\u0161inimo mechanizmai, pavyzd\u017eiui, alyvos pripildyti korpusai arba priverstinis oro au\u0161inimas, kad b\u016bt\u0173 galima valdyti \u0161ilumos i\u0161sklaidym\u0105.<\/li>\n<li data-sourcepos=\"14:5-15:0\"><strong>Tvirti korpusai:<\/strong> \u012erengti tvirtuose korpusuose, kad vidiniai komponentai b\u016bt\u0173 apsaugoti nuo aplinkos veiksni\u0173.<\/li>\n<\/ul>\n<\/li>\n<li data-sourcepos=\"16:1-21:0\">\n<h3 data-sourcepos=\"16:3-16:19\"><strong>Parai\u0161kos:<\/strong><\/h3>\n<ul data-sourcepos=\"17:5-21:0\">\n<li data-sourcepos=\"17:5-17:118\"><strong>Elektros energijos perdavimas ir paskirstymas:<\/strong> Auk\u0161tos \u012ftampos perdavimo linij\u0173 ir pasto\u010di\u0173 harmonik\u0173 filtravimas.<\/li>\n<li data-sourcepos=\"18:5-18:130\"><strong>Pramoniniai taikymai:<\/strong> Naudojami didel\u0117s galios pramonin\u0117je \u012frangoje, pavyzd\u017eiui, varikli\u0173 pavarose, keitikliuose ir suvirinimo aparatuose.<\/li>\n<li data-sourcepos=\"19:5-19:128\"><strong>Atsinaujinan\u010dioji energija:<\/strong> V\u0117jo turbin\u0173, saul\u0117s inverteri\u0173 ir kit\u0173 atsinaujinan\u010di\u0173j\u0173 energijos \u0161altini\u0173 generuojam\u0173 harmonik\u0173 filtravimas.<\/li>\n<li data-sourcepos=\"19:5-19:128\"><strong>Auk\u0161tos \u012ftampos nuolatin\u0117s srov\u0117s (HVDC) perdavimas:<\/strong> Naudojamas HVDC keitikli\u0173 stotyse harmonik\u0173 filtravimui ir elektros energijos kokybei pagerinti.<\/li>\n<\/ul>\n<\/li>\n<li data-sourcepos=\"22:1-27:0\">\n<h3 data-sourcepos=\"22:3-22:15\"><strong>Privalumai:<\/strong><\/h3>\n<ul data-sourcepos=\"23:5-27:0\">\n<li data-sourcepos=\"23:5-23:125\"><strong>Geresn\u0117 elektros energijos kokyb\u0117:<\/strong> Efektyviai ma\u017eina harmoninius i\u0161kraipymus, tod\u0117l elektros energijos sistemos tampa stabilesn\u0117s ir efektyvesn\u0117s.<\/li>\n<li data-sourcepos=\"24:5-24:110\"><strong>Didesnis sistemos efektyvumas:<\/strong> Suma\u017einkite energijos nuostolius, suma\u017einkite energijos suvartojim\u0105 ir eksploatavimo i\u0161laidas.<\/li>\n<li data-sourcepos=\"25:5-25:105\"><strong>Patobulintas \u012frangos tarnavimo laikas:<\/strong> Apsaugokite jautri\u0105 \u012frang\u0105 nuo \u017ealingo harmonik\u0173 poveikio.<\/li>\n<li data-sourcepos=\"26:5-27:0\"><strong>Geresnis sistemos patikimumas:<\/strong> Tvirta konstrukcija ir savaiminio atsigavimo galimyb\u0117s padidina ilgalaik\u012f sistemos patikimum\u0105.<\/li>\n<\/ul>\n<\/li>\n<\/ul>","protected":false},"excerpt":{"rendered":"<table style=\"height: 447px;\" width=\"813\">\n<tbody>\n<tr>\n<td width=\"146\"><strong><b>Produktas<\/b><\/strong>\u00a0<strong><b>Vardas ir pavard\u0117:<\/b><\/strong><\/td>\n<td width=\"601\"><strong>Didel\u0117s galios filtro kondensatorius<\/strong><\/td>\n<\/tr>\n<tr>\n<td width=\"146\">\n<h4>Taikymas:<\/h4>\n<\/td>\n<td width=\"601\">Bendroji paskirtis, Maitinimas, Auk\u0161ta \u012ftampa, UPS<\/td>\n<\/tr>\n<tr>\n<td width=\"146\"><strong>Talpos diapazonas:<\/strong><\/td>\n<td width=\"601\">\u00a00,33UF ~ 60UF<\/td>\n<\/tr>\n<tr>\n<td width=\"146\"><strong>Nominali \u012ftampa\uff1a<\/strong><\/td>\n<td width=\"601\">450V.DC - 1800V.DC<\/td>\n<\/tr>\n<tr>\n<td width=\"146\"><strong>Etaloninis standartas:<\/strong><\/td>\n<td width=\"601\">\u00a0IEC61071; GB\/T 17702<\/td>\n<\/tr>\n<tr>\n<td width=\"146\"><strong>Naudojimas:\u00a0<\/strong><\/td>\n<td width=\"601\">\u00a0Kintamosios srov\u0117s filtras<\/td>\n<\/tr>\n<\/tbody>\n<\/table>","protected":false},"featured_media":1714,"comment_status":"open","ping_status":"closed","template":"","meta":[],"product_brand":[],"product_cat":[39],"product_tag":[],"class_list":{"0":"post-1713","1":"product","2":"type-product","3":"status-publish","4":"has-post-thumbnail","6":"product_cat-ac-filter-capacitor-1","8":"first","9":"instock","10":"shipping-taxable","11":"product-type-simple"},"_links":{"self":[{"href":"https:\/\/rf-capacitor.com\/lt\/wp-json\/wp\/v2\/product\/1713","targetHints":{"allow":["GET"]}}],"collection":[{"href":"https:\/\/rf-capacitor.com\/lt\/wp-json\/wp\/v2\/product"}],"about":[{"href":"https:\/\/rf-capacitor.com\/lt\/wp-json\/wp\/v2\/types\/product"}],"replies":[{"embeddable":true,"href":"https:\/\/rf-capacitor.com\/lt\/wp-json\/wp\/v2\/comments?post=1713"}],"wp:featuredmedia":[{"embeddable":true,"href":"https:\/\/rf-capacitor.com\/lt\/wp-json\/wp\/v2\/media\/1714"}],"wp:attachment":[{"href":"https:\/\/rf-capacitor.com\/lt\/wp-json\/wp\/v2\/media?parent=1713"}],"wp:term":[{"taxonomy":"product_brand","embeddable":true,"href":"https:\/\/rf-capacitor.com\/lt\/wp-json\/wp\/v2\/product_brand?post=1713"},{"taxonomy":"product_cat","embeddable":true,"href":"https:\/\/rf-capacitor.com\/lt\/wp-json\/wp\/v2\/product_cat?post=1713"},{"taxonomy":"product_tag","embeddable":true,"href":"https:\/\/rf-capacitor.com\/lt\/wp-json\/wp\/v2\/product_tag?post=1713"}],"curies":[{"name":"wp","href":"https:\/\/api.w.org\/{rel}","templated":true}]}}