{"id":1674,"date":"2024-12-27T03:45:28","date_gmt":"2024-12-27T03:45:28","guid":{"rendered":"https:\/\/rf-capacitor.com\/?post_type=product&#038;p=1674"},"modified":"2024-12-27T03:45:28","modified_gmt":"2024-12-27T03:45:28","slug":"power-film-capacitor","status":"publish","type":"product","link":"https:\/\/rf-capacitor.com\/lt\/power-film-capacitor\/","title":{"rendered":"Maitinimo pl\u0117vel\u0117s kondensatorius"},"content":{"rendered":"<h3 data-sourcepos=\"1:1-1:25\"><strong>Maitinimo pl\u0117veliniai kondensatoriai<\/strong><\/h3>\n<p data-sourcepos=\"3:1-3:291\"><span class=\"citation-0 recitation citation-end-0\">Pl\u0117veliniai galios kondensatoriai - tai specializuoti pl\u0117veliniai kondensatoriai, skirti naudoti didel\u0117s galios \u012frenginiuose.<\/span> <span class=\"citation-1 recitation citation-end-1\">Jie gaminami naudojant plonas dielektrini\u0173 med\u017eiag\u0173, pavyzd\u017eiui, polipropileno, poliesterio arba metalizuotos pl\u0117vel\u0117s, pl\u0117veles, \u012fterptas tarp laid\u017ei\u0173 elektrod\u0173.<\/span><span class=\"button-container hide-from-message-actions ng-star-inserted\">\u00a0<\/span><\/p>\n<h3 data-sourcepos=\"5:1-5:24\"><strong>Pagrindin\u0117s savyb\u0117s:<\/strong><\/h3>\n<ul data-sourcepos=\"7:1-12:0\">\n<li data-sourcepos=\"7:1-7:123\"><strong>Didel\u0117 galia:<\/strong> <span class=\"citation-2 recitation citation-end-2\">Gali apdoroti dideles sroves ir didel\u0117s galios lygius be dideli\u0173 nuostoli\u0173.<\/span><span class=\"button-container hide-from-message-actions ng-star-inserted\">\u00a0 \u00a0<\/span>\n<div class=\"container ng-tns-c362440147-107 hide\">\n<div class=\"carousel-container ng-tns-c362440147-107\"><\/div>\n<\/div>\n<\/li>\n<li data-sourcepos=\"8:1-8:135\"><strong><span class=\"citation-3 recitation\">Ma\u017eas ESR (ekvivalentin\u0117 nuoseklioji var\u017ea):<\/span><\/strong> Ma\u017ea vidin\u0117 var\u017ea suma\u017eina energijos i\u0161sklaidym\u0105 ir padidina efektyvum\u0105.<span class=\"button-container hide-from-message-actions ng-star-inserted\">\u00a0 \u00a0<\/span>\n<div class=\"container ng-tns-c362440147-108 hide\">\n<div class=\"carousel-container ng-tns-c362440147-108\"><\/div>\n<\/div>\n<\/li>\n<li data-sourcepos=\"9:1-9:133\"><strong><span class=\"citation-4 recitation\">Didel\u0117s pulsuojan\u010dios srov\u0117s paj\u0117gumas:<\/span><\/strong><span class=\"citation-4 recitation citation-end-4\"> Gali atlaikyti dideles pulsacij\u0173 sroves, kurios b\u016bdingos galios elektronikos grandin\u0117ms.<\/span>\n<div class=\"container ng-tns-c362440147-109 hide\">\n<div class=\"carousel-container ng-tns-c362440147-109\"><\/div>\n<\/div>\n<\/li>\n<li data-sourcepos=\"10:1-10:123\"><strong>Kompakti\u0161kas dydis:<\/strong> <span class=\"citation-5 recitation citation-end-5\">Da\u017enai b\u016bna kompakti\u0161k\u0173 dyd\u017ei\u0173, tod\u0117l tinka naudoti esant ribotai erdvei.<\/span><span class=\"button-container hide-from-message-actions ng-star-inserted\">\u00a0\u00a0<\/span>\n<div class=\"container ng-tns-c362440147-110 hide\">\n<div class=\"carousel-container ng-tns-c362440147-110\"><\/div>\n<\/div>\n<\/li>\n<li data-sourcepos=\"11:1-12:0\"><strong><span class=\"citation-6 recitation\">Ilgas tarnavimo laikas:<\/span><\/strong><span class=\"citation-6 recitation citation-end-6\"> Sukurtas ilgalaikiam darbui reikliose elektros energijos srityse.<\/span><span class=\"button-container hide-from-message-actions ng-star-inserted\"> \u00a0<\/span>\n<div class=\"container ng-tns-c362440147-111 hide\">\n<div class=\"carousel-container ng-tns-c362440147-111\"><\/div>\n<\/div>\n<\/li>\n<\/ul>\n<h3 data-sourcepos=\"13:1-13:24\"><strong>Bendros programos:<\/strong><\/h3>\n<ul data-sourcepos=\"15:1-20:0\">\n<li data-sourcepos=\"15:1-15:170\"><strong>Maitinimo \u0161altiniai:<\/strong> <span class=\"citation-7 recitation citation-end-7\">Naudojami \u012fvairi\u0173 elektronini\u0173 prietais\u0173, \u012fskaitant pramonin\u0119 \u012frang\u0105, atsinaujinan\u010diosios energijos sistemas ir elektrines transporto priemones, maitinimo \u0161altiniuose.<\/span><span class=\"button-container hide-from-message-actions ng-star-inserted\"> \u00a0<\/span>\n<div class=\"container ng-tns-c362440147-112 hide\">\n<div class=\"carousel-container ng-tns-c362440147-112\"><\/div>\n<\/div>\n<\/li>\n<li data-sourcepos=\"16:1-16:110\"><strong><span class=\"citation-8 recitation\">Variklio pavaros:<\/span><\/strong><span class=\"citation-8 recitation citation-end-8\"> Variklio pavaros sistemose naudojami filtravimui, i\u0161lyginimui ir energijos kaupimui.<\/span><span class=\"button-container hide-from-message-actions ng-star-inserted\">\u00a0 \u00a0<\/span>\n<div class=\"container ng-tns-c362440147-113 hide\">\n<div class=\"carousel-container ng-tns-c362440147-113\"><\/div>\n<\/div>\n<\/li>\n<li data-sourcepos=\"17:1-17:110\"><strong><span class=\"citation-9 recitation\">Galios koeficiento korekcija:<\/span><\/strong><span class=\"citation-9 recitation citation-end-9\"> Naudojamas galios koeficiento korekcijos grandin\u0117se siekiant pagerinti elektros energijos kokyb\u0119.<\/span><span class=\"button-container hide-from-message-actions ng-star-inserted\">\u00a0 \u00a0<\/span>\n<div class=\"container ng-tns-c362440147-114 hide\">\n<div class=\"carousel-container ng-tns-c362440147-114\"><\/div>\n<\/div>\n<\/li>\n<li data-sourcepos=\"18:1-18:75\"><strong>Keitikliai:<\/strong> Naudojamas inverteriuose nuolatin\u0117s srov\u0117s energijai konvertuoti \u012f kintam\u0105j\u0105.<\/li>\n<li data-sourcepos=\"19:1-20:0\"><strong><span class=\"citation-10 recitation\">Rezonansin\u0117s grandin\u0117s:<\/span><\/strong><span class=\"citation-10 recitation citation-end-10\"> naudojami rezonansin\u0117se grandin\u0117se, pavyzd\u017eiui, indukciniam \u0161ildymui ir plazmos generavimui.<\/span><span class=\"button-container hide-from-message-actions ng-star-inserted\"> \u00a0 <\/span><\/li>\n<\/ul>","protected":false},"excerpt":{"rendered":"<table style=\"height: 437px;\" width=\"726\">\n<tbody>\n<tr>\n<td width=\"146\"><strong><b>Produktas<\/b><\/strong>\u00a0<strong><b>Vardas ir pavard\u0117:<\/b><\/strong><\/td>\n<td width=\"601\"><strong>Maitinimo pl\u0117vel\u0117s kondensatorius<\/strong><\/td>\n<\/tr>\n<tr>\n<td width=\"146\">\n<h4><strong>Trumpas apra\u0161ymas:<\/strong><\/h4>\n<\/td>\n<td width=\"601\">Defibriliatori\u0173 pl\u0117veliniai kondensatoriai yra specialiai sukurti taip, kad atitikt\u0173 III klas\u0117s medicinos prietaiso patikimumo reikalavimus.<\/td>\n<\/tr>\n<tr>\n<td width=\"146\"><strong>Talpos diapazonas:<\/strong><\/td>\n<td width=\"601\">Nuo 32 \u00b5F iki 500 \u00b5F<\/td>\n<\/tr>\n<tr>\n<td width=\"146\"><strong>Nominali \u012ftampa\uff1a<\/strong><\/td>\n<td width=\"601\">Nuo 800 VDC iki 6000 VDC<\/td>\n<\/tr>\n<tr>\n<td width=\"146\"><strong>Cap.tol\uff1a<\/strong><\/td>\n<td width=\"601\">nuo +70 iki -45 \u2103<\/td>\n<\/tr>\n<\/tbody>\n<\/table>","protected":false},"featured_media":1676,"comment_status":"open","ping_status":"closed","template":"","meta":[],"product_brand":[],"product_cat":[38],"product_tag":[],"class_list":{"0":"post-1674","1":"product","2":"type-product","3":"status-publish","4":"has-post-thumbnail","6":"product_cat-dc-capacitor-2","8":"first","9":"instock","10":"shipping-taxable","11":"product-type-simple"},"_links":{"self":[{"href":"https:\/\/rf-capacitor.com\/lt\/wp-json\/wp\/v2\/product\/1674","targetHints":{"allow":["GET"]}}],"collection":[{"href":"https:\/\/rf-capacitor.com\/lt\/wp-json\/wp\/v2\/product"}],"about":[{"href":"https:\/\/rf-capacitor.com\/lt\/wp-json\/wp\/v2\/types\/product"}],"replies":[{"embeddable":true,"href":"https:\/\/rf-capacitor.com\/lt\/wp-json\/wp\/v2\/comments?post=1674"}],"wp:featuredmedia":[{"embeddable":true,"href":"https:\/\/rf-capacitor.com\/lt\/wp-json\/wp\/v2\/media\/1676"}],"wp:attachment":[{"href":"https:\/\/rf-capacitor.com\/lt\/wp-json\/wp\/v2\/media?parent=1674"}],"wp:term":[{"taxonomy":"product_brand","embeddable":true,"href":"https:\/\/rf-capacitor.com\/lt\/wp-json\/wp\/v2\/product_brand?post=1674"},{"taxonomy":"product_cat","embeddable":true,"href":"https:\/\/rf-capacitor.com\/lt\/wp-json\/wp\/v2\/product_cat?post=1674"},{"taxonomy":"product_tag","embeddable":true,"href":"https:\/\/rf-capacitor.com\/lt\/wp-json\/wp\/v2\/product_tag?post=1674"}],"curies":[{"name":"wp","href":"https:\/\/api.w.org\/{rel}","templated":true}]}}