{"id":1643,"date":"2024-12-27T02:32:04","date_gmt":"2024-12-27T02:32:04","guid":{"rendered":"https:\/\/rf-capacitor.com\/?post_type=product&#038;p=1643"},"modified":"2024-12-27T02:40:52","modified_gmt":"2024-12-27T02:40:52","slug":"dc-bias-capacitor","status":"publish","type":"product","link":"https:\/\/rf-capacitor.com\/lt\/dc-bias-capacitor\/","title":{"rendered":"Nuolatin\u0117s srov\u0117s \u0161ali\u0161kumo kondensatorius"},"content":{"rendered":"<p data-sourcepos=\"1:1-1:155\"><span class=\"citation-0 recitation\">A <\/span><strong><span class=\"citation-0 recitation\">Nuolatin\u0117s srov\u0117s \u0161ali\u0161kumo kondensatorius<\/span><\/strong><span class=\"citation-0 recitation citation-end-0\"> tai kondensatorius, naudojamas elektronin\u0117se grandin\u0117se nuolatin\u0117s srov\u0117s srautui blokuoti, o kintamosios srov\u0117s signalams praleisti.<\/span><span class=\"button-container hide-from-message-actions ng-star-inserted\"> \u00a0<\/span><\/p>\n<h3 data-sourcepos=\"3:1-3:23\"><strong>\u010cia pateikiamas suskirstymas:<\/strong><\/h3>\n<ul data-sourcepos=\"5:1-9:0\">\n<li data-sourcepos=\"5:1-6:225\"><strong>DC blokavimas:<\/strong>\n<ul data-sourcepos=\"6:5-6:225\">\n<li data-sourcepos=\"6:5-6:225\"><span class=\"citation-1 recitation citation-end-1\">Kondensatoriai kaupia elektros kr\u016bv\u012f.<\/span> Prijungus nuolatin\u0119 \u012ftamp\u0105, kondensatorius \u012fkraunamas iki tos \u012ftampos ir nustoja laid\u017eiai veikti. Tai veiksmingai blokuoja nuolatin\u0117s srov\u0117s tek\u0117jim\u0105 grandine.\n<div class=\"container ng-tns-c362440147-43 hide\">\n<div class=\"carousel-container ng-tns-c362440147-43\"><\/div>\n<\/div>\n<\/li>\n<\/ul>\n<\/li>\n<li data-sourcepos=\"7:1-9:0\"><strong>Per\u0117jimas AC:<\/strong>\n<ul data-sourcepos=\"8:5-9:0\">\n<li data-sourcepos=\"8:5-9:0\"><span class=\"citation-2 recitation citation-end-2\">Kintamosios srov\u0117s signalai pagal apibr\u0117\u017eim\u0105 turi nuolat kintan\u010di\u0105 \u012ftamp\u0105.<\/span> D\u0117l to kondensatorius nuolat \u012fkraunamas ir i\u0161kraunamas, o kintamosios srov\u0117s signalas praleid\u017eiamas.<span class=\"button-container hide-from-message-actions ng-star-inserted\">\u00a0<\/span>\n<div class=\"container ng-tns-c362440147-44 hide\">\n<div class=\"carousel-container ng-tns-c362440147-44\">\n<div class=\"carousel-content ng-tns-c362440147-44\">\n<div class=\"sources-carousel-source ng-tns-c362440147-44 hide ng-star-inserted\" data-test-id=\"sources-carousel-source\"><\/div>\n<\/div>\n<\/div>\n<\/div>\n<\/li>\n<\/ul>\n<\/li>\n<\/ul>\n<h3 data-sourcepos=\"10:1-10:24\"><strong>Bendros programos:<\/strong><\/h3>\n<ul data-sourcepos=\"12:1-18:0\">\n<li data-sourcepos=\"12:1-13:165\"><strong>Kintamosios srov\u0117s signal\u0173 sujungimas:<\/strong>\n<ul data-sourcepos=\"13:5-13:165\">\n<li data-sourcepos=\"13:5-13:165\"><span class=\"citation-3 recitation citation-end-3\">Nuolatin\u0117s srov\u0117s \u0161ali\u0161kumo kondensatoriai da\u017enai naudojami kintamosios srov\u0117s signalams sujungti tarp skirting\u0173 stiprintuvo pakop\u0173, izoliuojant kiekvienos pakopos nuolatin\u0117s srov\u0117s \u0161ali\u0161kumo \u012ftamp\u0105.<\/span><span class=\"button-container hide-from-message-actions ng-star-inserted\">\u00a0<\/span>\n<div class=\"container ng-tns-c362440147-45 hide\">\n<div class=\"carousel-container ng-tns-c362440147-45\">\n<div class=\"carousel-content ng-tns-c362440147-45\">\n<div class=\"sources-carousel-source ng-tns-c362440147-45 hide ng-star-inserted\" data-test-id=\"sources-carousel-source\"><\/div>\n<\/div>\n<\/div>\n<\/div>\n<\/li>\n<\/ul>\n<\/li>\n<li data-sourcepos=\"14:1-15:116\"><strong>Nuolatin\u0117s srov\u0117s kompensacij\u0173 pa\u0161alinimas:<\/strong>\n<ul data-sourcepos=\"15:5-15:116\">\n<li data-sourcepos=\"15:5-15:116\">Jie gali b\u016bti naudojami bet kokiam kintamosios srov\u0117s signalo nuolatin\u0117s srov\u0117s poslinkiui pa\u0161alinti prie\u0161 apdorojant j\u012f kitame etape.<\/li>\n<\/ul>\n<\/li>\n<li data-sourcepos=\"16:1-18:0\"><strong>Auk\u0161t\u0173j\u0173 da\u017eni\u0173 filtrai:<\/strong>\n<ul data-sourcepos=\"17:5-18:0\">\n<li data-sourcepos=\"17:5-18:0\"><span class=\"citation-4 recitation citation-end-4\">Kartu su rezistoriumi nuolatin\u0117s srov\u0117s \u0161ali\u0161kumo kondensatorius gali sudaryti paprast\u0105 auk\u0161to da\u017enio filtr\u0105, praleid\u017eiant\u012f auk\u0161to da\u017enio signalus ir blokuojant\u012f \u017eemo da\u017enio signalus, \u012fskaitant nuolatin\u0119 srov\u0119.<\/span><span class=\"button-container hide-from-message-actions ng-star-inserted\">\u00a0<\/span>\n<div class=\"container ng-tns-c362440147-46 hide\">\n<div class=\"carousel-container ng-tns-c362440147-46\">\n<div class=\"carousel-content ng-tns-c362440147-46\">\n<div class=\"sources-carousel-source ng-tns-c362440147-46 hide ng-star-inserted\" data-test-id=\"sources-carousel-source\"><\/div>\n<\/div>\n<\/div>\n<\/div>\n<\/li>\n<\/ul>\n<\/li>\n<\/ul>\n<h3 data-sourcepos=\"19:1-19:23\"><strong>Pagrindiniai aspektai:<\/strong><\/h3>\n<ul data-sourcepos=\"21:1-24:0\">\n<li data-sourcepos=\"21:1-21:172\"><strong>Talpos vert\u0117:<\/strong> Nuolatin\u0117s srov\u0117s \u0161ali\u0161kumo kondensatoriaus talpos vert\u0117 yra labai svarbi jo veikimui. Didesn\u0117 talpa paprastai praleid\u017eia \u017eemesnius da\u017enius.<\/li>\n<li data-sourcepos=\"22:1-22:105\"><strong>\u012etampos reitingas:<\/strong> Kondensatorius turi b\u016bti pritaikytas maksimaliai \u012ftampai, kuri bus \u012f j\u012f \u012fjungta.<\/li>\n<li data-sourcepos=\"23:1-24:0\"><strong>Nuot\u0117kio srov\u0117:<\/strong> Kondensatoriaus nuot\u0117kio srov\u0117 gali tur\u0117ti \u012ftakos grandin\u0117s nuolatin\u0117s srov\u0117s \u0161ali\u0161kumo ta\u0161kui.<\/li>\n<\/ul>\n<h3 data-sourcepos=\"25:1-25:15\"><strong>Apibendrinant:<\/strong><\/h3>\n<p data-sourcepos=\"27:1-27:252\">Nuolatin\u0117s srov\u0117s \u0161ali\u0161kumo kondensatoriai atlieka svarb\u0173 vaidmen\u012f daugelyje elektronini\u0173 grandini\u0173, nes leid\u017eia efektyviai perduoti kintamosios srov\u0117s signalus ir kartu izoliuoti nuolatin\u0117s srov\u0117s komponentus. Suprasdami j\u0173 funkcij\u0105 ir charakteristikas, in\u017einieriai gali juos veiksmingai naudoti savo projektuose.<\/p>","protected":false},"excerpt":{"rendered":"<table style=\"height: 575px;\" width=\"683\">\n<tbody>\n<tr>\n<td width=\"146\"><strong><b>Produktas<\/b><\/strong>\u00a0<strong><b>Vardas ir pavard\u0117:<\/b><\/strong><\/td>\n<td width=\"601\">Nuolatin\u0117s srov\u0117s \u0161ali\u0161kumo kondensatorius<\/td>\n<\/tr>\n<tr>\n<td width=\"146\">\n<h4><strong>Trumpas apra\u0161ymas:<\/strong><\/h4>\n<\/td>\n<td width=\"601\">Pv inverteris, v\u0117jo energijos keitiklis; AII r\u016b\u0161i\u0173 da\u017enio keitiklis ir inverteris<br \/>\nmaitinimo \u0161altinis; grynai elektriniai ir hibridiniai automobiliai; \u012fkrovimo kr\u016bva, UPS ir kt.<\/td>\n<\/tr>\n<tr>\n<td width=\"146\"><strong>Talpos diapazonas:<\/strong><\/td>\n<td width=\"601\">\u00a01\u03bcF - 200\u03bcF<\/td>\n<\/tr>\n<tr>\n<td width=\"146\"><strong>Nominali \u012ftampa\uff1a<\/strong><\/td>\n<td width=\"601\">450V.DC - 1800V.DC<\/td>\n<\/tr>\n<tr>\n<td width=\"146\"><strong>Cap.tol\uff1a<\/strong><\/td>\n<td width=\"601\">\u00a0\u00b15%\uff08J\uff09\uff1b\u00b110%\uff08K\uff09<\/td>\n<\/tr>\n<tr>\n<td width=\"146\"><strong>Kondensatoriaus modelis:\u00a0<\/strong><\/td>\n<td width=\"601\">DMJ-PS serija<\/td>\n<\/tr>\n<\/tbody>\n<\/table>","protected":false},"featured_media":1644,"comment_status":"open","ping_status":"closed","template":"","meta":[],"product_brand":[],"product_cat":[38],"product_tag":[],"class_list":{"0":"post-1643","1":"product","2":"type-product","3":"status-publish","4":"has-post-thumbnail","6":"product_cat-dc-capacitor-2","8":"first","9":"instock","10":"shipping-taxable","11":"product-type-simple"},"_links":{"self":[{"href":"https:\/\/rf-capacitor.com\/lt\/wp-json\/wp\/v2\/product\/1643","targetHints":{"allow":["GET"]}}],"collection":[{"href":"https:\/\/rf-capacitor.com\/lt\/wp-json\/wp\/v2\/product"}],"about":[{"href":"https:\/\/rf-capacitor.com\/lt\/wp-json\/wp\/v2\/types\/product"}],"replies":[{"embeddable":true,"href":"https:\/\/rf-capacitor.com\/lt\/wp-json\/wp\/v2\/comments?post=1643"}],"wp:featuredmedia":[{"embeddable":true,"href":"https:\/\/rf-capacitor.com\/lt\/wp-json\/wp\/v2\/media\/1644"}],"wp:attachment":[{"href":"https:\/\/rf-capacitor.com\/lt\/wp-json\/wp\/v2\/media?parent=1643"}],"wp:term":[{"taxonomy":"product_brand","embeddable":true,"href":"https:\/\/rf-capacitor.com\/lt\/wp-json\/wp\/v2\/product_brand?post=1643"},{"taxonomy":"product_cat","embeddable":true,"href":"https:\/\/rf-capacitor.com\/lt\/wp-json\/wp\/v2\/product_cat?post=1643"},{"taxonomy":"product_tag","embeddable":true,"href":"https:\/\/rf-capacitor.com\/lt\/wp-json\/wp\/v2\/product_tag?post=1643"}],"curies":[{"name":"wp","href":"https:\/\/api.w.org\/{rel}","templated":true}]}}