{"id":1639,"date":"2024-12-27T02:20:53","date_gmt":"2024-12-27T02:20:53","guid":{"rendered":"https:\/\/rf-capacitor.com\/?post_type=product&#038;p=1639"},"modified":"2024-12-27T02:20:53","modified_gmt":"2024-12-27T02:20:53","slug":"dc-electrolytic-capacitor","status":"publish","type":"product","link":"https:\/\/rf-capacitor.com\/lt\/dc-electrolytic-capacitor\/","title":{"rendered":"Nuolatin\u0117s srov\u0117s elektrolitinis kondensatorius"},"content":{"rendered":"<h2 data-sourcepos=\"1:1-1:41\">Nuolatin\u0117s srov\u0117s elektrolitinis kondensatorius: Gilus pasin\u0117rimas<\/h2>\n<p data-sourcepos=\"3:1-3:260\"><strong>Nuolatin\u0117s srov\u0117s elektrolitiniai kondensatoriai<\/strong> tai poliarizuoto kondensatoriaus tipas, kuriame naudojamas elektrolitas, kad b\u016bt\u0173 pasiekta gerokai didesn\u0117 talpa nei kit\u0173 tip\u0173 kondensatoriuose. Jie paprastai naudojami elektronin\u0117se grandin\u0117se filtravimui, atskyrimui ir energijos saugojimui.<\/p>\n<h3 data-sourcepos=\"5:1-5:18\">Kaip veikia nuolatin\u0117s srov\u0117s elektrolitinis kondensatorius:<\/h3>\n<ul data-sourcepos=\"6:1-9:0\">\n<li data-sourcepos=\"6:1-6:191\"><strong>Poliarizuota konstrukcija:<\/strong> Anodas (teigiama plok\u0161tel\u0117) yra pagamintas i\u0161 metalo, kuris anoduojant sudaro izoliacin\u012f oksido sluoksn\u012f. \u0160is oksido sluoksnis veikia kaip kondensatoriaus dielektrikas.<\/li>\n<li data-sourcepos=\"7:1-7:165\"><strong>Elektrolitas:<\/strong> Skystas arba gelinis elektrolitas, kuriame paprastai yra didel\u0117 jon\u0173 koncentracija, padengia oksido sluoksn\u012f ir yra katodas (neigiama plok\u0161tel\u0117).<\/li>\n<li data-sourcepos=\"7:1-7:165\"><strong>Didel\u0117 talpa:<\/strong> Plonas dielektriko sluoksnis ir didelis anodo pavir\u0161iaus plotas lemia didel\u0119 elektrolitini\u0173 kondensatori\u0173 talp\u0105.<\/li>\n<\/ul>\n<h3 data-sourcepos=\"10:1-10:24\">Pagrindin\u0117s savyb\u0117s:<\/h3>\n<ul data-sourcepos=\"11:1-15:0\">\n<li data-sourcepos=\"11:1-11:190\"><strong>Poliarizacija:<\/strong> Elektrolitiniai kondensatoriai yra poliarizuoti komponentai, t. y. jie turi b\u016bti sujungti \u012f grandin\u0119 taip, kad teigiamasis gnybtas b\u016bt\u0173 auk\u0161tesnio potencialo nei neigiamasis gnybtas.<\/li>\n<li data-sourcepos=\"12:1-12:184\"><strong>Didel\u0117 talpa:<\/strong> Palyginti su kit\u0173 tip\u0173 kondensatoriais, jie pasi\u017eymi gerokai didesne talpa, tod\u0117l tinka naudoti tais atvejais, kai reikia kaupti daug energijos.<\/li>\n<li data-sourcepos=\"13:1-13:167\"><strong>Didel\u0117 nuot\u0117kio srov\u0117:<\/strong> Elektrolitiniai kondensatoriai paprastai pasi\u017eymi didesn\u0117mis nuot\u0117kio srov\u0117mis, palyginti su kit\u0173 tip\u0173 kondensatoriais, o tai kai kuriais atvejais gali tur\u0117ti \u012ftakos grandin\u0117s veikimui.<\/li>\n<li data-sourcepos=\"14:1-15:0\"><strong>Ribotas naudojimo laikas:<\/strong> Laikui b\u0117gant elektrolitas gali i\u0161d\u017ei\u016bti, tod\u0117l suma\u017e\u0117ja talpa ir padid\u0117ja nuot\u0117kio srov\u0117. Tai riboja elektrolitini\u0173 kondensatori\u0173 tarnavimo laik\u0105.<\/li>\n<\/ul>\n<h3 data-sourcepos=\"16:1-16:24\">Bendros programos:<\/h3>\n<ul data-sourcepos=\"17:1-21:0\">\n<li data-sourcepos=\"17:1-17:64\"><strong>Maitinimo \u0161altiniai:<\/strong> Nuolatin\u0117s srov\u0117s maitinimo \u0161altini\u0173 filtravimas ir i\u0161lyginimas.<\/li>\n<li data-sourcepos=\"18:1-18:58\"><strong>Garso stiprintuvai:<\/strong> Jungtis tarp stiprintuvo pakop\u0173.<\/li>\n<li data-sourcepos=\"19:1-19:55\"><strong>Variklio pavaros:<\/strong> Energijos kaupimas nuolatin\u0117s srov\u0117s grandin\u0117se.<\/li>\n<li data-sourcepos=\"20:1-21:0\"><strong>Blykst\u0117s grandin\u0117s:<\/strong> Energijos kaupimas blykst\u0117s lempoms.<\/li>\n<\/ul>\n<h3 data-sourcepos=\"22:1-22:37\">Nuolatin\u0117s srov\u0117s elektrolitinio kondensatoriaus tipai:<\/h3>\n<ul data-sourcepos=\"23:1-26:0\">\n<li data-sourcepos=\"23:1-23:126\"><strong>Aliuminio elektrolitiniai kondensatoriai:<\/strong> Labiausiai paplit\u0119s tipas, pasi\u017eymintis pla\u010diu talpos ver\u010di\u0173 ir \u012ftampos diapazonu.<\/li>\n<li data-sourcepos=\"23:1-23:126\"><strong>tantalo elektrolitiniai kondensatoriai:<\/strong> \u017dinomi d\u0117l ma\u017eos nuot\u0117kio srov\u0117s ir didelio stabilumo, ta\u010diau paprastai yra brangesni u\u017e aliuminio elektrolitinius kondensatorius.<\/li>\n<li data-sourcepos=\"25:1-26:0\"><strong>Niobio elektrolitiniai kondensatoriai:<\/strong> Naujesnis tipas, pasi\u017eymintis geresn\u0117mis eksploatacin\u0117mis savyb\u0117mis, \u012fskaitant ma\u017eesn\u0119 ESR ir didesn\u0119 pulsacij\u0173 srov\u0117s gali\u0105.<\/li>\n<\/ul>\n<p data-sourcepos=\"27:1-28:36\">\n<div class=\"attachment-container search-images\">\n<div class=\"image-container hide-from-message-actions ng-star-inserted\">\n<div class=\"caption ellipsis gds-label-m-alt ng-star-inserted\" aria-hidden=\"true\"><\/div>\n<\/div>\n<\/div>","protected":false},"excerpt":{"rendered":"<table style=\"height: 515px;\" width=\"684\">\n<tbody>\n<tr>\n<td width=\"146\"><strong><b>Produktas<\/b><\/strong>\u00a0<strong><b>Vardas ir pavard\u0117:<\/b><\/strong><\/td>\n<td width=\"601\">Nuolatin\u0117s srov\u0117s elektrolitinis kondensatorius<\/td>\n<\/tr>\n<tr>\n<td width=\"146\">\n<h4><strong>Trumpas apra\u0161ymas:<\/strong><\/h4>\n<\/td>\n<td width=\"601\">Pv inverteris, v\u0117jo energijos keitiklis; vis\u0173 r\u016b\u0161i\u0173 da\u017enio keitiklis ir inverterio maitinimas; grynai elektriniai ir hibridiniai automobiliai; SVG, SVC \u012frenginiai ir kit\u0173 r\u016b\u0161i\u0173 elektros energijos kokyb\u0117s valdymas.<\/td>\n<\/tr>\n<tr>\n<td width=\"146\"><strong>Talpos diapazonas:<\/strong><\/td>\n<td width=\"601\">50\u03bcF ~ 380\u03bcF<\/td>\n<\/tr>\n<tr>\n<td width=\"146\"><strong>Nominali \u012ftampa\uff1a<\/strong><\/td>\n<td width=\"601\">450V.DC~1500V.DC<\/td>\n<\/tr>\n<tr>\n<td width=\"146\"><strong>Cap.tol\uff1a<\/strong><\/td>\n<td width=\"601\">\u00b15%\uff08J\uff09\uff1b\u00b110%\uff08K\uff09<\/td>\n<\/tr>\n<tr>\n<td width=\"146\"><strong>Nuolatin\u0117s srov\u0117s jungties kondensatorius:<\/strong><\/td>\n<td width=\"601\">DMJ-PC<\/td>\n<\/tr>\n<\/tbody>\n<\/table>","protected":false},"featured_media":1640,"comment_status":"open","ping_status":"closed","template":"","meta":[],"product_brand":[],"product_cat":[38],"product_tag":[],"class_list":{"0":"post-1639","1":"product","2":"type-product","3":"status-publish","4":"has-post-thumbnail","6":"product_cat-dc-capacitor-2","8":"first","9":"instock","10":"shipping-taxable","11":"product-type-simple"},"_links":{"self":[{"href":"https:\/\/rf-capacitor.com\/lt\/wp-json\/wp\/v2\/product\/1639","targetHints":{"allow":["GET"]}}],"collection":[{"href":"https:\/\/rf-capacitor.com\/lt\/wp-json\/wp\/v2\/product"}],"about":[{"href":"https:\/\/rf-capacitor.com\/lt\/wp-json\/wp\/v2\/types\/product"}],"replies":[{"embeddable":true,"href":"https:\/\/rf-capacitor.com\/lt\/wp-json\/wp\/v2\/comments?post=1639"}],"wp:featuredmedia":[{"embeddable":true,"href":"https:\/\/rf-capacitor.com\/lt\/wp-json\/wp\/v2\/media\/1640"}],"wp:attachment":[{"href":"https:\/\/rf-capacitor.com\/lt\/wp-json\/wp\/v2\/media?parent=1639"}],"wp:term":[{"taxonomy":"product_brand","embeddable":true,"href":"https:\/\/rf-capacitor.com\/lt\/wp-json\/wp\/v2\/product_brand?post=1639"},{"taxonomy":"product_cat","embeddable":true,"href":"https:\/\/rf-capacitor.com\/lt\/wp-json\/wp\/v2\/product_cat?post=1639"},{"taxonomy":"product_tag","embeddable":true,"href":"https:\/\/rf-capacitor.com\/lt\/wp-json\/wp\/v2\/product_tag?post=1639"}],"curies":[{"name":"wp","href":"https:\/\/api.w.org\/{rel}","templated":true}]}}