{"id":1630,"date":"2024-12-26T08:55:26","date_gmt":"2024-12-26T08:55:26","guid":{"rendered":"https:\/\/rf-capacitor.com\/?post_type=product&#038;p=1630"},"modified":"2024-12-26T09:16:35","modified_gmt":"2024-12-26T09:16:35","slug":"dc-circuit-capacitor","status":"publish","type":"product","link":"https:\/\/rf-capacitor.com\/lt\/dc-circuit-capacitor\/","title":{"rendered":"Nuolatin\u0117s srov\u0117s grandin\u0117s kondensatorius"},"content":{"rendered":"<h3 data-sourcepos=\"1:1-1:47\"><strong>Kondensatoriai nuolatin\u0117s srov\u0117s grandin\u0117se: Netik\u0117ti vaidmenys<\/strong><\/h3>\n<p data-sourcepos=\"3:1-3:203\">Nors nuolatin\u0117s srov\u0117s grandin\u0117s kondensatorius da\u017enai siejamas su kintamosios srov\u0117s grandin\u0117mis, jis gali atlikti stebinant\u012f ir svarb\u0173 vaidmen\u012f ir nuolatin\u0117s srov\u0117s grandin\u0117se. Toliau pateikiame informacij\u0105 apie tai, kaip kondensatoriai elgiasi ir yra naudojami nuolatin\u0117s srov\u0117s aplinkoje:<\/p>\n<h4 data-sourcepos=\"5:1-5:37\"><strong>1. Pradinis \u012fkrovimas ir blokavimas:<\/strong><\/h4>\n<ul data-sourcepos=\"7:1-9:0\">\n<li data-sourcepos=\"7:1-7:201\"><strong>\u012ekrovimo etapas:<\/strong> Kai nuolatin\u0117s srov\u0117s grandin\u0117s kondensatorius pirm\u0105 kart\u0105 prijungiamas prie ne\u012fkrauto kondensatoriaus, teka trumpa srov\u0117. \u0160i srov\u0117 \u012fkrauna kondensatoriaus plok\u0161teles ir sukuria prie\u0161ing\u0105 elektrin\u012f lauk\u0105.<\/li>\n<li data-sourcepos=\"7:1-7:201\"><strong>Nuolatin\u0117 b\u016bsena:<\/strong> Kai kondensatorius visi\u0161kai \u012fkrautas, jis veikia kaip atvira grandin\u0117 ir blokuoja tolesn\u012f nuolatin\u0117s srov\u0117s tek\u0117jim\u0105. Taip yra tod\u0117l, kad ant plok\u0161teli\u0173 susikaup\u0119s kr\u016bvis sukuria elektrin\u012f lauk\u0105, kuris puikiai neutralizuoja veikiant\u012f nuolatin\u0117s srov\u0117s grandin\u0117s kondensatori\u0173.<\/li>\n<li data-sourcepos=\"8:1-9:0\"><strong style=\"color: #555555; font-size: 14.4px;\">2. I\u0161lyginimas ir filtravimas:<\/strong><\/li>\n<\/ul>\n<ul data-sourcepos=\"12:1-14:0\">\n<li data-sourcepos=\"12:1-12:281\"><strong>Spindesio ma\u017einimas:<\/strong> Maitinimo \u0161altiniuose kondensatoriai naudojami \u012ftampos svyravimams (pulsacijoms), da\u017enai atsirandantiems d\u0117l i\u0161tiesinimo proceso, i\u0161lyginti. Kondensatorius sugeria perteklin\u012f kr\u016bv\u012f per \u012ftampos pikus ir atiduoda j\u012f per kritimus, tod\u0117l nuolatin\u0117s srov\u0117s i\u0161\u0117jimas yra stabilesnis.<\/li>\n<li data-sourcepos=\"13:1-14:0\"><strong>Filtravimas:<\/strong> Kondensatoriai gali b\u016bti naudojami auk\u0161to da\u017enio triuk\u0161mui i\u0161 nuolatin\u0117s srov\u0117s signalo filtruoti. Nuolatin\u0117s srov\u0117s grandin\u0117s kondensatorius Tai ypa\u010d svarbu jautriose elektronin\u0117se grandin\u0117se, kuriose triuk\u0161mas gali trukdyti tinkamai veikti.<\/li>\n<\/ul>\n<h4 data-sourcepos=\"15:1-15:23\"><strong>3. Laiko grandin\u0117s:<\/strong><\/h4>\n<ul data-sourcepos=\"17:1-18:0\">\n<li data-sourcepos=\"17:1-18:0\"><strong>RC grandin\u0117s:<\/strong> Kondensatoriai kartu su rezistoriais (RC grandin\u0117s) sudaro laiko grandini\u0173 pagrind\u0105. Laik\u0105, per kur\u012f kondensatorius \u012fkraunamas arba i\u0161kraunamas per rezistori\u0173, galima tiksliai valdyti, tod\u0117l galima kurti v\u0117linimo, osciliatori\u0173 ir kitas su laiku susijusias funkcijas.<\/li>\n<li data-sourcepos=\"17:1-18:0\">\n<h4><strong style=\"color: #555555; font-size: 14.4px;\">4. Kintamosios srov\u0117s signal\u0173 sujungimas:<\/strong><\/h4>\n<\/li>\n<\/ul>\n<ul data-sourcepos=\"21:1-22:0\">\n<li data-sourcepos=\"21:1-22:0\"><strong>DC blokavimas:<\/strong> Kondensatoriai gali b\u016bti naudojami kintamosios srov\u0117s signalams sujungti tarp skirting\u0173 nuolatin\u0117s srov\u0117s grandin\u0117s pakop\u0173, veiksmingai blokuojant nuolatin\u0117s srov\u0117s komponent\u0105. Tai labai svarbu daugelyje garso ir stiprintuv\u0173 grandini\u0173.<\/li>\n<li data-sourcepos=\"21:1-22:0\"><strong style=\"color: #555555; font-size: 14.4px;\">Pagrindiniai punktai:<\/strong><\/li>\n<\/ul>\n<ul data-sourcepos=\"25:1-27:0\">\n<li data-sourcepos=\"25:1-25:248\"><strong>Ne visada pasyvus:<\/strong> Nors kondensatoriai paprastai blokuoja nuolatin\u0119 srov\u0119, j\u0173 elgesys nuolatin\u0117s srov\u0117s grandin\u0117se ne visada yra pasyvus. Jie gali aktyviai dalyvauti formuojant grandin\u0117s elgsen\u0105, ypa\u010d \u012fkraunant, i\u0161lyginant ir nustatant laik\u0105.<\/li>\n<li data-sourcepos=\"25:1-25:248\"><strong>Specifin\u0117s programos:<\/strong> Konkretus kondensatoriaus vaidmuo nuolatin\u0117s srov\u0117s grandin\u0117je labai priklauso nuo grandin\u0117s konstrukcijos ir numatytos funkcijos.<\/li>\n<\/ul>\n<p data-sourcepos=\"28:1-28:223\"><strong>I\u0161 esm\u0117s kondensatoriai nuolatin\u0117s srov\u0117s grandin\u0117se n\u0117ra tik pasyv\u016bs elementai; jie gali b\u016bti dinami\u0161ki komponentai, atliekantys svarb\u0173 vaidmen\u012f formuojant grandin\u0117s elgsen\u0105 - nuo maitinimo \u0161altini\u0173 i\u0161lyginimo iki tiksli\u0173 laiko mechanizm\u0173 suk\u016brimo.<\/strong><\/p>","protected":false},"excerpt":{"rendered":"<table style=\"height: 544px;\" width=\"704\">\n<tbody>\n<tr>\n<td width=\"146\"><strong><b>Produktas<\/b><\/strong>\u00a0<strong><b>Vardas ir pavard\u0117:<\/b><\/strong><\/td>\n<td width=\"601\">Nuolatin\u0117s srov\u0117s grandin\u0117s kondensatorius<\/td>\n<\/tr>\n<tr>\n<td width=\"146\">\n<h4><strong>Trumpas apra\u0161ymas:<\/strong><\/h4>\n<\/td>\n<td width=\"601\">Metalizuoti pl\u0117veliniai kondensatoriai yra vieni i\u0161 labiausiai paplitusi\u0173 kondensatori\u0173, naudojam\u0173 \u0161iuolaikin\u0117se elektronin\u0117se grandin\u0117se, o ma\u017eos galios pl\u0117veliniai kondensatoriai da\u017eniausiai naudojami atskyrimui ir filtravimui.<\/td>\n<\/tr>\n<tr>\n<td width=\"146\"><strong>Talpos diapazonas:<\/strong><\/td>\n<td width=\"601\">8-150uf<\/td>\n<\/tr>\n<tr>\n<td width=\"146\"><strong>Nominali \u012ftampa\uff1a<\/strong><\/td>\n<td width=\"601\">450-1300V<\/td>\n<\/tr>\n<tr>\n<td width=\"146\">\u00a0<strong>Temperat\u016bra:<\/strong><\/td>\n<td width=\"601\">iki 105 \u2103<\/td>\n<\/tr>\n<\/tbody>\n<\/table>","protected":false},"featured_media":1632,"comment_status":"open","ping_status":"closed","template":"","meta":[],"product_brand":[],"product_cat":[38],"product_tag":[],"class_list":{"0":"post-1630","1":"product","2":"type-product","3":"status-publish","4":"has-post-thumbnail","6":"product_cat-dc-capacitor-2","8":"first","9":"instock","10":"shipping-taxable","11":"product-type-simple"},"_links":{"self":[{"href":"https:\/\/rf-capacitor.com\/lt\/wp-json\/wp\/v2\/product\/1630","targetHints":{"allow":["GET"]}}],"collection":[{"href":"https:\/\/rf-capacitor.com\/lt\/wp-json\/wp\/v2\/product"}],"about":[{"href":"https:\/\/rf-capacitor.com\/lt\/wp-json\/wp\/v2\/types\/product"}],"replies":[{"embeddable":true,"href":"https:\/\/rf-capacitor.com\/lt\/wp-json\/wp\/v2\/comments?post=1630"}],"wp:featuredmedia":[{"embeddable":true,"href":"https:\/\/rf-capacitor.com\/lt\/wp-json\/wp\/v2\/media\/1632"}],"wp:attachment":[{"href":"https:\/\/rf-capacitor.com\/lt\/wp-json\/wp\/v2\/media?parent=1630"}],"wp:term":[{"taxonomy":"product_brand","embeddable":true,"href":"https:\/\/rf-capacitor.com\/lt\/wp-json\/wp\/v2\/product_brand?post=1630"},{"taxonomy":"product_cat","embeddable":true,"href":"https:\/\/rf-capacitor.com\/lt\/wp-json\/wp\/v2\/product_cat?post=1630"},{"taxonomy":"product_tag","embeddable":true,"href":"https:\/\/rf-capacitor.com\/lt\/wp-json\/wp\/v2\/product_tag?post=1630"}],"curies":[{"name":"wp","href":"https:\/\/api.w.org\/{rel}","templated":true}]}}