{"id":1624,"date":"2024-12-26T07:13:54","date_gmt":"2024-12-26T07:13:54","guid":{"rendered":"https:\/\/rf-capacitor.com\/?post_type=product&#038;p=1624"},"modified":"2024-12-26T07:13:54","modified_gmt":"2024-12-26T07:13:54","slug":"dc-link-capacitor","status":"publish","type":"product","link":"https:\/\/rf-capacitor.com\/lt\/dc-link-capacitor\/","title":{"rendered":"Nuolatin\u0117s srov\u0117s jungties kondensatorius"},"content":{"rendered":"<h2 data-sourcepos=\"1:1-1:48\">Nuolatin\u0117s srov\u0117s jungties kondensatorius: Maitinimo elektronikos buferis<\/h2>\n<p data-sourcepos=\"3:1-3:271\"><strong><span class=\"citation-0 recitation\">Nuolatin\u0117s srov\u0117s jungties kondensatorius<\/span><\/strong><span class=\"citation-0 recitation citation-end-0\"> yra labai svarbus komponentas galios elektronikos grandin\u0117se, veikiantis kaip buferis tarp keitiklio \u012f\u0117jimo ir i\u0161\u0117jimo pakop\u0173.<\/span> <span class=\"citation-1 recitation citation-end-1\">Jis atlieka svarb\u0173 vaidmen\u012f stabilizuojant nuolatin\u0119 \u012ftamp\u0105 ir u\u017etikrinant skland\u0173 sistemos veikim\u0105.<\/span><span class=\"button-container hide-from-message-actions ng-star-inserted\">\u00a0<\/span><\/p>\n<h3 data-sourcepos=\"5:1-5:16\">Kaip tai veikia<\/h3>\n<ul data-sourcepos=\"6:1-9:0\">\n<li data-sourcepos=\"6:1-6:146\"><strong>Energijos saugojimas:<\/strong> <span class=\"citation-2 recitation citation-end-2\">Nuolatin\u0117s srov\u0117s jungties kondensatorius kaupia energij\u0105 ma\u017eos paklausos laikotarpiais ir i\u0161skiria j\u0105 didel\u0117s paklausos laikotarpiais.<\/span>\n<div class=\"container ng-tns-c362440147-34 hide\">\n<div class=\"carousel-container ng-tns-c362440147-34\"><\/div>\n<\/div>\n<\/li>\n<li data-sourcepos=\"7:1-7:209\"><strong><span class=\"citation-3 recitation\">\u012etampos stabilizavimas:<\/span><\/strong><span class=\"citation-3 recitation citation-end-3\"> Sugerdamas ir i\u0161leisdamas energij\u0105, kondensatorius padeda palaikyti stabil\u0173 nuolatin\u0117s srov\u0117s \u012ftampos lyg\u012f, suma\u017eindamas svyravimus, atsirandan\u010dius d\u0117l \u012f\u0117jimo galios arba apkrovos poreikio svyravim\u0173.<\/span><span class=\"button-container hide-from-message-actions ng-star-inserted\">\u00a0<\/span>\n<div class=\"container ng-tns-c362440147-35 hide\">\n<div class=\"carousel-container ng-tns-c362440147-35\"><\/div>\n<\/div>\n<\/li>\n<li data-sourcepos=\"8:1-9:0\"><strong><span class=\"citation-4 recitation\">Srov\u0117s pulsacijos ma\u017einimas:<\/span><\/strong><span class=\"citation-4 recitation citation-end-4\"> Jis taip pat padeda suma\u017einti keitiklio perjungimo metu atsirandan\u010dias pulsacijos sroves, tod\u0117l nuolatin\u0117s srov\u0117s i\u0161\u0117jimas yra \u0161varesnis.<\/span><span class=\"button-container hide-from-message-actions ng-star-inserted\"> \u00a0<\/span>\n<div class=\"container ng-tns-c362440147-36 hide\">\n<div class=\"carousel-container ng-tns-c362440147-36\"><\/div>\n<\/div>\n<\/li>\n<\/ul>\n<h3 data-sourcepos=\"10:1-10:16\">Parai\u0161kos<\/h3>\n<p data-sourcepos=\"11:1-11:88\">Nuolatin\u0117s srov\u0117s grandin\u0117s kondensatoriai pla\u010diai naudojami \u012fvairiose galios elektronikos srityse, \u012fskaitant:<\/p>\n<ul data-sourcepos=\"18:1-21:0\">\n<li data-sourcepos=\"12:1-12:122\"><strong><span class=\"citation-5 recitation\">Keitikliai:<\/span><\/strong><span class=\"citation-5 recitation citation-end-5\"> Sukurti stabil\u0173 nuolatin\u0117s \u012ftampos \u0161altin\u012f inverteriui, kuris nuolatin\u0119 energij\u0105 kei\u010dia \u012f kintam\u0105j\u0105.<\/span><span class=\"button-container hide-from-message-actions ng-star-inserted\">\u00a0 \u00a0<\/span>\n<div class=\"container ng-tns-c362440147-37 hide\">\n<div class=\"carousel-container ng-tns-c362440147-37\"><\/div>\n<\/div>\n<\/li>\n<li data-sourcepos=\"13:1-13:98\"><strong><span class=\"citation-6 recitation\">Konverteriai:<\/span><\/strong><span class=\"citation-6 recitation citation-end-6\"> I\u0161lyginti nuolatin\u0119 \u012ftamp\u0105 tarp daugiapakopio keitiklio pakop\u0173.<\/span><span class=\"button-container hide-from-message-actions ng-star-inserted\">\u00a0 \u00a0<\/span>\n<div class=\"container ng-tns-c362440147-38 hide\">\n<div class=\"carousel-container ng-tns-c362440147-38\"><\/div>\n<\/div>\n<\/li>\n<li data-sourcepos=\"14:1-14:124\"><strong><span class=\"citation-7 recitation\">Variklio pavaros:<\/span><\/strong><span class=\"citation-7 recitation citation-end-7\"> U\u017etikrinti stabil\u0173 varikli\u0173 pavar\u0173 veikim\u0105 tiekiant varikliui pastovi\u0105 nuolatin\u0119 \u012ftamp\u0105.<\/span><span class=\"button-container hide-from-message-actions ng-star-inserted\">\u00a0 \u00a0<\/span>\n<div class=\"container ng-tns-c362440147-39 hide\">\n<div class=\"carousel-container ng-tns-c362440147-39\"><\/div>\n<\/div>\n<\/li>\n<li data-sourcepos=\"15:1-16:0\"><strong><span class=\"citation-8 recitation\">Atsinaujinan\u010diosios energijos sistemos:<\/span><\/strong><span class=\"citation-8 recitation citation-end-8\"> kaupti energij\u0105 i\u0161 toki\u0173 \u0161altini\u0173 kaip saul\u0117s baterijos ir v\u0117jo turbinos, u\u017etikrinant stabil\u0173 nuolatin\u0117s srov\u0117s tiekim\u0105.<\/span><span class=\"button-container hide-from-message-actions ng-star-inserted\">\u00a0<\/span>\n<div class=\"container ng-tns-c362440147-40 hide\">\n<div class=\"carousel-container ng-tns-c362440147-40\">\n<div class=\"carousel-content ng-tns-c362440147-40\">\n<div data-test-id=\"sources-carousel-source\"><\/div>\n<div data-test-id=\"sources-carousel-source\"><\/div>\n<div class=\"sources-carousel-source ng-tns-c362440147-40 hide ng-star-inserted\" data-test-id=\"sources-carousel-source\"><span style=\"font-size: 20.16px;\">Pagrindiniai aspektai<\/span><\/div>\n<\/div>\n<\/div>\n<\/div>\n<\/li>\n<li data-sourcepos=\"18:1-18:147\"><strong>Talpos vert\u0117:<\/strong> <span class=\"citation-9 recitation citation-end-9\">Talpos vert\u0117 parenkama atsi\u017evelgiant \u012f pageidaujam\u0105 \u012ftampos pulsacij\u0105 ir sistemos galios reikalavimus.<\/span><\/li>\n<li data-sourcepos=\"18:1-18:147\"><strong style=\"font-size: 14.4px;\">\u012etampos reitingas:<\/strong><span style=\"font-size: 14.4px;\"> Kondensatorius turi b\u016bti \u012fvertintas pagal did\u017eiausi\u0105 \u012ftamp\u0105, kuri j\u012f veiks grandin\u0117je.<\/span><\/li>\n<li data-sourcepos=\"20:1-21:0\"><strong>Ripple Current Rating:<\/strong> <span class=\"citation-10 recitation citation-end-10\">Kondensatorius turi atlaikyti dideles pulsacij\u0173 sroves, atsirandan\u010dias d\u0117l keitiklio perjungimo.<\/span><span class=\"button-container hide-from-message-actions ng-star-inserted\"> \u00a0<\/span>\n<div class=\"container ng-tns-c362440147-42 hide\">\n<div class=\"carousel-container ng-tns-c362440147-42\"><\/div>\n<\/div>\n<\/li>\n<\/ul>\n<p data-sourcepos=\"22:1-22:323\"><strong><span class=\"citation-11 recitation citation-end-11\">I\u0161 esm\u0117s nuolatin\u0117s srov\u0117s grandin\u0117s kondensatorius yra svarbus komponentas, u\u017etikrinantis stabil\u0173 ir efektyv\u0173 galios elektronikos sistem\u0173 veikim\u0105.<\/span> <span class=\"citation-12 recitation\">Suteikdamas energijos kaupimo ir \u012ftampos stabilizavimo bufer\u012f, jis atlieka svarb\u0173 vaidmen\u012f \u012fvairiose srityse - nuo atsinaujinan\u010diosios energijos sistem\u0173 iki varikli\u0173 pavar\u0173.<\/span><\/strong><span class=\"button-container hide-from-message-actions ng-star-inserted\"> \u00a0 <\/span><\/p>","protected":false},"excerpt":{"rendered":"<table style=\"height: 485px;\" width=\"682\">\n<tbody>\n<tr>\n<td width=\"146\"><strong><b>Produktas<\/b><\/strong>\u00a0<strong><b>Vardas ir pavard\u0117:<\/b><\/strong><\/td>\n<td width=\"601\">Nuolatin\u0117s srov\u0117s jungties kondensatorius<\/td>\n<\/tr>\n<tr>\n<td width=\"146\">\n<h4><strong>Trumpas apra\u0161ymas:<\/strong><\/h4>\n<\/td>\n<td width=\"601\">Pla\u010diai naudojamas \u012fvairiose elektronin\u0117s \u012frangos nuolatin\u0117s srov\u0117s grandin\u0117s dalyse, skirtose nuolatin\u0117s srov\u0117s palaikymui, energijos kaupimui ir filtravimui, pvz., v\u0117jo energijos sistemose ir keitikliuose;<\/td>\n<\/tr>\n<tr>\n<td width=\"146\"><strong>Talpos diapazonas:<\/strong><\/td>\n<td width=\"601\">20\u00b5F ~ 5600\u00b5F<\/td>\n<\/tr>\n<tr>\n<td width=\"146\"><strong>Nominali \u012ftampa\uff1a<\/strong><\/td>\n<td width=\"601\">500 ~ 4000 VDC<\/td>\n<\/tr>\n<tr>\n<td width=\"146\"><strong>Cap.tol\uff1a<\/strong><\/td>\n<td width=\"601\">\u00a0\u00a0\u00b15%\uff08J\uff09\uff1b\u00b110%\uff08K\uff09<\/td>\n<\/tr>\n<tr>\n<td width=\"146\"><\/td>\n<td width=\"601\"><\/td>\n<\/tr>\n<\/tbody>\n<\/table>","protected":false},"featured_media":1625,"comment_status":"open","ping_status":"closed","template":"","meta":[],"product_brand":[],"product_cat":[38],"product_tag":[],"class_list":{"0":"post-1624","1":"product","2":"type-product","3":"status-publish","4":"has-post-thumbnail","6":"product_cat-dc-capacitor-2","8":"first","9":"instock","10":"shipping-taxable","11":"product-type-simple"},"_links":{"self":[{"href":"https:\/\/rf-capacitor.com\/lt\/wp-json\/wp\/v2\/product\/1624","targetHints":{"allow":["GET"]}}],"collection":[{"href":"https:\/\/rf-capacitor.com\/lt\/wp-json\/wp\/v2\/product"}],"about":[{"href":"https:\/\/rf-capacitor.com\/lt\/wp-json\/wp\/v2\/types\/product"}],"replies":[{"embeddable":true,"href":"https:\/\/rf-capacitor.com\/lt\/wp-json\/wp\/v2\/comments?post=1624"}],"wp:featuredmedia":[{"embeddable":true,"href":"https:\/\/rf-capacitor.com\/lt\/wp-json\/wp\/v2\/media\/1625"}],"wp:attachment":[{"href":"https:\/\/rf-capacitor.com\/lt\/wp-json\/wp\/v2\/media?parent=1624"}],"wp:term":[{"taxonomy":"product_brand","embeddable":true,"href":"https:\/\/rf-capacitor.com\/lt\/wp-json\/wp\/v2\/product_brand?post=1624"},{"taxonomy":"product_cat","embeddable":true,"href":"https:\/\/rf-capacitor.com\/lt\/wp-json\/wp\/v2\/product_cat?post=1624"},{"taxonomy":"product_tag","embeddable":true,"href":"https:\/\/rf-capacitor.com\/lt\/wp-json\/wp\/v2\/product_tag?post=1624"}],"curies":[{"name":"wp","href":"https:\/\/api.w.org\/{rel}","templated":true}]}}