{"id":2104,"date":"2025-01-14T07:06:50","date_gmt":"2025-01-14T07:06:50","guid":{"rendered":"https:\/\/rf-capacitor.com\/?post_type=product&#038;p=2104"},"modified":"2025-01-14T07:41:45","modified_gmt":"2025-01-14T07:41:45","slug":"dc-electrical-voltage-transducer","status":"publish","type":"product","link":"https:\/\/rf-capacitor.com\/hu\/dc-electrical-voltage-transducer\/","title":{"rendered":"DC elektromos fesz\u00fclts\u00e9g \u00e1talak\u00edt\u00f3"},"content":{"rendered":"<p data-sourcepos=\"1:1-1:188\">Az egyen\u00e1ram\u00fa elektromos fesz\u00fclts\u00e9g\u00e1talak\u00edt\u00f3 olyan eszk\u00f6z, amely egy bemeneti jelet (jellemz\u0151en egyen\u00e1ram\u00fa fesz\u00fclts\u00e9get vagy \u00e1ramot) megfelel\u0151 kimeneti jell\u00e9 alak\u00edt \u00e1t, gyakran m\u00e1s form\u00e1tumban vagy m\u00e1s szinten.<\/p>\n<h2 data-sourcepos=\"3:1-3:18\">Az egyen\u00e1ram\u00fa elektromos fesz\u00fclts\u00e9g\u00e1talak\u00edt\u00f3 legfontosabb funkci\u00f3i:<\/h2>\n<ul data-sourcepos=\"5:1-13:0\">\n<li data-sourcepos=\"5:1-10:0\">\n<p data-sourcepos=\"5:3-5:27\"><strong>Jelkondicion\u00e1l\u00e1s:<\/strong><\/p>\n<ul data-sourcepos=\"6:5-10:0\">\n<li data-sourcepos=\"6:5-6:68\"><strong>Er\u0151s\u00edt\u00e9s:<\/strong> N\u00f6veli a gyenge egyen\u00e1ram\u00fa jel er\u0151ss\u00e9g\u00e9t.<\/li>\n<li data-sourcepos=\"7:5-7:111\"><strong>Elszigetelts\u00e9g:<\/strong> Elszigeteli a bemeneti jelet a kimenett\u0151l, megel\u0151zve a f\u00f6ldhurkokat \u00e9s a zajinterferenci\u00e1t.<\/li>\n<li data-sourcepos=\"8:5-8:89\"><strong>Lineariz\u00e1ci\u00f3:<\/strong> Lineariz\u00e1lja a bemeneti jelet a pontoss\u00e1g \u00e9s a konzisztencia jav\u00edt\u00e1sa \u00e9rdek\u00e9ben.<\/li>\n<li data-sourcepos=\"9:5-10:0\"><strong>\u00c1talak\u00edt\u00e1s:<\/strong> A bemeneti jelet egyik form\u00e1tumb\u00f3l a m\u00e1sikba konvert\u00e1lja (pl. \u00e1ramot fesz\u00fclts\u00e9gg\u00e9, fesz\u00fclts\u00e9get \u00e1ramm\u00e1).<\/li>\n<\/ul>\n<\/li>\n<li data-sourcepos=\"11:1-13:0\">\n<p data-sourcepos=\"11:3-11:25\"><strong>Adat\u00e1tvitel:<\/strong><\/p>\n<ul data-sourcepos=\"12:5-13:0\">\n<li data-sourcepos=\"12:5-13:0\">A kondicion\u00e1lt jelet nagy t\u00e1vols\u00e1gokra tov\u00e1bb\u00edtja k\u00fcl\u00f6nb\u00f6z\u0151 kommunik\u00e1ci\u00f3s protokollok seg\u00edts\u00e9g\u00e9vel (pl. 4-20mA, RS485, Modbus).<\/li>\n<\/ul>\n<\/li>\n<\/ul>\n<h2 data-sourcepos=\"14:1-14:17\">Alkalmaz\u00e1sok:<\/h2>\n<ul data-sourcepos=\"16:1-25:0\">\n<li data-sourcepos=\"16:1-18:31\"><strong>Ipari automatiz\u00e1l\u00e1s:<\/strong>\n<ul data-sourcepos=\"17:5-18:31\">\n<li data-sourcepos=\"17:5-17:89\">Ipari folyamatok (h\u0151m\u00e9rs\u00e9klet, nyom\u00e1s, \u00e1raml\u00e1s stb.) fel\u00fcgyelete \u00e9s szab\u00e1lyoz\u00e1sa.<\/li>\n<li data-sourcepos=\"18:5-18:31\">Adatgy\u0171jt\u0151 rendszerek.<\/li>\n<\/ul>\n<\/li>\n<li data-sourcepos=\"19:1-20:55\"><strong>\u00c9p\u00fcletautomatiz\u00e1l\u00e1s:<\/strong>\n<ul data-sourcepos=\"20:5-20:55\">\n<li data-sourcepos=\"20:5-20:55\">HVAC-szab\u00e1lyoz\u00e1s, vil\u00e1g\u00edt\u00e1sszab\u00e1lyoz\u00e1s, biztons\u00e1gi rendszerek.<\/li>\n<\/ul>\n<\/li>\n<li data-sourcepos=\"21:1-22:100\"><strong>Folyamatszab\u00e1lyoz\u00e1s:<\/strong>\n<ul data-sourcepos=\"22:5-22:100\">\n<li data-sourcepos=\"22:5-22:100\">K\u00e9miai folyamatok, v\u00edzkezel\u00e9s \u00e9s egy\u00e9b ipari folyamatok fel\u00fcgyelete \u00e9s ellen\u0151rz\u00e9se.<\/li>\n<\/ul>\n<\/li>\n<li data-sourcepos=\"23:1-25:0\"><strong>Adatnapl\u00f3z\u00e1s:<\/strong>\n<ul data-sourcepos=\"24:5-25:0\">\n<li data-sourcepos=\"24:5-25:0\">Adatok gy\u0171jt\u00e9se \u00e9s tov\u00e1bb\u00edt\u00e1sa t\u00e1voli helyekr\u0151l.<\/li>\n<\/ul>\n<\/li>\n<\/ul>\n<h2 data-sourcepos=\"26:1-26:17\">Az egyen\u00e1ram\u00fa elektromos fesz\u00fclts\u00e9g\u00e1talak\u00edt\u00f3 f\u0151 jellemz\u0151i:<\/h2>\n<ul data-sourcepos=\"28:1-33:0\">\n<li data-sourcepos=\"28:1-28:79\"><strong>Pontoss\u00e1g:<\/strong> A nagy pontoss\u00e1g elengedhetetlen a megb\u00edzhat\u00f3 m\u00e9r\u00e9sekhez \u00e9s vez\u00e9rl\u00e9shez.<\/li>\n<li data-sourcepos=\"29:1-29:89\"><strong>Stabilit\u00e1s:<\/strong> Stabil teljes\u00edtm\u00e9ny id\u0151vel \u00e9s v\u00e1ltoz\u00f3 k\u00f6rnyezeti felt\u00e9telek mellett.<\/li>\n<li data-sourcepos=\"30:1-30:61\"><strong>Megb\u00edzhat\u00f3s\u00e1g:<\/strong> Robusztus fel\u00e9p\u00edt\u00e9s \u00e9s hossz\u00fa \u00e9lettartam.<\/li>\n<li data-sourcepos=\"31:1-31:103\"><strong>Elszigetelts\u00e9g:<\/strong> Elektromos szigetel\u00e9s a bemeneti \u00e9s kimeneti \u00e1ramk\u00f6r\u00f6k k\u00f6z\u00f6tt a biztons\u00e1g \u00e9s a zajcs\u00f6kkent\u00e9s \u00e9rdek\u00e9ben.<\/li>\n<li data-sourcepos=\"32:1-33:0\"><strong>Kommunik\u00e1ci\u00f3s protokollok:<\/strong> Kompatibilit\u00e1s a k\u00fcl\u00f6nb\u00f6z\u0151 kommunik\u00e1ci\u00f3s protokollokkal a megl\u00e9v\u0151 rendszerekbe val\u00f3 egyszer\u0171 integr\u00e1ci\u00f3 \u00e9rdek\u00e9ben.<\/li>\n<\/ul>\n<p data-sourcepos=\"34:1-34:211\">Az egyen\u00e1ram\u00fa elektromos fesz\u00fclts\u00e9g\u00e1talak\u00edt\u00f3k az alkalmaz\u00e1sok sz\u00e9les k\u00f6r\u00e9ben alapvet\u0151 fontoss\u00e1g\u00fa alkatr\u00e9szek, amelyek lehet\u0151v\u00e9 teszik a kritikus folyamatparam\u00e9terek pontos m\u00e9r\u00e9s\u00e9t \u00e9s tov\u00e1bb\u00edt\u00e1s\u00e1t a jobb vez\u00e9rl\u00e9s, fel\u00fcgyelet \u00e9s adatgy\u0171jt\u00e9s \u00e9rdek\u00e9ben.<\/p>","protected":false},"excerpt":{"rendered":"<table style=\"height: 461px;\" width=\"189\">\n<tbody>\n<tr>\n<td width=\"179\">Modell<\/td>\n<td width=\"113\">Elvileg<\/td>\n<td width=\"128\">N\u00e9vleges bemenet<\/td>\n<td width=\"160\">T\u00e1pfesz\u00fclts\u00e9g (V)<\/td>\n<td width=\"164\">Kimenet @ N\u00e9vleges bemenet<\/td>\n<td width=\"106\">S\u00e1vsz\u00e9less\u00e9g (Hz)<\/td>\n<td width=\"121\">Norm\u00e1l h\u0151m\u00e9rs\u00e9kleti pontoss\u00e1g \uff08%\uff09<\/td>\n<td width=\"105\">TA (\u2103)<\/td>\n<td width=\"109\">Telep\u00edt\u00e9si m\u00f3dszer<\/td>\n<td width=\"151\">Ny\u00edl\u00e1s\/csatlakoz\u00e1s (mm)<\/td>\n<\/tr>\n<tr>\n<td width=\"179\">HOC50EKA128<\/td>\n<td width=\"113\">Nyitott hurok<\/td>\n<td width=\"128\">\u00b150A<\/td>\n<td width=\"160\">+24V<\/td>\n<td width=\"164\">DC 12\u00b18mA<\/td>\n<td width=\"106\">DC-20 (-3dB)<\/td>\n<td width=\"121\">1<\/td>\n<td width=\"105\">-40&#8230;+85<\/td>\n<td width=\"109\">Perfor\u00e1ci\u00f3<\/td>\n<td width=\"151\">\u03a621<\/td>\n<\/tr>\n<tr>\n<td width=\"179\">HOC100EKA128<\/td>\n<td width=\"113\">Nyitott hurok<\/td>\n<td width=\"128\">\u00b1100A<\/td>\n<td width=\"160\">+24V<\/td>\n<td width=\"164\">DC 12\u00b18mA<\/td>\n<td width=\"106\">DC-20 (-3dB)<\/td>\n<td width=\"121\">1<\/td>\n<td width=\"105\">-40&#8230;+85<\/td>\n<td width=\"109\">Perfor\u00e1ci\u00f3<\/td>\n<td width=\"151\">\u03a621<\/td>\n<\/tr>\n<tr>\n<td width=\"179\">HOC150EKA128<\/td>\n<td width=\"113\">Nyitott hurok<\/td>\n<td width=\"128\">\u00b1150A<\/td>\n<td width=\"160\">+24V<\/td>\n<td width=\"164\">DC 12\u00b18mA<\/td>\n<td width=\"106\">DC-20 (-3dB)<\/td>\n<td width=\"121\">1<\/td>\n<td width=\"105\">-40&#8230;+85<\/td>\n<td width=\"109\">Perfor\u00e1ci\u00f3<\/td>\n<td width=\"151\">\u03a621<\/td>\n<\/tr>\n<tr>\n<td width=\"179\">HOC200EKA128<\/td>\n<td width=\"113\">Nyitott hurok<\/td>\n<td width=\"128\">\u00b1200A<\/td>\n<td width=\"160\">+24V<\/td>\n<td width=\"164\">DC 12\u00b18mA<\/td>\n<td width=\"106\">DC-20 (-3dB)<\/td>\n<td width=\"121\">1<\/td>\n<td width=\"105\">-40&#8230;+85<\/td>\n<td width=\"109\">Perfor\u00e1ci\u00f3<\/td>\n<td width=\"151\">\u03a621<\/td>\n<\/tr>\n<tr>\n<td width=\"179\">HOC300EKA128<\/td>\n<td width=\"113\">Nyitott hurok<\/td>\n<td width=\"128\">\u00b1300A<\/td>\n<td width=\"160\">+24V<\/td>\n<td width=\"164\">DC 12\u00b18mA<\/td>\n<td width=\"106\">DC-20 (-3dB)<\/td>\n<td width=\"121\">1<\/td>\n<td width=\"105\">-40&#8230;+85<\/td>\n<td width=\"109\">Perfor\u00e1ci\u00f3<\/td>\n<td width=\"151\">\u03a621<\/td>\n<\/tr>\n<tr>\n<td width=\"179\">HOC400EKA128<\/td>\n<td width=\"113\">Nyitott hurok<\/td>\n<td width=\"128\">\u00b1400A<\/td>\n<td width=\"160\">+24V<\/td>\n<td width=\"164\">DC 12\u00b18mA<\/td>\n<td width=\"106\">DC-20 (-3dB)<\/td>\n<td width=\"121\">1<\/td>\n<td width=\"105\">-40&#8230;+85<\/td>\n<td width=\"109\">Perfor\u00e1ci\u00f3<\/td>\n<td width=\"151\">\u03a621<\/td>\n<\/tr>\n<tr>\n<td width=\"179\">HOC500EKA128<\/td>\n<td width=\"113\">Nyitott hurok<\/td>\n<td width=\"128\">\u00b1500A<\/td>\n<td width=\"160\">+24V<\/td>\n<td width=\"164\">DC 12\u00b18mA<\/td>\n<td width=\"106\">DC-20 (-3dB)<\/td>\n<td width=\"121\">1<\/td>\n<td width=\"105\">-40&#8230;+85<\/td>\n<td width=\"109\">Perfor\u00e1ci\u00f3<\/td>\n<td width=\"151\">\u03a621<\/td>\n<\/tr>\n<tr>\n<td width=\"179\">HOC600EKA128<\/td>\n<td width=\"113\">Nyitott hurok<\/td>\n<td width=\"128\">\u00b1600A<\/td>\n<td width=\"160\">+24V<\/td>\n<td width=\"164\">DC 12\u00b18mA<\/td>\n<td width=\"106\">DC-20 (-3dB)<\/td>\n<td width=\"121\">1<\/td>\n<td width=\"105\">-40&#8230;+85<\/td>\n<td width=\"109\">Perfor\u00e1ci\u00f3<\/td>\n<td width=\"151\">\u03a621<\/td>\n<\/tr>\n<tr>\n<td width=\"179\">HOC100EKB128<\/td>\n<td width=\"113\">Nyitott hurok<\/td>\n<td width=\"128\">\u00b1100A<\/td>\n<td width=\"160\">+24V<\/td>\n<td width=\"164\">DC 12\u00b18mA<\/td>\n<td width=\"106\">DC-20 (-3dB)<\/td>\n<td width=\"121\">1<\/td>\n<td width=\"105\">-40&#8230;+85<\/td>\n<td width=\"109\">Perfor\u00e1ci\u00f3<\/td>\n<td width=\"151\">\u03a640.5<\/td>\n<\/tr>\n<tr>\n<td width=\"179\">HOC200EKB128<\/td>\n<td width=\"113\">Nyitott hurok<\/td>\n<td width=\"128\">\u00b1200A<\/td>\n<td width=\"160\">+24V<\/td>\n<td width=\"164\">DC 12\u00b18mA<\/td>\n<td width=\"106\">DC-20 (-3dB)<\/td>\n<td width=\"121\">1<\/td>\n<td width=\"105\">-40&#8230;+85<\/td>\n<td width=\"109\">Perfor\u00e1ci\u00f3<\/td>\n<td width=\"151\">\u03a640.5<\/td>\n<\/tr>\n<tr>\n<td width=\"179\">HOC300EKB128<\/td>\n<td width=\"113\">Nyitott hurok<\/td>\n<td width=\"128\">\u00b1300A<\/td>\n<td width=\"160\">+24V<\/td>\n<td width=\"164\">DC 12\u00b18mA<\/td>\n<td width=\"106\">DC-20 (-3dB)<\/td>\n<td width=\"121\">1<\/td>\n<td width=\"105\">-40&#8230;+85<\/td>\n<td width=\"109\">Perfor\u00e1ci\u00f3<\/td>\n<td width=\"151\">\u03a640.5<\/td>\n<\/tr>\n<tr>\n<td width=\"179\">HOC500EKB128<\/td>\n<td width=\"113\">Nyitott hurok<\/td>\n<td width=\"128\">\u00b1500A<\/td>\n<td width=\"160\">+24V<\/td>\n<td width=\"164\">DC 12\u00b18mA<\/td>\n<td width=\"106\">DC-20 (-3dB)<\/td>\n<td width=\"121\">1<\/td>\n<td width=\"105\">-40&#8230;+85<\/td>\n<td width=\"109\">Perfor\u00e1ci\u00f3<\/td>\n<td width=\"151\">\u03a640.5<\/td>\n<\/tr>\n<tr>\n<td width=\"179\">HOC1000EKB128<\/td>\n<td width=\"113\">Nyitott hurok<\/td>\n<td width=\"128\">\u00b11000A<\/td>\n<td width=\"160\">+24V<\/td>\n<td width=\"164\">DC 12\u00b18mA<\/td>\n<td width=\"106\">DC-20 (-3dB)<\/td>\n<td width=\"121\">1<\/td>\n<td width=\"105\">-40&#8230;+85<\/td>\n<td width=\"109\">Perfor\u00e1ci\u00f3<\/td>\n<td width=\"151\">\u03a640.5<\/td>\n<\/tr>\n<tr>\n<td width=\"179\">HOC2000EKB128<\/td>\n<td width=\"113\">Nyitott hurok<\/td>\n<td width=\"128\">\u00b12000A<\/td>\n<td width=\"160\">+24V<\/td>\n<td width=\"164\">DC 12\u00b18mA<\/td>\n<td width=\"106\">DC-20 (-3dB)<\/td>\n<td width=\"121\">1<\/td>\n<td width=\"105\">-40&#8230;+85<\/td>\n<td width=\"109\">Perfor\u00e1ci\u00f3<\/td>\n<td width=\"151\">\u03a640.5<\/td>\n<\/tr>\n<\/tbody>\n<\/table>","protected":false},"featured_media":2081,"comment_status":"open","ping_status":"closed","template":"","meta":[],"product_brand":[],"product_cat":[44],"product_tag":[],"class_list":{"0":"post-2104","1":"product","2":"type-product","3":"status-publish","4":"has-post-thumbnail","6":"product_cat-current-sensor-2","8":"first","9":"instock","10":"shipping-taxable","11":"product-type-simple"},"_links":{"self":[{"href":"https:\/\/rf-capacitor.com\/hu\/wp-json\/wp\/v2\/product\/2104","targetHints":{"allow":["GET"]}}],"collection":[{"href":"https:\/\/rf-capacitor.com\/hu\/wp-json\/wp\/v2\/product"}],"about":[{"href":"https:\/\/rf-capacitor.com\/hu\/wp-json\/wp\/v2\/types\/product"}],"replies":[{"embeddable":true,"href":"https:\/\/rf-capacitor.com\/hu\/wp-json\/wp\/v2\/comments?post=2104"}],"wp:featuredmedia":[{"embeddable":true,"href":"https:\/\/rf-capacitor.com\/hu\/wp-json\/wp\/v2\/media\/2081"}],"wp:attachment":[{"href":"https:\/\/rf-capacitor.com\/hu\/wp-json\/wp\/v2\/media?parent=2104"}],"wp:term":[{"taxonomy":"product_brand","embeddable":true,"href":"https:\/\/rf-capacitor.com\/hu\/wp-json\/wp\/v2\/product_brand?post=2104"},{"taxonomy":"product_cat","embeddable":true,"href":"https:\/\/rf-capacitor.com\/hu\/wp-json\/wp\/v2\/product_cat?post=2104"},{"taxonomy":"product_tag","embeddable":true,"href":"https:\/\/rf-capacitor.com\/hu\/wp-json\/wp\/v2\/product_tag?post=2104"}],"curies":[{"name":"wp","href":"https:\/\/api.w.org\/{rel}","templated":true}]}}