{"id":2094,"date":"2025-01-14T05:55:55","date_gmt":"2025-01-14T05:55:55","guid":{"rendered":"https:\/\/rf-capacitor.com\/?post_type=product&#038;p=2094"},"modified":"2025-01-14T07:42:32","modified_gmt":"2025-01-14T07:42:32","slug":"high-precision-current-sensor","status":"publish","type":"product","link":"https:\/\/rf-capacitor.com\/hu\/high-precision-current-sensor\/","title":{"rendered":"Nagy pontoss\u00e1g\u00fa \u00e1ram\u00e9rz\u00e9kel\u0151"},"content":{"rendered":"<p data-sourcepos=\"1:1-1:138\">A nagy pontoss\u00e1g\u00fa \u00e1ram\u00e9rz\u00e9kel\u0151 sz\u00e1mos elektronikus rendszer kritikus eleme, amely pontos \u00e9s megb\u00edzhat\u00f3 \u00e1ramm\u00e9r\u00e9st biztos\u00edt.<\/p>\n<h2 data-sourcepos=\"3:1-3:24\">A nagy pontoss\u00e1g\u00fa \u00e1ram\u00e9rz\u00e9kel\u0151 f\u0151 jellemz\u0151i:<\/h2>\n<ul data-sourcepos=\"5:1-12:0\">\n<li data-sourcepos=\"5:1-5:103\"><strong>Nagy pontoss\u00e1g:<\/strong> Minim\u00e1lis m\u00e9r\u00e9si hib\u00e1t mutat, jellemz\u0151en n\u00e9h\u00e1ny sz\u00e1zal\u00e9kon bel\u00fcl vagy m\u00e9g ann\u00e1l is kevesebbet.<\/li>\n<li data-sourcepos=\"6:1-6:85\"><strong>Alacsony zajszint:<\/strong> Minimaliz\u00e1lja a zajinterferenci\u00e1t a pontos \u00e9s stabil leolvas\u00e1s \u00e9rdek\u00e9ben.<\/li>\n<li data-sourcepos=\"7:1-7:93\"><strong>Sz\u00e9les s\u00e1vsz\u00e9less\u00e9g:<\/strong> Mind az egyen\u00e1ram\u00fa, mind a nagyfrekvenci\u00e1s v\u00e1ltakoz\u00f3 \u00e1ram pontos m\u00e9r\u00e9s\u00e9re alkalmas.<\/li>\n<li data-sourcepos=\"8:1-8:99\"><strong>Nagy felbont\u00e1s:<\/strong> Finomszemcs\u00e9s \u00e1ramm\u00e9r\u00e9seket biztos\u00edt a pontos vez\u00e9rl\u00e9shez \u00e9s elemz\u00e9shez.<\/li>\n<li data-sourcepos=\"9:1-9:103\"><strong>H\u0151m\u00e9rs\u00e9kleti stabilit\u00e1s:<\/strong> Az \u00fczemi h\u0151m\u00e9rs\u00e9kletek sz\u00e9les tartom\u00e1ny\u00e1ban konzisztens pontoss\u00e1got biztos\u00edt.<\/li>\n<li data-sourcepos=\"10:1-10:70\"><strong>Alacsony sodr\u00f3d\u00e1s:<\/strong> Minimaliz\u00e1lja a m\u00e9r\u00e9si teljes\u00edtm\u00e9ny hossz\u00fa t\u00e1v\u00fa elt\u00e9r\u00e9s\u00e9t.<\/li>\n<li data-sourcepos=\"11:1-12:0\"><strong>Nagy linearit\u00e1s:<\/strong> Line\u00e1ris kapcsolatot biztos\u00edt a m\u00e9rt \u00e1ram \u00e9s a kimeneti jel k\u00f6z\u00f6tt.<\/li>\n<\/ul>\n<h2 data-sourcepos=\"13:1-13:17\">Alkalmaz\u00e1sok:<\/h2>\n<ul data-sourcepos=\"15:1-20:0\">\n<li data-sourcepos=\"15:1-15:120\"><strong>Teljes\u00edtm\u00e9nyelektronika:<\/strong> Motorhajt\u00e1sokban, inverterekben \u00e9s t\u00e1pegys\u00e9gekben haszn\u00e1latos a pontos \u00e1ramszab\u00e1lyoz\u00e1shoz \u00e9s -fel\u00fcgyelethez.<\/li>\n<li data-sourcepos=\"16:1-16:134\"><strong>Meg\u00fajul\u00f3 energia:<\/strong> Napelemes inverterekben, sz\u00e9lturbin\u00e1kban \u00e9s akkumul\u00e1toros energiat\u00e1rol\u00f3 rendszerekben alkalmazz\u00e1k a hat\u00e9kony energiagazd\u00e1lkod\u00e1s \u00e9rdek\u00e9ben.<\/li>\n<li data-sourcepos=\"17:1-17:151\"><strong>Akkumul\u00e1tor-kezel\u0151 rendszerek (BMS):<\/strong> Elektromos j\u00e1rm\u0171vekben \u00e9s energiat\u00e1rol\u00f3 rendszerekben haszn\u00e1lj\u00e1k az akkumul\u00e1tor \u00e1ram\u00e1nak \u00e9s t\u00f6lt\u00f6tts\u00e9gi \u00e1llapot\u00e1nak pontos megfigyel\u00e9s\u00e9re.<\/li>\n<li data-sourcepos=\"18:1-18:114\"><strong>Prec\u00edzi\u00f3s m\u0171szerek:<\/strong> Tudom\u00e1nyos kutat\u00e1sban, orvosi berendez\u00e9sekben, valamint teszt- \u00e9s m\u00e9r\u0151rendszerekben haszn\u00e1latos.<\/li>\n<li data-sourcepos=\"19:1-20:0\"><strong>Ipari automatiz\u00e1l\u00e1s:<\/strong> Ipari vez\u00e9rl\u0151rendszerekben haszn\u00e1lj\u00e1k a pontos folyamatszab\u00e1lyoz\u00e1shoz \u00e9s -ellen\u0151rz\u00e9shez.<\/li>\n<\/ul>\n<h2 data-sourcepos=\"21:1-21:17\">Technol\u00f3gi\u00e1k:<\/h2>\n<ul data-sourcepos=\"23:1-26:0\">\n<li data-sourcepos=\"23:1-23:101\"><strong>Z\u00e1rt hurk\u00fa Hall-\u00e9rz\u00e9kel\u0151k:<\/strong> Nagy pontoss\u00e1got \u00e9s stabilit\u00e1st biztos\u00edtanak a visszacsatol\u00e1si mechanizmusok r\u00e9v\u00e9n.<\/li>\n<li data-sourcepos=\"24:1-24:122\"><strong>Magnetoreziszt\u00edv \u00e9rz\u00e9kel\u0151k:<\/strong> Haszn\u00e1lja ki egy anyag elektromos ellen\u00e1ll\u00e1s\u00e1nak v\u00e1ltoz\u00e1s\u00e1t m\u00e1gneses t\u00e9r hat\u00e1s\u00e1ra.<\/li>\n<li data-sourcepos=\"25:1-26:0\"><strong>Fluxgate \u00e9rz\u00e9kel\u0151k:<\/strong> Nagy \u00e9rz\u00e9kenys\u00e9g\u0171 \u00e9rz\u00e9kel\u0151k, amelyek nagyon kis m\u00e1gneses mez\u0151k m\u00e9r\u00e9s\u00e9re k\u00e9pesek.<\/li>\n<\/ul>\n<p data-sourcepos=\"27:1-27:187\">A nagy pontoss\u00e1g\u00fa \u00e1ram\u00e9rz\u00e9kel\u0151k sz\u00e1mos olyan alkalmaz\u00e1sban n\u00e9lk\u00fcl\u00f6zhetetlenek, ahol a pontos \u00e9s megb\u00edzhat\u00f3 \u00e1ramm\u00e9r\u00e9s kritikus fontoss\u00e1g\u00fa a rendszer teljes\u00edtm\u00e9nye, hat\u00e9konys\u00e1ga \u00e9s biztons\u00e1ga szempontj\u00e1b\u00f3l.<\/p>","protected":false},"excerpt":{"rendered":"<p>A nagy pontoss\u00e1g\u00fa \u00e1ram\u00e9rz\u00e9kel\u0151 m\u0171szaki param\u00e9terei\uff1a<\/p>\n<table style=\"height: 585px;\" width=\"720\">\n<tbody>\n<tr>\n<td width=\"120\">Modell<\/td>\n<td width=\"113\">Elvileg<\/td>\n<td width=\"109\">N\u00e9vleges bemenet<\/td>\n<td width=\"160\">T\u00e1pfesz\u00fclts\u00e9g (V)<\/td>\n<td width=\"164\">Kimenet @ N\u00e9vleges bemenet<\/td>\n<td width=\"106\">S\u00e1vsz\u00e9less\u00e9g (Hz)<\/td>\n<td width=\"121\">Norm\u00e1l h\u0151m\u00e9rs\u00e9kleti pontoss\u00e1g \uff08%\uff09<\/td>\n<td width=\"105\">TA (\u2103)<\/td>\n<td width=\"109\">Telep\u00edt\u00e9si m\u00f3dszer<\/td>\n<td width=\"151\">Ny\u00edl\u00e1s\/csatlakoz\u00e1s (mm)<\/td>\n<\/tr>\n<tr>\n<td width=\"120\">RF500RHP<\/td>\n<td width=\"113\">Fluxgate<\/td>\n<td width=\"109\">500A<\/td>\n<td width=\"160\">\u00b115<\/td>\n<td width=\"164\">500mV<\/td>\n<td width=\"106\">DC-300 (-3dB)<\/td>\n<td width=\"121\">0.02<\/td>\n<td width=\"105\">-20&#8230;+70<\/td>\n<td width=\"109\">Perfor\u00e1ci\u00f3<\/td>\n<td width=\"151\">\u03a628<\/td>\n<\/tr>\n<tr>\n<td width=\"120\">RF1000RHP<\/td>\n<td width=\"113\">Fluxgate<\/td>\n<td width=\"109\">1000A<\/td>\n<td width=\"160\">\u00b115<\/td>\n<td width=\"164\">1000mV<\/td>\n<td width=\"106\">DC-300 (-3dB)<\/td>\n<td width=\"121\">0.02<\/td>\n<td width=\"105\">-20&#8230;+70<\/td>\n<td width=\"109\">Perfor\u00e1ci\u00f3<\/td>\n<td width=\"151\">\u03a628<\/td>\n<\/tr>\n<tr>\n<td width=\"120\">RF1500RHP<\/td>\n<td width=\"113\">Fluxgate<\/td>\n<td width=\"109\">1500A<\/td>\n<td width=\"160\">\u00b115<\/td>\n<td width=\"164\">1000mV<\/td>\n<td width=\"106\">DC-300 (-3dB)<\/td>\n<td width=\"121\">0.02<\/td>\n<td width=\"105\">-20&#8230;+70<\/td>\n<td width=\"109\">Perfor\u00e1ci\u00f3<\/td>\n<td width=\"151\">\u03a628<\/td>\n<\/tr>\n<tr>\n<td width=\"120\">RF2000RHP<\/td>\n<td width=\"113\">Fluxgate<\/td>\n<td width=\"109\">2000A<\/td>\n<td width=\"160\">\u00b115<\/td>\n<td width=\"164\">1000mV<\/td>\n<td width=\"106\">DC-300 (-3dB)<\/td>\n<td width=\"121\">0.02<\/td>\n<td width=\"105\">-20&#8230;+70<\/td>\n<td width=\"109\">Perfor\u00e1ci\u00f3<\/td>\n<td width=\"151\">\u03a628<\/td>\n<\/tr>\n<tr>\n<td width=\"120\">RF100ITH<\/td>\n<td width=\"113\">Fluxgate<\/td>\n<td width=\"109\">100A<\/td>\n<td width=\"160\">\u00b115<\/td>\n<td width=\"164\">100mA<\/td>\n<td width=\"106\">DC-300 (-3dB)<\/td>\n<td width=\"121\">0.01<\/td>\n<td width=\"105\">-20&#8230;+70<\/td>\n<td width=\"109\">Perfor\u00e1ci\u00f3<\/td>\n<td width=\"151\">\u03a628<\/td>\n<\/tr>\n<tr>\n<td width=\"120\">RF200ITH<\/td>\n<td width=\"113\">Fluxgate<\/td>\n<td width=\"109\">200A<\/td>\n<td width=\"160\">\u00b115<\/td>\n<td width=\"164\">200mA<\/td>\n<td width=\"106\">DC-300 (-3dB)<\/td>\n<td width=\"121\">0.01<\/td>\n<td width=\"105\">-20&#8230;+70<\/td>\n<td width=\"109\">Perfor\u00e1ci\u00f3<\/td>\n<td width=\"151\">\u03a628<\/td>\n<\/tr>\n<tr>\n<td width=\"120\">RF300ITH<\/td>\n<td width=\"113\">Fluxgate<\/td>\n<td width=\"109\">300A<\/td>\n<td width=\"160\">\u00b115<\/td>\n<td width=\"164\">200mA<\/td>\n<td width=\"106\">DC-300 (-3dB)<\/td>\n<td width=\"121\">0.01<\/td>\n<td width=\"105\">-20&#8230;+70<\/td>\n<td width=\"109\">Perfor\u00e1ci\u00f3<\/td>\n<td width=\"151\">\u03a628<\/td>\n<\/tr>\n<tr>\n<td width=\"120\">RF400ITH<\/td>\n<td width=\"113\">Fluxgate<\/td>\n<td width=\"109\">400A<\/td>\n<td width=\"160\">\u00b115<\/td>\n<td width=\"164\">266mA<\/td>\n<td width=\"106\">DC-300 (-3dB)<\/td>\n<td width=\"121\">0.01<\/td>\n<td width=\"105\">-20&#8230;+70<\/td>\n<td width=\"109\">Perfor\u00e1ci\u00f3<\/td>\n<td width=\"151\">\u03a628<\/td>\n<\/tr>\n<tr>\n<td width=\"120\">RF500ITH<\/td>\n<td width=\"113\">Fluxgate<\/td>\n<td width=\"109\">500A<\/td>\n<td width=\"160\">\u00b115<\/td>\n<td width=\"164\">333mA<\/td>\n<td width=\"106\">DC-300 (-3dB)<\/td>\n<td width=\"121\">0.01<\/td>\n<td width=\"105\">-20&#8230;+70<\/td>\n<td width=\"109\">Perfor\u00e1ci\u00f3<\/td>\n<td width=\"151\">\u03a628<\/td>\n<\/tr>\n<tr>\n<td width=\"120\">RF600ITH<\/td>\n<td width=\"113\">Fluxgate<\/td>\n<td width=\"109\">600A<\/td>\n<td width=\"160\">\u00b115<\/td>\n<td width=\"164\">400mA<\/td>\n<td width=\"106\">DC-300 (-3dB)<\/td>\n<td width=\"121\">0.01<\/td>\n<td width=\"105\">-20&#8230;+70<\/td>\n<td width=\"109\">Perfor\u00e1ci\u00f3<\/td>\n<td width=\"151\">\u03a628<\/td>\n<\/tr>\n<\/tbody>\n<\/table>","protected":false},"featured_media":2095,"comment_status":"open","ping_status":"closed","template":"","meta":[],"product_brand":[],"product_cat":[44],"product_tag":[],"class_list":{"0":"post-2094","1":"product","2":"type-product","3":"status-publish","4":"has-post-thumbnail","6":"product_cat-current-sensor-2","8":"first","9":"instock","10":"shipping-taxable","11":"product-type-simple"},"_links":{"self":[{"href":"https:\/\/rf-capacitor.com\/hu\/wp-json\/wp\/v2\/product\/2094","targetHints":{"allow":["GET"]}}],"collection":[{"href":"https:\/\/rf-capacitor.com\/hu\/wp-json\/wp\/v2\/product"}],"about":[{"href":"https:\/\/rf-capacitor.com\/hu\/wp-json\/wp\/v2\/types\/product"}],"replies":[{"embeddable":true,"href":"https:\/\/rf-capacitor.com\/hu\/wp-json\/wp\/v2\/comments?post=2094"}],"wp:featuredmedia":[{"embeddable":true,"href":"https:\/\/rf-capacitor.com\/hu\/wp-json\/wp\/v2\/media\/2095"}],"wp:attachment":[{"href":"https:\/\/rf-capacitor.com\/hu\/wp-json\/wp\/v2\/media?parent=2094"}],"wp:term":[{"taxonomy":"product_brand","embeddable":true,"href":"https:\/\/rf-capacitor.com\/hu\/wp-json\/wp\/v2\/product_brand?post=2094"},{"taxonomy":"product_cat","embeddable":true,"href":"https:\/\/rf-capacitor.com\/hu\/wp-json\/wp\/v2\/product_cat?post=2094"},{"taxonomy":"product_tag","embeddable":true,"href":"https:\/\/rf-capacitor.com\/hu\/wp-json\/wp\/v2\/product_tag?post=2094"}],"curies":[{"name":"wp","href":"https:\/\/api.w.org\/{rel}","templated":true}]}}